{"id":10782,"date":"2019-08-09T15:32:49","date_gmt":"2019-08-09T15:32:49","guid":{"rendered":"http:\/\/www.kilim-age.com\/?post_type=product&#038;p=10782"},"modified":"2021-07-21T11:23:02","modified_gmt":"2021-07-21T09:23:02","slug":"alfombra-vintage-209-x-112-cm","status":"publish","type":"product","link":"https:\/\/www.kilim-age.com\/en\/producto\/alfombra-vintage-209-x-112-cm\/","title":{"rendered":"VINTAGE CARPET 209 X 112 cm"},"content":{"rendered":"<p class=\"qtranxs-available-languages-message qtranxs-available-languages-message-en\">Sorry, this entry is only available in <a href=\"https:\/\/www.kilim-age.com\/es\/wp-json\/wp\/v2\/product\/10782\" class=\"qtranxs-available-language-link qtranxs-available-language-link-es\" title=\"Espa\u00f1ol\">Espa\u00f1ol<\/a>.<\/p><h3><strong>ALFOMBRAS VINTAGE<\/strong><\/h3>\n<p>Como ya comentamos en entradas anteriores del blog de <a href=\"http:\/\/www.kilim-age.com\/\"><b>Kilim-Age<\/b><\/a>, las alfombras eran originariamente tejidas por los n\u00f3madas en Turqu\u00eda, la regi\u00f3n del C\u00e1ucaso, Ir\u00e1n y Afganist\u00e1n. Estas alfombras planas serv\u00edan hace siglos como mantas o para adornar el suelo de las tiendas de los n\u00f3madas. Despu\u00e9s empezaron a popularizarse por todo el mundo y a dejarse ver en hogares y en todo tipo de ambientes.<\/p>\n<p>Nuestras alfombras vintage son alfombras cl\u00e1sicas turcas a las que se les da una segunda vida. Estas alfombras aproximadamente tienen una antig\u00fcedad entre 20 o 30 a\u00f1os. Cada alfombra esta seleccionada cuidadosamente y sometida un excepcional proceso de naturalizaci\u00f3n crom\u00e1tica antes de ser te\u00f1ida con el fin de revalorizarlas. Se les rapa el pelo y se arreglan las partes deterioradas. Esto crea el efecto desgastado, ya que el algod\u00f3n que respalda la lana queda expuesto. Por \u00faltimo, se ti\u00f1en en procesos de coloraci\u00f3n natural, con materiales naturales. Las alfombras vintage ofrecen tambi\u00e9n una seguridad de calidad y resistencia, ya que solamente pueden ser restauradas las alfombras artesanales m\u00e1s resistentes.<\/p>\n<p>En cuanto a la decoraci\u00f3n, las alfombras vintage han sido toda una revelaci\u00f3n. Han supuesto un art\u00edculo que viste a cualquier tipo de ambiente. El desgaste del dibujo, el cual pr\u00e1cticamente en muchas de estas alfombras es imperceptible ya, ayuda a poder encajar con estabilidad esta pieza clave de la decoraci\u00f3n. El efecto desgastado ofrece una perspectiva nueva, actualizada y contempor\u00e1nea. Por otro lado, ha supuesto la integraci\u00f3n de nuevos tonos y colores. Con proceso de naturalizaci\u00f3n crom\u00e1tica se han conseguido ampliar la gama de tonalidades. Las alfombras cl\u00e1sicas estaban limitadas a los colores y formas de la anudaci\u00f3n artesanal y de las lanas te\u00f1idas. Esto suaviza los contrastes y ayuda a los menos atrevidos a seleccionar con decisi\u00f3n la alfombra ideal para su ambiente.","protected":false},"excerpt":{"rendered":"<p>Manufacturing: Knotted by hand<br \/>\nSize: 209 X 112 cm<br \/>\nKnot density: Aprox 300000 knots per m\u00b2<br \/>\nOrigin: Turkey<br \/>\nPile: Wool<br \/>\nWarp: Cotton<br \/>\nThickness approx: 4-5 mm<br \/>\nNatural dyeing<br \/>\nThe colors in the carpet will be perceived differently depending on the angle you view it from<br \/>\nDelivery time: Spain approximately 2-5 days, Europe 5-7 days, other continents 7-10 days.<\/p>\n","protected":false},"featured_media":10783,"comment_status":"open","ping_status":"closed","template":"","meta":[],"product_brand":[],"product_cat":[1054,62,183],"product_tag":[112],"class_list":{"0":"post-10782","1":"product","2":"type-product","3":"status-publish","4":"has-post-thumbnail","6":"product_cat-ofertas","7":"product_cat-alfombras-turcas","8":"product_cat-alfombras-vintage","9":"product_tag-alfombra-vintage","10":"product_shipping_class-alfombra-pequena","11":"pa_ancho-cm-962","12":"pa_color-beige","13":"pa_color-gris","14":"pa_largo-cm-1013","15":"pa_medida-medianos","16":"pa_medida-pequenos","18":"first","19":"outofstock","20":"sale","21":"sold-individually","22":"taxable","23":"shipping-taxable","24":"purchasable","25":"product-type-simple"},"yoast_head":"<!-- This site is optimized with the Yoast SEO plugin v24.8.1 - https:\/\/yoast.com\/wordpress\/plugins\/seo\/ -->\n<title>VINTAGE CARPET 209 X 112 cm | Kilim-Age<\/title>\n<meta name=\"description\" content=\"Alfombra Turca Vintage beige con medall\u00f3n al centro. tacto suave, hecha a mano con la t\u00e9cnica de anudaci\u00f3n. Env\u00edo y devoluciones gratis\" \/>\n<meta name=\"robots\" content=\"index, follow, max-snippet:-1, max-image-preview:large, max-video-preview:-1\" \/>\n<link rel=\"canonical\" href=\"https:\/\/www.kilim-age.com\/en\/producto\/alfombra-vintage-209-x-112-cm\/\" \/>\n<meta property=\"og:locale\" content=\"en_US\" \/>\n<meta property=\"og:type\" content=\"article\" \/>\n<meta property=\"og:title\" content=\"VINTAGE CARPET 209 X 112 cm | Kilim-Age\" \/>\n<meta property=\"og:description\" content=\"Alfombra Turca Vintage beige con medall\u00f3n al centro. tacto suave, hecha a mano con la t\u00e9cnica de anudaci\u00f3n. Env\u00edo y devoluciones gratis\" \/>\n<meta property=\"og:url\" content=\"https:\/\/www.kilim-age.com\/en\/producto\/alfombra-vintage-209-x-112-cm\/\" \/>\n<meta property=\"og:site_name\" content=\"Kilim-Age\" \/>\n<meta property=\"article:modified_time\" content=\"2021-07-21T09:23:02+00:00\" \/>\n<meta property=\"og:image\" content=\"https:\/\/www.kilim-age.com\/wp-content\/uploads\/2019\/08\/IMG_0240-1.jpg\" \/>\n\t<meta property=\"og:image:width\" content=\"1000\" \/>\n\t<meta property=\"og:image:height\" content=\"1300\" \/>\n\t<meta property=\"og:image:type\" content=\"image\/jpeg\" \/>\n<meta name=\"twitter:card\" content=\"summary_large_image\" \/>\n<script type=\"application\/ld+json\" class=\"yoast-schema-graph\">{\"@context\":\"https:\/\/schema.org\",\"@graph\":[{\"@type\":\"WebPage\",\"@id\":\"https:\/\/www.kilim-age.com\/en\/producto\/alfombra-vintage-209-x-112-cm\/\",\"url\":\"https:\/\/www.kilim-age.com\/en\/producto\/alfombra-vintage-209-x-112-cm\/\",\"name\":\"VINTAGE CARPET 209 X 112 cm | Kilim-Age\",\"isPartOf\":{\"@id\":\"https:\/\/kilim-age.com\/en\/#website\"},\"primaryImageOfPage\":{\"@id\":\"https:\/\/www.kilim-age.com\/en\/producto\/alfombra-vintage-209-x-112-cm\/#primaryimage\"},\"image\":{\"@id\":\"https:\/\/www.kilim-age.com\/en\/producto\/alfombra-vintage-209-x-112-cm\/#primaryimage\"},\"thumbnailUrl\":\"https:\/\/www.kilim-age.com\/wp-content\/uploads\/2019\/08\/IMG_0240-1.jpg\",\"datePublished\":\"2019-08-09T15:32:49+00:00\",\"dateModified\":\"2021-07-21T09:23:02+00:00\",\"description\":\"Alfombra Turca Vintage beige con medall\u00f3n al centro. tacto suave, hecha a mano con la t\u00e9cnica de anudaci\u00f3n. Env\u00edo y devoluciones gratis\",\"breadcrumb\":{\"@id\":\"https:\/\/www.kilim-age.com\/en\/producto\/alfombra-vintage-209-x-112-cm\/#breadcrumb\"},\"inLanguage\":\"en-US\",\"potentialAction\":[{\"@type\":\"ReadAction\",\"target\":[\"https:\/\/www.kilim-age.com\/en\/producto\/alfombra-vintage-209-x-112-cm\/\"]}]},{\"@type\":\"ImageObject\",\"inLanguage\":\"en-US\",\"@id\":\"https:\/\/www.kilim-age.com\/en\/producto\/alfombra-vintage-209-x-112-cm\/#primaryimage\",\"url\":\"https:\/\/www.kilim-age.com\/wp-content\/uploads\/2019\/08\/IMG_0240-1.jpg\",\"contentUrl\":\"https:\/\/www.kilim-age.com\/wp-content\/uploads\/2019\/08\/IMG_0240-1.jpg\",\"width\":1000,\"height\":1300},{\"@type\":\"BreadcrumbList\",\"@id\":\"https:\/\/www.kilim-age.com\/en\/producto\/alfombra-vintage-209-x-112-cm\/#breadcrumb\",\"itemListElement\":[{\"@type\":\"ListItem\",\"position\":1,\"name\":\"Home\",\"item\":\"https:\/\/kilim-age.com\/en\/\"},{\"@type\":\"ListItem\",\"position\":2,\"name\":\"Shop\",\"item\":\"https:\/\/kilim-age.com\/es\/shop\/\"},{\"@type\":\"ListItem\",\"position\":3,\"name\":\"VINTAGE CARPET 209 X 112 cm\"}]},{\"@type\":\"WebSite\",\"@id\":\"https:\/\/kilim-age.com\/en\/#website\",\"url\":\"https:\/\/kilim-age.com\/en\/\",\"name\":\"Kilim-Age\",\"description\":\"Somos especialistas en productos artesanales de Turqu\u00eda como Alfombras, y Kilims\",\"potentialAction\":[{\"@type\":\"SearchAction\",\"target\":{\"@type\":\"EntryPoint\",\"urlTemplate\":\"https:\/\/kilim-age.com\/en\/?s={search_term_string}\"},\"query-input\":{\"@type\":\"PropertyValueSpecification\",\"valueRequired\":true,\"valueName\":\"search_term_string\"}}],\"inLanguage\":\"en-US\"}]}<\/script>\n<!-- \/ Yoast SEO plugin. -->","yoast_head_json":{"title":"VINTAGE CARPET 209 X 112 cm | Kilim-Age","description":"Alfombra Turca Vintage beige con medall\u00f3n al centro. tacto suave, hecha a mano con la t\u00e9cnica de anudaci\u00f3n. Env\u00edo y devoluciones gratis","robots":{"index":"index","follow":"follow","max-snippet":"max-snippet:-1","max-image-preview":"max-image-preview:large","max-video-preview":"max-video-preview:-1"},"canonical":"https:\/\/www.kilim-age.com\/en\/producto\/alfombra-vintage-209-x-112-cm\/","og_locale":"en_US","og_type":"article","og_title":"VINTAGE CARPET 209 X 112 cm | Kilim-Age","og_description":"Alfombra Turca Vintage beige con medall\u00f3n al centro. tacto suave, hecha a mano con la t\u00e9cnica de anudaci\u00f3n. Env\u00edo y devoluciones gratis","og_url":"https:\/\/www.kilim-age.com\/en\/producto\/alfombra-vintage-209-x-112-cm\/","og_site_name":"Kilim-Age","article_modified_time":"2021-07-21T09:23:02+00:00","og_image":[{"width":1000,"height":1300,"url":"https:\/\/www.kilim-age.com\/wp-content\/uploads\/2019\/08\/IMG_0240-1.jpg","type":"image\/jpeg"}],"twitter_card":"summary_large_image","schema":{"@context":"https:\/\/schema.org","@graph":[{"@type":"WebPage","@id":"https:\/\/www.kilim-age.com\/en\/producto\/alfombra-vintage-209-x-112-cm\/","url":"https:\/\/www.kilim-age.com\/en\/producto\/alfombra-vintage-209-x-112-cm\/","name":"VINTAGE CARPET 209 X 112 cm | Kilim-Age","isPartOf":{"@id":"https:\/\/kilim-age.com\/en\/#website"},"primaryImageOfPage":{"@id":"https:\/\/www.kilim-age.com\/en\/producto\/alfombra-vintage-209-x-112-cm\/#primaryimage"},"image":{"@id":"https:\/\/www.kilim-age.com\/en\/producto\/alfombra-vintage-209-x-112-cm\/#primaryimage"},"thumbnailUrl":"https:\/\/www.kilim-age.com\/wp-content\/uploads\/2019\/08\/IMG_0240-1.jpg","datePublished":"2019-08-09T15:32:49+00:00","dateModified":"2021-07-21T09:23:02+00:00","description":"Alfombra Turca Vintage beige con medall\u00f3n al centro. tacto suave, hecha a mano con la t\u00e9cnica de anudaci\u00f3n. Env\u00edo y devoluciones gratis","breadcrumb":{"@id":"https:\/\/www.kilim-age.com\/en\/producto\/alfombra-vintage-209-x-112-cm\/#breadcrumb"},"inLanguage":"en-US","potentialAction":[{"@type":"ReadAction","target":["https:\/\/www.kilim-age.com\/en\/producto\/alfombra-vintage-209-x-112-cm\/"]}]},{"@type":"ImageObject","inLanguage":"en-US","@id":"https:\/\/www.kilim-age.com\/en\/producto\/alfombra-vintage-209-x-112-cm\/#primaryimage","url":"https:\/\/www.kilim-age.com\/wp-content\/uploads\/2019\/08\/IMG_0240-1.jpg","contentUrl":"https:\/\/www.kilim-age.com\/wp-content\/uploads\/2019\/08\/IMG_0240-1.jpg","width":1000,"height":1300},{"@type":"BreadcrumbList","@id":"https:\/\/www.kilim-age.com\/en\/producto\/alfombra-vintage-209-x-112-cm\/#breadcrumb","itemListElement":[{"@type":"ListItem","position":1,"name":"Home","item":"https:\/\/kilim-age.com\/en\/"},{"@type":"ListItem","position":2,"name":"Shop","item":"https:\/\/kilim-age.com\/es\/shop\/"},{"@type":"ListItem","position":3,"name":"VINTAGE CARPET 209 X 112 cm"}]},{"@type":"WebSite","@id":"https:\/\/kilim-age.com\/en\/#website","url":"https:\/\/kilim-age.com\/en\/","name":"Kilim-Age","description":"Somos especialistas en productos artesanales de Turqu\u00eda como Alfombras, y Kilims","potentialAction":[{"@type":"SearchAction","target":{"@type":"EntryPoint","urlTemplate":"https:\/\/kilim-age.com\/en\/?s={search_term_string}"},"query-input":{"@type":"PropertyValueSpecification","valueRequired":true,"valueName":"search_term_string"}}],"inLanguage":"en-US"}]}},"_links":{"self":[{"href":"https:\/\/www.kilim-age.com\/en\/wp-json\/wp\/v2\/product\/10782","targetHints":{"allow":["GET"]}}],"collection":[{"href":"https:\/\/www.kilim-age.com\/en\/wp-json\/wp\/v2\/product"}],"about":[{"href":"https:\/\/www.kilim-age.com\/en\/wp-json\/wp\/v2\/types\/product"}],"replies":[{"embeddable":true,"href":"https:\/\/www.kilim-age.com\/en\/wp-json\/wp\/v2\/comments?post=10782"}],"wp:featuredmedia":[{"embeddable":true,"href":"https:\/\/www.kilim-age.com\/en\/wp-json\/wp\/v2\/media\/10783"}],"wp:attachment":[{"href":"https:\/\/www.kilim-age.com\/en\/wp-json\/wp\/v2\/media?parent=10782"}],"wp:term":[{"taxonomy":"product_brand","embeddable":true,"href":"https:\/\/www.kilim-age.com\/en\/wp-json\/wp\/v2\/product_brand?post=10782"},{"taxonomy":"product_cat","embeddable":true,"href":"https:\/\/www.kilim-age.com\/en\/wp-json\/wp\/v2\/product_cat?post=10782"},{"taxonomy":"product_tag","embeddable":true,"href":"https:\/\/www.kilim-age.com\/en\/wp-json\/wp\/v2\/product_tag?post=10782"}],"curies":[{"name":"wp","href":"https:\/\/api.w.org\/{rel}","templated":true}]}}