{"id":11570,"date":"2020-07-11T16:38:28","date_gmt":"2020-07-11T16:38:28","guid":{"rendered":"http:\/\/www.kilim-age.com\/?post_type=product&#038;p=11570"},"modified":"2025-12-09T11:57:58","modified_gmt":"2025-12-09T10:57:58","slug":"alfombras-con-disenos-geometricos","status":"publish","type":"product","link":"https:\/\/www.kilim-age.com\/en\/producto\/alfombras-con-disenos-geometricos\/","title":{"rendered":"Contemporary geometric black rug"},"content":{"rendered":"<strong>Modern Geometric Rug with Bold Contrast<\/strong><\/p>\n<p>Elevate your home with our striking geometric rug, featuring a bold, contemporary pattern that captures the eye. This rug combines classic black and white tones in a dynamic crisscross pattern, making it a perfect statement piece for any modern living space or office. Available in multiple sizes, it offers versatility and style to fit any room dimensions.<\/p>\n<p><strong>Design and Aesthetics:<\/strong><\/p>\n<ul>\n<li><strong>Bold Colors<\/strong>: The sharp contrast of black and white ensures this rug stands out in any decor, providing a sophisticated monochromatic look that complements both minimalistic and vibrant interiors.<\/li>\n<li><strong>Geometric Pattern<\/strong>: The interlocking diamond design is not only visually captivating but also adds a sense of movement and depth to your floor space.<\/li>\n<\/ul>\n<p><strong>Multiple Sizing Options:<\/strong> This rug is offered in a variety of dimensions, ensuring the right fit for different areas within your home\u2014from a cozy study to a spacious living room. Each size is crafted to maintain the integrity and impact of the geometric pattern, perfectly balancing the room\u2019s aesthetics.<\/p>\n<p><strong>Versatile and Functional:<\/strong> Ideal for high-traffic areas, the durable construction of this rug withstands daily wear and tear, while its stylish design enriches your home\u2019s ambiance. The fringed edges add a touch of casual elegance, enhancing its unique character.<\/p>\n<p><strong>Styling Tips:<\/strong> Pair this rug with modern furniture and metallic accents to create a chic, cohesive look, or let it stand as a focal point among more subdued decor elements. It&#8217;s an excellent choice for anyone looking to infuse their living space with a touch of contemporary artistry.<\/p>\n<p>Transform your home with this modern geometric rug that blends functionality with cutting-edge design, making it a timeless addition to your decor.","protected":false},"excerpt":{"rendered":"<p style=\"text-align: left;\">Origin: Turkey<br \/>\nMaterial: Cotton and Viscos<br \/>\nThickness approximately: 9 mm<br \/>\nKnot density: 1.200.000 points\/m<sup>2<\/sup><br \/>\nAge: New<br \/>\nHigh-precision weaving<br \/>\nAll our rugs are made with natural fibers materials.<br \/>\nColors: Natural dyeing<br \/>\nThe colors in the carpet will be perceived differently depending on the angle you view it from<br \/>\nDelivery time: Spain approximately 2-5 days, Europe 5-7 days, other continents 7-10 days.<\/p>\n","protected":false},"featured_media":41016,"comment_status":"open","ping_status":"closed","template":"","meta":[],"product_brand":[],"product_cat":[62,232],"product_tag":[294,799,785,803],"class_list":{"0":"post-11570","1":"product","2":"type-product","3":"status-publish","4":"has-post-thumbnail","6":"product_cat-alfombras-turcas","7":"product_cat-alfombras-modernas","8":"product_tag-alfombras-modernas","9":"product_tag-alfombras-modernas-economicas","10":"product_tag-alfombras-turcas","11":"product_tag-modern-carpets","12":"pa_color-beige","13":"pa_color-gris","14":"pa_color-negro","15":"pa_medida-grandes","16":"pa_seleccionar-medidas-120x180-cm","17":"pa_seleccionar-medidas-160x230-cm","18":"pa_seleccionar-medidas-200x290-cm","19":"pa_seleccionar-medidas-80x150cm","20":"pa_seleccionar-medidas-80x300-cm","22":"first","23":"instock","24":"sale","25":"sold-individually","26":"taxable","27":"shipping-taxable","28":"purchasable","29":"product-type-variable"},"yoast_head":"<!-- This site is optimized with the Yoast SEO plugin v24.8.1 - https:\/\/yoast.com\/wordpress\/plugins\/seo\/ -->\n<title>Alfombras con Dise\u00f1os Geom\u00e9tricos | Kilim-Age |<\/title>\n<meta name=\"description\" content=\"Alfombras con Dise\u00f1os Geom\u00e9tricos! Tenemos alfombras modernas con dise\u00f1os geometricas! Env\u00edos y Devoluci\u00f3nes gratis! Precios econ\u00f3micos..\" \/>\n<meta name=\"robots\" content=\"index, follow, max-snippet:-1, max-image-preview:large, max-video-preview:-1\" \/>\n<link rel=\"canonical\" href=\"https:\/\/kilim-age.com\/es\/producto\/alfombras-con-disenos-geometricos\/\" \/>\n<meta property=\"og:locale\" content=\"en_US\" \/>\n<meta property=\"og:type\" content=\"article\" \/>\n<meta property=\"og:title\" content=\"Alfombras con Dise\u00f1os Geom\u00e9tricos | Kilim-Age |\" \/>\n<meta property=\"og:description\" content=\"Alfombras con Dise\u00f1os Geom\u00e9tricos! Tenemos alfombras modernas con dise\u00f1os geometricas! Env\u00edos y Devoluci\u00f3nes gratis! Precios econ\u00f3micos..\" \/>\n<meta property=\"og:url\" content=\"https:\/\/kilim-age.com\/es\/producto\/alfombras-con-disenos-geometricos\/\" \/>\n<meta property=\"og:site_name\" content=\"Kilim-Age\" \/>\n<meta property=\"article:modified_time\" content=\"2025-12-09T10:57:58+00:00\" \/>\n<meta property=\"og:image\" content=\"https:\/\/kilim-age.com\/wp-content\/uploads\/2020\/07\/Alfombra-geometrica.jpg\" \/>\n\t<meta property=\"og:image:width\" content=\"1000\" \/>\n\t<meta property=\"og:image:height\" content=\"1300\" \/>\n\t<meta property=\"og:image:type\" content=\"image\/jpeg\" \/>\n<meta name=\"twitter:card\" content=\"summary_large_image\" \/>\n<meta name=\"twitter:label1\" content=\"Est. reading time\" \/>\n\t<meta name=\"twitter:data1\" content=\"2 minutes\" \/>\n<script type=\"application\/ld+json\" class=\"yoast-schema-graph\">{\"@context\":\"https:\/\/schema.org\",\"@graph\":[{\"@type\":\"WebPage\",\"@id\":\"https:\/\/kilim-age.com\/es\/producto\/alfombras-con-disenos-geometricos\/\",\"url\":\"https:\/\/kilim-age.com\/es\/producto\/alfombras-con-disenos-geometricos\/\",\"name\":\"Alfombras con Dise\u00f1os Geom\u00e9tricos | Kilim-Age |\",\"isPartOf\":{\"@id\":\"https:\/\/www.kilim-age.com\/es\/#website\"},\"primaryImageOfPage\":{\"@id\":\"https:\/\/kilim-age.com\/es\/producto\/alfombras-con-disenos-geometricos\/#primaryimage\"},\"image\":{\"@id\":\"https:\/\/kilim-age.com\/es\/producto\/alfombras-con-disenos-geometricos\/#primaryimage\"},\"thumbnailUrl\":\"https:\/\/www.kilim-age.com\/wp-content\/uploads\/2020\/07\/Alfombra-geometrica.jpg\",\"datePublished\":\"2020-07-11T16:38:28+00:00\",\"dateModified\":\"2025-12-09T10:57:58+00:00\",\"description\":\"Alfombras con Dise\u00f1os Geom\u00e9tricos! Tenemos alfombras modernas con dise\u00f1os geometricas! Env\u00edos y Devoluci\u00f3nes gratis! Precios econ\u00f3micos..\",\"breadcrumb\":{\"@id\":\"https:\/\/kilim-age.com\/es\/producto\/alfombras-con-disenos-geometricos\/#breadcrumb\"},\"inLanguage\":\"en-US\",\"potentialAction\":[{\"@type\":\"ReadAction\",\"target\":[\"https:\/\/kilim-age.com\/es\/producto\/alfombras-con-disenos-geometricos\/\"]}]},{\"@type\":\"ImageObject\",\"inLanguage\":\"en-US\",\"@id\":\"https:\/\/kilim-age.com\/es\/producto\/alfombras-con-disenos-geometricos\/#primaryimage\",\"url\":\"https:\/\/www.kilim-age.com\/wp-content\/uploads\/2020\/07\/Alfombra-geometrica.jpg\",\"contentUrl\":\"https:\/\/www.kilim-age.com\/wp-content\/uploads\/2020\/07\/Alfombra-geometrica.jpg\",\"width\":1000,\"height\":1300},{\"@type\":\"BreadcrumbList\",\"@id\":\"https:\/\/kilim-age.com\/es\/producto\/alfombras-con-disenos-geometricos\/#breadcrumb\",\"itemListElement\":[{\"@type\":\"ListItem\",\"position\":1,\"name\":\"Home\",\"item\":\"https:\/\/www.kilim-age.com\/es\/\"},{\"@type\":\"ListItem\",\"position\":2,\"name\":\"Shop\",\"item\":\"https:\/\/www.kilim-age.com\/es\/shop\/\"},{\"@type\":\"ListItem\",\"position\":3,\"name\":\"Alfombra moderna geometrica negro\"}]},{\"@type\":\"WebSite\",\"@id\":\"https:\/\/www.kilim-age.com\/es\/#website\",\"url\":\"https:\/\/www.kilim-age.com\/es\/\",\"name\":\"Kilim-Age\",\"description\":\"Somos especialistas en productos artesanales de Turqu\u00eda como Alfombras, y Kilims\",\"potentialAction\":[{\"@type\":\"SearchAction\",\"target\":{\"@type\":\"EntryPoint\",\"urlTemplate\":\"https:\/\/www.kilim-age.com\/es\/?s={search_term_string}\"},\"query-input\":{\"@type\":\"PropertyValueSpecification\",\"valueRequired\":true,\"valueName\":\"search_term_string\"}}],\"inLanguage\":\"en-US\"}]}<\/script>\n<!-- \/ Yoast SEO plugin. -->","yoast_head_json":{"title":"Alfombras con Dise\u00f1os Geom\u00e9tricos | Kilim-Age |","description":"Alfombras con Dise\u00f1os Geom\u00e9tricos! Tenemos alfombras modernas con dise\u00f1os geometricas! Env\u00edos y Devoluci\u00f3nes gratis! Precios econ\u00f3micos..","robots":{"index":"index","follow":"follow","max-snippet":"max-snippet:-1","max-image-preview":"max-image-preview:large","max-video-preview":"max-video-preview:-1"},"canonical":"https:\/\/kilim-age.com\/es\/producto\/alfombras-con-disenos-geometricos\/","og_locale":"en_US","og_type":"article","og_title":"Alfombras con Dise\u00f1os Geom\u00e9tricos | Kilim-Age |","og_description":"Alfombras con Dise\u00f1os Geom\u00e9tricos! Tenemos alfombras modernas con dise\u00f1os geometricas! Env\u00edos y Devoluci\u00f3nes gratis! Precios econ\u00f3micos..","og_url":"https:\/\/kilim-age.com\/es\/producto\/alfombras-con-disenos-geometricos\/","og_site_name":"Kilim-Age","article_modified_time":"2025-12-09T10:57:58+00:00","og_image":[{"width":1000,"height":1300,"url":"https:\/\/kilim-age.com\/wp-content\/uploads\/2020\/07\/Alfombra-geometrica.jpg","type":"image\/jpeg"}],"twitter_card":"summary_large_image","twitter_misc":{"Est. reading time":"2 minutes"},"schema":{"@context":"https:\/\/schema.org","@graph":[{"@type":"WebPage","@id":"https:\/\/kilim-age.com\/es\/producto\/alfombras-con-disenos-geometricos\/","url":"https:\/\/kilim-age.com\/es\/producto\/alfombras-con-disenos-geometricos\/","name":"Alfombras con Dise\u00f1os Geom\u00e9tricos | Kilim-Age |","isPartOf":{"@id":"https:\/\/www.kilim-age.com\/es\/#website"},"primaryImageOfPage":{"@id":"https:\/\/kilim-age.com\/es\/producto\/alfombras-con-disenos-geometricos\/#primaryimage"},"image":{"@id":"https:\/\/kilim-age.com\/es\/producto\/alfombras-con-disenos-geometricos\/#primaryimage"},"thumbnailUrl":"https:\/\/www.kilim-age.com\/wp-content\/uploads\/2020\/07\/Alfombra-geometrica.jpg","datePublished":"2020-07-11T16:38:28+00:00","dateModified":"2025-12-09T10:57:58+00:00","description":"Alfombras con Dise\u00f1os Geom\u00e9tricos! Tenemos alfombras modernas con dise\u00f1os geometricas! Env\u00edos y Devoluci\u00f3nes gratis! Precios econ\u00f3micos..","breadcrumb":{"@id":"https:\/\/kilim-age.com\/es\/producto\/alfombras-con-disenos-geometricos\/#breadcrumb"},"inLanguage":"en-US","potentialAction":[{"@type":"ReadAction","target":["https:\/\/kilim-age.com\/es\/producto\/alfombras-con-disenos-geometricos\/"]}]},{"@type":"ImageObject","inLanguage":"en-US","@id":"https:\/\/kilim-age.com\/es\/producto\/alfombras-con-disenos-geometricos\/#primaryimage","url":"https:\/\/www.kilim-age.com\/wp-content\/uploads\/2020\/07\/Alfombra-geometrica.jpg","contentUrl":"https:\/\/www.kilim-age.com\/wp-content\/uploads\/2020\/07\/Alfombra-geometrica.jpg","width":1000,"height":1300},{"@type":"BreadcrumbList","@id":"https:\/\/kilim-age.com\/es\/producto\/alfombras-con-disenos-geometricos\/#breadcrumb","itemListElement":[{"@type":"ListItem","position":1,"name":"Home","item":"https:\/\/www.kilim-age.com\/es\/"},{"@type":"ListItem","position":2,"name":"Shop","item":"https:\/\/www.kilim-age.com\/es\/shop\/"},{"@type":"ListItem","position":3,"name":"Alfombra moderna geometrica negro"}]},{"@type":"WebSite","@id":"https:\/\/www.kilim-age.com\/es\/#website","url":"https:\/\/www.kilim-age.com\/es\/","name":"Kilim-Age","description":"Somos especialistas en productos artesanales de Turqu\u00eda como Alfombras, y Kilims","potentialAction":[{"@type":"SearchAction","target":{"@type":"EntryPoint","urlTemplate":"https:\/\/www.kilim-age.com\/es\/?s={search_term_string}"},"query-input":{"@type":"PropertyValueSpecification","valueRequired":true,"valueName":"search_term_string"}}],"inLanguage":"en-US"}]}},"_links":{"self":[{"href":"https:\/\/www.kilim-age.com\/en\/wp-json\/wp\/v2\/product\/11570","targetHints":{"allow":["GET"]}}],"collection":[{"href":"https:\/\/www.kilim-age.com\/en\/wp-json\/wp\/v2\/product"}],"about":[{"href":"https:\/\/www.kilim-age.com\/en\/wp-json\/wp\/v2\/types\/product"}],"replies":[{"embeddable":true,"href":"https:\/\/www.kilim-age.com\/en\/wp-json\/wp\/v2\/comments?post=11570"}],"wp:featuredmedia":[{"embeddable":true,"href":"https:\/\/www.kilim-age.com\/en\/wp-json\/wp\/v2\/media\/41016"}],"wp:attachment":[{"href":"https:\/\/www.kilim-age.com\/en\/wp-json\/wp\/v2\/media?parent=11570"}],"wp:term":[{"taxonomy":"product_brand","embeddable":true,"href":"https:\/\/www.kilim-age.com\/en\/wp-json\/wp\/v2\/product_brand?post=11570"},{"taxonomy":"product_cat","embeddable":true,"href":"https:\/\/www.kilim-age.com\/en\/wp-json\/wp\/v2\/product_cat?post=11570"},{"taxonomy":"product_tag","embeddable":true,"href":"https:\/\/www.kilim-age.com\/en\/wp-json\/wp\/v2\/product_tag?post=11570"}],"curies":[{"name":"wp","href":"https:\/\/api.w.org\/{rel}","templated":true}]}}