{"id":13427,"date":"2020-09-23T17:44:51","date_gmt":"2020-09-23T17:44:51","guid":{"rendered":"http:\/\/www.kilim-age.com\/?post_type=product&#038;p=13427"},"modified":"2025-05-28T17:29:19","modified_gmt":"2025-05-28T15:29:19","slug":"alfombras-grandes-para-salon-2","status":"publish","type":"product","link":"https:\/\/www.kilim-age.com\/en\/producto\/alfombras-grandes-para-salon-2\/","title":{"rendered":"VINTAGE CARPET 283 X 185 cm"},"content":{"rendered":"<h1><span style=\"font-size: 95%;\">VINTAGE CARPETS<\/span><\/h1>\n<p>Classic vintage carpets from Turkey. These carpets are approximately 20 or 30 years old. Each carpet is selected carefully and submitted an exceptional chromatic neutralization process before being dyed. The worn out effect offers a new, updated and contemporary perspective.","protected":false},"excerpt":{"rendered":"<p>Manufacturing: Knotted by hand<br \/>\nSize: 283 X 185 cm<br \/>\nKnot density: Aprox 300000 knots per m\u00b2<br \/>\nOrigin: Turkey<br \/>\nPile: Wool<br \/>\nWarp: Cotton<br \/>\nThickness approx: 4-5 mm<br \/>\nNatural dyeing<br \/>\nThe colors in the carpet will be perceived differently depending on the angle you view it from<br \/>\nDelivery time: Spain approximately 2-5 days, Europe 5-7 days, other continents 7-10 days.<\/p>\n","protected":false},"featured_media":13428,"comment_status":"open","ping_status":"closed","template":"","meta":[],"product_brand":[],"product_cat":[1054,62,183],"product_tag":[123,145],"class_list":{"0":"post-13427","1":"product","2":"type-product","3":"status-publish","4":"has-post-thumbnail","6":"product_cat-ofertas","7":"product_cat-alfombras-turcas","8":"product_cat-alfombras-vintage","9":"product_tag-alfombras-vintage","10":"product_tag-vintage-carpets","11":"product_shipping_class-alfombra-grande","12":"pa_medida-grandes","14":"first","15":"outofstock","16":"sale","17":"sold-individually","18":"taxable","19":"shipping-taxable","20":"purchasable","21":"product-type-simple"},"yoast_head":"<!-- This site is optimized with the Yoast SEO plugin v24.8.1 - https:\/\/yoast.com\/wordpress\/plugins\/seo\/ -->\n<title>ALFOMBRAS GRANDES PARA SAL\u00d3N | Kilim-Age | Ofertas 30% 40%<\/title>\n<meta name=\"description\" content=\"Alfombras Grandes Para Sal\u00f3n! Compra Online, Env\u00edo y devoluciones gratis, Gran variedad de alfombras artesanales con precios muy econ\u00f3micos..\" \/>\n<meta name=\"robots\" content=\"index, follow, max-snippet:-1, max-image-preview:large, max-video-preview:-1\" \/>\n<link rel=\"canonical\" href=\"https:\/\/kilim-age.com\/en\/producto\/alfombras-grandes-para-salon-2\/\" \/>\n<meta property=\"og:locale\" content=\"en_US\" \/>\n<meta property=\"og:type\" content=\"article\" \/>\n<meta property=\"og:title\" content=\"ALFOMBRAS GRANDES PARA SAL\u00d3N | Kilim-Age | Ofertas 30% 40%\" \/>\n<meta property=\"og:description\" content=\"Alfombras Grandes Para Sal\u00f3n! Compra Online, Env\u00edo y devoluciones gratis, Gran variedad de alfombras artesanales con precios muy econ\u00f3micos..\" \/>\n<meta property=\"og:url\" content=\"https:\/\/kilim-age.com\/en\/producto\/alfombras-grandes-para-salon-2\/\" \/>\n<meta property=\"og:site_name\" content=\"Kilim-Age\" \/>\n<meta property=\"article:modified_time\" content=\"2025-05-28T15:29:19+00:00\" \/>\n<meta property=\"og:image\" content=\"https:\/\/kilim-age.com\/wp-content\/uploads\/2020\/09\/IMG_67561.jpg\" \/>\n\t<meta property=\"og:image:width\" content=\"1000\" \/>\n\t<meta property=\"og:image:height\" content=\"1300\" \/>\n\t<meta property=\"og:image:type\" content=\"image\/jpeg\" \/>\n<meta name=\"twitter:card\" content=\"summary_large_image\" \/>\n<meta name=\"twitter:label1\" content=\"Est. reading time\" \/>\n\t<meta name=\"twitter:data1\" content=\"2 minutes\" \/>\n<script type=\"application\/ld+json\" class=\"yoast-schema-graph\">{\"@context\":\"https:\/\/schema.org\",\"@graph\":[{\"@type\":\"WebPage\",\"@id\":\"https:\/\/kilim-age.com\/en\/producto\/alfombras-grandes-para-salon-2\/\",\"url\":\"https:\/\/kilim-age.com\/en\/producto\/alfombras-grandes-para-salon-2\/\",\"name\":\"ALFOMBRAS GRANDES PARA SAL\u00d3N | Kilim-Age | Ofertas 30% 40%\",\"isPartOf\":{\"@id\":\"https:\/\/kilim-age.com\/en\/#website\"},\"primaryImageOfPage\":{\"@id\":\"https:\/\/kilim-age.com\/en\/producto\/alfombras-grandes-para-salon-2\/#primaryimage\"},\"image\":{\"@id\":\"https:\/\/kilim-age.com\/en\/producto\/alfombras-grandes-para-salon-2\/#primaryimage\"},\"thumbnailUrl\":\"https:\/\/www.kilim-age.com\/wp-content\/uploads\/2020\/09\/IMG_67561.jpg\",\"datePublished\":\"2020-09-23T17:44:51+00:00\",\"dateModified\":\"2025-05-28T15:29:19+00:00\",\"description\":\"Alfombras Grandes Para Sal\u00f3n! Compra Online, Env\u00edo y devoluciones gratis, Gran variedad de alfombras artesanales con precios muy econ\u00f3micos..\",\"breadcrumb\":{\"@id\":\"https:\/\/kilim-age.com\/en\/producto\/alfombras-grandes-para-salon-2\/#breadcrumb\"},\"inLanguage\":\"en-US\",\"potentialAction\":[{\"@type\":\"ReadAction\",\"target\":[\"https:\/\/kilim-age.com\/en\/producto\/alfombras-grandes-para-salon-2\/\"]}]},{\"@type\":\"ImageObject\",\"inLanguage\":\"en-US\",\"@id\":\"https:\/\/kilim-age.com\/en\/producto\/alfombras-grandes-para-salon-2\/#primaryimage\",\"url\":\"https:\/\/www.kilim-age.com\/wp-content\/uploads\/2020\/09\/IMG_67561.jpg\",\"contentUrl\":\"https:\/\/www.kilim-age.com\/wp-content\/uploads\/2020\/09\/IMG_67561.jpg\",\"width\":1000,\"height\":1300,\"caption\":\"Alfombras Vintage\"},{\"@type\":\"BreadcrumbList\",\"@id\":\"https:\/\/kilim-age.com\/en\/producto\/alfombras-grandes-para-salon-2\/#breadcrumb\",\"itemListElement\":[{\"@type\":\"ListItem\",\"position\":1,\"name\":\"Home\",\"item\":\"https:\/\/kilim-age.com\/en\/\"},{\"@type\":\"ListItem\",\"position\":2,\"name\":\"Shop\",\"item\":\"https:\/\/kilim-age.com\/es\/shop\/\"},{\"@type\":\"ListItem\",\"position\":3,\"name\":\"VINTAGE CARPET 283 X 185 cm\"}]},{\"@type\":\"WebSite\",\"@id\":\"https:\/\/kilim-age.com\/en\/#website\",\"url\":\"https:\/\/kilim-age.com\/en\/\",\"name\":\"Kilim-Age\",\"description\":\"Somos especialistas en productos artesanales de Turqu\u00eda como Alfombras, y Kilims\",\"potentialAction\":[{\"@type\":\"SearchAction\",\"target\":{\"@type\":\"EntryPoint\",\"urlTemplate\":\"https:\/\/kilim-age.com\/en\/?s={search_term_string}\"},\"query-input\":{\"@type\":\"PropertyValueSpecification\",\"valueRequired\":true,\"valueName\":\"search_term_string\"}}],\"inLanguage\":\"en-US\"}]}<\/script>\n<!-- \/ Yoast SEO plugin. -->","yoast_head_json":{"title":"ALFOMBRAS GRANDES PARA SAL\u00d3N | Kilim-Age | Ofertas 30% 40%","description":"Alfombras Grandes Para Sal\u00f3n! Compra Online, Env\u00edo y devoluciones gratis, Gran variedad de alfombras artesanales con precios muy econ\u00f3micos..","robots":{"index":"index","follow":"follow","max-snippet":"max-snippet:-1","max-image-preview":"max-image-preview:large","max-video-preview":"max-video-preview:-1"},"canonical":"https:\/\/kilim-age.com\/en\/producto\/alfombras-grandes-para-salon-2\/","og_locale":"en_US","og_type":"article","og_title":"ALFOMBRAS GRANDES PARA SAL\u00d3N | Kilim-Age | Ofertas 30% 40%","og_description":"Alfombras Grandes Para Sal\u00f3n! Compra Online, Env\u00edo y devoluciones gratis, Gran variedad de alfombras artesanales con precios muy econ\u00f3micos..","og_url":"https:\/\/kilim-age.com\/en\/producto\/alfombras-grandes-para-salon-2\/","og_site_name":"Kilim-Age","article_modified_time":"2025-05-28T15:29:19+00:00","og_image":[{"width":1000,"height":1300,"url":"https:\/\/kilim-age.com\/wp-content\/uploads\/2020\/09\/IMG_67561.jpg","type":"image\/jpeg"}],"twitter_card":"summary_large_image","twitter_misc":{"Est. reading time":"2 minutes"},"schema":{"@context":"https:\/\/schema.org","@graph":[{"@type":"WebPage","@id":"https:\/\/kilim-age.com\/en\/producto\/alfombras-grandes-para-salon-2\/","url":"https:\/\/kilim-age.com\/en\/producto\/alfombras-grandes-para-salon-2\/","name":"ALFOMBRAS GRANDES PARA SAL\u00d3N | Kilim-Age | Ofertas 30% 40%","isPartOf":{"@id":"https:\/\/kilim-age.com\/en\/#website"},"primaryImageOfPage":{"@id":"https:\/\/kilim-age.com\/en\/producto\/alfombras-grandes-para-salon-2\/#primaryimage"},"image":{"@id":"https:\/\/kilim-age.com\/en\/producto\/alfombras-grandes-para-salon-2\/#primaryimage"},"thumbnailUrl":"https:\/\/www.kilim-age.com\/wp-content\/uploads\/2020\/09\/IMG_67561.jpg","datePublished":"2020-09-23T17:44:51+00:00","dateModified":"2025-05-28T15:29:19+00:00","description":"Alfombras Grandes Para Sal\u00f3n! Compra Online, Env\u00edo y devoluciones gratis, Gran variedad de alfombras artesanales con precios muy econ\u00f3micos..","breadcrumb":{"@id":"https:\/\/kilim-age.com\/en\/producto\/alfombras-grandes-para-salon-2\/#breadcrumb"},"inLanguage":"en-US","potentialAction":[{"@type":"ReadAction","target":["https:\/\/kilim-age.com\/en\/producto\/alfombras-grandes-para-salon-2\/"]}]},{"@type":"ImageObject","inLanguage":"en-US","@id":"https:\/\/kilim-age.com\/en\/producto\/alfombras-grandes-para-salon-2\/#primaryimage","url":"https:\/\/www.kilim-age.com\/wp-content\/uploads\/2020\/09\/IMG_67561.jpg","contentUrl":"https:\/\/www.kilim-age.com\/wp-content\/uploads\/2020\/09\/IMG_67561.jpg","width":1000,"height":1300,"caption":"Alfombras Vintage"},{"@type":"BreadcrumbList","@id":"https:\/\/kilim-age.com\/en\/producto\/alfombras-grandes-para-salon-2\/#breadcrumb","itemListElement":[{"@type":"ListItem","position":1,"name":"Home","item":"https:\/\/kilim-age.com\/en\/"},{"@type":"ListItem","position":2,"name":"Shop","item":"https:\/\/kilim-age.com\/es\/shop\/"},{"@type":"ListItem","position":3,"name":"VINTAGE CARPET 283 X 185 cm"}]},{"@type":"WebSite","@id":"https:\/\/kilim-age.com\/en\/#website","url":"https:\/\/kilim-age.com\/en\/","name":"Kilim-Age","description":"Somos especialistas en productos artesanales de Turqu\u00eda como Alfombras, y Kilims","potentialAction":[{"@type":"SearchAction","target":{"@type":"EntryPoint","urlTemplate":"https:\/\/kilim-age.com\/en\/?s={search_term_string}"},"query-input":{"@type":"PropertyValueSpecification","valueRequired":true,"valueName":"search_term_string"}}],"inLanguage":"en-US"}]}},"_links":{"self":[{"href":"https:\/\/www.kilim-age.com\/en\/wp-json\/wp\/v2\/product\/13427","targetHints":{"allow":["GET"]}}],"collection":[{"href":"https:\/\/www.kilim-age.com\/en\/wp-json\/wp\/v2\/product"}],"about":[{"href":"https:\/\/www.kilim-age.com\/en\/wp-json\/wp\/v2\/types\/product"}],"replies":[{"embeddable":true,"href":"https:\/\/www.kilim-age.com\/en\/wp-json\/wp\/v2\/comments?post=13427"}],"wp:featuredmedia":[{"embeddable":true,"href":"https:\/\/www.kilim-age.com\/en\/wp-json\/wp\/v2\/media\/13428"}],"wp:attachment":[{"href":"https:\/\/www.kilim-age.com\/en\/wp-json\/wp\/v2\/media?parent=13427"}],"wp:term":[{"taxonomy":"product_brand","embeddable":true,"href":"https:\/\/www.kilim-age.com\/en\/wp-json\/wp\/v2\/product_brand?post=13427"},{"taxonomy":"product_cat","embeddable":true,"href":"https:\/\/www.kilim-age.com\/en\/wp-json\/wp\/v2\/product_cat?post=13427"},{"taxonomy":"product_tag","embeddable":true,"href":"https:\/\/www.kilim-age.com\/en\/wp-json\/wp\/v2\/product_tag?post=13427"}],"curies":[{"name":"wp","href":"https:\/\/api.w.org\/{rel}","templated":true}]}}