{"id":13484,"date":"2020-09-24T17:23:38","date_gmt":"2020-09-24T17:23:38","guid":{"rendered":"http:\/\/www.kilim-age.com\/?post_type=product&#038;p=13484"},"modified":"2025-09-06T21:26:16","modified_gmt":"2025-09-06T19:26:16","slug":"comprar-alfombras-patchwork-online","status":"publish","type":"product","link":"https:\/\/www.kilim-age.com\/en\/producto\/comprar-alfombras-patchwork-online\/","title":{"rendered":"PATCHWORK CARPET 238 X 158 cm"},"content":{"rendered":"PATCHWORK CARPET<br \/>\nPatchwork carpets are made with scraps of handmade vintage carpets that are roughly 20-30 years old.<br \/>\nThe traditional mosaic method of patchwork allows the carpets to be made in the sizes desired by each client.<br \/>\nAll of our patchwork carpets are handcrafted with very high quality materials.","protected":false},"excerpt":{"rendered":"<p>Manufacturing: Knotted by hand<br \/>\nSize: 238 X 158 cm<br \/>\nKnot density: Aprox 150000-300000 knots per m\u00b2<br \/>\nAge: New<br \/>\nOrigin: Turkey<br \/>\nPile: Wool<br \/>\nWarp: Cotton<br \/>\nThickness approx: 5-6 mm.<br \/>\nNatural dyeing.<br \/>\nThe colors in the carpet will be perceived differently depending on the angle you view it from.<br \/>\nDelivery time: Spain approximately 2-5 days, Europe 5-7 days, other continents 7-10 days.<\/p>\n","protected":false},"featured_media":41547,"comment_status":"open","ping_status":"closed","template":"","meta":[],"product_brand":[],"product_cat":[1054,62,224],"product_tag":[71,94],"class_list":{"0":"post-13484","1":"product","2":"type-product","3":"status-publish","4":"has-post-thumbnail","6":"product_cat-ofertas","7":"product_cat-alfombras-turcas","8":"product_cat-alfombras-patchwork","9":"product_tag-alfombras-patchwork","10":"product_tag-patchwork-carpets","11":"pa_ancho-cm-1035","12":"pa_color-multicolor","13":"pa_color-rojo","14":"pa_largo-cm-1036","15":"pa_medida-grandes","17":"first","18":"outofstock","19":"sale","20":"sold-individually","21":"purchasable","22":"product-type-simple"},"yoast_head":"<!-- This site is optimized with the Yoast SEO plugin v24.8.1 - https:\/\/yoast.com\/wordpress\/plugins\/seo\/ -->\n<title>Comprar Alfombras Patchwork Online | Kilim-Age | Rebajas -50%<\/title>\n<meta name=\"description\" content=\"Comprar Alfombras Patchwork Online! Alfombras Econ\u00f3micas sin renunciar la calidad! Env\u00edo y devoluci\u00f3nes gratis. Alfombras Patchwork, Vintage y Modernas..\" \/>\n<meta name=\"robots\" content=\"index, follow, max-snippet:-1, max-image-preview:large, max-video-preview:-1\" \/>\n<link rel=\"canonical\" href=\"https:\/\/kilim-age.com\/es\/producto\/comprar-alfombras-patchwork-online\/\" \/>\n<meta property=\"og:locale\" content=\"en_US\" \/>\n<meta property=\"og:type\" content=\"article\" \/>\n<meta property=\"og:title\" content=\"Comprar Alfombras Patchwork Online | Kilim-Age | Rebajas -50%\" \/>\n<meta property=\"og:description\" content=\"Comprar Alfombras Patchwork Online! Alfombras Econ\u00f3micas sin renunciar la calidad! Env\u00edo y devoluci\u00f3nes gratis. Alfombras Patchwork, Vintage y Modernas..\" \/>\n<meta property=\"og:url\" content=\"https:\/\/kilim-age.com\/es\/producto\/comprar-alfombras-patchwork-online\/\" \/>\n<meta property=\"og:site_name\" content=\"Kilim-Age\" \/>\n<meta property=\"article:modified_time\" content=\"2025-09-06T19:26:16+00:00\" \/>\n<meta property=\"og:image\" content=\"https:\/\/kilim-age.com\/wp-content\/uploads\/2020\/09\/IMG_13025.jpg\" \/>\n\t<meta property=\"og:image:width\" content=\"1422\" \/>\n\t<meta property=\"og:image:height\" content=\"800\" \/>\n\t<meta property=\"og:image:type\" content=\"image\/jpeg\" \/>\n<meta name=\"twitter:card\" content=\"summary_large_image\" \/>\n<meta name=\"twitter:label1\" content=\"Est. reading time\" \/>\n\t<meta name=\"twitter:data1\" content=\"2 minutes\" \/>\n<script type=\"application\/ld+json\" class=\"yoast-schema-graph\">{\"@context\":\"https:\/\/schema.org\",\"@graph\":[{\"@type\":\"WebPage\",\"@id\":\"https:\/\/kilim-age.com\/es\/producto\/comprar-alfombras-patchwork-online\/\",\"url\":\"https:\/\/kilim-age.com\/es\/producto\/comprar-alfombras-patchwork-online\/\",\"name\":\"Comprar Alfombras Patchwork Online | Kilim-Age | Rebajas -50%\",\"isPartOf\":{\"@id\":\"https:\/\/kilim-age.com\/en\/#website\"},\"primaryImageOfPage\":{\"@id\":\"https:\/\/kilim-age.com\/es\/producto\/comprar-alfombras-patchwork-online\/#primaryimage\"},\"image\":{\"@id\":\"https:\/\/kilim-age.com\/es\/producto\/comprar-alfombras-patchwork-online\/#primaryimage\"},\"thumbnailUrl\":\"https:\/\/www.kilim-age.com\/wp-content\/uploads\/2020\/09\/IMG_13025.jpg\",\"datePublished\":\"2020-09-24T17:23:38+00:00\",\"dateModified\":\"2025-09-06T19:26:16+00:00\",\"description\":\"Comprar Alfombras Patchwork Online! Alfombras Econ\u00f3micas sin renunciar la calidad! Env\u00edo y devoluci\u00f3nes gratis. Alfombras Patchwork, Vintage y Modernas..\",\"breadcrumb\":{\"@id\":\"https:\/\/kilim-age.com\/es\/producto\/comprar-alfombras-patchwork-online\/#breadcrumb\"},\"inLanguage\":\"en-US\",\"potentialAction\":[{\"@type\":\"ReadAction\",\"target\":[\"https:\/\/kilim-age.com\/es\/producto\/comprar-alfombras-patchwork-online\/\"]}]},{\"@type\":\"ImageObject\",\"inLanguage\":\"en-US\",\"@id\":\"https:\/\/kilim-age.com\/es\/producto\/comprar-alfombras-patchwork-online\/#primaryimage\",\"url\":\"https:\/\/www.kilim-age.com\/wp-content\/uploads\/2020\/09\/IMG_13025.jpg\",\"contentUrl\":\"https:\/\/www.kilim-age.com\/wp-content\/uploads\/2020\/09\/IMG_13025.jpg\",\"width\":1422,\"height\":800},{\"@type\":\"BreadcrumbList\",\"@id\":\"https:\/\/kilim-age.com\/es\/producto\/comprar-alfombras-patchwork-online\/#breadcrumb\",\"itemListElement\":[{\"@type\":\"ListItem\",\"position\":1,\"name\":\"Home\",\"item\":\"https:\/\/kilim-age.com\/en\/\"},{\"@type\":\"ListItem\",\"position\":2,\"name\":\"Shop\",\"item\":\"https:\/\/kilim-age.com\/es\/shop\/\"},{\"@type\":\"ListItem\",\"position\":3,\"name\":\"ALFOMBRA PATCHWORK 240 X 160cm\"}]},{\"@type\":\"WebSite\",\"@id\":\"https:\/\/kilim-age.com\/en\/#website\",\"url\":\"https:\/\/kilim-age.com\/en\/\",\"name\":\"Kilim-Age\",\"description\":\"Somos especialistas en productos artesanales de Turqu\u00eda como Alfombras, y Kilims\",\"potentialAction\":[{\"@type\":\"SearchAction\",\"target\":{\"@type\":\"EntryPoint\",\"urlTemplate\":\"https:\/\/kilim-age.com\/en\/?s={search_term_string}\"},\"query-input\":{\"@type\":\"PropertyValueSpecification\",\"valueRequired\":true,\"valueName\":\"search_term_string\"}}],\"inLanguage\":\"en-US\"}]}<\/script>\n<!-- \/ Yoast SEO plugin. -->","yoast_head_json":{"title":"Comprar Alfombras Patchwork Online | Kilim-Age | Rebajas -50%","description":"Comprar Alfombras Patchwork Online! Alfombras Econ\u00f3micas sin renunciar la calidad! Env\u00edo y devoluci\u00f3nes gratis. Alfombras Patchwork, Vintage y Modernas..","robots":{"index":"index","follow":"follow","max-snippet":"max-snippet:-1","max-image-preview":"max-image-preview:large","max-video-preview":"max-video-preview:-1"},"canonical":"https:\/\/kilim-age.com\/es\/producto\/comprar-alfombras-patchwork-online\/","og_locale":"en_US","og_type":"article","og_title":"Comprar Alfombras Patchwork Online | Kilim-Age | Rebajas -50%","og_description":"Comprar Alfombras Patchwork Online! Alfombras Econ\u00f3micas sin renunciar la calidad! Env\u00edo y devoluci\u00f3nes gratis. Alfombras Patchwork, Vintage y Modernas..","og_url":"https:\/\/kilim-age.com\/es\/producto\/comprar-alfombras-patchwork-online\/","og_site_name":"Kilim-Age","article_modified_time":"2025-09-06T19:26:16+00:00","og_image":[{"width":1422,"height":800,"url":"https:\/\/kilim-age.com\/wp-content\/uploads\/2020\/09\/IMG_13025.jpg","type":"image\/jpeg"}],"twitter_card":"summary_large_image","twitter_misc":{"Est. reading time":"2 minutes"},"schema":{"@context":"https:\/\/schema.org","@graph":[{"@type":"WebPage","@id":"https:\/\/kilim-age.com\/es\/producto\/comprar-alfombras-patchwork-online\/","url":"https:\/\/kilim-age.com\/es\/producto\/comprar-alfombras-patchwork-online\/","name":"Comprar Alfombras Patchwork Online | Kilim-Age | Rebajas -50%","isPartOf":{"@id":"https:\/\/kilim-age.com\/en\/#website"},"primaryImageOfPage":{"@id":"https:\/\/kilim-age.com\/es\/producto\/comprar-alfombras-patchwork-online\/#primaryimage"},"image":{"@id":"https:\/\/kilim-age.com\/es\/producto\/comprar-alfombras-patchwork-online\/#primaryimage"},"thumbnailUrl":"https:\/\/www.kilim-age.com\/wp-content\/uploads\/2020\/09\/IMG_13025.jpg","datePublished":"2020-09-24T17:23:38+00:00","dateModified":"2025-09-06T19:26:16+00:00","description":"Comprar Alfombras Patchwork Online! Alfombras Econ\u00f3micas sin renunciar la calidad! Env\u00edo y devoluci\u00f3nes gratis. Alfombras Patchwork, Vintage y Modernas..","breadcrumb":{"@id":"https:\/\/kilim-age.com\/es\/producto\/comprar-alfombras-patchwork-online\/#breadcrumb"},"inLanguage":"en-US","potentialAction":[{"@type":"ReadAction","target":["https:\/\/kilim-age.com\/es\/producto\/comprar-alfombras-patchwork-online\/"]}]},{"@type":"ImageObject","inLanguage":"en-US","@id":"https:\/\/kilim-age.com\/es\/producto\/comprar-alfombras-patchwork-online\/#primaryimage","url":"https:\/\/www.kilim-age.com\/wp-content\/uploads\/2020\/09\/IMG_13025.jpg","contentUrl":"https:\/\/www.kilim-age.com\/wp-content\/uploads\/2020\/09\/IMG_13025.jpg","width":1422,"height":800},{"@type":"BreadcrumbList","@id":"https:\/\/kilim-age.com\/es\/producto\/comprar-alfombras-patchwork-online\/#breadcrumb","itemListElement":[{"@type":"ListItem","position":1,"name":"Home","item":"https:\/\/kilim-age.com\/en\/"},{"@type":"ListItem","position":2,"name":"Shop","item":"https:\/\/kilim-age.com\/es\/shop\/"},{"@type":"ListItem","position":3,"name":"ALFOMBRA PATCHWORK 240 X 160cm"}]},{"@type":"WebSite","@id":"https:\/\/kilim-age.com\/en\/#website","url":"https:\/\/kilim-age.com\/en\/","name":"Kilim-Age","description":"Somos especialistas en productos artesanales de Turqu\u00eda como Alfombras, y Kilims","potentialAction":[{"@type":"SearchAction","target":{"@type":"EntryPoint","urlTemplate":"https:\/\/kilim-age.com\/en\/?s={search_term_string}"},"query-input":{"@type":"PropertyValueSpecification","valueRequired":true,"valueName":"search_term_string"}}],"inLanguage":"en-US"}]}},"_links":{"self":[{"href":"https:\/\/www.kilim-age.com\/en\/wp-json\/wp\/v2\/product\/13484","targetHints":{"allow":["GET"]}}],"collection":[{"href":"https:\/\/www.kilim-age.com\/en\/wp-json\/wp\/v2\/product"}],"about":[{"href":"https:\/\/www.kilim-age.com\/en\/wp-json\/wp\/v2\/types\/product"}],"replies":[{"embeddable":true,"href":"https:\/\/www.kilim-age.com\/en\/wp-json\/wp\/v2\/comments?post=13484"}],"wp:featuredmedia":[{"embeddable":true,"href":"https:\/\/www.kilim-age.com\/en\/wp-json\/wp\/v2\/media\/41547"}],"wp:attachment":[{"href":"https:\/\/www.kilim-age.com\/en\/wp-json\/wp\/v2\/media?parent=13484"}],"wp:term":[{"taxonomy":"product_brand","embeddable":true,"href":"https:\/\/www.kilim-age.com\/en\/wp-json\/wp\/v2\/product_brand?post=13484"},{"taxonomy":"product_cat","embeddable":true,"href":"https:\/\/www.kilim-age.com\/en\/wp-json\/wp\/v2\/product_cat?post=13484"},{"taxonomy":"product_tag","embeddable":true,"href":"https:\/\/www.kilim-age.com\/en\/wp-json\/wp\/v2\/product_tag?post=13484"}],"curies":[{"name":"wp","href":"https:\/\/api.w.org\/{rel}","templated":true}]}}