{"id":13557,"date":"2020-09-30T16:46:30","date_gmt":"2020-09-30T16:46:30","guid":{"rendered":"http:\/\/www.kilim-age.com\/?post_type=product&#038;p=13557"},"modified":"2025-10-01T19:51:30","modified_gmt":"2025-10-01T17:51:30","slug":"comprar-alfombras-clasicas-online","status":"publish","type":"product","link":"https:\/\/www.kilim-age.com\/en\/producto\/comprar-alfombras-clasicas-online\/","title":{"rendered":"CLASSIC SAL CARPET 237 x 167 cm"},"content":{"rendered":"The classic carpets are made throughout the region of Anatolia \/ Turkey. They are characterized by very special designs and compositions, which are considered one of the best carpets in Turkey. These carpets are 100% handmade with high quality wool yarns by hand and natural dyed.","protected":false},"excerpt":{"rendered":"<p>Manufacturing: Knotted by hand<br \/>\nSize: 237 X 167 cm<br \/>\nKnot density: Aprox 360000 knots per m\u00b2<br \/>\nAge: New<br \/>\nOrigin: Turkey<br \/>\nPile: Wool<br \/>\nWarp: Cotton<br \/>\nThickness approx: 4-5 mm<br \/>\nNatural dyeing<br \/>\nThe colors in the carpet will be perceived differently depending on the angle you view it from<br \/>\nDelivery time: Spain approximately 2-5 days, Europe 5-7 days, other continents 7-10 days.<\/p>\n","protected":false},"featured_media":13558,"comment_status":"open","ping_status":"closed","template":"","meta":[],"product_brand":[],"product_cat":[1054,62,230],"product_tag":[79,80],"class_list":{"0":"post-13557","1":"product","2":"type-product","3":"status-publish","4":"has-post-thumbnail","6":"product_cat-ofertas","7":"product_cat-alfombras-turcas","8":"product_cat-alfombras-clasicas","9":"product_tag-alfombras-clasicas","10":"product_tag-classic-carpets","11":"product_shipping_class-alfombra-mediana","12":"pa_ancho-cm-932","13":"pa_color-burdeo","14":"pa_color-marron","15":"pa_color-multicolor","16":"pa_largo-cm-933","17":"pa_medida-grandes","19":"first","20":"instock","21":"sale","22":"sold-individually","23":"taxable","24":"shipping-taxable","25":"purchasable","26":"product-type-simple"},"yoast_head":"<!-- This site is optimized with the Yoast SEO plugin v24.8.1 - https:\/\/yoast.com\/wordpress\/plugins\/seo\/ -->\n<title>COMPRAR ALFOMBRAS CL\u00c1SICAS ONLINE | Kilim-Age |-30% -50%<\/title>\n<meta name=\"description\" content=\"Comprar Alfombras Cl\u00e1sicas Online! Tenemos autenticos alfombras de Turqu\u00eda, alfombras grandes, alfombras para pasillo, Alfombras de Patchwork y Vintage\" \/>\n<meta name=\"robots\" content=\"index, follow, max-snippet:-1, max-image-preview:large, max-video-preview:-1\" \/>\n<link rel=\"canonical\" href=\"https:\/\/www.kilim-age.com\/en\/producto\/comprar-alfombras-clasicas-online\/\" \/>\n<meta property=\"og:locale\" content=\"en_US\" \/>\n<meta property=\"og:type\" content=\"article\" \/>\n<meta property=\"og:title\" content=\"COMPRAR ALFOMBRAS CL\u00c1SICAS ONLINE | Kilim-Age |-30% -50%\" \/>\n<meta property=\"og:description\" content=\"Comprar Alfombras Cl\u00e1sicas Online! Tenemos autenticos alfombras de Turqu\u00eda, alfombras grandes, alfombras para pasillo, Alfombras de Patchwork y Vintage\" \/>\n<meta property=\"og:url\" content=\"https:\/\/www.kilim-age.com\/en\/producto\/comprar-alfombras-clasicas-online\/\" \/>\n<meta property=\"og:site_name\" content=\"Kilim-Age\" \/>\n<meta property=\"article:modified_time\" content=\"2025-10-01T17:51:30+00:00\" \/>\n<meta property=\"og:image\" content=\"https:\/\/www.kilim-age.com\/wp-content\/uploads\/2020\/09\/IMG_9948.jpg\" \/>\n\t<meta property=\"og:image:width\" content=\"1000\" \/>\n\t<meta property=\"og:image:height\" content=\"1300\" \/>\n\t<meta property=\"og:image:type\" content=\"image\/jpeg\" \/>\n<meta name=\"twitter:card\" content=\"summary_large_image\" \/>\n<meta name=\"twitter:label1\" content=\"Est. reading time\" \/>\n\t<meta name=\"twitter:data1\" content=\"1 minute\" \/>\n<script type=\"application\/ld+json\" class=\"yoast-schema-graph\">{\"@context\":\"https:\/\/schema.org\",\"@graph\":[{\"@type\":\"WebPage\",\"@id\":\"https:\/\/www.kilim-age.com\/en\/producto\/comprar-alfombras-clasicas-online\/\",\"url\":\"https:\/\/www.kilim-age.com\/en\/producto\/comprar-alfombras-clasicas-online\/\",\"name\":\"COMPRAR ALFOMBRAS CL\u00c1SICAS ONLINE | Kilim-Age |-30% -50%\",\"isPartOf\":{\"@id\":\"https:\/\/www.kilim-age.com\/es\/#website\"},\"primaryImageOfPage\":{\"@id\":\"https:\/\/www.kilim-age.com\/en\/producto\/comprar-alfombras-clasicas-online\/#primaryimage\"},\"image\":{\"@id\":\"https:\/\/www.kilim-age.com\/en\/producto\/comprar-alfombras-clasicas-online\/#primaryimage\"},\"thumbnailUrl\":\"https:\/\/www.kilim-age.com\/wp-content\/uploads\/2020\/09\/IMG_9948.jpg\",\"datePublished\":\"2020-09-30T16:46:30+00:00\",\"dateModified\":\"2025-10-01T17:51:30+00:00\",\"description\":\"Comprar Alfombras Cl\u00e1sicas Online! Tenemos autenticos alfombras de Turqu\u00eda, alfombras grandes, alfombras para pasillo, Alfombras de Patchwork y Vintage\",\"breadcrumb\":{\"@id\":\"https:\/\/www.kilim-age.com\/en\/producto\/comprar-alfombras-clasicas-online\/#breadcrumb\"},\"inLanguage\":\"en-US\",\"potentialAction\":[{\"@type\":\"ReadAction\",\"target\":[\"https:\/\/www.kilim-age.com\/en\/producto\/comprar-alfombras-clasicas-online\/\"]}]},{\"@type\":\"ImageObject\",\"inLanguage\":\"en-US\",\"@id\":\"https:\/\/www.kilim-age.com\/en\/producto\/comprar-alfombras-clasicas-online\/#primaryimage\",\"url\":\"https:\/\/www.kilim-age.com\/wp-content\/uploads\/2020\/09\/IMG_9948.jpg\",\"contentUrl\":\"https:\/\/www.kilim-age.com\/wp-content\/uploads\/2020\/09\/IMG_9948.jpg\",\"width\":1000,\"height\":1300,\"caption\":\"Alfombras Cl\u00e1sicas\"},{\"@type\":\"BreadcrumbList\",\"@id\":\"https:\/\/www.kilim-age.com\/en\/producto\/comprar-alfombras-clasicas-online\/#breadcrumb\",\"itemListElement\":[{\"@type\":\"ListItem\",\"position\":1,\"name\":\"Home\",\"item\":\"https:\/\/www.kilim-age.com\/es\/\"},{\"@type\":\"ListItem\",\"position\":2,\"name\":\"Shop\",\"item\":\"https:\/\/www.kilim-age.com\/es\/shop\/\"},{\"@type\":\"ListItem\",\"position\":3,\"name\":\"CLASSIC SAL CARPET 237 x 167 cm\"}]},{\"@type\":\"WebSite\",\"@id\":\"https:\/\/www.kilim-age.com\/es\/#website\",\"url\":\"https:\/\/www.kilim-age.com\/es\/\",\"name\":\"Kilim-Age\",\"description\":\"Somos especialistas en productos artesanales de Turqu\u00eda como Alfombras, y Kilims\",\"potentialAction\":[{\"@type\":\"SearchAction\",\"target\":{\"@type\":\"EntryPoint\",\"urlTemplate\":\"https:\/\/www.kilim-age.com\/es\/?s={search_term_string}\"},\"query-input\":{\"@type\":\"PropertyValueSpecification\",\"valueRequired\":true,\"valueName\":\"search_term_string\"}}],\"inLanguage\":\"en-US\"}]}<\/script>\n<!-- \/ Yoast SEO plugin. -->","yoast_head_json":{"title":"COMPRAR ALFOMBRAS CL\u00c1SICAS ONLINE | Kilim-Age |-30% -50%","description":"Comprar Alfombras Cl\u00e1sicas Online! Tenemos autenticos alfombras de Turqu\u00eda, alfombras grandes, alfombras para pasillo, Alfombras de Patchwork y Vintage","robots":{"index":"index","follow":"follow","max-snippet":"max-snippet:-1","max-image-preview":"max-image-preview:large","max-video-preview":"max-video-preview:-1"},"canonical":"https:\/\/www.kilim-age.com\/en\/producto\/comprar-alfombras-clasicas-online\/","og_locale":"en_US","og_type":"article","og_title":"COMPRAR ALFOMBRAS CL\u00c1SICAS ONLINE | Kilim-Age |-30% -50%","og_description":"Comprar Alfombras Cl\u00e1sicas Online! Tenemos autenticos alfombras de Turqu\u00eda, alfombras grandes, alfombras para pasillo, Alfombras de Patchwork y Vintage","og_url":"https:\/\/www.kilim-age.com\/en\/producto\/comprar-alfombras-clasicas-online\/","og_site_name":"Kilim-Age","article_modified_time":"2025-10-01T17:51:30+00:00","og_image":[{"width":1000,"height":1300,"url":"https:\/\/www.kilim-age.com\/wp-content\/uploads\/2020\/09\/IMG_9948.jpg","type":"image\/jpeg"}],"twitter_card":"summary_large_image","twitter_misc":{"Est. reading time":"1 minute"},"schema":{"@context":"https:\/\/schema.org","@graph":[{"@type":"WebPage","@id":"https:\/\/www.kilim-age.com\/en\/producto\/comprar-alfombras-clasicas-online\/","url":"https:\/\/www.kilim-age.com\/en\/producto\/comprar-alfombras-clasicas-online\/","name":"COMPRAR ALFOMBRAS CL\u00c1SICAS ONLINE | Kilim-Age |-30% -50%","isPartOf":{"@id":"https:\/\/www.kilim-age.com\/es\/#website"},"primaryImageOfPage":{"@id":"https:\/\/www.kilim-age.com\/en\/producto\/comprar-alfombras-clasicas-online\/#primaryimage"},"image":{"@id":"https:\/\/www.kilim-age.com\/en\/producto\/comprar-alfombras-clasicas-online\/#primaryimage"},"thumbnailUrl":"https:\/\/www.kilim-age.com\/wp-content\/uploads\/2020\/09\/IMG_9948.jpg","datePublished":"2020-09-30T16:46:30+00:00","dateModified":"2025-10-01T17:51:30+00:00","description":"Comprar Alfombras Cl\u00e1sicas Online! Tenemos autenticos alfombras de Turqu\u00eda, alfombras grandes, alfombras para pasillo, Alfombras de Patchwork y Vintage","breadcrumb":{"@id":"https:\/\/www.kilim-age.com\/en\/producto\/comprar-alfombras-clasicas-online\/#breadcrumb"},"inLanguage":"en-US","potentialAction":[{"@type":"ReadAction","target":["https:\/\/www.kilim-age.com\/en\/producto\/comprar-alfombras-clasicas-online\/"]}]},{"@type":"ImageObject","inLanguage":"en-US","@id":"https:\/\/www.kilim-age.com\/en\/producto\/comprar-alfombras-clasicas-online\/#primaryimage","url":"https:\/\/www.kilim-age.com\/wp-content\/uploads\/2020\/09\/IMG_9948.jpg","contentUrl":"https:\/\/www.kilim-age.com\/wp-content\/uploads\/2020\/09\/IMG_9948.jpg","width":1000,"height":1300,"caption":"Alfombras Cl\u00e1sicas"},{"@type":"BreadcrumbList","@id":"https:\/\/www.kilim-age.com\/en\/producto\/comprar-alfombras-clasicas-online\/#breadcrumb","itemListElement":[{"@type":"ListItem","position":1,"name":"Home","item":"https:\/\/www.kilim-age.com\/es\/"},{"@type":"ListItem","position":2,"name":"Shop","item":"https:\/\/www.kilim-age.com\/es\/shop\/"},{"@type":"ListItem","position":3,"name":"CLASSIC SAL CARPET 237 x 167 cm"}]},{"@type":"WebSite","@id":"https:\/\/www.kilim-age.com\/es\/#website","url":"https:\/\/www.kilim-age.com\/es\/","name":"Kilim-Age","description":"Somos especialistas en productos artesanales de Turqu\u00eda como Alfombras, y Kilims","potentialAction":[{"@type":"SearchAction","target":{"@type":"EntryPoint","urlTemplate":"https:\/\/www.kilim-age.com\/es\/?s={search_term_string}"},"query-input":{"@type":"PropertyValueSpecification","valueRequired":true,"valueName":"search_term_string"}}],"inLanguage":"en-US"}]}},"_links":{"self":[{"href":"https:\/\/www.kilim-age.com\/en\/wp-json\/wp\/v2\/product\/13557","targetHints":{"allow":["GET"]}}],"collection":[{"href":"https:\/\/www.kilim-age.com\/en\/wp-json\/wp\/v2\/product"}],"about":[{"href":"https:\/\/www.kilim-age.com\/en\/wp-json\/wp\/v2\/types\/product"}],"replies":[{"embeddable":true,"href":"https:\/\/www.kilim-age.com\/en\/wp-json\/wp\/v2\/comments?post=13557"}],"wp:featuredmedia":[{"embeddable":true,"href":"https:\/\/www.kilim-age.com\/en\/wp-json\/wp\/v2\/media\/13558"}],"wp:attachment":[{"href":"https:\/\/www.kilim-age.com\/en\/wp-json\/wp\/v2\/media?parent=13557"}],"wp:term":[{"taxonomy":"product_brand","embeddable":true,"href":"https:\/\/www.kilim-age.com\/en\/wp-json\/wp\/v2\/product_brand?post=13557"},{"taxonomy":"product_cat","embeddable":true,"href":"https:\/\/www.kilim-age.com\/en\/wp-json\/wp\/v2\/product_cat?post=13557"},{"taxonomy":"product_tag","embeddable":true,"href":"https:\/\/www.kilim-age.com\/en\/wp-json\/wp\/v2\/product_tag?post=13557"}],"curies":[{"name":"wp","href":"https:\/\/api.w.org\/{rel}","templated":true}]}}