{"id":13915,"date":"2020-10-16T17:21:28","date_gmt":"2020-10-16T17:21:28","guid":{"rendered":"http:\/\/www.kilim-age.com\/?post_type=product&#038;p=13915"},"modified":"2025-06-14T17:40:09","modified_gmt":"2025-06-14T15:40:09","slug":"alfombras-vintage-economicas-madrid","status":"publish","type":"product","link":"https:\/\/www.kilim-age.com\/en\/producto\/alfombras-vintage-economicas-madrid\/","title":{"rendered":"VINTAGE CARPET 321 X 206 cm"},"content":{"rendered":"<h1><span style=\"font-size: 95%;\">VINTAGE CARPETS<\/span><\/h1>\n<p>Classic vintage carpets from Turkey. These carpets are approximately 20 or 30 years old. Each carpet is selected carefully and submitted an exceptional chromatic neutralization process before being dyed. The worn out effect offers a new, updated and contemporary perspective.","protected":false},"excerpt":{"rendered":"<p>Manufacturing: Knotted by hand<br \/>\nSize: 321 X 206 cm<br \/>\nKnot density: Aprox 300000 knots per m\u00b2<br \/>\nOrigin: Turkey<br \/>\nPile: Wool<br \/>\nWarp: Cotton<br \/>\nThickness approx: 4-5 mm<br \/>\nNatural dyeing<br \/>\nThe colors in the carpet will be perceived differently depending on the angle you view it from<br \/>\nDelivery time: Spain approximately 2-5 days, Europe 5-7 days, other continents 7-10 days.<\/p>\n","protected":false},"featured_media":14035,"comment_status":"open","ping_status":"closed","template":"","meta":[],"product_brand":[],"product_cat":[1054,62,183],"product_tag":[123,145],"class_list":{"0":"post-13915","1":"product","2":"type-product","3":"status-publish","4":"has-post-thumbnail","6":"product_cat-ofertas","7":"product_cat-alfombras-turcas","8":"product_cat-alfombras-vintage","9":"product_tag-alfombras-vintage","10":"product_tag-vintage-carpets","11":"product_shipping_class-alfombra-grande","12":"pa_ancho-cm-918","13":"pa_color-amarillo","14":"pa_color-beige","15":"pa_largo-cm-1032","16":"pa_medida-grandes","18":"first","19":"instock","20":"sale","21":"sold-individually","22":"taxable","23":"shipping-taxable","24":"purchasable","25":"product-type-simple"},"yoast_head":"<!-- This site is optimized with the Yoast SEO plugin v24.8.1 - https:\/\/yoast.com\/wordpress\/plugins\/seo\/ -->\n<title>Alfombras Vintage Econ\u00f3micas Madrid | Kilim-Age | Alfombras turcas<\/title>\n<meta name=\"description\" content=\"Alfombras Vintage Econ\u00f3micas Madrid! -30% -50% de descuentos en toda la colecci\u00f3n. Venta online, env\u00edo y devoluciones gratis..\" \/>\n<meta name=\"robots\" content=\"index, follow, max-snippet:-1, max-image-preview:large, max-video-preview:-1\" \/>\n<link rel=\"canonical\" href=\"https:\/\/kilim-age.com\/en\/producto\/alfombras-vintage-economicas-madrid\/\" \/>\n<meta property=\"og:locale\" content=\"en_US\" \/>\n<meta property=\"og:type\" content=\"article\" \/>\n<meta property=\"og:title\" content=\"Alfombras Vintage Econ\u00f3micas Madrid | Kilim-Age | Alfombras turcas\" \/>\n<meta property=\"og:description\" content=\"Alfombras Vintage Econ\u00f3micas Madrid! -30% -50% de descuentos en toda la colecci\u00f3n. Venta online, env\u00edo y devoluciones gratis..\" \/>\n<meta property=\"og:url\" content=\"https:\/\/kilim-age.com\/en\/producto\/alfombras-vintage-economicas-madrid\/\" \/>\n<meta property=\"og:site_name\" content=\"Kilim-Age\" \/>\n<meta property=\"article:modified_time\" content=\"2025-06-14T15:40:09+00:00\" \/>\n<meta property=\"og:image\" content=\"https:\/\/kilim-age.com\/wp-content\/uploads\/2020\/10\/IMG_0098.jpg\" \/>\n\t<meta property=\"og:image:width\" content=\"1000\" \/>\n\t<meta property=\"og:image:height\" content=\"1300\" \/>\n\t<meta property=\"og:image:type\" content=\"image\/jpeg\" \/>\n<meta name=\"twitter:card\" content=\"summary_large_image\" \/>\n<meta name=\"twitter:label1\" content=\"Est. reading time\" \/>\n\t<meta name=\"twitter:data1\" content=\"2 minutes\" \/>\n<script type=\"application\/ld+json\" class=\"yoast-schema-graph\">{\"@context\":\"https:\/\/schema.org\",\"@graph\":[{\"@type\":\"WebPage\",\"@id\":\"https:\/\/kilim-age.com\/en\/producto\/alfombras-vintage-economicas-madrid\/\",\"url\":\"https:\/\/kilim-age.com\/en\/producto\/alfombras-vintage-economicas-madrid\/\",\"name\":\"Alfombras Vintage Econ\u00f3micas Madrid | Kilim-Age | Alfombras turcas\",\"isPartOf\":{\"@id\":\"https:\/\/kilim-age.com\/en\/#website\"},\"primaryImageOfPage\":{\"@id\":\"https:\/\/kilim-age.com\/en\/producto\/alfombras-vintage-economicas-madrid\/#primaryimage\"},\"image\":{\"@id\":\"https:\/\/kilim-age.com\/en\/producto\/alfombras-vintage-economicas-madrid\/#primaryimage\"},\"thumbnailUrl\":\"https:\/\/www.kilim-age.com\/wp-content\/uploads\/2020\/10\/IMG_0098.jpg\",\"datePublished\":\"2020-10-16T17:21:28+00:00\",\"dateModified\":\"2025-06-14T15:40:09+00:00\",\"description\":\"Alfombras Vintage Econ\u00f3micas Madrid! -30% -50% de descuentos en toda la colecci\u00f3n. Venta online, env\u00edo y devoluciones gratis..\",\"breadcrumb\":{\"@id\":\"https:\/\/kilim-age.com\/en\/producto\/alfombras-vintage-economicas-madrid\/#breadcrumb\"},\"inLanguage\":\"en-US\",\"potentialAction\":[{\"@type\":\"ReadAction\",\"target\":[\"https:\/\/kilim-age.com\/en\/producto\/alfombras-vintage-economicas-madrid\/\"]}]},{\"@type\":\"ImageObject\",\"inLanguage\":\"en-US\",\"@id\":\"https:\/\/kilim-age.com\/en\/producto\/alfombras-vintage-economicas-madrid\/#primaryimage\",\"url\":\"https:\/\/www.kilim-age.com\/wp-content\/uploads\/2020\/10\/IMG_0098.jpg\",\"contentUrl\":\"https:\/\/www.kilim-age.com\/wp-content\/uploads\/2020\/10\/IMG_0098.jpg\",\"width\":1000,\"height\":1300,\"caption\":\"Alfombras Vintage\"},{\"@type\":\"BreadcrumbList\",\"@id\":\"https:\/\/kilim-age.com\/en\/producto\/alfombras-vintage-economicas-madrid\/#breadcrumb\",\"itemListElement\":[{\"@type\":\"ListItem\",\"position\":1,\"name\":\"Home\",\"item\":\"https:\/\/kilim-age.com\/en\/\"},{\"@type\":\"ListItem\",\"position\":2,\"name\":\"Shop\",\"item\":\"https:\/\/kilim-age.com\/es\/shop\/\"},{\"@type\":\"ListItem\",\"position\":3,\"name\":\"VINTAGE CARPET 321 X 206 cm\"}]},{\"@type\":\"WebSite\",\"@id\":\"https:\/\/kilim-age.com\/en\/#website\",\"url\":\"https:\/\/kilim-age.com\/en\/\",\"name\":\"Kilim-Age\",\"description\":\"Somos especialistas en productos artesanales de Turqu\u00eda como Alfombras, y Kilims\",\"potentialAction\":[{\"@type\":\"SearchAction\",\"target\":{\"@type\":\"EntryPoint\",\"urlTemplate\":\"https:\/\/kilim-age.com\/en\/?s={search_term_string}\"},\"query-input\":{\"@type\":\"PropertyValueSpecification\",\"valueRequired\":true,\"valueName\":\"search_term_string\"}}],\"inLanguage\":\"en-US\"}]}<\/script>\n<!-- \/ Yoast SEO plugin. -->","yoast_head_json":{"title":"Alfombras Vintage Econ\u00f3micas Madrid | Kilim-Age | Alfombras turcas","description":"Alfombras Vintage Econ\u00f3micas Madrid! -30% -50% de descuentos en toda la colecci\u00f3n. Venta online, env\u00edo y devoluciones gratis..","robots":{"index":"index","follow":"follow","max-snippet":"max-snippet:-1","max-image-preview":"max-image-preview:large","max-video-preview":"max-video-preview:-1"},"canonical":"https:\/\/kilim-age.com\/en\/producto\/alfombras-vintage-economicas-madrid\/","og_locale":"en_US","og_type":"article","og_title":"Alfombras Vintage Econ\u00f3micas Madrid | Kilim-Age | Alfombras turcas","og_description":"Alfombras Vintage Econ\u00f3micas Madrid! -30% -50% de descuentos en toda la colecci\u00f3n. Venta online, env\u00edo y devoluciones gratis..","og_url":"https:\/\/kilim-age.com\/en\/producto\/alfombras-vintage-economicas-madrid\/","og_site_name":"Kilim-Age","article_modified_time":"2025-06-14T15:40:09+00:00","og_image":[{"width":1000,"height":1300,"url":"https:\/\/kilim-age.com\/wp-content\/uploads\/2020\/10\/IMG_0098.jpg","type":"image\/jpeg"}],"twitter_card":"summary_large_image","twitter_misc":{"Est. reading time":"2 minutes"},"schema":{"@context":"https:\/\/schema.org","@graph":[{"@type":"WebPage","@id":"https:\/\/kilim-age.com\/en\/producto\/alfombras-vintage-economicas-madrid\/","url":"https:\/\/kilim-age.com\/en\/producto\/alfombras-vintage-economicas-madrid\/","name":"Alfombras Vintage Econ\u00f3micas Madrid | Kilim-Age | Alfombras turcas","isPartOf":{"@id":"https:\/\/kilim-age.com\/en\/#website"},"primaryImageOfPage":{"@id":"https:\/\/kilim-age.com\/en\/producto\/alfombras-vintage-economicas-madrid\/#primaryimage"},"image":{"@id":"https:\/\/kilim-age.com\/en\/producto\/alfombras-vintage-economicas-madrid\/#primaryimage"},"thumbnailUrl":"https:\/\/www.kilim-age.com\/wp-content\/uploads\/2020\/10\/IMG_0098.jpg","datePublished":"2020-10-16T17:21:28+00:00","dateModified":"2025-06-14T15:40:09+00:00","description":"Alfombras Vintage Econ\u00f3micas Madrid! -30% -50% de descuentos en toda la colecci\u00f3n. Venta online, env\u00edo y devoluciones gratis..","breadcrumb":{"@id":"https:\/\/kilim-age.com\/en\/producto\/alfombras-vintage-economicas-madrid\/#breadcrumb"},"inLanguage":"en-US","potentialAction":[{"@type":"ReadAction","target":["https:\/\/kilim-age.com\/en\/producto\/alfombras-vintage-economicas-madrid\/"]}]},{"@type":"ImageObject","inLanguage":"en-US","@id":"https:\/\/kilim-age.com\/en\/producto\/alfombras-vintage-economicas-madrid\/#primaryimage","url":"https:\/\/www.kilim-age.com\/wp-content\/uploads\/2020\/10\/IMG_0098.jpg","contentUrl":"https:\/\/www.kilim-age.com\/wp-content\/uploads\/2020\/10\/IMG_0098.jpg","width":1000,"height":1300,"caption":"Alfombras Vintage"},{"@type":"BreadcrumbList","@id":"https:\/\/kilim-age.com\/en\/producto\/alfombras-vintage-economicas-madrid\/#breadcrumb","itemListElement":[{"@type":"ListItem","position":1,"name":"Home","item":"https:\/\/kilim-age.com\/en\/"},{"@type":"ListItem","position":2,"name":"Shop","item":"https:\/\/kilim-age.com\/es\/shop\/"},{"@type":"ListItem","position":3,"name":"VINTAGE CARPET 321 X 206 cm"}]},{"@type":"WebSite","@id":"https:\/\/kilim-age.com\/en\/#website","url":"https:\/\/kilim-age.com\/en\/","name":"Kilim-Age","description":"Somos especialistas en productos artesanales de Turqu\u00eda como Alfombras, y Kilims","potentialAction":[{"@type":"SearchAction","target":{"@type":"EntryPoint","urlTemplate":"https:\/\/kilim-age.com\/en\/?s={search_term_string}"},"query-input":{"@type":"PropertyValueSpecification","valueRequired":true,"valueName":"search_term_string"}}],"inLanguage":"en-US"}]}},"_links":{"self":[{"href":"https:\/\/www.kilim-age.com\/en\/wp-json\/wp\/v2\/product\/13915","targetHints":{"allow":["GET"]}}],"collection":[{"href":"https:\/\/www.kilim-age.com\/en\/wp-json\/wp\/v2\/product"}],"about":[{"href":"https:\/\/www.kilim-age.com\/en\/wp-json\/wp\/v2\/types\/product"}],"replies":[{"embeddable":true,"href":"https:\/\/www.kilim-age.com\/en\/wp-json\/wp\/v2\/comments?post=13915"}],"wp:featuredmedia":[{"embeddable":true,"href":"https:\/\/www.kilim-age.com\/en\/wp-json\/wp\/v2\/media\/14035"}],"wp:attachment":[{"href":"https:\/\/www.kilim-age.com\/en\/wp-json\/wp\/v2\/media?parent=13915"}],"wp:term":[{"taxonomy":"product_brand","embeddable":true,"href":"https:\/\/www.kilim-age.com\/en\/wp-json\/wp\/v2\/product_brand?post=13915"},{"taxonomy":"product_cat","embeddable":true,"href":"https:\/\/www.kilim-age.com\/en\/wp-json\/wp\/v2\/product_cat?post=13915"},{"taxonomy":"product_tag","embeddable":true,"href":"https:\/\/www.kilim-age.com\/en\/wp-json\/wp\/v2\/product_tag?post=13915"}],"curies":[{"name":"wp","href":"https:\/\/api.w.org\/{rel}","templated":true}]}}