{"id":14285,"date":"2020-10-24T16:22:09","date_gmt":"2020-10-24T16:22:09","guid":{"rendered":"http:\/\/www.kilim-age.com\/?post_type=product&#038;p=14285"},"modified":"2025-10-01T19:50:53","modified_gmt":"2025-10-01T17:50:53","slug":"alfombras-persas-economicas","status":"publish","type":"product","link":"https:\/\/www.kilim-age.com\/en\/producto\/alfombras-persas-economicas\/","title":{"rendered":"CLASSIC TURKISH CARPET 233 x 163 cm"},"content":{"rendered":"The classic carpets are made throughout the region of Anatolia \/ Turkey. They are characterized by very special designs and compositions, which are considered one of the best carpets in Turkey. These carpets are 100% handmade with high quality wool yarns by hand and natural dyed.","protected":false},"excerpt":{"rendered":"<p>Manufacturing: Knotted by hand<br \/>\nSize: 233 X 163 cm<br \/>\nKnot density: Aprox 200000 knots per m\u00b2<br \/>\nAge: New<br \/>\nOrigin: Turkey<br \/>\nPile: Wool<br \/>\nWarp: Cotton<br \/>\nThickness approx: 4-5 mm<br \/>\nNatural dyeing<br \/>\nThe colors in the carpet will be perceived differently depending on the angle you view it from<br \/>\nDelivery time: Spain approximately 2-5 days, Europe 5-7 days, other continents 7-10 days.<\/p>\n","protected":false},"featured_media":14286,"comment_status":"open","ping_status":"closed","template":"","meta":[],"product_brand":[],"product_cat":[1054,62,230],"product_tag":[79,100],"class_list":{"0":"post-14285","1":"product","2":"type-product","3":"status-publish","4":"has-post-thumbnail","6":"product_cat-ofertas","7":"product_cat-alfombras-turcas","8":"product_cat-alfombras-clasicas","9":"product_tag-alfombras-clasicas","10":"product_tag-classic-nomad-carpets","11":"product_shipping_class-alfombra-mediana","12":"pa_ancho-cm-928","13":"pa_color-azul","14":"pa_largo-cm-929","15":"pa_medida-medianos","17":"first","18":"instock","19":"sale","20":"sold-individually","21":"taxable","22":"shipping-taxable","23":"purchasable","24":"product-type-simple"},"yoast_head":"<!-- This site is optimized with the Yoast SEO plugin v24.8.1 - https:\/\/yoast.com\/wordpress\/plugins\/seo\/ -->\n<title>Alfombras Persas Econ\u00f3micas | Kilim-Age | Hasta 50% de Rebajas<\/title>\n<meta name=\"description\" content=\"Alfombras Persas Econ\u00f3micas! Gran variedad. Env\u00edos y devoluciones gratis. Alfombras Patchwork, Vintage y Alfombras modernas\" \/>\n<meta name=\"robots\" content=\"index, follow, max-snippet:-1, max-image-preview:large, max-video-preview:-1\" \/>\n<link rel=\"canonical\" href=\"https:\/\/www.kilim-age.com\/en\/producto\/alfombras-persas-economicas\/\" \/>\n<meta property=\"og:locale\" content=\"en_US\" \/>\n<meta property=\"og:type\" content=\"article\" \/>\n<meta property=\"og:title\" content=\"Alfombras Persas Econ\u00f3micas | Kilim-Age | Hasta 50% de Rebajas\" \/>\n<meta property=\"og:description\" content=\"Alfombras Persas Econ\u00f3micas! Gran variedad. Env\u00edos y devoluciones gratis. Alfombras Patchwork, Vintage y Alfombras modernas\" \/>\n<meta property=\"og:url\" content=\"https:\/\/www.kilim-age.com\/es\/producto\/alfombras-persas-economicas\/\" \/>\n<meta property=\"og:site_name\" content=\"Kilim-Age\" \/>\n<meta property=\"article:modified_time\" content=\"2025-10-01T17:50:53+00:00\" \/>\n<meta property=\"og:image\" content=\"https:\/\/www.kilim-age.com\/wp-content\/uploads\/2020\/10\/IMG_9951.jpg\" \/>\n\t<meta property=\"og:image:width\" content=\"1000\" \/>\n\t<meta property=\"og:image:height\" content=\"1300\" \/>\n\t<meta property=\"og:image:type\" content=\"image\/jpeg\" \/>\n<meta name=\"twitter:card\" content=\"summary_large_image\" \/>\n<meta name=\"twitter:label1\" content=\"Est. reading time\" \/>\n\t<meta name=\"twitter:data1\" content=\"2 minutes\" \/>\n<script type=\"application\/ld+json\" class=\"yoast-schema-graph\">{\"@context\":\"https:\/\/schema.org\",\"@graph\":[{\"@type\":\"WebPage\",\"@id\":\"https:\/\/www.kilim-age.com\/es\/producto\/alfombras-persas-economicas\/\",\"url\":\"https:\/\/www.kilim-age.com\/es\/producto\/alfombras-persas-economicas\/\",\"name\":\"Alfombras Persas Econ\u00f3micas | Kilim-Age | Hasta 50% de Rebajas\",\"isPartOf\":{\"@id\":\"https:\/\/www.kilim-age.com\/es\/#website\"},\"primaryImageOfPage\":{\"@id\":\"https:\/\/www.kilim-age.com\/es\/producto\/alfombras-persas-economicas\/#primaryimage\"},\"image\":{\"@id\":\"https:\/\/www.kilim-age.com\/es\/producto\/alfombras-persas-economicas\/#primaryimage\"},\"thumbnailUrl\":\"https:\/\/www.kilim-age.com\/wp-content\/uploads\/2020\/10\/IMG_9951.jpg\",\"datePublished\":\"2020-10-24T16:22:09+00:00\",\"dateModified\":\"2025-10-01T17:50:53+00:00\",\"description\":\"Alfombras Persas Econ\u00f3micas! Gran variedad. Env\u00edos y devoluciones gratis. Alfombras Patchwork, Vintage y Alfombras modernas\",\"breadcrumb\":{\"@id\":\"https:\/\/www.kilim-age.com\/es\/producto\/alfombras-persas-economicas\/#breadcrumb\"},\"inLanguage\":\"en-US\",\"potentialAction\":[{\"@type\":\"ReadAction\",\"target\":[\"https:\/\/www.kilim-age.com\/es\/producto\/alfombras-persas-economicas\/\"]}]},{\"@type\":\"ImageObject\",\"inLanguage\":\"en-US\",\"@id\":\"https:\/\/www.kilim-age.com\/es\/producto\/alfombras-persas-economicas\/#primaryimage\",\"url\":\"https:\/\/www.kilim-age.com\/wp-content\/uploads\/2020\/10\/IMG_9951.jpg\",\"contentUrl\":\"https:\/\/www.kilim-age.com\/wp-content\/uploads\/2020\/10\/IMG_9951.jpg\",\"width\":1000,\"height\":1300,\"caption\":\"Alfombras Persas Econ\u00f3micas\"},{\"@type\":\"BreadcrumbList\",\"@id\":\"https:\/\/www.kilim-age.com\/es\/producto\/alfombras-persas-economicas\/#breadcrumb\",\"itemListElement\":[{\"@type\":\"ListItem\",\"position\":1,\"name\":\"Home\",\"item\":\"https:\/\/www.kilim-age.com\/es\/\"},{\"@type\":\"ListItem\",\"position\":2,\"name\":\"Shop\",\"item\":\"https:\/\/www.kilim-age.com\/es\/shop\/\"},{\"@type\":\"ListItem\",\"position\":3,\"name\":\"ALFOMBRA CL\u00c1SICA 233 x 163cm\"}]},{\"@type\":\"WebSite\",\"@id\":\"https:\/\/www.kilim-age.com\/es\/#website\",\"url\":\"https:\/\/www.kilim-age.com\/es\/\",\"name\":\"Kilim-Age\",\"description\":\"Somos especialistas en productos artesanales de Turqu\u00eda como Alfombras, y Kilims\",\"potentialAction\":[{\"@type\":\"SearchAction\",\"target\":{\"@type\":\"EntryPoint\",\"urlTemplate\":\"https:\/\/www.kilim-age.com\/es\/?s={search_term_string}\"},\"query-input\":{\"@type\":\"PropertyValueSpecification\",\"valueRequired\":true,\"valueName\":\"search_term_string\"}}],\"inLanguage\":\"en-US\"}]}<\/script>\n<!-- \/ Yoast SEO plugin. -->","yoast_head_json":{"title":"Alfombras Persas Econ\u00f3micas | Kilim-Age | Hasta 50% de Rebajas","description":"Alfombras Persas Econ\u00f3micas! Gran variedad. Env\u00edos y devoluciones gratis. Alfombras Patchwork, Vintage y Alfombras modernas","robots":{"index":"index","follow":"follow","max-snippet":"max-snippet:-1","max-image-preview":"max-image-preview:large","max-video-preview":"max-video-preview:-1"},"canonical":"https:\/\/www.kilim-age.com\/en\/producto\/alfombras-persas-economicas\/","og_locale":"en_US","og_type":"article","og_title":"Alfombras Persas Econ\u00f3micas | Kilim-Age | Hasta 50% de Rebajas","og_description":"Alfombras Persas Econ\u00f3micas! Gran variedad. Env\u00edos y devoluciones gratis. Alfombras Patchwork, Vintage y Alfombras modernas","og_url":"https:\/\/www.kilim-age.com\/es\/producto\/alfombras-persas-economicas\/","og_site_name":"Kilim-Age","article_modified_time":"2025-10-01T17:50:53+00:00","og_image":[{"width":1000,"height":1300,"url":"https:\/\/www.kilim-age.com\/wp-content\/uploads\/2020\/10\/IMG_9951.jpg","type":"image\/jpeg"}],"twitter_card":"summary_large_image","twitter_misc":{"Est. reading time":"2 minutes"},"schema":{"@context":"https:\/\/schema.org","@graph":[{"@type":"WebPage","@id":"https:\/\/www.kilim-age.com\/es\/producto\/alfombras-persas-economicas\/","url":"https:\/\/www.kilim-age.com\/es\/producto\/alfombras-persas-economicas\/","name":"Alfombras Persas Econ\u00f3micas | Kilim-Age | Hasta 50% de Rebajas","isPartOf":{"@id":"https:\/\/www.kilim-age.com\/es\/#website"},"primaryImageOfPage":{"@id":"https:\/\/www.kilim-age.com\/es\/producto\/alfombras-persas-economicas\/#primaryimage"},"image":{"@id":"https:\/\/www.kilim-age.com\/es\/producto\/alfombras-persas-economicas\/#primaryimage"},"thumbnailUrl":"https:\/\/www.kilim-age.com\/wp-content\/uploads\/2020\/10\/IMG_9951.jpg","datePublished":"2020-10-24T16:22:09+00:00","dateModified":"2025-10-01T17:50:53+00:00","description":"Alfombras Persas Econ\u00f3micas! Gran variedad. Env\u00edos y devoluciones gratis. Alfombras Patchwork, Vintage y Alfombras modernas","breadcrumb":{"@id":"https:\/\/www.kilim-age.com\/es\/producto\/alfombras-persas-economicas\/#breadcrumb"},"inLanguage":"en-US","potentialAction":[{"@type":"ReadAction","target":["https:\/\/www.kilim-age.com\/es\/producto\/alfombras-persas-economicas\/"]}]},{"@type":"ImageObject","inLanguage":"en-US","@id":"https:\/\/www.kilim-age.com\/es\/producto\/alfombras-persas-economicas\/#primaryimage","url":"https:\/\/www.kilim-age.com\/wp-content\/uploads\/2020\/10\/IMG_9951.jpg","contentUrl":"https:\/\/www.kilim-age.com\/wp-content\/uploads\/2020\/10\/IMG_9951.jpg","width":1000,"height":1300,"caption":"Alfombras Persas Econ\u00f3micas"},{"@type":"BreadcrumbList","@id":"https:\/\/www.kilim-age.com\/es\/producto\/alfombras-persas-economicas\/#breadcrumb","itemListElement":[{"@type":"ListItem","position":1,"name":"Home","item":"https:\/\/www.kilim-age.com\/es\/"},{"@type":"ListItem","position":2,"name":"Shop","item":"https:\/\/www.kilim-age.com\/es\/shop\/"},{"@type":"ListItem","position":3,"name":"ALFOMBRA CL\u00c1SICA 233 x 163cm"}]},{"@type":"WebSite","@id":"https:\/\/www.kilim-age.com\/es\/#website","url":"https:\/\/www.kilim-age.com\/es\/","name":"Kilim-Age","description":"Somos especialistas en productos artesanales de Turqu\u00eda como Alfombras, y Kilims","potentialAction":[{"@type":"SearchAction","target":{"@type":"EntryPoint","urlTemplate":"https:\/\/www.kilim-age.com\/es\/?s={search_term_string}"},"query-input":{"@type":"PropertyValueSpecification","valueRequired":true,"valueName":"search_term_string"}}],"inLanguage":"en-US"}]}},"_links":{"self":[{"href":"https:\/\/www.kilim-age.com\/en\/wp-json\/wp\/v2\/product\/14285","targetHints":{"allow":["GET"]}}],"collection":[{"href":"https:\/\/www.kilim-age.com\/en\/wp-json\/wp\/v2\/product"}],"about":[{"href":"https:\/\/www.kilim-age.com\/en\/wp-json\/wp\/v2\/types\/product"}],"replies":[{"embeddable":true,"href":"https:\/\/www.kilim-age.com\/en\/wp-json\/wp\/v2\/comments?post=14285"}],"wp:featuredmedia":[{"embeddable":true,"href":"https:\/\/www.kilim-age.com\/en\/wp-json\/wp\/v2\/media\/14286"}],"wp:attachment":[{"href":"https:\/\/www.kilim-age.com\/en\/wp-json\/wp\/v2\/media?parent=14285"}],"wp:term":[{"taxonomy":"product_brand","embeddable":true,"href":"https:\/\/www.kilim-age.com\/en\/wp-json\/wp\/v2\/product_brand?post=14285"},{"taxonomy":"product_cat","embeddable":true,"href":"https:\/\/www.kilim-age.com\/en\/wp-json\/wp\/v2\/product_cat?post=14285"},{"taxonomy":"product_tag","embeddable":true,"href":"https:\/\/www.kilim-age.com\/en\/wp-json\/wp\/v2\/product_tag?post=14285"}],"curies":[{"name":"wp","href":"https:\/\/api.w.org\/{rel}","templated":true}]}}