{"id":1593,"date":"2017-04-25T21:19:14","date_gmt":"2017-04-25T21:19:14","guid":{"rendered":"http:\/\/www.kilim-age.com\/?post_type=product&#038;p=1593"},"modified":"2024-12-16T17:59:16","modified_gmt":"2024-12-16T16:59:16","slug":"alfombra-usak-142-x-102-cm","status":"publish","type":"product","link":"https:\/\/www.kilim-age.com\/en\/producto\/alfombra-usak-142-x-102-cm\/","title":{"rendered":"USAK CARPET 142 X 102 cm"},"content":{"rendered":"<p>U\u015fak is a city located in the center of Turkey. During pre-industrial times, U\u015fak was already an important centre of production and export, especially of rugs. U\u015fak carpets also called Holbein carpets in reference to the painter of the century XVI Hans Holbein , who put them in detail in his paintings, reflecting his popularity in the European market. Although carpets designs have changed since then, it is still an important industry that makes the name of the city have relevance in the market of handmade carpets.<\/p>","protected":false},"excerpt":{"rendered":"<p>Manufacturing: Knotted by hand<br \/>\nSize:142 X 102 cm<br \/>\nKnot density: Aprox 160000 knots per m\u00b2<br \/>\nAge: New<br \/>\nOrigin:Turkey<br \/>\nPile: Wool<br \/>\nWarp: Cotton<br \/>\nThickness approx: 8-9 mm<br \/>\nNatural dyeing.<br \/>\nThe colors in the carpet will be perceived differently depending on the angle you view it from<\/p>\n","protected":false},"featured_media":1595,"comment_status":"open","ping_status":"closed","template":"","meta":[],"product_brand":[],"product_cat":[62,230],"product_tag":[117,118],"class_list":{"0":"post-1593","1":"product","2":"type-product","3":"status-publish","4":"has-post-thumbnail","6":"product_cat-alfombras-turcas","7":"product_cat-alfombras-clasicas","8":"product_tag-alfombra-usak","9":"product_tag-usak-carpet","10":"product_shipping_class-alfombra-pequena","11":"pa_ancho-cm-1024","12":"pa_color-beige","13":"pa_largo-cm-915","14":"pa_medida-medianos","16":"first","17":"instock","18":"sold-individually","19":"taxable","20":"shipping-taxable","21":"purchasable","22":"product-type-simple"},"yoast_head":"<!-- This site is optimized with the Yoast SEO plugin v24.8.1 - https:\/\/yoast.com\/wordpress\/plugins\/seo\/ -->\n<title>USAK CARPET 142 X 102 cm  | Kilim-Age<\/title>\n<meta name=\"robots\" content=\"index, follow, max-snippet:-1, max-image-preview:large, max-video-preview:-1\" \/>\n<link rel=\"canonical\" href=\"https:\/\/kilim-age.com\/es\/producto\/alfombra-usak-142-x-102-cm\/\" \/>\n<meta property=\"og:locale\" content=\"en_US\" \/>\n<meta property=\"og:type\" content=\"article\" \/>\n<meta property=\"og:title\" content=\"USAK CARPET 142 X 102 cm  | Kilim-Age\" \/>\n<meta property=\"og:description\" content=\"Manufacturing: Knotted by hand Size:142 X 102 cm Knot density: Aprox 160000 knots per m\u00b2  Age: New Origin:Turkey Pile: Wool Warp: Cotton Thickness approx: 8-9 mm Natural dyeing. The colors in the carpet will be perceived differently depending on the angle you view it from\" \/>\n<meta property=\"og:url\" content=\"https:\/\/kilim-age.com\/es\/producto\/alfombra-usak-142-x-102-cm\/\" \/>\n<meta property=\"og:site_name\" content=\"Kilim-Age\" \/>\n<meta property=\"article:modified_time\" content=\"2024-12-16T16:59:16+00:00\" \/>\n<meta property=\"og:image\" content=\"https:\/\/kilim-age.com\/wp-content\/uploads\/2017\/04\/WEB-KA-380-142X102.jpg\" \/>\n\t<meta property=\"og:image:width\" content=\"871\" \/>\n\t<meta property=\"og:image:height\" content=\"1100\" \/>\n\t<meta property=\"og:image:type\" content=\"image\/jpeg\" \/>\n<meta name=\"twitter:card\" content=\"summary_large_image\" \/>\n<meta name=\"twitter:label1\" content=\"Est. reading time\" \/>\n\t<meta name=\"twitter:data1\" content=\"2 minutes\" \/>\n<script type=\"application\/ld+json\" class=\"yoast-schema-graph\">{\"@context\":\"https:\/\/schema.org\",\"@graph\":[{\"@type\":\"WebPage\",\"@id\":\"https:\/\/kilim-age.com\/es\/producto\/alfombra-usak-142-x-102-cm\/\",\"url\":\"https:\/\/kilim-age.com\/es\/producto\/alfombra-usak-142-x-102-cm\/\",\"name\":\"USAK CARPET 142 X 102 cm  | Kilim-Age\",\"isPartOf\":{\"@id\":\"https:\/\/kilim-age.com\/en\/#website\"},\"primaryImageOfPage\":{\"@id\":\"https:\/\/kilim-age.com\/es\/producto\/alfombra-usak-142-x-102-cm\/#primaryimage\"},\"image\":{\"@id\":\"https:\/\/kilim-age.com\/es\/producto\/alfombra-usak-142-x-102-cm\/#primaryimage\"},\"thumbnailUrl\":\"https:\/\/www.kilim-age.com\/wp-content\/uploads\/2017\/04\/WEB-KA-380-142X102.jpg\",\"datePublished\":\"2017-04-25T21:19:14+00:00\",\"dateModified\":\"2024-12-16T16:59:16+00:00\",\"breadcrumb\":{\"@id\":\"https:\/\/kilim-age.com\/es\/producto\/alfombra-usak-142-x-102-cm\/#breadcrumb\"},\"inLanguage\":\"en-US\",\"potentialAction\":[{\"@type\":\"ReadAction\",\"target\":[\"https:\/\/kilim-age.com\/es\/producto\/alfombra-usak-142-x-102-cm\/\"]}]},{\"@type\":\"ImageObject\",\"inLanguage\":\"en-US\",\"@id\":\"https:\/\/kilim-age.com\/es\/producto\/alfombra-usak-142-x-102-cm\/#primaryimage\",\"url\":\"https:\/\/www.kilim-age.com\/wp-content\/uploads\/2017\/04\/WEB-KA-380-142X102.jpg\",\"contentUrl\":\"https:\/\/www.kilim-age.com\/wp-content\/uploads\/2017\/04\/WEB-KA-380-142X102.jpg\",\"width\":871,\"height\":1100,\"caption\":\"Alfombras cl\u00e1sicas\"},{\"@type\":\"BreadcrumbList\",\"@id\":\"https:\/\/kilim-age.com\/es\/producto\/alfombra-usak-142-x-102-cm\/#breadcrumb\",\"itemListElement\":[{\"@type\":\"ListItem\",\"position\":1,\"name\":\"Home\",\"item\":\"https:\/\/kilim-age.com\/en\/\"},{\"@type\":\"ListItem\",\"position\":2,\"name\":\"Shop\",\"item\":\"https:\/\/kilim-age.com\/es\/shop\/\"},{\"@type\":\"ListItem\",\"position\":3,\"name\":\"ALFOMBRA USAK 142 X 102 cm\"}]},{\"@type\":\"WebSite\",\"@id\":\"https:\/\/kilim-age.com\/en\/#website\",\"url\":\"https:\/\/kilim-age.com\/en\/\",\"name\":\"Kilim-Age\",\"description\":\"Somos especialistas en productos artesanales de Turqu\u00eda como Alfombras, y Kilims\",\"potentialAction\":[{\"@type\":\"SearchAction\",\"target\":{\"@type\":\"EntryPoint\",\"urlTemplate\":\"https:\/\/kilim-age.com\/en\/?s={search_term_string}\"},\"query-input\":{\"@type\":\"PropertyValueSpecification\",\"valueRequired\":true,\"valueName\":\"search_term_string\"}}],\"inLanguage\":\"en-US\"}]}<\/script>\n<!-- \/ Yoast SEO plugin. -->","yoast_head_json":{"title":"USAK CARPET 142 X 102 cm  | Kilim-Age","robots":{"index":"index","follow":"follow","max-snippet":"max-snippet:-1","max-image-preview":"max-image-preview:large","max-video-preview":"max-video-preview:-1"},"canonical":"https:\/\/kilim-age.com\/es\/producto\/alfombra-usak-142-x-102-cm\/","og_locale":"en_US","og_type":"article","og_title":"USAK CARPET 142 X 102 cm  | Kilim-Age","og_description":"Manufacturing: Knotted by hand Size:142 X 102 cm Knot density: Aprox 160000 knots per m\u00b2  Age: New Origin:Turkey Pile: Wool Warp: Cotton Thickness approx: 8-9 mm Natural dyeing. The colors in the carpet will be perceived differently depending on the angle you view it from","og_url":"https:\/\/kilim-age.com\/es\/producto\/alfombra-usak-142-x-102-cm\/","og_site_name":"Kilim-Age","article_modified_time":"2024-12-16T16:59:16+00:00","og_image":[{"width":871,"height":1100,"url":"https:\/\/kilim-age.com\/wp-content\/uploads\/2017\/04\/WEB-KA-380-142X102.jpg","type":"image\/jpeg"}],"twitter_card":"summary_large_image","twitter_misc":{"Est. reading time":"2 minutes"},"schema":{"@context":"https:\/\/schema.org","@graph":[{"@type":"WebPage","@id":"https:\/\/kilim-age.com\/es\/producto\/alfombra-usak-142-x-102-cm\/","url":"https:\/\/kilim-age.com\/es\/producto\/alfombra-usak-142-x-102-cm\/","name":"USAK CARPET 142 X 102 cm  | Kilim-Age","isPartOf":{"@id":"https:\/\/kilim-age.com\/en\/#website"},"primaryImageOfPage":{"@id":"https:\/\/kilim-age.com\/es\/producto\/alfombra-usak-142-x-102-cm\/#primaryimage"},"image":{"@id":"https:\/\/kilim-age.com\/es\/producto\/alfombra-usak-142-x-102-cm\/#primaryimage"},"thumbnailUrl":"https:\/\/www.kilim-age.com\/wp-content\/uploads\/2017\/04\/WEB-KA-380-142X102.jpg","datePublished":"2017-04-25T21:19:14+00:00","dateModified":"2024-12-16T16:59:16+00:00","breadcrumb":{"@id":"https:\/\/kilim-age.com\/es\/producto\/alfombra-usak-142-x-102-cm\/#breadcrumb"},"inLanguage":"en-US","potentialAction":[{"@type":"ReadAction","target":["https:\/\/kilim-age.com\/es\/producto\/alfombra-usak-142-x-102-cm\/"]}]},{"@type":"ImageObject","inLanguage":"en-US","@id":"https:\/\/kilim-age.com\/es\/producto\/alfombra-usak-142-x-102-cm\/#primaryimage","url":"https:\/\/www.kilim-age.com\/wp-content\/uploads\/2017\/04\/WEB-KA-380-142X102.jpg","contentUrl":"https:\/\/www.kilim-age.com\/wp-content\/uploads\/2017\/04\/WEB-KA-380-142X102.jpg","width":871,"height":1100,"caption":"Alfombras cl\u00e1sicas"},{"@type":"BreadcrumbList","@id":"https:\/\/kilim-age.com\/es\/producto\/alfombra-usak-142-x-102-cm\/#breadcrumb","itemListElement":[{"@type":"ListItem","position":1,"name":"Home","item":"https:\/\/kilim-age.com\/en\/"},{"@type":"ListItem","position":2,"name":"Shop","item":"https:\/\/kilim-age.com\/es\/shop\/"},{"@type":"ListItem","position":3,"name":"ALFOMBRA USAK 142 X 102 cm"}]},{"@type":"WebSite","@id":"https:\/\/kilim-age.com\/en\/#website","url":"https:\/\/kilim-age.com\/en\/","name":"Kilim-Age","description":"Somos especialistas en productos artesanales de Turqu\u00eda como Alfombras, y Kilims","potentialAction":[{"@type":"SearchAction","target":{"@type":"EntryPoint","urlTemplate":"https:\/\/kilim-age.com\/en\/?s={search_term_string}"},"query-input":{"@type":"PropertyValueSpecification","valueRequired":true,"valueName":"search_term_string"}}],"inLanguage":"en-US"}]}},"_links":{"self":[{"href":"https:\/\/www.kilim-age.com\/en\/wp-json\/wp\/v2\/product\/1593","targetHints":{"allow":["GET"]}}],"collection":[{"href":"https:\/\/www.kilim-age.com\/en\/wp-json\/wp\/v2\/product"}],"about":[{"href":"https:\/\/www.kilim-age.com\/en\/wp-json\/wp\/v2\/types\/product"}],"replies":[{"embeddable":true,"href":"https:\/\/www.kilim-age.com\/en\/wp-json\/wp\/v2\/comments?post=1593"}],"wp:featuredmedia":[{"embeddable":true,"href":"https:\/\/www.kilim-age.com\/en\/wp-json\/wp\/v2\/media\/1595"}],"wp:attachment":[{"href":"https:\/\/www.kilim-age.com\/en\/wp-json\/wp\/v2\/media?parent=1593"}],"wp:term":[{"taxonomy":"product_brand","embeddable":true,"href":"https:\/\/www.kilim-age.com\/en\/wp-json\/wp\/v2\/product_brand?post=1593"},{"taxonomy":"product_cat","embeddable":true,"href":"https:\/\/www.kilim-age.com\/en\/wp-json\/wp\/v2\/product_cat?post=1593"},{"taxonomy":"product_tag","embeddable":true,"href":"https:\/\/www.kilim-age.com\/en\/wp-json\/wp\/v2\/product_tag?post=1593"}],"curies":[{"name":"wp","href":"https:\/\/api.w.org\/{rel}","templated":true}]}}