{"id":1819,"date":"2017-05-09T17:09:15","date_gmt":"2017-05-09T17:09:15","guid":{"rendered":"http:\/\/www.kilim-age.com\/?post_type=product&#038;p=1819"},"modified":"2024-12-16T17:58:39","modified_gmt":"2024-12-16T16:58:39","slug":"alfombra-usak-197-x-157-cm","status":"publish","type":"product","link":"https:\/\/www.kilim-age.com\/en\/producto\/alfombra-usak-197-x-157-cm\/","title":{"rendered":"USAK CARPET 197 X 157 cm"},"content":{"rendered":"Classic rug 100% hand knotted, very resistant of short hair and rigid.<br \/>\nThis carpet has been made in the center of Anatolia in the city of USAK.<br \/>\nU\u015fak is a city located in the center of Turkey. During the pre-industrial period, U\u015fak was already an important center of production and export, especially carpets. U\u015fak carpets were also called Holbein carpets in reference to the 16th century painter Hans Holbein the Younger, who detailed them in their paintings, reflecting their popularity in the European market. Although carpet designs have changed since then, it is still a major industry that makes the name of the city have relevance in the market for handmade carpets.<br \/>\nThese carpets are characterized by very special designs and compositions, which are considered one of the best carpets for their quality of wool and their dyes. The famous traditional double knot Turkish technique, like other Turkish carpets gives a special effect that from every angle of the carpet, the colors are perceived in different ways.","protected":false},"excerpt":{"rendered":"<p>Manufacturing: Knotted by hand<br \/>\nSize: 197 X 157 cm<br \/>\nKnot density: Aprox 180000 knots per m\u00b2<br \/>\nAge: 35-40 years old carpet<br \/>\nOrigin: Turkey<br \/>\nPile: Wool<br \/>\nWarp: Cotton<br \/>\nThickness approx: 3-4 mm<br \/>\nNatural dyeing<br \/>\nThe colors in the carpet will be perceived differently depending on the angle you view it from<\/p>\n","protected":false},"featured_media":1822,"comment_status":"open","ping_status":"closed","template":"","meta":[],"product_brand":[],"product_cat":[1054,62,230],"product_tag":[79,80],"class_list":{"0":"post-1819","1":"product","2":"type-product","3":"status-publish","4":"has-post-thumbnail","6":"product_cat-ofertas","7":"product_cat-alfombras-turcas","8":"product_cat-alfombras-clasicas","9":"product_tag-alfombras-clasicas","10":"product_tag-classic-carpets","11":"product_shipping_class-alfombra-mediana","12":"pa_ancho-cm-1035","13":"pa_color-amarillo","14":"pa_color-beige","15":"pa_largo-cm-1016","16":"pa_medida-medianos","18":"first","19":"instock","20":"sale","21":"taxable","22":"shipping-taxable","23":"purchasable","24":"product-type-simple"},"yoast_head":"<!-- This site is optimized with the Yoast SEO plugin v24.8.1 - https:\/\/yoast.com\/wordpress\/plugins\/seo\/ -->\n<title>USAK CARPET 197 X 157 cm | Kilim-Age<\/title>\n<meta name=\"robots\" content=\"index, follow, max-snippet:-1, max-image-preview:large, max-video-preview:-1\" \/>\n<link rel=\"canonical\" href=\"https:\/\/kilim-age.com\/es\/producto\/alfombra-usak-197-x-157-cm\/\" \/>\n<meta property=\"og:locale\" content=\"en_US\" \/>\n<meta property=\"og:type\" content=\"article\" \/>\n<meta property=\"og:title\" content=\"USAK CARPET 197 X 157 cm | Kilim-Age\" \/>\n<meta property=\"og:description\" content=\"Manufacturing: Knotted by hand Size: 197 X 157 cm Knot density: Aprox 180000 knots per m\u00b2 Age: 35-40 years old carpet Origin: Turkey Pile: Wool Warp: Cotton Thickness approx: 3-4 mm Natural dyeing The colors in the carpet will be perceived differently depending on the angle you view it from\" \/>\n<meta property=\"og:url\" content=\"https:\/\/kilim-age.com\/es\/producto\/alfombra-usak-197-x-157-cm\/\" \/>\n<meta property=\"og:site_name\" content=\"Kilim-Age\" \/>\n<meta property=\"article:modified_time\" content=\"2024-12-16T16:58:39+00:00\" \/>\n<meta property=\"og:image\" content=\"https:\/\/kilim-age.com\/wp-content\/uploads\/2017\/05\/405-KA-197X157.jpg\" \/>\n\t<meta property=\"og:image:width\" content=\"775\" \/>\n\t<meta property=\"og:image:height\" content=\"950\" \/>\n\t<meta property=\"og:image:type\" content=\"image\/jpeg\" \/>\n<meta name=\"twitter:card\" content=\"summary_large_image\" \/>\n<meta name=\"twitter:label1\" content=\"Est. reading time\" \/>\n\t<meta name=\"twitter:data1\" content=\"2 minutes\" \/>\n<script type=\"application\/ld+json\" class=\"yoast-schema-graph\">{\"@context\":\"https:\/\/schema.org\",\"@graph\":[{\"@type\":\"WebPage\",\"@id\":\"https:\/\/kilim-age.com\/es\/producto\/alfombra-usak-197-x-157-cm\/\",\"url\":\"https:\/\/kilim-age.com\/es\/producto\/alfombra-usak-197-x-157-cm\/\",\"name\":\"USAK CARPET 197 X 157 cm | Kilim-Age\",\"isPartOf\":{\"@id\":\"https:\/\/kilim-age.com\/en\/#website\"},\"primaryImageOfPage\":{\"@id\":\"https:\/\/kilim-age.com\/es\/producto\/alfombra-usak-197-x-157-cm\/#primaryimage\"},\"image\":{\"@id\":\"https:\/\/kilim-age.com\/es\/producto\/alfombra-usak-197-x-157-cm\/#primaryimage\"},\"thumbnailUrl\":\"https:\/\/www.kilim-age.com\/wp-content\/uploads\/2017\/05\/405-KA-197X157.jpg\",\"datePublished\":\"2017-05-09T17:09:15+00:00\",\"dateModified\":\"2024-12-16T16:58:39+00:00\",\"breadcrumb\":{\"@id\":\"https:\/\/kilim-age.com\/es\/producto\/alfombra-usak-197-x-157-cm\/#breadcrumb\"},\"inLanguage\":\"en-US\",\"potentialAction\":[{\"@type\":\"ReadAction\",\"target\":[\"https:\/\/kilim-age.com\/es\/producto\/alfombra-usak-197-x-157-cm\/\"]}]},{\"@type\":\"ImageObject\",\"inLanguage\":\"en-US\",\"@id\":\"https:\/\/kilim-age.com\/es\/producto\/alfombra-usak-197-x-157-cm\/#primaryimage\",\"url\":\"https:\/\/www.kilim-age.com\/wp-content\/uploads\/2017\/05\/405-KA-197X157.jpg\",\"contentUrl\":\"https:\/\/www.kilim-age.com\/wp-content\/uploads\/2017\/05\/405-KA-197X157.jpg\",\"width\":775,\"height\":950,\"caption\":\"Alfombra cl\u00e1sica turca\"},{\"@type\":\"BreadcrumbList\",\"@id\":\"https:\/\/kilim-age.com\/es\/producto\/alfombra-usak-197-x-157-cm\/#breadcrumb\",\"itemListElement\":[{\"@type\":\"ListItem\",\"position\":1,\"name\":\"Home\",\"item\":\"https:\/\/kilim-age.com\/en\/\"},{\"@type\":\"ListItem\",\"position\":2,\"name\":\"Shop\",\"item\":\"https:\/\/kilim-age.com\/es\/shop\/\"},{\"@type\":\"ListItem\",\"position\":3,\"name\":\"ALFOMBRA USAK 197 X 157 cm\"}]},{\"@type\":\"WebSite\",\"@id\":\"https:\/\/kilim-age.com\/en\/#website\",\"url\":\"https:\/\/kilim-age.com\/en\/\",\"name\":\"Kilim-Age\",\"description\":\"Somos especialistas en productos artesanales de Turqu\u00eda como Alfombras, y Kilims\",\"potentialAction\":[{\"@type\":\"SearchAction\",\"target\":{\"@type\":\"EntryPoint\",\"urlTemplate\":\"https:\/\/kilim-age.com\/en\/?s={search_term_string}\"},\"query-input\":{\"@type\":\"PropertyValueSpecification\",\"valueRequired\":true,\"valueName\":\"search_term_string\"}}],\"inLanguage\":\"en-US\"}]}<\/script>\n<!-- \/ Yoast SEO plugin. -->","yoast_head_json":{"title":"USAK CARPET 197 X 157 cm | Kilim-Age","robots":{"index":"index","follow":"follow","max-snippet":"max-snippet:-1","max-image-preview":"max-image-preview:large","max-video-preview":"max-video-preview:-1"},"canonical":"https:\/\/kilim-age.com\/es\/producto\/alfombra-usak-197-x-157-cm\/","og_locale":"en_US","og_type":"article","og_title":"USAK CARPET 197 X 157 cm | Kilim-Age","og_description":"Manufacturing: Knotted by hand Size: 197 X 157 cm Knot density: Aprox 180000 knots per m\u00b2 Age: 35-40 years old carpet Origin: Turkey Pile: Wool Warp: Cotton Thickness approx: 3-4 mm Natural dyeing The colors in the carpet will be perceived differently depending on the angle you view it from","og_url":"https:\/\/kilim-age.com\/es\/producto\/alfombra-usak-197-x-157-cm\/","og_site_name":"Kilim-Age","article_modified_time":"2024-12-16T16:58:39+00:00","og_image":[{"width":775,"height":950,"url":"https:\/\/kilim-age.com\/wp-content\/uploads\/2017\/05\/405-KA-197X157.jpg","type":"image\/jpeg"}],"twitter_card":"summary_large_image","twitter_misc":{"Est. reading time":"2 minutes"},"schema":{"@context":"https:\/\/schema.org","@graph":[{"@type":"WebPage","@id":"https:\/\/kilim-age.com\/es\/producto\/alfombra-usak-197-x-157-cm\/","url":"https:\/\/kilim-age.com\/es\/producto\/alfombra-usak-197-x-157-cm\/","name":"USAK CARPET 197 X 157 cm | Kilim-Age","isPartOf":{"@id":"https:\/\/kilim-age.com\/en\/#website"},"primaryImageOfPage":{"@id":"https:\/\/kilim-age.com\/es\/producto\/alfombra-usak-197-x-157-cm\/#primaryimage"},"image":{"@id":"https:\/\/kilim-age.com\/es\/producto\/alfombra-usak-197-x-157-cm\/#primaryimage"},"thumbnailUrl":"https:\/\/www.kilim-age.com\/wp-content\/uploads\/2017\/05\/405-KA-197X157.jpg","datePublished":"2017-05-09T17:09:15+00:00","dateModified":"2024-12-16T16:58:39+00:00","breadcrumb":{"@id":"https:\/\/kilim-age.com\/es\/producto\/alfombra-usak-197-x-157-cm\/#breadcrumb"},"inLanguage":"en-US","potentialAction":[{"@type":"ReadAction","target":["https:\/\/kilim-age.com\/es\/producto\/alfombra-usak-197-x-157-cm\/"]}]},{"@type":"ImageObject","inLanguage":"en-US","@id":"https:\/\/kilim-age.com\/es\/producto\/alfombra-usak-197-x-157-cm\/#primaryimage","url":"https:\/\/www.kilim-age.com\/wp-content\/uploads\/2017\/05\/405-KA-197X157.jpg","contentUrl":"https:\/\/www.kilim-age.com\/wp-content\/uploads\/2017\/05\/405-KA-197X157.jpg","width":775,"height":950,"caption":"Alfombra cl\u00e1sica turca"},{"@type":"BreadcrumbList","@id":"https:\/\/kilim-age.com\/es\/producto\/alfombra-usak-197-x-157-cm\/#breadcrumb","itemListElement":[{"@type":"ListItem","position":1,"name":"Home","item":"https:\/\/kilim-age.com\/en\/"},{"@type":"ListItem","position":2,"name":"Shop","item":"https:\/\/kilim-age.com\/es\/shop\/"},{"@type":"ListItem","position":3,"name":"ALFOMBRA USAK 197 X 157 cm"}]},{"@type":"WebSite","@id":"https:\/\/kilim-age.com\/en\/#website","url":"https:\/\/kilim-age.com\/en\/","name":"Kilim-Age","description":"Somos especialistas en productos artesanales de Turqu\u00eda como Alfombras, y Kilims","potentialAction":[{"@type":"SearchAction","target":{"@type":"EntryPoint","urlTemplate":"https:\/\/kilim-age.com\/en\/?s={search_term_string}"},"query-input":{"@type":"PropertyValueSpecification","valueRequired":true,"valueName":"search_term_string"}}],"inLanguage":"en-US"}]}},"_links":{"self":[{"href":"https:\/\/www.kilim-age.com\/en\/wp-json\/wp\/v2\/product\/1819","targetHints":{"allow":["GET"]}}],"collection":[{"href":"https:\/\/www.kilim-age.com\/en\/wp-json\/wp\/v2\/product"}],"about":[{"href":"https:\/\/www.kilim-age.com\/en\/wp-json\/wp\/v2\/types\/product"}],"replies":[{"embeddable":true,"href":"https:\/\/www.kilim-age.com\/en\/wp-json\/wp\/v2\/comments?post=1819"}],"wp:featuredmedia":[{"embeddable":true,"href":"https:\/\/www.kilim-age.com\/en\/wp-json\/wp\/v2\/media\/1822"}],"wp:attachment":[{"href":"https:\/\/www.kilim-age.com\/en\/wp-json\/wp\/v2\/media?parent=1819"}],"wp:term":[{"taxonomy":"product_brand","embeddable":true,"href":"https:\/\/www.kilim-age.com\/en\/wp-json\/wp\/v2\/product_brand?post=1819"},{"taxonomy":"product_cat","embeddable":true,"href":"https:\/\/www.kilim-age.com\/en\/wp-json\/wp\/v2\/product_cat?post=1819"},{"taxonomy":"product_tag","embeddable":true,"href":"https:\/\/www.kilim-age.com\/en\/wp-json\/wp\/v2\/product_tag?post=1819"}],"curies":[{"name":"wp","href":"https:\/\/api.w.org\/{rel}","templated":true}]}}