{"id":19032,"date":"2021-06-07T12:44:33","date_gmt":"2021-06-07T10:44:33","guid":{"rendered":"http:\/\/www.kilim-age.com\/?post_type=product&#038;p=19032"},"modified":"2025-06-14T17:30:33","modified_gmt":"2025-06-14T15:30:33","slug":"alfombra-moderna-rombos","status":"publish","type":"product","link":"https:\/\/www.kilim-age.com\/en\/producto\/alfombra-moderna-rombos\/","title":{"rendered":"Modern rombos rug"},"content":{"rendered":"<h2>MODERN RUG WITH GEOMETRIC DESIGNS<\/h2>\n<div>\n<div>Modern rug with a diamond pattern in different colors with a predominance of gray and black and small white triangles. It is made of viscose and cotton. Its white fringes make this rug an elegant but at the same time very modern design. The carpet in the photograph measures 180 x120 cm but you can choose other measurements from the drop-down menu.<\/div>\n<div>It belongs to the collection of modern rugs, an adaptation of classic rugs to new trends. In the manufacturing process we always use high quality natural materials. Modern rugs are characterized by contrasting colors and more abstract shapes. They have shorter pile than the classic rugs of a lifetime, therefore, the touch is very soft and pleasant.<\/div>\n<div>In their composition they combine materials such as cotton, wool, silk and viscose dyed in natural mineral dyes. Likewise, they offer a very easy level of maintenance and have an unbeatable quality and resistance.<\/div>\n<\/div>\n<div><\/div>\n<h2>WHY DO WE RECOMMEND MODERN CARPETS?<\/h2>\n<div>This new trend in rugs is an alternative for more homogeneous environments. They are rugs that adapt to spaces of any style and give a modern and original touch. They give an artistic note to the environment we want to create. They offer warmth and dress the spaces to give them consistency and robustness.<\/div>\n<p>&nbsp;","protected":false},"excerpt":{"rendered":"<p style=\"text-align: left;\">Origin: Turkey<br \/>\nMaterial: Cotton and Viscos<br \/>\nThickness approximately: 9 mm<br \/>\nKnot density: 1.200.000 points\/m<sup>2<\/sup><br \/>\nAge: New<br \/>\nHigh-precision weaving<br \/>\nAll our rugs are made with natural fibers materials.<br \/>\nColors: Natural dyeing<br \/>\nThe colors in the carpet will be perceived differently depending on the angle you view it from<br \/>\nDelivery time: Spain approximately 2-5 days, Europe 5-7 days, other continents 7-10 days.<\/p>\n","protected":false},"featured_media":40954,"comment_status":"open","ping_status":"closed","template":"","meta":[],"product_brand":[],"product_cat":[62,232],"product_tag":[294,799,785,803],"class_list":{"0":"post-19032","1":"product","2":"type-product","3":"status-publish","4":"has-post-thumbnail","6":"product_cat-alfombras-turcas","7":"product_cat-alfombras-modernas","8":"product_tag-alfombras-modernas","9":"product_tag-alfombras-modernas-economicas","10":"product_tag-alfombras-turcas","11":"product_tag-modern-carpets","12":"product_shipping_class-alfombra-mediana","13":"pa_ancho-cm-874","14":"pa_color-negro","15":"pa_largo-cm-882","16":"pa_medida-grandes","17":"pa_seleccionar-medidas-100x200-cm","18":"pa_seleccionar-medidas-100x300-cm","19":"pa_seleccionar-medidas-120x180-cm","20":"pa_seleccionar-medidas-160x230-cm","21":"pa_seleccionar-medidas-200x290-cm","22":"pa_seleccionar-medidas-80x150cm","23":"pa_seleccionar-medidas-80x300-cm","25":"first","26":"instock","27":"sale","28":"sold-individually","29":"taxable","30":"shipping-taxable","31":"purchasable","32":"product-type-variable","33":"has-default-attributes"},"yoast_head":"<!-- This site is optimized with the Yoast SEO plugin v24.8.1 - https:\/\/yoast.com\/wordpress\/plugins\/seo\/ -->\n<title>Alfombra Moderna Rombos | Kilim-Age | Alfombras Ber\u00e9ber<\/title>\n<meta name=\"description\" content=\"Alfombra turca estilo moderno de viscosa y algod\u00f3n con bonitos rombos grises y negros y flecos color blanco. Mide 180 x 120 cm. Env\u00edo gratis.\" \/>\n<meta name=\"robots\" content=\"index, follow, max-snippet:-1, max-image-preview:large, max-video-preview:-1\" \/>\n<link rel=\"canonical\" href=\"https:\/\/www.kilim-age.com\/en\/producto\/alfombra-moderna-rombos\/\" \/>\n<meta property=\"og:locale\" content=\"en_US\" \/>\n<meta property=\"og:type\" content=\"article\" \/>\n<meta property=\"og:title\" content=\"Alfombra Moderna Rombos | Kilim-Age | Alfombras Ber\u00e9ber\" \/>\n<meta property=\"og:description\" content=\"Alfombra turca estilo moderno de viscosa y algod\u00f3n con bonitos rombos grises y negros y flecos color blanco. Mide 180 x 120 cm. Env\u00edo gratis.\" \/>\n<meta property=\"og:url\" content=\"https:\/\/www.kilim-age.com\/es\/producto\/alfombra-moderna-rombos\/\" \/>\n<meta property=\"og:site_name\" content=\"Kilim-Age\" \/>\n<meta property=\"article:modified_time\" content=\"2025-06-14T15:30:33+00:00\" \/>\n<meta property=\"og:image\" content=\"https:\/\/www.kilim-age.com\/wp-content\/uploads\/2021\/06\/31.jpg\" \/>\n\t<meta property=\"og:image:width\" content=\"1000\" \/>\n\t<meta property=\"og:image:height\" content=\"1300\" \/>\n\t<meta property=\"og:image:type\" content=\"image\/jpeg\" \/>\n<meta name=\"twitter:card\" content=\"summary_large_image\" \/>\n<meta name=\"twitter:label1\" content=\"Est. reading time\" \/>\n\t<meta name=\"twitter:data1\" content=\"1 minute\" \/>\n<script type=\"application\/ld+json\" class=\"yoast-schema-graph\">{\"@context\":\"https:\/\/schema.org\",\"@graph\":[{\"@type\":\"WebPage\",\"@id\":\"https:\/\/www.kilim-age.com\/es\/producto\/alfombra-moderna-rombos\/\",\"url\":\"https:\/\/www.kilim-age.com\/es\/producto\/alfombra-moderna-rombos\/\",\"name\":\"Alfombra Moderna Rombos | Kilim-Age | Alfombras Ber\u00e9ber\",\"isPartOf\":{\"@id\":\"https:\/\/kilim-age.com\/en\/#website\"},\"primaryImageOfPage\":{\"@id\":\"https:\/\/www.kilim-age.com\/es\/producto\/alfombra-moderna-rombos\/#primaryimage\"},\"image\":{\"@id\":\"https:\/\/www.kilim-age.com\/es\/producto\/alfombra-moderna-rombos\/#primaryimage\"},\"thumbnailUrl\":\"https:\/\/www.kilim-age.com\/wp-content\/uploads\/2021\/06\/31.jpg\",\"datePublished\":\"2021-06-07T10:44:33+00:00\",\"dateModified\":\"2025-06-14T15:30:33+00:00\",\"description\":\"Alfombra turca estilo moderno de viscosa y algod\u00f3n con bonitos rombos grises y negros y flecos color blanco. Mide 180 x 120 cm. Env\u00edo gratis.\",\"breadcrumb\":{\"@id\":\"https:\/\/www.kilim-age.com\/es\/producto\/alfombra-moderna-rombos\/#breadcrumb\"},\"inLanguage\":\"en-US\",\"potentialAction\":[{\"@type\":\"ReadAction\",\"target\":[\"https:\/\/www.kilim-age.com\/es\/producto\/alfombra-moderna-rombos\/\"]}]},{\"@type\":\"ImageObject\",\"inLanguage\":\"en-US\",\"@id\":\"https:\/\/www.kilim-age.com\/es\/producto\/alfombra-moderna-rombos\/#primaryimage\",\"url\":\"https:\/\/www.kilim-age.com\/wp-content\/uploads\/2021\/06\/31.jpg\",\"contentUrl\":\"https:\/\/www.kilim-age.com\/wp-content\/uploads\/2021\/06\/31.jpg\",\"width\":1000,\"height\":1300,\"caption\":\"Alfombras con dise\u00f1os geom\u00e9tricos\"},{\"@type\":\"BreadcrumbList\",\"@id\":\"https:\/\/www.kilim-age.com\/es\/producto\/alfombra-moderna-rombos\/#breadcrumb\",\"itemListElement\":[{\"@type\":\"ListItem\",\"position\":1,\"name\":\"Home\",\"item\":\"https:\/\/kilim-age.com\/en\/\"},{\"@type\":\"ListItem\",\"position\":2,\"name\":\"Shop\",\"item\":\"https:\/\/kilim-age.com\/en\/shop\/\"},{\"@type\":\"ListItem\",\"position\":3,\"name\":\"Alfombra moderna rombos 120&#215;180 cm\"}]},{\"@type\":\"WebSite\",\"@id\":\"https:\/\/kilim-age.com\/en\/#website\",\"url\":\"https:\/\/kilim-age.com\/en\/\",\"name\":\"Kilim-Age\",\"description\":\"Somos especialistas en productos artesanales de Turqu\u00eda como Alfombras, y Kilims\",\"potentialAction\":[{\"@type\":\"SearchAction\",\"target\":{\"@type\":\"EntryPoint\",\"urlTemplate\":\"https:\/\/kilim-age.com\/en\/?s={search_term_string}\"},\"query-input\":{\"@type\":\"PropertyValueSpecification\",\"valueRequired\":true,\"valueName\":\"search_term_string\"}}],\"inLanguage\":\"en-US\"}]}<\/script>\n<!-- \/ Yoast SEO plugin. -->","yoast_head_json":{"title":"Alfombra Moderna Rombos | Kilim-Age | Alfombras Ber\u00e9ber","description":"Alfombra turca estilo moderno de viscosa y algod\u00f3n con bonitos rombos grises y negros y flecos color blanco. Mide 180 x 120 cm. Env\u00edo gratis.","robots":{"index":"index","follow":"follow","max-snippet":"max-snippet:-1","max-image-preview":"max-image-preview:large","max-video-preview":"max-video-preview:-1"},"canonical":"https:\/\/www.kilim-age.com\/en\/producto\/alfombra-moderna-rombos\/","og_locale":"en_US","og_type":"article","og_title":"Alfombra Moderna Rombos | Kilim-Age | Alfombras Ber\u00e9ber","og_description":"Alfombra turca estilo moderno de viscosa y algod\u00f3n con bonitos rombos grises y negros y flecos color blanco. Mide 180 x 120 cm. Env\u00edo gratis.","og_url":"https:\/\/www.kilim-age.com\/es\/producto\/alfombra-moderna-rombos\/","og_site_name":"Kilim-Age","article_modified_time":"2025-06-14T15:30:33+00:00","og_image":[{"width":1000,"height":1300,"url":"https:\/\/www.kilim-age.com\/wp-content\/uploads\/2021\/06\/31.jpg","type":"image\/jpeg"}],"twitter_card":"summary_large_image","twitter_misc":{"Est. reading time":"1 minute"},"schema":{"@context":"https:\/\/schema.org","@graph":[{"@type":"WebPage","@id":"https:\/\/www.kilim-age.com\/es\/producto\/alfombra-moderna-rombos\/","url":"https:\/\/www.kilim-age.com\/es\/producto\/alfombra-moderna-rombos\/","name":"Alfombra Moderna Rombos | Kilim-Age | Alfombras Ber\u00e9ber","isPartOf":{"@id":"https:\/\/kilim-age.com\/en\/#website"},"primaryImageOfPage":{"@id":"https:\/\/www.kilim-age.com\/es\/producto\/alfombra-moderna-rombos\/#primaryimage"},"image":{"@id":"https:\/\/www.kilim-age.com\/es\/producto\/alfombra-moderna-rombos\/#primaryimage"},"thumbnailUrl":"https:\/\/www.kilim-age.com\/wp-content\/uploads\/2021\/06\/31.jpg","datePublished":"2021-06-07T10:44:33+00:00","dateModified":"2025-06-14T15:30:33+00:00","description":"Alfombra turca estilo moderno de viscosa y algod\u00f3n con bonitos rombos grises y negros y flecos color blanco. Mide 180 x 120 cm. Env\u00edo gratis.","breadcrumb":{"@id":"https:\/\/www.kilim-age.com\/es\/producto\/alfombra-moderna-rombos\/#breadcrumb"},"inLanguage":"en-US","potentialAction":[{"@type":"ReadAction","target":["https:\/\/www.kilim-age.com\/es\/producto\/alfombra-moderna-rombos\/"]}]},{"@type":"ImageObject","inLanguage":"en-US","@id":"https:\/\/www.kilim-age.com\/es\/producto\/alfombra-moderna-rombos\/#primaryimage","url":"https:\/\/www.kilim-age.com\/wp-content\/uploads\/2021\/06\/31.jpg","contentUrl":"https:\/\/www.kilim-age.com\/wp-content\/uploads\/2021\/06\/31.jpg","width":1000,"height":1300,"caption":"Alfombras con dise\u00f1os geom\u00e9tricos"},{"@type":"BreadcrumbList","@id":"https:\/\/www.kilim-age.com\/es\/producto\/alfombra-moderna-rombos\/#breadcrumb","itemListElement":[{"@type":"ListItem","position":1,"name":"Home","item":"https:\/\/kilim-age.com\/en\/"},{"@type":"ListItem","position":2,"name":"Shop","item":"https:\/\/kilim-age.com\/en\/shop\/"},{"@type":"ListItem","position":3,"name":"Alfombra moderna rombos 120&#215;180 cm"}]},{"@type":"WebSite","@id":"https:\/\/kilim-age.com\/en\/#website","url":"https:\/\/kilim-age.com\/en\/","name":"Kilim-Age","description":"Somos especialistas en productos artesanales de Turqu\u00eda como Alfombras, y Kilims","potentialAction":[{"@type":"SearchAction","target":{"@type":"EntryPoint","urlTemplate":"https:\/\/kilim-age.com\/en\/?s={search_term_string}"},"query-input":{"@type":"PropertyValueSpecification","valueRequired":true,"valueName":"search_term_string"}}],"inLanguage":"en-US"}]}},"_links":{"self":[{"href":"https:\/\/www.kilim-age.com\/en\/wp-json\/wp\/v2\/product\/19032","targetHints":{"allow":["GET"]}}],"collection":[{"href":"https:\/\/www.kilim-age.com\/en\/wp-json\/wp\/v2\/product"}],"about":[{"href":"https:\/\/www.kilim-age.com\/en\/wp-json\/wp\/v2\/types\/product"}],"replies":[{"embeddable":true,"href":"https:\/\/www.kilim-age.com\/en\/wp-json\/wp\/v2\/comments?post=19032"}],"wp:featuredmedia":[{"embeddable":true,"href":"https:\/\/www.kilim-age.com\/en\/wp-json\/wp\/v2\/media\/40954"}],"wp:attachment":[{"href":"https:\/\/www.kilim-age.com\/en\/wp-json\/wp\/v2\/media?parent=19032"}],"wp:term":[{"taxonomy":"product_brand","embeddable":true,"href":"https:\/\/www.kilim-age.com\/en\/wp-json\/wp\/v2\/product_brand?post=19032"},{"taxonomy":"product_cat","embeddable":true,"href":"https:\/\/www.kilim-age.com\/en\/wp-json\/wp\/v2\/product_cat?post=19032"},{"taxonomy":"product_tag","embeddable":true,"href":"https:\/\/www.kilim-age.com\/en\/wp-json\/wp\/v2\/product_tag?post=19032"}],"curies":[{"name":"wp","href":"https:\/\/api.w.org\/{rel}","templated":true}]}}