{"id":19842,"date":"2021-07-30T18:36:44","date_gmt":"2021-07-30T16:36:44","guid":{"rendered":"http:\/\/www.kilim-age.com\/?post_type=product&#038;p=19842"},"modified":"2025-10-01T19:43:56","modified_gmt":"2025-10-01T17:43:56","slug":"alfombra-clasica-sal-ac1002","status":"publish","type":"product","link":"https:\/\/www.kilim-age.com\/en\/producto\/alfombra-clasica-sal-ac1002\/","title":{"rendered":"CLASSIC TURKISH RUG \u015eAL AC1002"},"content":{"rendered":"The classic carpets are made throughout the region of Anatolia \/ Turkey. They are characterized by very special designs and compositions, which are considered one of the best carpets in Turkey. These carpets are 100% handmade with high quality wool yarns by hand and natural dyed.","protected":false},"excerpt":{"rendered":"<p>Manufacturing: Knotted by hand<br \/>\nSize: 96 X 65 cm<br \/>\nKnot density: Aprox 360000 knots per m\u00b2<br \/>\nAge: New<br \/>\nOrigin: Turkey<br \/>\nPile: Wool<br \/>\nWarp: Cotton<br \/>\nThickness approx: 4-5 mm<br \/>\nNatural dyeing<br \/>\nThe colors in the carpet will be perceived differently depending on the angle you view it from<br \/>\nDelivery time: Spain approximately 2-5 days, Europe 5-7 days, other continents 7-10 days.<\/p>\n","protected":false},"featured_media":19844,"comment_status":"open","ping_status":"closed","template":"","meta":[],"product_brand":[],"product_cat":[1054,62,230],"product_tag":[79,785],"class_list":{"0":"post-19842","1":"product","2":"type-product","3":"status-publish","4":"has-post-thumbnail","6":"product_cat-ofertas","7":"product_cat-alfombras-turcas","8":"product_cat-alfombras-clasicas","9":"product_tag-alfombras-clasicas","10":"product_tag-alfombras-turcas","11":"product_shipping_class-alfombra-pequena","12":"pa_ancho-cm-1041","13":"pa_ancho-cm-985","14":"pa_color-azul","15":"pa_color-burdeo","16":"pa_color-multicolor","17":"pa_largo-cm-891","19":"first","20":"instock","21":"sale","22":"sold-individually","23":"taxable","24":"shipping-taxable","25":"purchasable","26":"product-type-simple"},"yoast_head":"<!-- This site is optimized with the Yoast SEO plugin v24.8.1 - https:\/\/yoast.com\/wordpress\/plugins\/seo\/ -->\n<title>ALFOMBRAS PEQUE\u00d1AS CL\u00c1SICAS | Kilim-Age<\/title>\n<meta name=\"description\" content=\"Alfombras peque\u00f1as cl\u00e1sicas turcas. Tenemos aut\u00e9nticas alfombras de Turqu\u00eda. Precios muy econ\u00f3micos, env\u00edo y devoluciones gratis\" \/>\n<meta name=\"robots\" content=\"index, follow, max-snippet:-1, max-image-preview:large, max-video-preview:-1\" \/>\n<link rel=\"canonical\" href=\"https:\/\/www.kilim-age.com\/en\/producto\/alfombra-clasica-sal-ac1002\/\" \/>\n<meta property=\"og:locale\" content=\"en_US\" \/>\n<meta property=\"og:type\" content=\"article\" \/>\n<meta property=\"og:title\" content=\"ALFOMBRAS PEQUE\u00d1AS CL\u00c1SICAS | Kilim-Age\" \/>\n<meta property=\"og:description\" content=\"Alfombras peque\u00f1as cl\u00e1sicas turcas. Tenemos aut\u00e9nticas alfombras de Turqu\u00eda. Precios muy econ\u00f3micos, env\u00edo y devoluciones gratis\" \/>\n<meta property=\"og:url\" content=\"https:\/\/www.kilim-age.com\/es\/producto\/alfombra-clasica-sal-ac1002\/\" \/>\n<meta property=\"og:site_name\" content=\"Kilim-Age\" \/>\n<meta property=\"article:modified_time\" content=\"2025-10-01T17:43:56+00:00\" \/>\n<meta property=\"og:image\" content=\"https:\/\/www.kilim-age.com\/wp-content\/uploads\/2021\/07\/IMG_9971.jpg\" \/>\n\t<meta property=\"og:image:width\" content=\"1000\" \/>\n\t<meta property=\"og:image:height\" content=\"1300\" \/>\n\t<meta property=\"og:image:type\" content=\"image\/jpeg\" \/>\n<meta name=\"twitter:card\" content=\"summary_large_image\" \/>\n<meta name=\"twitter:label1\" content=\"Est. reading time\" \/>\n\t<meta name=\"twitter:data1\" content=\"2 minutes\" \/>\n<script type=\"application\/ld+json\" class=\"yoast-schema-graph\">{\"@context\":\"https:\/\/schema.org\",\"@graph\":[{\"@type\":\"WebPage\",\"@id\":\"https:\/\/www.kilim-age.com\/es\/producto\/alfombra-clasica-sal-ac1002\/\",\"url\":\"https:\/\/www.kilim-age.com\/es\/producto\/alfombra-clasica-sal-ac1002\/\",\"name\":\"ALFOMBRAS PEQUE\u00d1AS CL\u00c1SICAS | Kilim-Age\",\"isPartOf\":{\"@id\":\"https:\/\/kilim-age.com\/en\/#website\"},\"primaryImageOfPage\":{\"@id\":\"https:\/\/www.kilim-age.com\/es\/producto\/alfombra-clasica-sal-ac1002\/#primaryimage\"},\"image\":{\"@id\":\"https:\/\/www.kilim-age.com\/es\/producto\/alfombra-clasica-sal-ac1002\/#primaryimage\"},\"thumbnailUrl\":\"https:\/\/www.kilim-age.com\/wp-content\/uploads\/2021\/07\/IMG_9971.jpg\",\"datePublished\":\"2021-07-30T16:36:44+00:00\",\"dateModified\":\"2025-10-01T17:43:56+00:00\",\"description\":\"Alfombras peque\u00f1as cl\u00e1sicas turcas. Tenemos aut\u00e9nticas alfombras de Turqu\u00eda. Precios muy econ\u00f3micos, env\u00edo y devoluciones gratis\",\"breadcrumb\":{\"@id\":\"https:\/\/www.kilim-age.com\/es\/producto\/alfombra-clasica-sal-ac1002\/#breadcrumb\"},\"inLanguage\":\"en-US\",\"potentialAction\":[{\"@type\":\"ReadAction\",\"target\":[\"https:\/\/www.kilim-age.com\/es\/producto\/alfombra-clasica-sal-ac1002\/\"]}]},{\"@type\":\"ImageObject\",\"inLanguage\":\"en-US\",\"@id\":\"https:\/\/www.kilim-age.com\/es\/producto\/alfombra-clasica-sal-ac1002\/#primaryimage\",\"url\":\"https:\/\/www.kilim-age.com\/wp-content\/uploads\/2021\/07\/IMG_9971.jpg\",\"contentUrl\":\"https:\/\/www.kilim-age.com\/wp-content\/uploads\/2021\/07\/IMG_9971.jpg\",\"width\":1000,\"height\":1300,\"caption\":\"Alfombras cl\u00e1sicas pequ\u00f1as\"},{\"@type\":\"BreadcrumbList\",\"@id\":\"https:\/\/www.kilim-age.com\/es\/producto\/alfombra-clasica-sal-ac1002\/#breadcrumb\",\"itemListElement\":[{\"@type\":\"ListItem\",\"position\":1,\"name\":\"Home\",\"item\":\"https:\/\/kilim-age.com\/en\/\"},{\"@type\":\"ListItem\",\"position\":2,\"name\":\"Shop\",\"item\":\"https:\/\/kilim-age.com\/es\/shop\/\"},{\"@type\":\"ListItem\",\"position\":3,\"name\":\"ALFOMBRA CL\u00c1SICA \u015eAL AC1002\"}]},{\"@type\":\"WebSite\",\"@id\":\"https:\/\/kilim-age.com\/en\/#website\",\"url\":\"https:\/\/kilim-age.com\/en\/\",\"name\":\"Kilim-Age\",\"description\":\"Somos especialistas en productos artesanales de Turqu\u00eda como Alfombras, y Kilims\",\"potentialAction\":[{\"@type\":\"SearchAction\",\"target\":{\"@type\":\"EntryPoint\",\"urlTemplate\":\"https:\/\/kilim-age.com\/en\/?s={search_term_string}\"},\"query-input\":{\"@type\":\"PropertyValueSpecification\",\"valueRequired\":true,\"valueName\":\"search_term_string\"}}],\"inLanguage\":\"en-US\"}]}<\/script>\n<!-- \/ Yoast SEO plugin. -->","yoast_head_json":{"title":"ALFOMBRAS PEQUE\u00d1AS CL\u00c1SICAS | Kilim-Age","description":"Alfombras peque\u00f1as cl\u00e1sicas turcas. Tenemos aut\u00e9nticas alfombras de Turqu\u00eda. Precios muy econ\u00f3micos, env\u00edo y devoluciones gratis","robots":{"index":"index","follow":"follow","max-snippet":"max-snippet:-1","max-image-preview":"max-image-preview:large","max-video-preview":"max-video-preview:-1"},"canonical":"https:\/\/www.kilim-age.com\/en\/producto\/alfombra-clasica-sal-ac1002\/","og_locale":"en_US","og_type":"article","og_title":"ALFOMBRAS PEQUE\u00d1AS CL\u00c1SICAS | Kilim-Age","og_description":"Alfombras peque\u00f1as cl\u00e1sicas turcas. Tenemos aut\u00e9nticas alfombras de Turqu\u00eda. Precios muy econ\u00f3micos, env\u00edo y devoluciones gratis","og_url":"https:\/\/www.kilim-age.com\/es\/producto\/alfombra-clasica-sal-ac1002\/","og_site_name":"Kilim-Age","article_modified_time":"2025-10-01T17:43:56+00:00","og_image":[{"width":1000,"height":1300,"url":"https:\/\/www.kilim-age.com\/wp-content\/uploads\/2021\/07\/IMG_9971.jpg","type":"image\/jpeg"}],"twitter_card":"summary_large_image","twitter_misc":{"Est. reading time":"2 minutes"},"schema":{"@context":"https:\/\/schema.org","@graph":[{"@type":"WebPage","@id":"https:\/\/www.kilim-age.com\/es\/producto\/alfombra-clasica-sal-ac1002\/","url":"https:\/\/www.kilim-age.com\/es\/producto\/alfombra-clasica-sal-ac1002\/","name":"ALFOMBRAS PEQUE\u00d1AS CL\u00c1SICAS | Kilim-Age","isPartOf":{"@id":"https:\/\/kilim-age.com\/en\/#website"},"primaryImageOfPage":{"@id":"https:\/\/www.kilim-age.com\/es\/producto\/alfombra-clasica-sal-ac1002\/#primaryimage"},"image":{"@id":"https:\/\/www.kilim-age.com\/es\/producto\/alfombra-clasica-sal-ac1002\/#primaryimage"},"thumbnailUrl":"https:\/\/www.kilim-age.com\/wp-content\/uploads\/2021\/07\/IMG_9971.jpg","datePublished":"2021-07-30T16:36:44+00:00","dateModified":"2025-10-01T17:43:56+00:00","description":"Alfombras peque\u00f1as cl\u00e1sicas turcas. Tenemos aut\u00e9nticas alfombras de Turqu\u00eda. Precios muy econ\u00f3micos, env\u00edo y devoluciones gratis","breadcrumb":{"@id":"https:\/\/www.kilim-age.com\/es\/producto\/alfombra-clasica-sal-ac1002\/#breadcrumb"},"inLanguage":"en-US","potentialAction":[{"@type":"ReadAction","target":["https:\/\/www.kilim-age.com\/es\/producto\/alfombra-clasica-sal-ac1002\/"]}]},{"@type":"ImageObject","inLanguage":"en-US","@id":"https:\/\/www.kilim-age.com\/es\/producto\/alfombra-clasica-sal-ac1002\/#primaryimage","url":"https:\/\/www.kilim-age.com\/wp-content\/uploads\/2021\/07\/IMG_9971.jpg","contentUrl":"https:\/\/www.kilim-age.com\/wp-content\/uploads\/2021\/07\/IMG_9971.jpg","width":1000,"height":1300,"caption":"Alfombras cl\u00e1sicas pequ\u00f1as"},{"@type":"BreadcrumbList","@id":"https:\/\/www.kilim-age.com\/es\/producto\/alfombra-clasica-sal-ac1002\/#breadcrumb","itemListElement":[{"@type":"ListItem","position":1,"name":"Home","item":"https:\/\/kilim-age.com\/en\/"},{"@type":"ListItem","position":2,"name":"Shop","item":"https:\/\/kilim-age.com\/es\/shop\/"},{"@type":"ListItem","position":3,"name":"ALFOMBRA CL\u00c1SICA \u015eAL AC1002"}]},{"@type":"WebSite","@id":"https:\/\/kilim-age.com\/en\/#website","url":"https:\/\/kilim-age.com\/en\/","name":"Kilim-Age","description":"Somos especialistas en productos artesanales de Turqu\u00eda como Alfombras, y Kilims","potentialAction":[{"@type":"SearchAction","target":{"@type":"EntryPoint","urlTemplate":"https:\/\/kilim-age.com\/en\/?s={search_term_string}"},"query-input":{"@type":"PropertyValueSpecification","valueRequired":true,"valueName":"search_term_string"}}],"inLanguage":"en-US"}]}},"_links":{"self":[{"href":"https:\/\/www.kilim-age.com\/en\/wp-json\/wp\/v2\/product\/19842","targetHints":{"allow":["GET"]}}],"collection":[{"href":"https:\/\/www.kilim-age.com\/en\/wp-json\/wp\/v2\/product"}],"about":[{"href":"https:\/\/www.kilim-age.com\/en\/wp-json\/wp\/v2\/types\/product"}],"replies":[{"embeddable":true,"href":"https:\/\/www.kilim-age.com\/en\/wp-json\/wp\/v2\/comments?post=19842"}],"wp:featuredmedia":[{"embeddable":true,"href":"https:\/\/www.kilim-age.com\/en\/wp-json\/wp\/v2\/media\/19844"}],"wp:attachment":[{"href":"https:\/\/www.kilim-age.com\/en\/wp-json\/wp\/v2\/media?parent=19842"}],"wp:term":[{"taxonomy":"product_brand","embeddable":true,"href":"https:\/\/www.kilim-age.com\/en\/wp-json\/wp\/v2\/product_brand?post=19842"},{"taxonomy":"product_cat","embeddable":true,"href":"https:\/\/www.kilim-age.com\/en\/wp-json\/wp\/v2\/product_cat?post=19842"},{"taxonomy":"product_tag","embeddable":true,"href":"https:\/\/www.kilim-age.com\/en\/wp-json\/wp\/v2\/product_tag?post=19842"}],"curies":[{"name":"wp","href":"https:\/\/api.w.org\/{rel}","templated":true}]}}