{"id":29347,"date":"2023-03-01T19:57:36","date_gmt":"2023-03-01T18:57:36","guid":{"rendered":"http:\/\/www.kilim-age.com\/?post_type=product&#038;p=29347"},"modified":"2025-10-07T19:13:23","modified_gmt":"2025-10-07T17:13:23","slug":"comprar-suzanis-online","status":"publish","type":"product","link":"https:\/\/www.kilim-age.com\/en\/producto\/comprar-suzanis-online\/","title":{"rendered":"SUZANI 145&#215;204 cm"},"content":{"rendered":"SUZANI<\/p>\n<p>The Suzanis of Uzbekistan have origins as legendary as the motifs that cover their surface. They are full of symbolism and generally contain geometric patterns such as flowers and other natural elements, all have meanings that are embroidered in stylized forms that vary according to the region, tribe, family and artisans.<br \/>\nThe Suzanis of Nurata, Samarkand, Bukhara, Shahrisyabz, Tashkent and Fergana, are better known with respect to their colors, material, pattern and the type of stitches used. All its colors impart a deep meaning: yellows and oranges represent knowledge; red means fire and sun, blue embodies the sky, and greens represent spring and youth.<br \/>\nSuzani is one of the most popular folk arts in Uzbekistan, a word that not only means embroidery, but also refers to the large panels covered with this decorative embroidery. Suzanis hand embroidered are impregnated with the character that only comes from everyday use. Maybe it was created by a girlfriend to show her love towards her fianc\u00e9.<br \/>\nThe history of each of these fabrics is as rich as its colors, and as intricate as the designs that cover its surface.","protected":false},"excerpt":{"rendered":"<p>Manufacturing: Knotted by hand<br \/>\nSize: 145&#215;204 cm<br \/>\nAge: New<br \/>\nOrigin: Uzbekistan \/ Suzani cloth<br \/>\nMaterial: Silk and Cotton<br \/>\nThickness aprox: 1-2 mm<\/p>\n","protected":false},"featured_media":41373,"comment_status":"open","ping_status":"closed","template":"","meta":[],"product_brand":[],"product_cat":[84,828],"product_tag":[280],"class_list":{"0":"post-29347","1":"product","2":"type-product","3":"status-publish","4":"has-post-thumbnail","6":"product_cat-suzani","7":"product_cat-telas-suzani","8":"product_tag-suzani","9":"product_shipping_class-suzanni","11":"first","12":"instock","13":"sale","14":"sold-individually","15":"taxable","16":"shipping-taxable","17":"purchasable","18":"product-type-simple"},"yoast_head":"<!-- This site is optimized with the Yoast SEO plugin v24.8.1 - https:\/\/yoast.com\/wordpress\/plugins\/seo\/ -->\n<title>Comprar Suzanis Online| Kilim-Age<\/title>\n<meta name=\"description\" content=\"Comprar Suzanis Online. Suzani es una de las artes folcl\u00f3ricas m\u00e1s populares de Uzbekist\u00e1n.\" \/>\n<meta name=\"robots\" content=\"index, follow, max-snippet:-1, max-image-preview:large, max-video-preview:-1\" \/>\n<link rel=\"canonical\" href=\"https:\/\/www.kilim-age.com\/en\/producto\/comprar-suzanis-online\/\" \/>\n<meta property=\"og:locale\" content=\"en_US\" \/>\n<meta property=\"og:type\" content=\"article\" \/>\n<meta property=\"og:title\" content=\"Comprar Suzanis Online| Kilim-Age\" \/>\n<meta property=\"og:description\" content=\"Comprar Suzanis Online. Suzani es una de las artes folcl\u00f3ricas m\u00e1s populares de Uzbekist\u00e1n.\" \/>\n<meta property=\"og:url\" content=\"https:\/\/www.kilim-age.com\/es\/producto\/comprar-suzanis-online\/\" \/>\n<meta property=\"og:site_name\" content=\"Kilim-Age\" \/>\n<meta property=\"article:modified_time\" content=\"2025-10-07T17:13:23+00:00\" \/>\n<meta property=\"og:image\" content=\"https:\/\/www.kilim-age.com\/wp-content\/uploads\/2023\/03\/suzani-ka-11.jpg\" \/>\n\t<meta property=\"og:image:width\" content=\"1000\" \/>\n\t<meta property=\"og:image:height\" content=\"1300\" \/>\n\t<meta property=\"og:image:type\" content=\"image\/jpeg\" \/>\n<meta name=\"twitter:card\" content=\"summary_large_image\" \/>\n<meta name=\"twitter:label1\" content=\"Est. reading time\" \/>\n\t<meta name=\"twitter:data1\" content=\"2 minutes\" \/>\n<script type=\"application\/ld+json\" class=\"yoast-schema-graph\">{\"@context\":\"https:\/\/schema.org\",\"@graph\":[{\"@type\":\"WebPage\",\"@id\":\"https:\/\/www.kilim-age.com\/es\/producto\/comprar-suzanis-online\/\",\"url\":\"https:\/\/www.kilim-age.com\/es\/producto\/comprar-suzanis-online\/\",\"name\":\"Comprar Suzanis Online| Kilim-Age\",\"isPartOf\":{\"@id\":\"https:\/\/kilim-age.com\/en\/#website\"},\"primaryImageOfPage\":{\"@id\":\"https:\/\/www.kilim-age.com\/es\/producto\/comprar-suzanis-online\/#primaryimage\"},\"image\":{\"@id\":\"https:\/\/www.kilim-age.com\/es\/producto\/comprar-suzanis-online\/#primaryimage\"},\"thumbnailUrl\":\"https:\/\/www.kilim-age.com\/wp-content\/uploads\/2023\/03\/suzani-ka-11.jpg\",\"datePublished\":\"2023-03-01T18:57:36+00:00\",\"dateModified\":\"2025-10-07T17:13:23+00:00\",\"description\":\"Comprar Suzanis Online. Suzani es una de las artes folcl\u00f3ricas m\u00e1s populares de Uzbekist\u00e1n.\",\"breadcrumb\":{\"@id\":\"https:\/\/www.kilim-age.com\/es\/producto\/comprar-suzanis-online\/#breadcrumb\"},\"inLanguage\":\"en-US\",\"potentialAction\":[{\"@type\":\"ReadAction\",\"target\":[\"https:\/\/www.kilim-age.com\/es\/producto\/comprar-suzanis-online\/\"]}]},{\"@type\":\"ImageObject\",\"inLanguage\":\"en-US\",\"@id\":\"https:\/\/www.kilim-age.com\/es\/producto\/comprar-suzanis-online\/#primaryimage\",\"url\":\"https:\/\/www.kilim-age.com\/wp-content\/uploads\/2023\/03\/suzani-ka-11.jpg\",\"contentUrl\":\"https:\/\/www.kilim-age.com\/wp-content\/uploads\/2023\/03\/suzani-ka-11.jpg\",\"width\":1000,\"height\":1300},{\"@type\":\"BreadcrumbList\",\"@id\":\"https:\/\/www.kilim-age.com\/es\/producto\/comprar-suzanis-online\/#breadcrumb\",\"itemListElement\":[{\"@type\":\"ListItem\",\"position\":1,\"name\":\"Home\",\"item\":\"https:\/\/kilim-age.com\/en\/\"},{\"@type\":\"ListItem\",\"position\":2,\"name\":\"Shop\",\"item\":\"https:\/\/kilim-age.com\/en\/shop\/\"},{\"@type\":\"ListItem\",\"position\":3,\"name\":\"SUZANI 145&#215;204 cm\"}]},{\"@type\":\"WebSite\",\"@id\":\"https:\/\/kilim-age.com\/en\/#website\",\"url\":\"https:\/\/kilim-age.com\/en\/\",\"name\":\"Kilim-Age\",\"description\":\"Somos especialistas en productos artesanales de Turqu\u00eda como Alfombras, y Kilims\",\"potentialAction\":[{\"@type\":\"SearchAction\",\"target\":{\"@type\":\"EntryPoint\",\"urlTemplate\":\"https:\/\/kilim-age.com\/en\/?s={search_term_string}\"},\"query-input\":{\"@type\":\"PropertyValueSpecification\",\"valueRequired\":true,\"valueName\":\"search_term_string\"}}],\"inLanguage\":\"en-US\"}]}<\/script>\n<!-- \/ Yoast SEO plugin. -->","yoast_head_json":{"title":"Comprar Suzanis Online| Kilim-Age","description":"Comprar Suzanis Online. Suzani es una de las artes folcl\u00f3ricas m\u00e1s populares de Uzbekist\u00e1n.","robots":{"index":"index","follow":"follow","max-snippet":"max-snippet:-1","max-image-preview":"max-image-preview:large","max-video-preview":"max-video-preview:-1"},"canonical":"https:\/\/www.kilim-age.com\/en\/producto\/comprar-suzanis-online\/","og_locale":"en_US","og_type":"article","og_title":"Comprar Suzanis Online| Kilim-Age","og_description":"Comprar Suzanis Online. Suzani es una de las artes folcl\u00f3ricas m\u00e1s populares de Uzbekist\u00e1n.","og_url":"https:\/\/www.kilim-age.com\/es\/producto\/comprar-suzanis-online\/","og_site_name":"Kilim-Age","article_modified_time":"2025-10-07T17:13:23+00:00","og_image":[{"width":1000,"height":1300,"url":"https:\/\/www.kilim-age.com\/wp-content\/uploads\/2023\/03\/suzani-ka-11.jpg","type":"image\/jpeg"}],"twitter_card":"summary_large_image","twitter_misc":{"Est. reading time":"2 minutes"},"schema":{"@context":"https:\/\/schema.org","@graph":[{"@type":"WebPage","@id":"https:\/\/www.kilim-age.com\/es\/producto\/comprar-suzanis-online\/","url":"https:\/\/www.kilim-age.com\/es\/producto\/comprar-suzanis-online\/","name":"Comprar Suzanis Online| Kilim-Age","isPartOf":{"@id":"https:\/\/kilim-age.com\/en\/#website"},"primaryImageOfPage":{"@id":"https:\/\/www.kilim-age.com\/es\/producto\/comprar-suzanis-online\/#primaryimage"},"image":{"@id":"https:\/\/www.kilim-age.com\/es\/producto\/comprar-suzanis-online\/#primaryimage"},"thumbnailUrl":"https:\/\/www.kilim-age.com\/wp-content\/uploads\/2023\/03\/suzani-ka-11.jpg","datePublished":"2023-03-01T18:57:36+00:00","dateModified":"2025-10-07T17:13:23+00:00","description":"Comprar Suzanis Online. Suzani es una de las artes folcl\u00f3ricas m\u00e1s populares de Uzbekist\u00e1n.","breadcrumb":{"@id":"https:\/\/www.kilim-age.com\/es\/producto\/comprar-suzanis-online\/#breadcrumb"},"inLanguage":"en-US","potentialAction":[{"@type":"ReadAction","target":["https:\/\/www.kilim-age.com\/es\/producto\/comprar-suzanis-online\/"]}]},{"@type":"ImageObject","inLanguage":"en-US","@id":"https:\/\/www.kilim-age.com\/es\/producto\/comprar-suzanis-online\/#primaryimage","url":"https:\/\/www.kilim-age.com\/wp-content\/uploads\/2023\/03\/suzani-ka-11.jpg","contentUrl":"https:\/\/www.kilim-age.com\/wp-content\/uploads\/2023\/03\/suzani-ka-11.jpg","width":1000,"height":1300},{"@type":"BreadcrumbList","@id":"https:\/\/www.kilim-age.com\/es\/producto\/comprar-suzanis-online\/#breadcrumb","itemListElement":[{"@type":"ListItem","position":1,"name":"Home","item":"https:\/\/kilim-age.com\/en\/"},{"@type":"ListItem","position":2,"name":"Shop","item":"https:\/\/kilim-age.com\/en\/shop\/"},{"@type":"ListItem","position":3,"name":"SUZANI 145&#215;204 cm"}]},{"@type":"WebSite","@id":"https:\/\/kilim-age.com\/en\/#website","url":"https:\/\/kilim-age.com\/en\/","name":"Kilim-Age","description":"Somos especialistas en productos artesanales de Turqu\u00eda como Alfombras, y Kilims","potentialAction":[{"@type":"SearchAction","target":{"@type":"EntryPoint","urlTemplate":"https:\/\/kilim-age.com\/en\/?s={search_term_string}"},"query-input":{"@type":"PropertyValueSpecification","valueRequired":true,"valueName":"search_term_string"}}],"inLanguage":"en-US"}]}},"_links":{"self":[{"href":"https:\/\/www.kilim-age.com\/en\/wp-json\/wp\/v2\/product\/29347","targetHints":{"allow":["GET"]}}],"collection":[{"href":"https:\/\/www.kilim-age.com\/en\/wp-json\/wp\/v2\/product"}],"about":[{"href":"https:\/\/www.kilim-age.com\/en\/wp-json\/wp\/v2\/types\/product"}],"replies":[{"embeddable":true,"href":"https:\/\/www.kilim-age.com\/en\/wp-json\/wp\/v2\/comments?post=29347"}],"wp:featuredmedia":[{"embeddable":true,"href":"https:\/\/www.kilim-age.com\/en\/wp-json\/wp\/v2\/media\/41373"}],"wp:attachment":[{"href":"https:\/\/www.kilim-age.com\/en\/wp-json\/wp\/v2\/media?parent=29347"}],"wp:term":[{"taxonomy":"product_brand","embeddable":true,"href":"https:\/\/www.kilim-age.com\/en\/wp-json\/wp\/v2\/product_brand?post=29347"},{"taxonomy":"product_cat","embeddable":true,"href":"https:\/\/www.kilim-age.com\/en\/wp-json\/wp\/v2\/product_cat?post=29347"},{"taxonomy":"product_tag","embeddable":true,"href":"https:\/\/www.kilim-age.com\/en\/wp-json\/wp\/v2\/product_tag?post=29347"}],"curies":[{"name":"wp","href":"https:\/\/api.w.org\/{rel}","templated":true}]}}