{"id":40571,"date":"2024-04-17T18:51:23","date_gmt":"2024-04-17T16:51:23","guid":{"rendered":"https:\/\/www.kilim-age.com\/?post_type=product&#038;p=40571"},"modified":"2025-06-27T23:56:47","modified_gmt":"2025-06-27T21:56:47","slug":"kilim-etnico-para-pasillo","status":"publish","type":"product","link":"https:\/\/www.kilim-age.com\/en\/producto\/kilim-etnico-para-pasillo\/","title":{"rendered":"TURKISH KILIM 67&#215;192 cm"},"content":{"rendered":"Discover the Beauty of Ethnic Kilim: Tradition and Style in Your Home<\/p>\n<p>Immerse yourself in rich cultural diversity with our stunning Ethnic Kilims. These unique pieces of textile art are much more than simple rugs; they are testaments to the tradition and heritage of diverse communities around the world.<\/p>\n<p>Ethnic Kilim is an expression of the creativity and craftsmanship of different ethnic groups. Handcrafted using techniques passed down from generation to generation, each kilim tells a story of culture and inheritance. From the vibrant geometric designs of Turkish kilims to the intricate tribal motifs of Moroccan kilims, each piece is a celebration of the diversity and beauty of the world.<\/p>\n<p>With a variety of colors, patterns, and styles, Ethnic Kilims are a wonderful way to add a touch of authenticity and personality to any space in your home. Whether you place them on the floor as stylish rugs or use them as impressive wall tapestries, these kilims are sure to be the center of attention in any room.<\/p>\n<p>Our collection of Ethnic Kilims features a wide variety of options so you can find the one that best suits your tastes and needs. From vibrant and colorful African kilims to subtle and elegant Asian kilims, each piece is unique and special.<\/p>\n<p>Discover the beauty and authenticity of Ethnic Kilim and add a touch of global style to your home today. Explore our collection and find the perfect kilim for you.","protected":false},"excerpt":{"rendered":"<p>Manufacturing: Knotted by hand<br \/>\nSize: 67 X 192cm.<br \/>\nAge: New<br \/>\nOrigin: Turkish Kilim<br \/>\nWeft: Wool<br \/>\nWarp: Wool<br \/>\nThickness approx: 1-2 mm.<br \/>\nNatural dyeing.<br \/>\nDelivery time: Spain approximately 2-5 days, Europe 5-7 days, other continents 7-10 days.<\/p>\n","protected":false},"featured_media":40573,"comment_status":"open","ping_status":"closed","template":"","meta":[],"product_brand":[],"product_cat":[61,829,783],"product_tag":[1067],"class_list":{"0":"post-40571","1":"product","2":"type-product","3":"status-publish","4":"has-post-thumbnail","6":"product_cat-kilims","7":"product_cat-toda-la-coleccion-kilim","8":"product_cat-kilim-pasilleros","9":"product_tag-kilim-para-pasillo","10":"product_shipping_class-kilim-mediano","11":"pa_ancho-cm-1041","12":"pa_ancho-cm-1015","13":"pa_color-amarillo","14":"pa_color-naranja","15":"pa_largo-cm-884","16":"pa_largo-cm-1020","18":"first","19":"instock","20":"sale","21":"sold-individually","22":"taxable","23":"shipping-taxable","24":"purchasable","25":"product-type-simple"},"yoast_head":"<!-- This site is optimized with the Yoast SEO plugin v24.8.1 - https:\/\/yoast.com\/wordpress\/plugins\/seo\/ -->\n<title>Kilim Etnico | Kilim-Age | Comprar Kilim Online -30% -50% de descuentos<\/title>\n<meta name=\"description\" content=\"El Kilim \u00c9tnico es una expresi\u00f3n de la creatividad y la destreza artesanal de diferentes grupos \u00e9tnicos. Env\u00edo y Devoluciones Gratis..\" \/>\n<meta name=\"robots\" content=\"index, follow, max-snippet:-1, max-image-preview:large, max-video-preview:-1\" \/>\n<link rel=\"canonical\" href=\"https:\/\/kilim-age.com\/es\/producto\/kilim-etnico-para-pasillo\/\" \/>\n<meta property=\"og:locale\" content=\"en_US\" \/>\n<meta property=\"og:type\" content=\"article\" \/>\n<meta property=\"og:title\" content=\"Kilim Etnico | Kilim-Age | Comprar Kilim Online -30% -50% de descuentos\" \/>\n<meta property=\"og:description\" content=\"El Kilim \u00c9tnico es una expresi\u00f3n de la creatividad y la destreza artesanal de diferentes grupos \u00e9tnicos. Env\u00edo y Devoluciones Gratis..\" \/>\n<meta property=\"og:url\" content=\"https:\/\/kilim-age.com\/es\/producto\/kilim-etnico-para-pasillo\/\" \/>\n<meta property=\"og:site_name\" content=\"Kilim-Age\" \/>\n<meta property=\"article:modified_time\" content=\"2025-06-27T21:56:47+00:00\" \/>\n<meta property=\"og:image\" content=\"https:\/\/kilim-age.com\/wp-content\/uploads\/2024\/04\/IMG_19158.jpg\" \/>\n\t<meta property=\"og:image:width\" content=\"1000\" \/>\n\t<meta property=\"og:image:height\" content=\"1300\" \/>\n\t<meta property=\"og:image:type\" content=\"image\/jpeg\" \/>\n<meta name=\"twitter:card\" content=\"summary_large_image\" \/>\n<meta name=\"twitter:label1\" content=\"Est. reading time\" \/>\n\t<meta name=\"twitter:data1\" content=\"2 minutes\" \/>\n<script type=\"application\/ld+json\" class=\"yoast-schema-graph\">{\"@context\":\"https:\/\/schema.org\",\"@graph\":[{\"@type\":\"WebPage\",\"@id\":\"https:\/\/kilim-age.com\/es\/producto\/kilim-etnico-para-pasillo\/\",\"url\":\"https:\/\/kilim-age.com\/es\/producto\/kilim-etnico-para-pasillo\/\",\"name\":\"Kilim Etnico | Kilim-Age | Comprar Kilim Online -30% -50% de descuentos\",\"isPartOf\":{\"@id\":\"https:\/\/www.kilim-age.com\/es\/#website\"},\"primaryImageOfPage\":{\"@id\":\"https:\/\/kilim-age.com\/es\/producto\/kilim-etnico-para-pasillo\/#primaryimage\"},\"image\":{\"@id\":\"https:\/\/kilim-age.com\/es\/producto\/kilim-etnico-para-pasillo\/#primaryimage\"},\"thumbnailUrl\":\"https:\/\/www.kilim-age.com\/wp-content\/uploads\/2024\/04\/IMG_19158.jpg\",\"datePublished\":\"2024-04-17T16:51:23+00:00\",\"dateModified\":\"2025-06-27T21:56:47+00:00\",\"description\":\"El Kilim \u00c9tnico es una expresi\u00f3n de la creatividad y la destreza artesanal de diferentes grupos \u00e9tnicos. Env\u00edo y Devoluciones Gratis..\",\"breadcrumb\":{\"@id\":\"https:\/\/kilim-age.com\/es\/producto\/kilim-etnico-para-pasillo\/#breadcrumb\"},\"inLanguage\":\"en-US\",\"potentialAction\":[{\"@type\":\"ReadAction\",\"target\":[\"https:\/\/kilim-age.com\/es\/producto\/kilim-etnico-para-pasillo\/\"]}]},{\"@type\":\"ImageObject\",\"inLanguage\":\"en-US\",\"@id\":\"https:\/\/kilim-age.com\/es\/producto\/kilim-etnico-para-pasillo\/#primaryimage\",\"url\":\"https:\/\/www.kilim-age.com\/wp-content\/uploads\/2024\/04\/IMG_19158.jpg\",\"contentUrl\":\"https:\/\/www.kilim-age.com\/wp-content\/uploads\/2024\/04\/IMG_19158.jpg\",\"width\":1000,\"height\":1300,\"caption\":\"kilim etnico\"},{\"@type\":\"BreadcrumbList\",\"@id\":\"https:\/\/kilim-age.com\/es\/producto\/kilim-etnico-para-pasillo\/#breadcrumb\",\"itemListElement\":[{\"@type\":\"ListItem\",\"position\":1,\"name\":\"Home\",\"item\":\"https:\/\/www.kilim-age.com\/es\/\"},{\"@type\":\"ListItem\",\"position\":2,\"name\":\"Shop\",\"item\":\"https:\/\/www.kilim-age.com\/es\/shop\/\"},{\"@type\":\"ListItem\",\"position\":3,\"name\":\"KILIM TURCA 67&#215;192 cm\"}]},{\"@type\":\"WebSite\",\"@id\":\"https:\/\/www.kilim-age.com\/es\/#website\",\"url\":\"https:\/\/www.kilim-age.com\/es\/\",\"name\":\"Kilim-Age\",\"description\":\"Somos especialistas en productos artesanales de Turqu\u00eda como Alfombras, y Kilims\",\"potentialAction\":[{\"@type\":\"SearchAction\",\"target\":{\"@type\":\"EntryPoint\",\"urlTemplate\":\"https:\/\/www.kilim-age.com\/es\/?s={search_term_string}\"},\"query-input\":{\"@type\":\"PropertyValueSpecification\",\"valueRequired\":true,\"valueName\":\"search_term_string\"}}],\"inLanguage\":\"en-US\"}]}<\/script>\n<!-- \/ Yoast SEO plugin. -->","yoast_head_json":{"title":"Kilim Etnico | Kilim-Age | Comprar Kilim Online -30% -50% de descuentos","description":"El Kilim \u00c9tnico es una expresi\u00f3n de la creatividad y la destreza artesanal de diferentes grupos \u00e9tnicos. Env\u00edo y Devoluciones Gratis..","robots":{"index":"index","follow":"follow","max-snippet":"max-snippet:-1","max-image-preview":"max-image-preview:large","max-video-preview":"max-video-preview:-1"},"canonical":"https:\/\/kilim-age.com\/es\/producto\/kilim-etnico-para-pasillo\/","og_locale":"en_US","og_type":"article","og_title":"Kilim Etnico | Kilim-Age | Comprar Kilim Online -30% -50% de descuentos","og_description":"El Kilim \u00c9tnico es una expresi\u00f3n de la creatividad y la destreza artesanal de diferentes grupos \u00e9tnicos. Env\u00edo y Devoluciones Gratis..","og_url":"https:\/\/kilim-age.com\/es\/producto\/kilim-etnico-para-pasillo\/","og_site_name":"Kilim-Age","article_modified_time":"2025-06-27T21:56:47+00:00","og_image":[{"width":1000,"height":1300,"url":"https:\/\/kilim-age.com\/wp-content\/uploads\/2024\/04\/IMG_19158.jpg","type":"image\/jpeg"}],"twitter_card":"summary_large_image","twitter_misc":{"Est. reading time":"2 minutes"},"schema":{"@context":"https:\/\/schema.org","@graph":[{"@type":"WebPage","@id":"https:\/\/kilim-age.com\/es\/producto\/kilim-etnico-para-pasillo\/","url":"https:\/\/kilim-age.com\/es\/producto\/kilim-etnico-para-pasillo\/","name":"Kilim Etnico | Kilim-Age | Comprar Kilim Online -30% -50% de descuentos","isPartOf":{"@id":"https:\/\/www.kilim-age.com\/es\/#website"},"primaryImageOfPage":{"@id":"https:\/\/kilim-age.com\/es\/producto\/kilim-etnico-para-pasillo\/#primaryimage"},"image":{"@id":"https:\/\/kilim-age.com\/es\/producto\/kilim-etnico-para-pasillo\/#primaryimage"},"thumbnailUrl":"https:\/\/www.kilim-age.com\/wp-content\/uploads\/2024\/04\/IMG_19158.jpg","datePublished":"2024-04-17T16:51:23+00:00","dateModified":"2025-06-27T21:56:47+00:00","description":"El Kilim \u00c9tnico es una expresi\u00f3n de la creatividad y la destreza artesanal de diferentes grupos \u00e9tnicos. Env\u00edo y Devoluciones Gratis..","breadcrumb":{"@id":"https:\/\/kilim-age.com\/es\/producto\/kilim-etnico-para-pasillo\/#breadcrumb"},"inLanguage":"en-US","potentialAction":[{"@type":"ReadAction","target":["https:\/\/kilim-age.com\/es\/producto\/kilim-etnico-para-pasillo\/"]}]},{"@type":"ImageObject","inLanguage":"en-US","@id":"https:\/\/kilim-age.com\/es\/producto\/kilim-etnico-para-pasillo\/#primaryimage","url":"https:\/\/www.kilim-age.com\/wp-content\/uploads\/2024\/04\/IMG_19158.jpg","contentUrl":"https:\/\/www.kilim-age.com\/wp-content\/uploads\/2024\/04\/IMG_19158.jpg","width":1000,"height":1300,"caption":"kilim etnico"},{"@type":"BreadcrumbList","@id":"https:\/\/kilim-age.com\/es\/producto\/kilim-etnico-para-pasillo\/#breadcrumb","itemListElement":[{"@type":"ListItem","position":1,"name":"Home","item":"https:\/\/www.kilim-age.com\/es\/"},{"@type":"ListItem","position":2,"name":"Shop","item":"https:\/\/www.kilim-age.com\/es\/shop\/"},{"@type":"ListItem","position":3,"name":"KILIM TURCA 67&#215;192 cm"}]},{"@type":"WebSite","@id":"https:\/\/www.kilim-age.com\/es\/#website","url":"https:\/\/www.kilim-age.com\/es\/","name":"Kilim-Age","description":"Somos especialistas en productos artesanales de Turqu\u00eda como Alfombras, y Kilims","potentialAction":[{"@type":"SearchAction","target":{"@type":"EntryPoint","urlTemplate":"https:\/\/www.kilim-age.com\/es\/?s={search_term_string}"},"query-input":{"@type":"PropertyValueSpecification","valueRequired":true,"valueName":"search_term_string"}}],"inLanguage":"en-US"}]}},"_links":{"self":[{"href":"https:\/\/www.kilim-age.com\/en\/wp-json\/wp\/v2\/product\/40571","targetHints":{"allow":["GET"]}}],"collection":[{"href":"https:\/\/www.kilim-age.com\/en\/wp-json\/wp\/v2\/product"}],"about":[{"href":"https:\/\/www.kilim-age.com\/en\/wp-json\/wp\/v2\/types\/product"}],"replies":[{"embeddable":true,"href":"https:\/\/www.kilim-age.com\/en\/wp-json\/wp\/v2\/comments?post=40571"}],"wp:featuredmedia":[{"embeddable":true,"href":"https:\/\/www.kilim-age.com\/en\/wp-json\/wp\/v2\/media\/40573"}],"wp:attachment":[{"href":"https:\/\/www.kilim-age.com\/en\/wp-json\/wp\/v2\/media?parent=40571"}],"wp:term":[{"taxonomy":"product_brand","embeddable":true,"href":"https:\/\/www.kilim-age.com\/en\/wp-json\/wp\/v2\/product_brand?post=40571"},{"taxonomy":"product_cat","embeddable":true,"href":"https:\/\/www.kilim-age.com\/en\/wp-json\/wp\/v2\/product_cat?post=40571"},{"taxonomy":"product_tag","embeddable":true,"href":"https:\/\/www.kilim-age.com\/en\/wp-json\/wp\/v2\/product_tag?post=40571"}],"curies":[{"name":"wp","href":"https:\/\/api.w.org\/{rel}","templated":true}]}}