{"id":40592,"date":"2024-04-18T12:56:37","date_gmt":"2024-04-18T10:56:37","guid":{"rendered":"https:\/\/www.kilim-age.com\/?post_type=product&#038;p=40592"},"modified":"2025-07-11T18:12:56","modified_gmt":"2025-07-11T16:12:56","slug":"kilim-artesanal","status":"publish","type":"product","link":"https:\/\/www.kilim-age.com\/en\/producto\/kilim-artesanal\/","title":{"rendered":"KILIM 146&#215;186 cm"},"content":{"rendered":"<div class=\"flex-1 overflow-hidden\">\n<div class=\"react-scroll-to-bottom--css-tcehf-79elbk h-full\">\n<div class=\"react-scroll-to-bottom--css-tcehf-1n7m0yu\">\n<div class=\"flex flex-col text-sm pb-9\">\n<div class=\"w-full text-token-text-primary\" dir=\"auto\" data-testid=\"conversation-turn-17\">\n<div class=\"px-4 py-2 justify-center text-base md:gap-6 m-auto\">\n<div class=\"flex flex-1 text-base mx-auto gap-3 juice:gap-4 juice:md:gap-6 md:px-5 lg:px-1 xl:px-5 md:max-w-3xl lg:max-w-[40rem] xl:max-w-[48rem]\">\n<div class=\"relative flex w-full flex-col agent-turn\">\n<div class=\"flex-col gap-1 md:gap-3\">\n<div class=\"flex flex-grow flex-col max-w-full\">\n<div class=\"min-h-[20px] text-message flex flex-col items-start gap-3 whitespace-pre-wrap break-words [.text-message+&amp;]:mt-5 overflow-x-auto\" dir=\"auto\" data-message-author-role=\"assistant\" data-message-id=\"ba4ad15a-1b28-4a37-bfcc-17f597b1efc7\">\n<div class=\"markdown prose w-full break-words dark:prose-invert light\">\n<p>Enhance Your Home with the Classic Elegance of Handcrafted Kilim<\/p>\n<p>Immerse yourself in tradition and craftsmanship with our stunning handcrafted Kilim, a unique piece that blends the beauty of classic design with the authenticity of handmade work. This Kilim, with its timeless geometric design, is a work of art that will add character and style to any space in your home.<\/p>\n<p>Carefully crafted with precision by skilled artisans, this Kilim features an outer border in shades of blue that adds a touch of serenity and freshness. Inside, the vibrant contrast between orange, cream, and light blue tones creates a captivating effect that brings warmth and vitality to your environment.<\/p>\n<p>Measuring 127&#215;84 cm, this Kilim is ideal for a variety of uses in your home. Place it in your living room as an elegant rug that becomes the centerpiece, or use it as a striking decorative piece in your bedroom or study. Its versatility allows you to explore different ways to incorporate this work of art into your decor.<\/p>\n<p>In addition to its aesthetic beauty, this handcrafted Kilim also reflects the quality and craftsmanship of its making. Each handwoven thread tells a story of dedication and mastery, ensuring that this piece becomes a cherished treasure in your home for many years to come.<\/p>\n<p>Enhance your home with the classic elegance of our handcrafted Kilim. Discover the magic of its geometric design and the warmth of its colors as you transform your space into an oasis of style and authenticity.<\/p>\n<\/div>\n<\/div>\n<\/div>\n<div class=\"mt-1 flex gap-3 empty:hidden\">\n<div class=\"text-gray-400 flex self-end lg:self-center items-center justify-center lg:justify-start mt-0 -ml-1 h-7 gap-[2px] visible\">\n<div class=\"flex items-center gap-1.5 text-xs\"><\/div>\n<div class=\"flex\"><\/div>\n<\/div>\n<\/div>\n<div class=\"pr-2 lg:pr-0\"><\/div>\n<\/div>\n<div class=\"absolute\">\n<div class=\"flex w-full gap-2 items-center justify-center\"><\/div>\n<\/div>\n<\/div>\n<\/div>\n<\/div>\n<\/div>\n<\/div>\n<\/div>\n<\/div>\n<\/div>\n<div class=\"w-full pt-2 md:pt-0 dark:border-white\/20 md:border-transparent md:dark:border-transparent md:w-[calc(100%-.5rem)]\">\n<form class=\"stretch mx-2 flex flex-row gap-3 last:mb-2 md:mx-4 md:last:mb-6 lg:mx-auto lg:max-w-2xl xl:max-w-3xl\">\n<div class=\"relative flex h-full flex-1 flex-col\">\n<div class=\"absolute bottom-full left-0 right-0\"><\/div>\n<div class=\"flex w-full items-center\"><\/div>\n<\/div>\n<\/form>\n<\/div>","protected":false},"excerpt":{"rendered":"<p style=\"text-align: left;\">Manufacturing: Knotted by hand<br \/>\nSize: 146&#215;186 cm<br \/>\nAge: New<br \/>\nOrigin: Kilim from center of Anatolia<br \/>\nWeft: Wool<br \/>\nWarp: Wool<br \/>\nThickness approx: 1-2 mm.<br \/>\nNatural dyeing.<br \/>\nDelivery time: Spain approximately 2-5 days, Europe 5-7 days, other continents 7-10 days.<\/p>\n","protected":false},"featured_media":41497,"comment_status":"open","ping_status":"closed","template":"","meta":[],"product_brand":[],"product_cat":[61,829],"product_tag":[73],"class_list":{"0":"post-40592","1":"product","2":"type-product","3":"status-publish","4":"has-post-thumbnail","6":"product_cat-kilims","7":"product_cat-toda-la-coleccion-kilim","8":"product_tag-anatolian-kilim","9":"product_shipping_class-kilim-mediano","10":"pa_ancho-cm-1049","11":"pa_ancho-cm-1012","12":"pa_color-azul","13":"pa_color-beige","14":"pa_color-naranja","15":"pa_largo-cm-977","16":"pa_largo-cm-885","18":"first","19":"instock","20":"sale","21":"sold-individually","22":"taxable","23":"shipping-taxable","24":"purchasable","25":"product-type-simple"},"yoast_head":"<!-- This site is optimized with the Yoast SEO plugin v24.8.1 - https:\/\/yoast.com\/wordpress\/plugins\/seo\/ -->\n<title>Kilim Artesanal | Kilim-Age | Tienda de alfombras y Kilim Online<\/title>\n<meta name=\"description\" content=\"Sum\u00e9rgete en la tradici\u00f3n y la artesan\u00eda con nuestro impresionante Kilim artesanal, una pieza \u00fanica que fusiona la belleza del dise\u00f1o cl\u00e1sico\" \/>\n<meta name=\"robots\" content=\"index, follow, max-snippet:-1, max-image-preview:large, max-video-preview:-1\" \/>\n<link rel=\"canonical\" href=\"https:\/\/www.kilim-age.com\/en\/producto\/kilim-artesanal\/\" \/>\n<meta property=\"og:locale\" content=\"en_US\" \/>\n<meta property=\"og:type\" content=\"article\" \/>\n<meta property=\"og:title\" content=\"Kilim Artesanal | Kilim-Age | Tienda de alfombras y Kilim Online\" \/>\n<meta property=\"og:description\" content=\"Sum\u00e9rgete en la tradici\u00f3n y la artesan\u00eda con nuestro impresionante Kilim artesanal, una pieza \u00fanica que fusiona la belleza del dise\u00f1o cl\u00e1sico\" \/>\n<meta property=\"og:url\" content=\"https:\/\/www.kilim-age.com\/en\/producto\/kilim-artesanal\/\" \/>\n<meta property=\"og:site_name\" content=\"Kilim-Age\" \/>\n<meta property=\"article:modified_time\" content=\"2025-07-11T16:12:56+00:00\" \/>\n<meta property=\"og:image\" content=\"https:\/\/www.kilim-age.com\/wp-content\/uploads\/2024\/04\/KA3207.jpg\" \/>\n\t<meta property=\"og:image:width\" content=\"1000\" \/>\n\t<meta property=\"og:image:height\" content=\"1300\" \/>\n\t<meta property=\"og:image:type\" content=\"image\/jpeg\" \/>\n<meta name=\"twitter:card\" content=\"summary_large_image\" \/>\n<meta name=\"twitter:label1\" content=\"Est. reading time\" \/>\n\t<meta name=\"twitter:data1\" content=\"2 minutes\" \/>\n<script type=\"application\/ld+json\" class=\"yoast-schema-graph\">{\"@context\":\"https:\/\/schema.org\",\"@graph\":[{\"@type\":\"WebPage\",\"@id\":\"https:\/\/www.kilim-age.com\/en\/producto\/kilim-artesanal\/\",\"url\":\"https:\/\/www.kilim-age.com\/en\/producto\/kilim-artesanal\/\",\"name\":\"Kilim Artesanal | Kilim-Age | Tienda de alfombras y Kilim Online\",\"isPartOf\":{\"@id\":\"https:\/\/www.kilim-age.com\/es\/#website\"},\"primaryImageOfPage\":{\"@id\":\"https:\/\/www.kilim-age.com\/en\/producto\/kilim-artesanal\/#primaryimage\"},\"image\":{\"@id\":\"https:\/\/www.kilim-age.com\/en\/producto\/kilim-artesanal\/#primaryimage\"},\"thumbnailUrl\":\"https:\/\/www.kilim-age.com\/wp-content\/uploads\/2024\/04\/KA3207.jpg\",\"datePublished\":\"2024-04-18T10:56:37+00:00\",\"dateModified\":\"2025-07-11T16:12:56+00:00\",\"description\":\"Sum\u00e9rgete en la tradici\u00f3n y la artesan\u00eda con nuestro impresionante Kilim artesanal, una pieza \u00fanica que fusiona la belleza del dise\u00f1o cl\u00e1sico\",\"breadcrumb\":{\"@id\":\"https:\/\/www.kilim-age.com\/en\/producto\/kilim-artesanal\/#breadcrumb\"},\"inLanguage\":\"en-US\",\"potentialAction\":[{\"@type\":\"ReadAction\",\"target\":[\"https:\/\/www.kilim-age.com\/en\/producto\/kilim-artesanal\/\"]}]},{\"@type\":\"ImageObject\",\"inLanguage\":\"en-US\",\"@id\":\"https:\/\/www.kilim-age.com\/en\/producto\/kilim-artesanal\/#primaryimage\",\"url\":\"https:\/\/www.kilim-age.com\/wp-content\/uploads\/2024\/04\/KA3207.jpg\",\"contentUrl\":\"https:\/\/www.kilim-age.com\/wp-content\/uploads\/2024\/04\/KA3207.jpg\",\"width\":1000,\"height\":1300},{\"@type\":\"BreadcrumbList\",\"@id\":\"https:\/\/www.kilim-age.com\/en\/producto\/kilim-artesanal\/#breadcrumb\",\"itemListElement\":[{\"@type\":\"ListItem\",\"position\":1,\"name\":\"Home\",\"item\":\"https:\/\/www.kilim-age.com\/es\/\"},{\"@type\":\"ListItem\",\"position\":2,\"name\":\"Shop\",\"item\":\"https:\/\/www.kilim-age.com\/es\/shop\/\"},{\"@type\":\"ListItem\",\"position\":3,\"name\":\"KILIM 146&#215;186 cm\"}]},{\"@type\":\"WebSite\",\"@id\":\"https:\/\/www.kilim-age.com\/es\/#website\",\"url\":\"https:\/\/www.kilim-age.com\/es\/\",\"name\":\"Kilim-Age\",\"description\":\"Somos especialistas en productos artesanales de Turqu\u00eda como Alfombras, y Kilims\",\"potentialAction\":[{\"@type\":\"SearchAction\",\"target\":{\"@type\":\"EntryPoint\",\"urlTemplate\":\"https:\/\/www.kilim-age.com\/es\/?s={search_term_string}\"},\"query-input\":{\"@type\":\"PropertyValueSpecification\",\"valueRequired\":true,\"valueName\":\"search_term_string\"}}],\"inLanguage\":\"en-US\"}]}<\/script>\n<!-- \/ Yoast SEO plugin. -->","yoast_head_json":{"title":"Kilim Artesanal | Kilim-Age | Tienda de alfombras y Kilim Online","description":"Sum\u00e9rgete en la tradici\u00f3n y la artesan\u00eda con nuestro impresionante Kilim artesanal, una pieza \u00fanica que fusiona la belleza del dise\u00f1o cl\u00e1sico","robots":{"index":"index","follow":"follow","max-snippet":"max-snippet:-1","max-image-preview":"max-image-preview:large","max-video-preview":"max-video-preview:-1"},"canonical":"https:\/\/www.kilim-age.com\/en\/producto\/kilim-artesanal\/","og_locale":"en_US","og_type":"article","og_title":"Kilim Artesanal | Kilim-Age | Tienda de alfombras y Kilim Online","og_description":"Sum\u00e9rgete en la tradici\u00f3n y la artesan\u00eda con nuestro impresionante Kilim artesanal, una pieza \u00fanica que fusiona la belleza del dise\u00f1o cl\u00e1sico","og_url":"https:\/\/www.kilim-age.com\/en\/producto\/kilim-artesanal\/","og_site_name":"Kilim-Age","article_modified_time":"2025-07-11T16:12:56+00:00","og_image":[{"width":1000,"height":1300,"url":"https:\/\/www.kilim-age.com\/wp-content\/uploads\/2024\/04\/KA3207.jpg","type":"image\/jpeg"}],"twitter_card":"summary_large_image","twitter_misc":{"Est. reading time":"2 minutes"},"schema":{"@context":"https:\/\/schema.org","@graph":[{"@type":"WebPage","@id":"https:\/\/www.kilim-age.com\/en\/producto\/kilim-artesanal\/","url":"https:\/\/www.kilim-age.com\/en\/producto\/kilim-artesanal\/","name":"Kilim Artesanal | Kilim-Age | Tienda de alfombras y Kilim Online","isPartOf":{"@id":"https:\/\/www.kilim-age.com\/es\/#website"},"primaryImageOfPage":{"@id":"https:\/\/www.kilim-age.com\/en\/producto\/kilim-artesanal\/#primaryimage"},"image":{"@id":"https:\/\/www.kilim-age.com\/en\/producto\/kilim-artesanal\/#primaryimage"},"thumbnailUrl":"https:\/\/www.kilim-age.com\/wp-content\/uploads\/2024\/04\/KA3207.jpg","datePublished":"2024-04-18T10:56:37+00:00","dateModified":"2025-07-11T16:12:56+00:00","description":"Sum\u00e9rgete en la tradici\u00f3n y la artesan\u00eda con nuestro impresionante Kilim artesanal, una pieza \u00fanica que fusiona la belleza del dise\u00f1o cl\u00e1sico","breadcrumb":{"@id":"https:\/\/www.kilim-age.com\/en\/producto\/kilim-artesanal\/#breadcrumb"},"inLanguage":"en-US","potentialAction":[{"@type":"ReadAction","target":["https:\/\/www.kilim-age.com\/en\/producto\/kilim-artesanal\/"]}]},{"@type":"ImageObject","inLanguage":"en-US","@id":"https:\/\/www.kilim-age.com\/en\/producto\/kilim-artesanal\/#primaryimage","url":"https:\/\/www.kilim-age.com\/wp-content\/uploads\/2024\/04\/KA3207.jpg","contentUrl":"https:\/\/www.kilim-age.com\/wp-content\/uploads\/2024\/04\/KA3207.jpg","width":1000,"height":1300},{"@type":"BreadcrumbList","@id":"https:\/\/www.kilim-age.com\/en\/producto\/kilim-artesanal\/#breadcrumb","itemListElement":[{"@type":"ListItem","position":1,"name":"Home","item":"https:\/\/www.kilim-age.com\/es\/"},{"@type":"ListItem","position":2,"name":"Shop","item":"https:\/\/www.kilim-age.com\/es\/shop\/"},{"@type":"ListItem","position":3,"name":"KILIM 146&#215;186 cm"}]},{"@type":"WebSite","@id":"https:\/\/www.kilim-age.com\/es\/#website","url":"https:\/\/www.kilim-age.com\/es\/","name":"Kilim-Age","description":"Somos especialistas en productos artesanales de Turqu\u00eda como Alfombras, y Kilims","potentialAction":[{"@type":"SearchAction","target":{"@type":"EntryPoint","urlTemplate":"https:\/\/www.kilim-age.com\/es\/?s={search_term_string}"},"query-input":{"@type":"PropertyValueSpecification","valueRequired":true,"valueName":"search_term_string"}}],"inLanguage":"en-US"}]}},"_links":{"self":[{"href":"https:\/\/www.kilim-age.com\/en\/wp-json\/wp\/v2\/product\/40592","targetHints":{"allow":["GET"]}}],"collection":[{"href":"https:\/\/www.kilim-age.com\/en\/wp-json\/wp\/v2\/product"}],"about":[{"href":"https:\/\/www.kilim-age.com\/en\/wp-json\/wp\/v2\/types\/product"}],"replies":[{"embeddable":true,"href":"https:\/\/www.kilim-age.com\/en\/wp-json\/wp\/v2\/comments?post=40592"}],"wp:featuredmedia":[{"embeddable":true,"href":"https:\/\/www.kilim-age.com\/en\/wp-json\/wp\/v2\/media\/41497"}],"wp:attachment":[{"href":"https:\/\/www.kilim-age.com\/en\/wp-json\/wp\/v2\/media?parent=40592"}],"wp:term":[{"taxonomy":"product_brand","embeddable":true,"href":"https:\/\/www.kilim-age.com\/en\/wp-json\/wp\/v2\/product_brand?post=40592"},{"taxonomy":"product_cat","embeddable":true,"href":"https:\/\/www.kilim-age.com\/en\/wp-json\/wp\/v2\/product_cat?post=40592"},{"taxonomy":"product_tag","embeddable":true,"href":"https:\/\/www.kilim-age.com\/en\/wp-json\/wp\/v2\/product_tag?post=40592"}],"curies":[{"name":"wp","href":"https:\/\/api.w.org\/{rel}","templated":true}]}}