{"id":40725,"date":"2024-04-23T19:31:27","date_gmt":"2024-04-23T17:31:27","guid":{"rendered":"https:\/\/www.kilim-age.com\/?post_type=product&#038;p=40725"},"modified":"2025-05-22T19:59:36","modified_gmt":"2025-05-22T17:59:36","slug":"kilims-con-precios-bajos","status":"publish","type":"product","link":"https:\/\/www.kilim-age.com\/en\/producto\/kilims-con-precios-bajos\/","title":{"rendered":"Turkish kilim 78&#215;185 cm"},"content":{"rendered":"Discover Elegance and Affordability: Low-Priced Kilim<\/p>\n<p>Are you looking for a way to add a touch of charm and distinction to your home without breaking the bank? Look no further! Our low-priced kilim is the perfect solution. With its measurements of 78&#215;185 cm and a color combination that includes different shades of red with hints of light and dark blue, this tapestry is the ideal choice for any space.<\/p>\n<p>Our kilim is not only an affordable option but also a statement of style. Its unique design and vibrant colors will add an elegant touch to any room, whether it&#8217;s a living room, bedroom, or even a narrow hallway.<\/p>\n<p>Despite its low price, our kilim is made with high-quality materials and exceptional craftsmanship. Each thread is carefully handwoven by expert artisans, ensuring durability and lasting beauty that will withstand the test of time.<\/p>\n<p>In addition to being an economical choice for decorating your home, our kilim is also versatile in its use. Use it as a centerpiece in your living room to create an interesting focal point, place it next to your bed to add a touch of color to your bedroom, or use it as a unique way to decorate your hallway.<\/p>\n<p>Don&#8217;t miss this opportunity to beautify your home with our low-priced kilim. Buy now and discover how elegance and affordability can go hand in hand!","protected":false},"excerpt":{"rendered":"<p>Manufacturing: Knotted by hand<br \/>\nSize: 78 X 185 cm.<br \/>\nAge: New<br \/>\nOrigin: Kilim from center of Anatolia\/Kayseri<br \/>\nWeft: Wool<br \/>\nWarp: Wool<br \/>\nThickness approx: 1-2 mm.<br \/>\nNatural dyeing.<br \/>\nThe colors in the carpet will be perceived differently depending on the angle you view it from.<br \/>\nDelivery time: Spain approximately 2-5 days, Europe 5-7 days, other continents 7-10 days.<\/p>\n","protected":false},"featured_media":40727,"comment_status":"open","ping_status":"closed","template":"","meta":[],"product_brand":[],"product_cat":[61,829,783],"product_tag":[1078],"class_list":{"0":"post-40725","1":"product","2":"type-product","3":"status-publish","4":"has-post-thumbnail","6":"product_cat-kilims","7":"product_cat-toda-la-coleccion-kilim","8":"product_cat-kilim-pasilleros","9":"product_tag-kilim-afgano","10":"product_shipping_class-kilim-mediano","11":"pa_ancho-cm-985","12":"pa_ancho-cm-908","13":"pa_color-azul","14":"pa_color-rojo","15":"pa_largo-cm-993","16":"pa_largo-cm-884","18":"first","19":"outofstock","20":"sale","21":"sold-individually","22":"taxable","23":"shipping-taxable","24":"purchasable","25":"product-type-simple"},"yoast_head":"<!-- This site is optimized with the Yoast SEO plugin v24.8.1 - https:\/\/yoast.com\/wordpress\/plugins\/seo\/ -->\n<title>Kilims con precios bajos | Kilim-Age | Tienda de Alfombras Kilim<\/title>\n<meta name=\"description\" content=\"Kilims con Precios Bajos \u00bfEst\u00e1s buscando una forma de a\u00f1adir un toque de encanto y distinci\u00f3n a tu hogar sin gastar una fortuna?\" \/>\n<meta name=\"robots\" content=\"index, follow, max-snippet:-1, max-image-preview:large, max-video-preview:-1\" \/>\n<link rel=\"canonical\" href=\"https:\/\/www.kilim-age.com\/en\/producto\/kilims-con-precios-bajos\/\" \/>\n<meta property=\"og:locale\" content=\"en_US\" \/>\n<meta property=\"og:type\" content=\"article\" \/>\n<meta property=\"og:title\" content=\"Kilims con precios bajos | Kilim-Age | Tienda de Alfombras Kilim\" \/>\n<meta property=\"og:description\" content=\"Kilims con Precios Bajos \u00bfEst\u00e1s buscando una forma de a\u00f1adir un toque de encanto y distinci\u00f3n a tu hogar sin gastar una fortuna?\" \/>\n<meta property=\"og:url\" content=\"https:\/\/www.kilim-age.com\/en\/producto\/kilims-con-precios-bajos\/\" \/>\n<meta property=\"og:site_name\" content=\"Kilim-Age\" \/>\n<meta property=\"article:modified_time\" content=\"2025-05-22T17:59:36+00:00\" \/>\n<meta property=\"og:image\" content=\"https:\/\/www.kilim-age.com\/wp-content\/uploads\/2024\/04\/IMG_2033.jpg\" \/>\n\t<meta property=\"og:image:width\" content=\"1000\" \/>\n\t<meta property=\"og:image:height\" content=\"1300\" \/>\n\t<meta property=\"og:image:type\" content=\"image\/jpeg\" \/>\n<meta name=\"twitter:card\" content=\"summary_large_image\" \/>\n<meta name=\"twitter:label1\" content=\"Est. reading time\" \/>\n\t<meta name=\"twitter:data1\" content=\"2 minutes\" \/>\n<script type=\"application\/ld+json\" class=\"yoast-schema-graph\">{\"@context\":\"https:\/\/schema.org\",\"@graph\":[{\"@type\":\"WebPage\",\"@id\":\"https:\/\/www.kilim-age.com\/en\/producto\/kilims-con-precios-bajos\/\",\"url\":\"https:\/\/www.kilim-age.com\/en\/producto\/kilims-con-precios-bajos\/\",\"name\":\"Kilims con precios bajos | Kilim-Age | Tienda de Alfombras Kilim\",\"isPartOf\":{\"@id\":\"https:\/\/www.kilim-age.com\/es\/#website\"},\"primaryImageOfPage\":{\"@id\":\"https:\/\/www.kilim-age.com\/en\/producto\/kilims-con-precios-bajos\/#primaryimage\"},\"image\":{\"@id\":\"https:\/\/www.kilim-age.com\/en\/producto\/kilims-con-precios-bajos\/#primaryimage\"},\"thumbnailUrl\":\"https:\/\/www.kilim-age.com\/wp-content\/uploads\/2024\/04\/IMG_2033.jpg\",\"datePublished\":\"2024-04-23T17:31:27+00:00\",\"dateModified\":\"2025-05-22T17:59:36+00:00\",\"description\":\"Kilims con Precios Bajos \u00bfEst\u00e1s buscando una forma de a\u00f1adir un toque de encanto y distinci\u00f3n a tu hogar sin gastar una fortuna?\",\"breadcrumb\":{\"@id\":\"https:\/\/www.kilim-age.com\/en\/producto\/kilims-con-precios-bajos\/#breadcrumb\"},\"inLanguage\":\"en-US\",\"potentialAction\":[{\"@type\":\"ReadAction\",\"target\":[\"https:\/\/www.kilim-age.com\/en\/producto\/kilims-con-precios-bajos\/\"]}]},{\"@type\":\"ImageObject\",\"inLanguage\":\"en-US\",\"@id\":\"https:\/\/www.kilim-age.com\/en\/producto\/kilims-con-precios-bajos\/#primaryimage\",\"url\":\"https:\/\/www.kilim-age.com\/wp-content\/uploads\/2024\/04\/IMG_2033.jpg\",\"contentUrl\":\"https:\/\/www.kilim-age.com\/wp-content\/uploads\/2024\/04\/IMG_2033.jpg\",\"width\":1000,\"height\":1300,\"caption\":\"Kilim con precios bajos\"},{\"@type\":\"BreadcrumbList\",\"@id\":\"https:\/\/www.kilim-age.com\/en\/producto\/kilims-con-precios-bajos\/#breadcrumb\",\"itemListElement\":[{\"@type\":\"ListItem\",\"position\":1,\"name\":\"Home\",\"item\":\"https:\/\/www.kilim-age.com\/es\/\"},{\"@type\":\"ListItem\",\"position\":2,\"name\":\"Shop\",\"item\":\"https:\/\/www.kilim-age.com\/es\/shop\/\"},{\"@type\":\"ListItem\",\"position\":3,\"name\":\"Turkish kilim 78&#215;185 cm\"}]},{\"@type\":\"WebSite\",\"@id\":\"https:\/\/www.kilim-age.com\/es\/#website\",\"url\":\"https:\/\/www.kilim-age.com\/es\/\",\"name\":\"Kilim-Age\",\"description\":\"Somos especialistas en productos artesanales de Turqu\u00eda como Alfombras, y Kilims\",\"potentialAction\":[{\"@type\":\"SearchAction\",\"target\":{\"@type\":\"EntryPoint\",\"urlTemplate\":\"https:\/\/www.kilim-age.com\/es\/?s={search_term_string}\"},\"query-input\":{\"@type\":\"PropertyValueSpecification\",\"valueRequired\":true,\"valueName\":\"search_term_string\"}}],\"inLanguage\":\"en-US\"}]}<\/script>\n<!-- \/ Yoast SEO plugin. -->","yoast_head_json":{"title":"Kilims con precios bajos | Kilim-Age | Tienda de Alfombras Kilim","description":"Kilims con Precios Bajos \u00bfEst\u00e1s buscando una forma de a\u00f1adir un toque de encanto y distinci\u00f3n a tu hogar sin gastar una fortuna?","robots":{"index":"index","follow":"follow","max-snippet":"max-snippet:-1","max-image-preview":"max-image-preview:large","max-video-preview":"max-video-preview:-1"},"canonical":"https:\/\/www.kilim-age.com\/en\/producto\/kilims-con-precios-bajos\/","og_locale":"en_US","og_type":"article","og_title":"Kilims con precios bajos | Kilim-Age | Tienda de Alfombras Kilim","og_description":"Kilims con Precios Bajos \u00bfEst\u00e1s buscando una forma de a\u00f1adir un toque de encanto y distinci\u00f3n a tu hogar sin gastar una fortuna?","og_url":"https:\/\/www.kilim-age.com\/en\/producto\/kilims-con-precios-bajos\/","og_site_name":"Kilim-Age","article_modified_time":"2025-05-22T17:59:36+00:00","og_image":[{"width":1000,"height":1300,"url":"https:\/\/www.kilim-age.com\/wp-content\/uploads\/2024\/04\/IMG_2033.jpg","type":"image\/jpeg"}],"twitter_card":"summary_large_image","twitter_misc":{"Est. reading time":"2 minutes"},"schema":{"@context":"https:\/\/schema.org","@graph":[{"@type":"WebPage","@id":"https:\/\/www.kilim-age.com\/en\/producto\/kilims-con-precios-bajos\/","url":"https:\/\/www.kilim-age.com\/en\/producto\/kilims-con-precios-bajos\/","name":"Kilims con precios bajos | Kilim-Age | Tienda de Alfombras Kilim","isPartOf":{"@id":"https:\/\/www.kilim-age.com\/es\/#website"},"primaryImageOfPage":{"@id":"https:\/\/www.kilim-age.com\/en\/producto\/kilims-con-precios-bajos\/#primaryimage"},"image":{"@id":"https:\/\/www.kilim-age.com\/en\/producto\/kilims-con-precios-bajos\/#primaryimage"},"thumbnailUrl":"https:\/\/www.kilim-age.com\/wp-content\/uploads\/2024\/04\/IMG_2033.jpg","datePublished":"2024-04-23T17:31:27+00:00","dateModified":"2025-05-22T17:59:36+00:00","description":"Kilims con Precios Bajos \u00bfEst\u00e1s buscando una forma de a\u00f1adir un toque de encanto y distinci\u00f3n a tu hogar sin gastar una fortuna?","breadcrumb":{"@id":"https:\/\/www.kilim-age.com\/en\/producto\/kilims-con-precios-bajos\/#breadcrumb"},"inLanguage":"en-US","potentialAction":[{"@type":"ReadAction","target":["https:\/\/www.kilim-age.com\/en\/producto\/kilims-con-precios-bajos\/"]}]},{"@type":"ImageObject","inLanguage":"en-US","@id":"https:\/\/www.kilim-age.com\/en\/producto\/kilims-con-precios-bajos\/#primaryimage","url":"https:\/\/www.kilim-age.com\/wp-content\/uploads\/2024\/04\/IMG_2033.jpg","contentUrl":"https:\/\/www.kilim-age.com\/wp-content\/uploads\/2024\/04\/IMG_2033.jpg","width":1000,"height":1300,"caption":"Kilim con precios bajos"},{"@type":"BreadcrumbList","@id":"https:\/\/www.kilim-age.com\/en\/producto\/kilims-con-precios-bajos\/#breadcrumb","itemListElement":[{"@type":"ListItem","position":1,"name":"Home","item":"https:\/\/www.kilim-age.com\/es\/"},{"@type":"ListItem","position":2,"name":"Shop","item":"https:\/\/www.kilim-age.com\/es\/shop\/"},{"@type":"ListItem","position":3,"name":"Turkish kilim 78&#215;185 cm"}]},{"@type":"WebSite","@id":"https:\/\/www.kilim-age.com\/es\/#website","url":"https:\/\/www.kilim-age.com\/es\/","name":"Kilim-Age","description":"Somos especialistas en productos artesanales de Turqu\u00eda como Alfombras, y Kilims","potentialAction":[{"@type":"SearchAction","target":{"@type":"EntryPoint","urlTemplate":"https:\/\/www.kilim-age.com\/es\/?s={search_term_string}"},"query-input":{"@type":"PropertyValueSpecification","valueRequired":true,"valueName":"search_term_string"}}],"inLanguage":"en-US"}]}},"_links":{"self":[{"href":"https:\/\/www.kilim-age.com\/en\/wp-json\/wp\/v2\/product\/40725","targetHints":{"allow":["GET"]}}],"collection":[{"href":"https:\/\/www.kilim-age.com\/en\/wp-json\/wp\/v2\/product"}],"about":[{"href":"https:\/\/www.kilim-age.com\/en\/wp-json\/wp\/v2\/types\/product"}],"replies":[{"embeddable":true,"href":"https:\/\/www.kilim-age.com\/en\/wp-json\/wp\/v2\/comments?post=40725"}],"wp:featuredmedia":[{"embeddable":true,"href":"https:\/\/www.kilim-age.com\/en\/wp-json\/wp\/v2\/media\/40727"}],"wp:attachment":[{"href":"https:\/\/www.kilim-age.com\/en\/wp-json\/wp\/v2\/media?parent=40725"}],"wp:term":[{"taxonomy":"product_brand","embeddable":true,"href":"https:\/\/www.kilim-age.com\/en\/wp-json\/wp\/v2\/product_brand?post=40725"},{"taxonomy":"product_cat","embeddable":true,"href":"https:\/\/www.kilim-age.com\/en\/wp-json\/wp\/v2\/product_cat?post=40725"},{"taxonomy":"product_tag","embeddable":true,"href":"https:\/\/www.kilim-age.com\/en\/wp-json\/wp\/v2\/product_tag?post=40725"}],"curies":[{"name":"wp","href":"https:\/\/api.w.org\/{rel}","templated":true}]}}