{"id":40777,"date":"2024-05-05T20:19:18","date_gmt":"2024-05-05T18:19:18","guid":{"rendered":"https:\/\/www.kilim-age.com\/?post_type=product&#038;p=40777"},"modified":"2024-12-20T12:41:21","modified_gmt":"2024-12-20T11:41:21","slug":"kilim-turco-pequeno-autentico","status":"publish","type":"product","link":"https:\/\/www.kilim-age.com\/en\/producto\/kilim-turco-pequeno-autentico\/","title":{"rendered":"Turkish kilim 83&#215;129 cm"},"content":{"rendered":"<strong>Authentic Small Turkish Kilim 83&#215;129 cm &#8211; A Treasure of Craftsmanship<\/strong><\/p>\n<p>Immerse yourself in the rich textile tradition of Turkey with our <strong>Authentic Small Turkish Kilim<\/strong>. Sized at 83&#215;129 cm, this kilim is perfect for spaces looking to incorporate a touch of traditional art without overwhelming the setting. Its manageable size makes it ideal for accenting small areas, entryways, or even as a centerpiece in a living room.<\/p>\n<p><strong>Key Features:<\/strong><\/p>\n<ul>\n<li><strong>Genuine Origin<\/strong>: Handwoven by master artisans in Turkey, each kilim carries the heritage of ancient techniques passed down through generations.<\/li>\n<li><strong>Vibrant and Colorful Design<\/strong>: This kilim stands out with its intricate geometric pattern and a joyful color palette, including shades of orange, blue, green, and yellow, all set against a creamy background that enhances its attractive aesthetic.<\/li>\n<li><strong>Versatile and Decorative<\/strong>: Beyond being a rug, our kilim can be used as a tapestry, offering a striking visual element that captures the viewer\u2019s attention.<\/li>\n<\/ul>","protected":false},"excerpt":{"rendered":"<p>Manufacturing: Knotted by hand made<br \/>\nSize: 83&#215;129 cm<br \/>\nAge: New<br \/>\nOrigin: Turkiye<br \/>\nWeft: Wool<br \/>\nWarp: Wool<br \/>\nThickness approx: 1-2 mm.<br \/>\nNatural dyeing.<br \/>\nThe colors in the carpet will be perceived differently depending on the angle you view it from.<br \/>\nDelivery time: Spain approximately 2-5 days, Europe 5-7 days, other continents 7-10 days.<\/p>\n","protected":false},"featured_media":40778,"comment_status":"open","ping_status":"closed","template":"","meta":[],"product_brand":[],"product_cat":[61,829],"product_tag":[72],"class_list":{"0":"post-40777","1":"product","2":"type-product","3":"status-publish","4":"has-post-thumbnail","6":"product_cat-kilims","7":"product_cat-toda-la-coleccion-kilim","8":"product_tag-kilim","9":"product_shipping_class-kilim-pequeno","10":"pa_ancho-cm-960","11":"pa_ancho-cm-940","12":"pa_color-amarillo","13":"pa_color-azul-clarito","14":"pa_largo-cm-882","15":"pa_largo-cm-1043","17":"first","18":"outofstock","19":"sale","20":"sold-individually","21":"taxable","22":"shipping-taxable","23":"purchasable","24":"product-type-simple"},"yoast_head":"<!-- This site is optimized with the Yoast SEO plugin v24.8.1 - https:\/\/yoast.com\/wordpress\/plugins\/seo\/ -->\n<title>Kilim Turco Peque\u00f1o Aut\u00e9ntico | Kilim-Age | Ofertas -30%<\/title>\n<meta name=\"description\" content=\"Kilim Turco Peque\u00f1o Aut\u00e9ntico. Sum\u00e9rgete en la rica tradici\u00f3n de Kilims de Turqu\u00eda con nuestros Alfombras y Kilims.\" \/>\n<meta name=\"robots\" content=\"index, follow, max-snippet:-1, max-image-preview:large, max-video-preview:-1\" \/>\n<link rel=\"canonical\" href=\"https:\/\/kilim-age.com\/es\/producto\/kilim-turco-pequeno-autentico\/\" \/>\n<meta property=\"og:locale\" content=\"en_US\" \/>\n<meta property=\"og:type\" content=\"article\" \/>\n<meta property=\"og:title\" content=\"Kilim Turco Peque\u00f1o Aut\u00e9ntico | Kilim-Age | Ofertas -30%\" \/>\n<meta property=\"og:description\" content=\"Kilim Turco Peque\u00f1o Aut\u00e9ntico. Sum\u00e9rgete en la rica tradici\u00f3n de Kilims de Turqu\u00eda con nuestros Alfombras y Kilims.\" \/>\n<meta property=\"og:url\" content=\"https:\/\/kilim-age.com\/es\/producto\/kilim-turco-pequeno-autentico\/\" \/>\n<meta property=\"og:site_name\" content=\"Kilim-Age\" \/>\n<meta property=\"article:modified_time\" content=\"2024-12-20T11:41:21+00:00\" \/>\n<meta property=\"og:image\" content=\"https:\/\/kilim-age.com\/wp-content\/uploads\/2024\/05\/IMG_KA3060.jpg\" \/>\n\t<meta property=\"og:image:width\" content=\"1000\" \/>\n\t<meta property=\"og:image:height\" content=\"1300\" \/>\n\t<meta property=\"og:image:type\" content=\"image\/jpeg\" \/>\n<meta name=\"twitter:card\" content=\"summary_large_image\" \/>\n<meta name=\"twitter:label1\" content=\"Est. reading time\" \/>\n\t<meta name=\"twitter:data1\" content=\"1 minute\" \/>\n<script type=\"application\/ld+json\" class=\"yoast-schema-graph\">{\"@context\":\"https:\/\/schema.org\",\"@graph\":[{\"@type\":\"WebPage\",\"@id\":\"https:\/\/kilim-age.com\/es\/producto\/kilim-turco-pequeno-autentico\/\",\"url\":\"https:\/\/kilim-age.com\/es\/producto\/kilim-turco-pequeno-autentico\/\",\"name\":\"Kilim Turco Peque\u00f1o Aut\u00e9ntico | Kilim-Age | Ofertas -30%\",\"isPartOf\":{\"@id\":\"https:\/\/www.kilim-age.com\/es\/#website\"},\"primaryImageOfPage\":{\"@id\":\"https:\/\/kilim-age.com\/es\/producto\/kilim-turco-pequeno-autentico\/#primaryimage\"},\"image\":{\"@id\":\"https:\/\/kilim-age.com\/es\/producto\/kilim-turco-pequeno-autentico\/#primaryimage\"},\"thumbnailUrl\":\"https:\/\/www.kilim-age.com\/wp-content\/uploads\/2024\/05\/IMG_KA3060.jpg\",\"datePublished\":\"2024-05-05T18:19:18+00:00\",\"dateModified\":\"2024-12-20T11:41:21+00:00\",\"description\":\"Kilim Turco Peque\u00f1o Aut\u00e9ntico. Sum\u00e9rgete en la rica tradici\u00f3n de Kilims de Turqu\u00eda con nuestros Alfombras y Kilims.\",\"breadcrumb\":{\"@id\":\"https:\/\/kilim-age.com\/es\/producto\/kilim-turco-pequeno-autentico\/#breadcrumb\"},\"inLanguage\":\"en-US\",\"potentialAction\":[{\"@type\":\"ReadAction\",\"target\":[\"https:\/\/kilim-age.com\/es\/producto\/kilim-turco-pequeno-autentico\/\"]}]},{\"@type\":\"ImageObject\",\"inLanguage\":\"en-US\",\"@id\":\"https:\/\/kilim-age.com\/es\/producto\/kilim-turco-pequeno-autentico\/#primaryimage\",\"url\":\"https:\/\/www.kilim-age.com\/wp-content\/uploads\/2024\/05\/IMG_KA3060.jpg\",\"contentUrl\":\"https:\/\/www.kilim-age.com\/wp-content\/uploads\/2024\/05\/IMG_KA3060.jpg\",\"width\":1000,\"height\":1300,\"caption\":\"Kilim Turco Peque\u00f1o Aut\u00e9ntico\"},{\"@type\":\"BreadcrumbList\",\"@id\":\"https:\/\/kilim-age.com\/es\/producto\/kilim-turco-pequeno-autentico\/#breadcrumb\",\"itemListElement\":[{\"@type\":\"ListItem\",\"position\":1,\"name\":\"Home\",\"item\":\"https:\/\/www.kilim-age.com\/es\/\"},{\"@type\":\"ListItem\",\"position\":2,\"name\":\"Shop\",\"item\":\"https:\/\/www.kilim-age.com\/es\/shop\/\"},{\"@type\":\"ListItem\",\"position\":3,\"name\":\"Kilim turco 83&#215;129 cm\"}]},{\"@type\":\"WebSite\",\"@id\":\"https:\/\/www.kilim-age.com\/es\/#website\",\"url\":\"https:\/\/www.kilim-age.com\/es\/\",\"name\":\"Kilim-Age\",\"description\":\"Somos especialistas en productos artesanales de Turqu\u00eda como Alfombras, y Kilims\",\"potentialAction\":[{\"@type\":\"SearchAction\",\"target\":{\"@type\":\"EntryPoint\",\"urlTemplate\":\"https:\/\/www.kilim-age.com\/es\/?s={search_term_string}\"},\"query-input\":{\"@type\":\"PropertyValueSpecification\",\"valueRequired\":true,\"valueName\":\"search_term_string\"}}],\"inLanguage\":\"en-US\"}]}<\/script>\n<!-- \/ Yoast SEO plugin. -->","yoast_head_json":{"title":"Kilim Turco Peque\u00f1o Aut\u00e9ntico | Kilim-Age | Ofertas -30%","description":"Kilim Turco Peque\u00f1o Aut\u00e9ntico. Sum\u00e9rgete en la rica tradici\u00f3n de Kilims de Turqu\u00eda con nuestros Alfombras y Kilims.","robots":{"index":"index","follow":"follow","max-snippet":"max-snippet:-1","max-image-preview":"max-image-preview:large","max-video-preview":"max-video-preview:-1"},"canonical":"https:\/\/kilim-age.com\/es\/producto\/kilim-turco-pequeno-autentico\/","og_locale":"en_US","og_type":"article","og_title":"Kilim Turco Peque\u00f1o Aut\u00e9ntico | Kilim-Age | Ofertas -30%","og_description":"Kilim Turco Peque\u00f1o Aut\u00e9ntico. Sum\u00e9rgete en la rica tradici\u00f3n de Kilims de Turqu\u00eda con nuestros Alfombras y Kilims.","og_url":"https:\/\/kilim-age.com\/es\/producto\/kilim-turco-pequeno-autentico\/","og_site_name":"Kilim-Age","article_modified_time":"2024-12-20T11:41:21+00:00","og_image":[{"width":1000,"height":1300,"url":"https:\/\/kilim-age.com\/wp-content\/uploads\/2024\/05\/IMG_KA3060.jpg","type":"image\/jpeg"}],"twitter_card":"summary_large_image","twitter_misc":{"Est. reading time":"1 minute"},"schema":{"@context":"https:\/\/schema.org","@graph":[{"@type":"WebPage","@id":"https:\/\/kilim-age.com\/es\/producto\/kilim-turco-pequeno-autentico\/","url":"https:\/\/kilim-age.com\/es\/producto\/kilim-turco-pequeno-autentico\/","name":"Kilim Turco Peque\u00f1o Aut\u00e9ntico | Kilim-Age | Ofertas -30%","isPartOf":{"@id":"https:\/\/www.kilim-age.com\/es\/#website"},"primaryImageOfPage":{"@id":"https:\/\/kilim-age.com\/es\/producto\/kilim-turco-pequeno-autentico\/#primaryimage"},"image":{"@id":"https:\/\/kilim-age.com\/es\/producto\/kilim-turco-pequeno-autentico\/#primaryimage"},"thumbnailUrl":"https:\/\/www.kilim-age.com\/wp-content\/uploads\/2024\/05\/IMG_KA3060.jpg","datePublished":"2024-05-05T18:19:18+00:00","dateModified":"2024-12-20T11:41:21+00:00","description":"Kilim Turco Peque\u00f1o Aut\u00e9ntico. Sum\u00e9rgete en la rica tradici\u00f3n de Kilims de Turqu\u00eda con nuestros Alfombras y Kilims.","breadcrumb":{"@id":"https:\/\/kilim-age.com\/es\/producto\/kilim-turco-pequeno-autentico\/#breadcrumb"},"inLanguage":"en-US","potentialAction":[{"@type":"ReadAction","target":["https:\/\/kilim-age.com\/es\/producto\/kilim-turco-pequeno-autentico\/"]}]},{"@type":"ImageObject","inLanguage":"en-US","@id":"https:\/\/kilim-age.com\/es\/producto\/kilim-turco-pequeno-autentico\/#primaryimage","url":"https:\/\/www.kilim-age.com\/wp-content\/uploads\/2024\/05\/IMG_KA3060.jpg","contentUrl":"https:\/\/www.kilim-age.com\/wp-content\/uploads\/2024\/05\/IMG_KA3060.jpg","width":1000,"height":1300,"caption":"Kilim Turco Peque\u00f1o Aut\u00e9ntico"},{"@type":"BreadcrumbList","@id":"https:\/\/kilim-age.com\/es\/producto\/kilim-turco-pequeno-autentico\/#breadcrumb","itemListElement":[{"@type":"ListItem","position":1,"name":"Home","item":"https:\/\/www.kilim-age.com\/es\/"},{"@type":"ListItem","position":2,"name":"Shop","item":"https:\/\/www.kilim-age.com\/es\/shop\/"},{"@type":"ListItem","position":3,"name":"Kilim turco 83&#215;129 cm"}]},{"@type":"WebSite","@id":"https:\/\/www.kilim-age.com\/es\/#website","url":"https:\/\/www.kilim-age.com\/es\/","name":"Kilim-Age","description":"Somos especialistas en productos artesanales de Turqu\u00eda como Alfombras, y Kilims","potentialAction":[{"@type":"SearchAction","target":{"@type":"EntryPoint","urlTemplate":"https:\/\/www.kilim-age.com\/es\/?s={search_term_string}"},"query-input":{"@type":"PropertyValueSpecification","valueRequired":true,"valueName":"search_term_string"}}],"inLanguage":"en-US"}]}},"_links":{"self":[{"href":"https:\/\/www.kilim-age.com\/en\/wp-json\/wp\/v2\/product\/40777","targetHints":{"allow":["GET"]}}],"collection":[{"href":"https:\/\/www.kilim-age.com\/en\/wp-json\/wp\/v2\/product"}],"about":[{"href":"https:\/\/www.kilim-age.com\/en\/wp-json\/wp\/v2\/types\/product"}],"replies":[{"embeddable":true,"href":"https:\/\/www.kilim-age.com\/en\/wp-json\/wp\/v2\/comments?post=40777"}],"wp:featuredmedia":[{"embeddable":true,"href":"https:\/\/www.kilim-age.com\/en\/wp-json\/wp\/v2\/media\/40778"}],"wp:attachment":[{"href":"https:\/\/www.kilim-age.com\/en\/wp-json\/wp\/v2\/media?parent=40777"}],"wp:term":[{"taxonomy":"product_brand","embeddable":true,"href":"https:\/\/www.kilim-age.com\/en\/wp-json\/wp\/v2\/product_brand?post=40777"},{"taxonomy":"product_cat","embeddable":true,"href":"https:\/\/www.kilim-age.com\/en\/wp-json\/wp\/v2\/product_cat?post=40777"},{"taxonomy":"product_tag","embeddable":true,"href":"https:\/\/www.kilim-age.com\/en\/wp-json\/wp\/v2\/product_tag?post=40777"}],"curies":[{"name":"wp","href":"https:\/\/api.w.org\/{rel}","templated":true}]}}