{"id":40809,"date":"2024-05-05T22:47:25","date_gmt":"2024-05-05T20:47:25","guid":{"rendered":"https:\/\/www.kilim-age.com\/?post_type=product&#038;p=40809"},"modified":"2025-06-14T13:47:58","modified_gmt":"2025-06-14T11:47:58","slug":"kilim-artesanal-exclusivo-de-turquia","status":"publish","type":"product","link":"https:\/\/www.kilim-age.com\/en\/producto\/kilim-artesanal-exclusivo-de-turquia\/","title":{"rendered":"Turkish cicim kilim 191&#215;324 cm"},"content":{"rendered":"<strong>Unique Handmade Turkish Wool Kilim 191&#215;324 cm &#8211; Masterfully Woven<\/strong><\/p>\n<p>Enhance your space with our exclusive <strong>Handmade Turkish Wool Kilim<\/strong>, a magnificent 191&#215;324 cm textile artwork created by the most skilled artisans in Turkey. This kilim not only adds color and design to any setting but also tells the rich story of Turkish weaving traditions.<\/p>\n<p><strong>Key Features:<\/strong><\/p>\n<ul>\n<li><strong>Vibrant Color Palette<\/strong>: This kilim features a rich blend of colors including shades of red, green, orange, and yellow, interspersed with white details that bring light and contrast to the complex patterns.<\/li>\n<li><strong>Exceptional Design<\/strong>: Each piece is unique, with patterns ranging in complexity from geometric lines to more abstract and symbolic motifs, reflecting both the craftsmanship and aesthetic vision of its creators.<\/li>\n<li><strong>Superior Quality and Durability<\/strong>: Woven exclusively with high-quality wool, this kilim is extremely durable and designed to withstand the test of time, maintaining its beauty and structure even in high-traffic areas.<\/li>\n<\/ul>","protected":false},"excerpt":{"rendered":"<p>Manufacturing: Knotted by hand made<br \/>\nSize: 191&#215;324 cm<br \/>\nAge: New \/ <strong>Semi-Antique\u00a0 Turkish Kilim<\/strong><br \/>\nOrigin: Turkiye<br \/>\nWeft: Wool<br \/>\nWarp: Wool<br \/>\nThickness approx: 1-2 mm.<br \/>\nNatural dyeing.<br \/>\nThe colors in the carpet will be perceived differently depending on the angle you view it from.<br \/>\nDelivery time: Spain approximately 2-5 days, Europe 5-7 days, other continents 7-10 days.<\/p>\n","protected":false},"featured_media":40810,"comment_status":"open","ping_status":"closed","template":"","meta":[],"product_brand":[],"product_cat":[61,829],"product_tag":[72],"class_list":{"0":"post-40809","1":"product","2":"type-product","3":"status-publish","4":"has-post-thumbnail","6":"product_cat-kilims","7":"product_cat-toda-la-coleccion-kilim","8":"product_tag-kilim","9":"product_shipping_class-kilim-grande","10":"pa_ancho-cm-969","11":"pa_ancho-cm-1006","12":"pa_color-naranja","13":"pa_color-rojo","14":"pa_color-verde","15":"pa_largo-cm-959","16":"pa_largo-cm-1032","18":"first","19":"instock","20":"sale","21":"sold-individually","22":"taxable","23":"shipping-taxable","24":"purchasable","25":"product-type-simple"},"yoast_head":"<!-- This site is optimized with the Yoast SEO plugin v24.8.1 - https:\/\/yoast.com\/wordpress\/plugins\/seo\/ -->\n<title>Kilim Artesanal Exclusivo de Turqu\u00eda | Kilim-Age | Tienda de Kilim Online<\/title>\n<meta name=\"description\" content=\"Kilim Artesanal Exclusivo de Turqu\u00eda.Embellece tu espacio con nuestro exclusivo Kilims Turcos Artesanales de Lana, una magn\u00edfica obra de arte.\" \/>\n<meta name=\"robots\" content=\"index, follow, max-snippet:-1, max-image-preview:large, max-video-preview:-1\" \/>\n<link rel=\"canonical\" href=\"https:\/\/kilim-age.com\/es\/producto\/kilim-artesanal-exclusivo-de-turquia\/\" \/>\n<meta property=\"og:locale\" content=\"en_US\" \/>\n<meta property=\"og:type\" content=\"article\" \/>\n<meta property=\"og:title\" content=\"Kilim Artesanal Exclusivo de Turqu\u00eda | Kilim-Age | Tienda de Kilim Online\" \/>\n<meta property=\"og:description\" content=\"Kilim Artesanal Exclusivo de Turqu\u00eda.Embellece tu espacio con nuestro exclusivo Kilims Turcos Artesanales de Lana, una magn\u00edfica obra de arte.\" \/>\n<meta property=\"og:url\" content=\"https:\/\/kilim-age.com\/es\/producto\/kilim-artesanal-exclusivo-de-turquia\/\" \/>\n<meta property=\"og:site_name\" content=\"Kilim-Age\" \/>\n<meta property=\"article:modified_time\" content=\"2025-06-14T11:47:58+00:00\" \/>\n<meta property=\"og:image\" content=\"https:\/\/kilim-age.com\/wp-content\/uploads\/2024\/05\/IMG_KA3001.jpg\" \/>\n\t<meta property=\"og:image:width\" content=\"1000\" \/>\n\t<meta property=\"og:image:height\" content=\"1300\" \/>\n\t<meta property=\"og:image:type\" content=\"image\/jpeg\" \/>\n<meta name=\"twitter:card\" content=\"summary_large_image\" \/>\n<meta name=\"twitter:label1\" content=\"Est. reading time\" \/>\n\t<meta name=\"twitter:data1\" content=\"1 minute\" \/>\n<script type=\"application\/ld+json\" class=\"yoast-schema-graph\">{\"@context\":\"https:\/\/schema.org\",\"@graph\":[{\"@type\":\"WebPage\",\"@id\":\"https:\/\/kilim-age.com\/es\/producto\/kilim-artesanal-exclusivo-de-turquia\/\",\"url\":\"https:\/\/kilim-age.com\/es\/producto\/kilim-artesanal-exclusivo-de-turquia\/\",\"name\":\"Kilim Artesanal Exclusivo de Turqu\u00eda | Kilim-Age | Tienda de Kilim Online\",\"isPartOf\":{\"@id\":\"https:\/\/www.kilim-age.com\/es\/#website\"},\"primaryImageOfPage\":{\"@id\":\"https:\/\/kilim-age.com\/es\/producto\/kilim-artesanal-exclusivo-de-turquia\/#primaryimage\"},\"image\":{\"@id\":\"https:\/\/kilim-age.com\/es\/producto\/kilim-artesanal-exclusivo-de-turquia\/#primaryimage\"},\"thumbnailUrl\":\"https:\/\/www.kilim-age.com\/wp-content\/uploads\/2024\/05\/IMG_KA3001.jpg\",\"datePublished\":\"2024-05-05T20:47:25+00:00\",\"dateModified\":\"2025-06-14T11:47:58+00:00\",\"description\":\"Kilim Artesanal Exclusivo de Turqu\u00eda.Embellece tu espacio con nuestro exclusivo Kilims Turcos Artesanales de Lana, una magn\u00edfica obra de arte.\",\"breadcrumb\":{\"@id\":\"https:\/\/kilim-age.com\/es\/producto\/kilim-artesanal-exclusivo-de-turquia\/#breadcrumb\"},\"inLanguage\":\"en-US\",\"potentialAction\":[{\"@type\":\"ReadAction\",\"target\":[\"https:\/\/kilim-age.com\/es\/producto\/kilim-artesanal-exclusivo-de-turquia\/\"]}]},{\"@type\":\"ImageObject\",\"inLanguage\":\"en-US\",\"@id\":\"https:\/\/kilim-age.com\/es\/producto\/kilim-artesanal-exclusivo-de-turquia\/#primaryimage\",\"url\":\"https:\/\/www.kilim-age.com\/wp-content\/uploads\/2024\/05\/IMG_KA3001.jpg\",\"contentUrl\":\"https:\/\/www.kilim-age.com\/wp-content\/uploads\/2024\/05\/IMG_KA3001.jpg\",\"width\":1000,\"height\":1300},{\"@type\":\"BreadcrumbList\",\"@id\":\"https:\/\/kilim-age.com\/es\/producto\/kilim-artesanal-exclusivo-de-turquia\/#breadcrumb\",\"itemListElement\":[{\"@type\":\"ListItem\",\"position\":1,\"name\":\"Home\",\"item\":\"https:\/\/www.kilim-age.com\/es\/\"},{\"@type\":\"ListItem\",\"position\":2,\"name\":\"Shop\",\"item\":\"https:\/\/www.kilim-age.com\/es\/shop\/\"},{\"@type\":\"ListItem\",\"position\":3,\"name\":\"Kilim cicim turco 191&#215;324 cm\"}]},{\"@type\":\"WebSite\",\"@id\":\"https:\/\/www.kilim-age.com\/es\/#website\",\"url\":\"https:\/\/www.kilim-age.com\/es\/\",\"name\":\"Kilim-Age\",\"description\":\"Somos especialistas en productos artesanales de Turqu\u00eda como Alfombras, y Kilims\",\"potentialAction\":[{\"@type\":\"SearchAction\",\"target\":{\"@type\":\"EntryPoint\",\"urlTemplate\":\"https:\/\/www.kilim-age.com\/es\/?s={search_term_string}\"},\"query-input\":{\"@type\":\"PropertyValueSpecification\",\"valueRequired\":true,\"valueName\":\"search_term_string\"}}],\"inLanguage\":\"en-US\"}]}<\/script>\n<!-- \/ Yoast SEO plugin. -->","yoast_head_json":{"title":"Kilim Artesanal Exclusivo de Turqu\u00eda | Kilim-Age | Tienda de Kilim Online","description":"Kilim Artesanal Exclusivo de Turqu\u00eda.Embellece tu espacio con nuestro exclusivo Kilims Turcos Artesanales de Lana, una magn\u00edfica obra de arte.","robots":{"index":"index","follow":"follow","max-snippet":"max-snippet:-1","max-image-preview":"max-image-preview:large","max-video-preview":"max-video-preview:-1"},"canonical":"https:\/\/kilim-age.com\/es\/producto\/kilim-artesanal-exclusivo-de-turquia\/","og_locale":"en_US","og_type":"article","og_title":"Kilim Artesanal Exclusivo de Turqu\u00eda | Kilim-Age | Tienda de Kilim Online","og_description":"Kilim Artesanal Exclusivo de Turqu\u00eda.Embellece tu espacio con nuestro exclusivo Kilims Turcos Artesanales de Lana, una magn\u00edfica obra de arte.","og_url":"https:\/\/kilim-age.com\/es\/producto\/kilim-artesanal-exclusivo-de-turquia\/","og_site_name":"Kilim-Age","article_modified_time":"2025-06-14T11:47:58+00:00","og_image":[{"width":1000,"height":1300,"url":"https:\/\/kilim-age.com\/wp-content\/uploads\/2024\/05\/IMG_KA3001.jpg","type":"image\/jpeg"}],"twitter_card":"summary_large_image","twitter_misc":{"Est. reading time":"1 minute"},"schema":{"@context":"https:\/\/schema.org","@graph":[{"@type":"WebPage","@id":"https:\/\/kilim-age.com\/es\/producto\/kilim-artesanal-exclusivo-de-turquia\/","url":"https:\/\/kilim-age.com\/es\/producto\/kilim-artesanal-exclusivo-de-turquia\/","name":"Kilim Artesanal Exclusivo de Turqu\u00eda | Kilim-Age | Tienda de Kilim Online","isPartOf":{"@id":"https:\/\/www.kilim-age.com\/es\/#website"},"primaryImageOfPage":{"@id":"https:\/\/kilim-age.com\/es\/producto\/kilim-artesanal-exclusivo-de-turquia\/#primaryimage"},"image":{"@id":"https:\/\/kilim-age.com\/es\/producto\/kilim-artesanal-exclusivo-de-turquia\/#primaryimage"},"thumbnailUrl":"https:\/\/www.kilim-age.com\/wp-content\/uploads\/2024\/05\/IMG_KA3001.jpg","datePublished":"2024-05-05T20:47:25+00:00","dateModified":"2025-06-14T11:47:58+00:00","description":"Kilim Artesanal Exclusivo de Turqu\u00eda.Embellece tu espacio con nuestro exclusivo Kilims Turcos Artesanales de Lana, una magn\u00edfica obra de arte.","breadcrumb":{"@id":"https:\/\/kilim-age.com\/es\/producto\/kilim-artesanal-exclusivo-de-turquia\/#breadcrumb"},"inLanguage":"en-US","potentialAction":[{"@type":"ReadAction","target":["https:\/\/kilim-age.com\/es\/producto\/kilim-artesanal-exclusivo-de-turquia\/"]}]},{"@type":"ImageObject","inLanguage":"en-US","@id":"https:\/\/kilim-age.com\/es\/producto\/kilim-artesanal-exclusivo-de-turquia\/#primaryimage","url":"https:\/\/www.kilim-age.com\/wp-content\/uploads\/2024\/05\/IMG_KA3001.jpg","contentUrl":"https:\/\/www.kilim-age.com\/wp-content\/uploads\/2024\/05\/IMG_KA3001.jpg","width":1000,"height":1300},{"@type":"BreadcrumbList","@id":"https:\/\/kilim-age.com\/es\/producto\/kilim-artesanal-exclusivo-de-turquia\/#breadcrumb","itemListElement":[{"@type":"ListItem","position":1,"name":"Home","item":"https:\/\/www.kilim-age.com\/es\/"},{"@type":"ListItem","position":2,"name":"Shop","item":"https:\/\/www.kilim-age.com\/es\/shop\/"},{"@type":"ListItem","position":3,"name":"Kilim cicim turco 191&#215;324 cm"}]},{"@type":"WebSite","@id":"https:\/\/www.kilim-age.com\/es\/#website","url":"https:\/\/www.kilim-age.com\/es\/","name":"Kilim-Age","description":"Somos especialistas en productos artesanales de Turqu\u00eda como Alfombras, y Kilims","potentialAction":[{"@type":"SearchAction","target":{"@type":"EntryPoint","urlTemplate":"https:\/\/www.kilim-age.com\/es\/?s={search_term_string}"},"query-input":{"@type":"PropertyValueSpecification","valueRequired":true,"valueName":"search_term_string"}}],"inLanguage":"en-US"}]}},"_links":{"self":[{"href":"https:\/\/www.kilim-age.com\/en\/wp-json\/wp\/v2\/product\/40809","targetHints":{"allow":["GET"]}}],"collection":[{"href":"https:\/\/www.kilim-age.com\/en\/wp-json\/wp\/v2\/product"}],"about":[{"href":"https:\/\/www.kilim-age.com\/en\/wp-json\/wp\/v2\/types\/product"}],"replies":[{"embeddable":true,"href":"https:\/\/www.kilim-age.com\/en\/wp-json\/wp\/v2\/comments?post=40809"}],"wp:featuredmedia":[{"embeddable":true,"href":"https:\/\/www.kilim-age.com\/en\/wp-json\/wp\/v2\/media\/40810"}],"wp:attachment":[{"href":"https:\/\/www.kilim-age.com\/en\/wp-json\/wp\/v2\/media?parent=40809"}],"wp:term":[{"taxonomy":"product_brand","embeddable":true,"href":"https:\/\/www.kilim-age.com\/en\/wp-json\/wp\/v2\/product_brand?post=40809"},{"taxonomy":"product_cat","embeddable":true,"href":"https:\/\/www.kilim-age.com\/en\/wp-json\/wp\/v2\/product_cat?post=40809"},{"taxonomy":"product_tag","embeddable":true,"href":"https:\/\/www.kilim-age.com\/en\/wp-json\/wp\/v2\/product_tag?post=40809"}],"curies":[{"name":"wp","href":"https:\/\/api.w.org\/{rel}","templated":true}]}}