{"id":40833,"date":"2024-05-06T18:50:24","date_gmt":"2024-05-06T16:50:24","guid":{"rendered":"https:\/\/www.kilim-age.com\/?post_type=product&#038;p=40833"},"modified":"2025-09-22T11:57:53","modified_gmt":"2025-09-22T09:57:53","slug":"kilim-colorido-artesanal","status":"publish","type":"product","link":"https:\/\/www.kilim-age.com\/en\/producto\/kilim-colorido-artesanal\/","title":{"rendered":"Afghan Kilim 119&#215;182 cm"},"content":{"rendered":"<strong>Colorful Handmade Kilim 119&#215;182 cm &#8211; Vibrant Textile Art<\/strong><\/p>\n<p>Discover the exuberance of textile art with our <strong>Handmade Kilim 119&#215;182 cm<\/strong>, woven by skilled artisans. This kilim, with its vibrant design and convenient size, is perfect for adding a splash of color and style to any room.<\/p>\n<p><strong>Key Features:<\/strong><\/p>\n<ul>\n<li><strong>Vibrant Colors<\/strong>: This kilim features a bold color palette including shades of turquoise, orange, red, and green, along with touches of gray and white, creating a design that captures attention and enriches any space.<\/li>\n<li><strong>Intricate Design<\/strong>: With a geometric pattern that blends traditional and modern elements, this kilim is a work of art in itself, offering both aesthetics and history in each weave.<\/li>\n<li><strong>Versatile and Practical<\/strong>: Measuring 119&#215;182 cm, this kilim is ideal for living rooms, bedrooms, or even as a standout piece in hallways and entryways.<\/li>\n<\/ul>","protected":false},"excerpt":{"rendered":"<p style=\"text-align: left;\">Manufacturing: Knotted by hand made<br \/>\nSize: 119\u00d7182 cm<br \/>\nAge: New<br \/>\nOrigin: Turkiye<br \/>\nWeft: Wool<br \/>\nWarp: Wool<br \/>\nThickness approx: 1-2 mm.<br \/>\nNatural dyeing.<br \/>\nThe colors in the carpet will be perceived differently depending on the angle you view it from.<br \/>\nDelivery time: Spain approximately 2-5 days, Europe 5-7 days, other continents 7-10 days.<\/p>\n","protected":false},"featured_media":40834,"comment_status":"open","ping_status":"closed","template":"","meta":[],"product_brand":[],"product_cat":[61,829],"product_tag":[72],"class_list":{"0":"post-40833","1":"product","2":"type-product","3":"status-publish","4":"has-post-thumbnail","6":"product_cat-kilims","7":"product_cat-toda-la-coleccion-kilim","8":"product_tag-kilim","9":"product_shipping_class-kilim-mediano","10":"pa_ancho-cm-992","11":"pa_ancho-cm-971","12":"pa_color-rojo","13":"pa_color-verde","14":"pa_largo-cm-1019","15":"pa_largo-cm-1050","17":"first","18":"outofstock","19":"sale","20":"sold-individually","21":"taxable","22":"shipping-taxable","23":"purchasable","24":"product-type-simple"},"yoast_head":"<!-- This site is optimized with the Yoast SEO plugin v24.8.1 - https:\/\/yoast.com\/wordpress\/plugins\/seo\/ -->\n<title>Kilim Colorido Artesanal | Kilim-Age | Comprar Kilim Online<\/title>\n<meta name=\"description\" content=\"Kilim Colorido Artesanal. A\u00f1ade este Kilim Artesanal a tu colecci\u00f3n y transforma cualquier \u00e1rea en un espacio lleno de vida y color.\" \/>\n<meta name=\"robots\" content=\"index, follow, max-snippet:-1, max-image-preview:large, max-video-preview:-1\" \/>\n<link rel=\"canonical\" href=\"https:\/\/kilim-age.com\/en\/producto\/kilim-colorido-artesanal\/\" \/>\n<meta property=\"og:locale\" content=\"en_US\" \/>\n<meta property=\"og:type\" content=\"article\" \/>\n<meta property=\"og:title\" content=\"Kilim Colorido Artesanal | Kilim-Age | Comprar Kilim Online\" \/>\n<meta property=\"og:description\" content=\"Kilim Colorido Artesanal. A\u00f1ade este Kilim Artesanal a tu colecci\u00f3n y transforma cualquier \u00e1rea en un espacio lleno de vida y color.\" \/>\n<meta property=\"og:url\" content=\"https:\/\/kilim-age.com\/en\/producto\/kilim-colorido-artesanal\/\" \/>\n<meta property=\"og:site_name\" content=\"Kilim-Age\" \/>\n<meta property=\"article:modified_time\" content=\"2025-09-22T09:57:53+00:00\" \/>\n<meta property=\"og:image\" content=\"https:\/\/kilim-age.com\/wp-content\/uploads\/2024\/05\/IMG_KA1969.jpg\" \/>\n\t<meta property=\"og:image:width\" content=\"1000\" \/>\n\t<meta property=\"og:image:height\" content=\"1300\" \/>\n\t<meta property=\"og:image:type\" content=\"image\/jpeg\" \/>\n<meta name=\"twitter:card\" content=\"summary_large_image\" \/>\n<meta name=\"twitter:label1\" content=\"Est. reading time\" \/>\n\t<meta name=\"twitter:data1\" content=\"1 minute\" \/>\n<script type=\"application\/ld+json\" class=\"yoast-schema-graph\">{\"@context\":\"https:\/\/schema.org\",\"@graph\":[{\"@type\":\"WebPage\",\"@id\":\"https:\/\/kilim-age.com\/en\/producto\/kilim-colorido-artesanal\/\",\"url\":\"https:\/\/kilim-age.com\/en\/producto\/kilim-colorido-artesanal\/\",\"name\":\"Kilim Colorido Artesanal | Kilim-Age | Comprar Kilim Online\",\"isPartOf\":{\"@id\":\"https:\/\/kilim-age.com\/en\/#website\"},\"primaryImageOfPage\":{\"@id\":\"https:\/\/kilim-age.com\/en\/producto\/kilim-colorido-artesanal\/#primaryimage\"},\"image\":{\"@id\":\"https:\/\/kilim-age.com\/en\/producto\/kilim-colorido-artesanal\/#primaryimage\"},\"thumbnailUrl\":\"https:\/\/www.kilim-age.com\/wp-content\/uploads\/2024\/05\/IMG_KA1969.jpg\",\"datePublished\":\"2024-05-06T16:50:24+00:00\",\"dateModified\":\"2025-09-22T09:57:53+00:00\",\"description\":\"Kilim Colorido Artesanal. A\u00f1ade este Kilim Artesanal a tu colecci\u00f3n y transforma cualquier \u00e1rea en un espacio lleno de vida y color.\",\"breadcrumb\":{\"@id\":\"https:\/\/kilim-age.com\/en\/producto\/kilim-colorido-artesanal\/#breadcrumb\"},\"inLanguage\":\"en-US\",\"potentialAction\":[{\"@type\":\"ReadAction\",\"target\":[\"https:\/\/kilim-age.com\/en\/producto\/kilim-colorido-artesanal\/\"]}]},{\"@type\":\"ImageObject\",\"inLanguage\":\"en-US\",\"@id\":\"https:\/\/kilim-age.com\/en\/producto\/kilim-colorido-artesanal\/#primaryimage\",\"url\":\"https:\/\/www.kilim-age.com\/wp-content\/uploads\/2024\/05\/IMG_KA1969.jpg\",\"contentUrl\":\"https:\/\/www.kilim-age.com\/wp-content\/uploads\/2024\/05\/IMG_KA1969.jpg\",\"width\":1000,\"height\":1300,\"caption\":\"Kilim Colorido Artesanal\"},{\"@type\":\"BreadcrumbList\",\"@id\":\"https:\/\/kilim-age.com\/en\/producto\/kilim-colorido-artesanal\/#breadcrumb\",\"itemListElement\":[{\"@type\":\"ListItem\",\"position\":1,\"name\":\"Home\",\"item\":\"https:\/\/kilim-age.com\/en\/\"},{\"@type\":\"ListItem\",\"position\":2,\"name\":\"Shop\",\"item\":\"https:\/\/kilim-age.com\/es\/shop\/\"},{\"@type\":\"ListItem\",\"position\":3,\"name\":\"Afghan Kilim 119&#215;182 cm\"}]},{\"@type\":\"WebSite\",\"@id\":\"https:\/\/kilim-age.com\/en\/#website\",\"url\":\"https:\/\/kilim-age.com\/en\/\",\"name\":\"Kilim-Age\",\"description\":\"Somos especialistas en productos artesanales de Turqu\u00eda como Alfombras, y Kilims\",\"potentialAction\":[{\"@type\":\"SearchAction\",\"target\":{\"@type\":\"EntryPoint\",\"urlTemplate\":\"https:\/\/kilim-age.com\/en\/?s={search_term_string}\"},\"query-input\":{\"@type\":\"PropertyValueSpecification\",\"valueRequired\":true,\"valueName\":\"search_term_string\"}}],\"inLanguage\":\"en-US\"}]}<\/script>\n<!-- \/ Yoast SEO plugin. -->","yoast_head_json":{"title":"Kilim Colorido Artesanal | Kilim-Age | Comprar Kilim Online","description":"Kilim Colorido Artesanal. A\u00f1ade este Kilim Artesanal a tu colecci\u00f3n y transforma cualquier \u00e1rea en un espacio lleno de vida y color.","robots":{"index":"index","follow":"follow","max-snippet":"max-snippet:-1","max-image-preview":"max-image-preview:large","max-video-preview":"max-video-preview:-1"},"canonical":"https:\/\/kilim-age.com\/en\/producto\/kilim-colorido-artesanal\/","og_locale":"en_US","og_type":"article","og_title":"Kilim Colorido Artesanal | Kilim-Age | Comprar Kilim Online","og_description":"Kilim Colorido Artesanal. A\u00f1ade este Kilim Artesanal a tu colecci\u00f3n y transforma cualquier \u00e1rea en un espacio lleno de vida y color.","og_url":"https:\/\/kilim-age.com\/en\/producto\/kilim-colorido-artesanal\/","og_site_name":"Kilim-Age","article_modified_time":"2025-09-22T09:57:53+00:00","og_image":[{"width":1000,"height":1300,"url":"https:\/\/kilim-age.com\/wp-content\/uploads\/2024\/05\/IMG_KA1969.jpg","type":"image\/jpeg"}],"twitter_card":"summary_large_image","twitter_misc":{"Est. reading time":"1 minute"},"schema":{"@context":"https:\/\/schema.org","@graph":[{"@type":"WebPage","@id":"https:\/\/kilim-age.com\/en\/producto\/kilim-colorido-artesanal\/","url":"https:\/\/kilim-age.com\/en\/producto\/kilim-colorido-artesanal\/","name":"Kilim Colorido Artesanal | Kilim-Age | Comprar Kilim Online","isPartOf":{"@id":"https:\/\/kilim-age.com\/en\/#website"},"primaryImageOfPage":{"@id":"https:\/\/kilim-age.com\/en\/producto\/kilim-colorido-artesanal\/#primaryimage"},"image":{"@id":"https:\/\/kilim-age.com\/en\/producto\/kilim-colorido-artesanal\/#primaryimage"},"thumbnailUrl":"https:\/\/www.kilim-age.com\/wp-content\/uploads\/2024\/05\/IMG_KA1969.jpg","datePublished":"2024-05-06T16:50:24+00:00","dateModified":"2025-09-22T09:57:53+00:00","description":"Kilim Colorido Artesanal. A\u00f1ade este Kilim Artesanal a tu colecci\u00f3n y transforma cualquier \u00e1rea en un espacio lleno de vida y color.","breadcrumb":{"@id":"https:\/\/kilim-age.com\/en\/producto\/kilim-colorido-artesanal\/#breadcrumb"},"inLanguage":"en-US","potentialAction":[{"@type":"ReadAction","target":["https:\/\/kilim-age.com\/en\/producto\/kilim-colorido-artesanal\/"]}]},{"@type":"ImageObject","inLanguage":"en-US","@id":"https:\/\/kilim-age.com\/en\/producto\/kilim-colorido-artesanal\/#primaryimage","url":"https:\/\/www.kilim-age.com\/wp-content\/uploads\/2024\/05\/IMG_KA1969.jpg","contentUrl":"https:\/\/www.kilim-age.com\/wp-content\/uploads\/2024\/05\/IMG_KA1969.jpg","width":1000,"height":1300,"caption":"Kilim Colorido Artesanal"},{"@type":"BreadcrumbList","@id":"https:\/\/kilim-age.com\/en\/producto\/kilim-colorido-artesanal\/#breadcrumb","itemListElement":[{"@type":"ListItem","position":1,"name":"Home","item":"https:\/\/kilim-age.com\/en\/"},{"@type":"ListItem","position":2,"name":"Shop","item":"https:\/\/kilim-age.com\/es\/shop\/"},{"@type":"ListItem","position":3,"name":"Afghan Kilim 119&#215;182 cm"}]},{"@type":"WebSite","@id":"https:\/\/kilim-age.com\/en\/#website","url":"https:\/\/kilim-age.com\/en\/","name":"Kilim-Age","description":"Somos especialistas en productos artesanales de Turqu\u00eda como Alfombras, y Kilims","potentialAction":[{"@type":"SearchAction","target":{"@type":"EntryPoint","urlTemplate":"https:\/\/kilim-age.com\/en\/?s={search_term_string}"},"query-input":{"@type":"PropertyValueSpecification","valueRequired":true,"valueName":"search_term_string"}}],"inLanguage":"en-US"}]}},"_links":{"self":[{"href":"https:\/\/www.kilim-age.com\/en\/wp-json\/wp\/v2\/product\/40833","targetHints":{"allow":["GET"]}}],"collection":[{"href":"https:\/\/www.kilim-age.com\/en\/wp-json\/wp\/v2\/product"}],"about":[{"href":"https:\/\/www.kilim-age.com\/en\/wp-json\/wp\/v2\/types\/product"}],"replies":[{"embeddable":true,"href":"https:\/\/www.kilim-age.com\/en\/wp-json\/wp\/v2\/comments?post=40833"}],"wp:featuredmedia":[{"embeddable":true,"href":"https:\/\/www.kilim-age.com\/en\/wp-json\/wp\/v2\/media\/40834"}],"wp:attachment":[{"href":"https:\/\/www.kilim-age.com\/en\/wp-json\/wp\/v2\/media?parent=40833"}],"wp:term":[{"taxonomy":"product_brand","embeddable":true,"href":"https:\/\/www.kilim-age.com\/en\/wp-json\/wp\/v2\/product_brand?post=40833"},{"taxonomy":"product_cat","embeddable":true,"href":"https:\/\/www.kilim-age.com\/en\/wp-json\/wp\/v2\/product_cat?post=40833"},{"taxonomy":"product_tag","embeddable":true,"href":"https:\/\/www.kilim-age.com\/en\/wp-json\/wp\/v2\/product_tag?post=40833"}],"curies":[{"name":"wp","href":"https:\/\/api.w.org\/{rel}","templated":true}]}}