{"id":40855,"date":"2024-05-07T12:19:40","date_gmt":"2024-05-07T10:19:40","guid":{"rendered":"https:\/\/www.kilim-age.com\/?post_type=product&#038;p=40855"},"modified":"2024-12-20T12:40:16","modified_gmt":"2024-12-20T11:40:16","slug":"kilim-turco-artesanal-pequeno","status":"publish","type":"product","link":"https:\/\/www.kilim-age.com\/en\/producto\/kilim-turco-artesanal-pequeno\/","title":{"rendered":"Turkish kilim 86&#215;116 cm"},"content":{"rendered":"<strong>Authentic Small Handmade Turkish Kilim<\/strong><\/p>\n<p>Discover vibrant and colorful craftsmanship with our Handmade Turkish Kilim, an exceptional piece that adds a touch of tradition and style to any space. This small kilim, perfect for compact areas, is ideal for adding color and pattern without overwhelming the space.<\/p>\n<p><strong>Product Features:<\/strong><\/p>\n<ul>\n<li><strong>Vibrant Design:<\/strong> This kilim features an impressive geometric design, showcasing a bold combination of colors such as orange, red, turquoise blue, and purple, capturing the essence of Turkish art.<\/li>\n<li><strong>Craftsmanship Quality:<\/strong> Handwoven by skilled artisans, each kilim is unique and reflects traditional Turkish weaving techniques.<\/li>\n<li><strong>Practical Size:<\/strong> Measuring 86 x1116 cm, this kilim is perfect for placement in hallways, small living rooms, or as a striking accent in your office.<\/li>\n<\/ul>\n<p>Perfect for those who value both aesthetics and authenticity, this Handmade Turkish Kilim is not just decoration but a piece of art that tells a story through its design and vibrant colors. Its size and design make it versatile for a variety of spaces, ensuring it will stand out in any setting.","protected":false},"excerpt":{"rendered":"<p>Manufacturing: Knotted by hand made<br \/>\nSize: 86\u00d7116 cm<br \/>\nAge: New<br \/>\nOrigin: Turkiye<br \/>\nWeft: Wool<br \/>\nWarp: Wool<br \/>\nThickness approx: 1-2 mm.<br \/>\nNatural dyeing.<br \/>\nThe colors in the carpet will be perceived differently depending on the angle you view it from.<br \/>\nDelivery time: Spain approximately 2-5 days, Europe 5-7 days, other continents 7-10 days.<\/p>\n","protected":false},"featured_media":40856,"comment_status":"open","ping_status":"closed","template":"","meta":[],"product_brand":[],"product_cat":[61,829],"product_tag":[72],"class_list":{"0":"post-40855","1":"product","2":"type-product","3":"status-publish","4":"has-post-thumbnail","6":"product_cat-kilims","7":"product_cat-toda-la-coleccion-kilim","8":"product_tag-kilim","9":"product_shipping_class-kilim-pequeno","10":"pa_ancho-cm-960","11":"pa_ancho-cm-1002","12":"pa_color-azul","13":"pa_color-naranja","14":"pa_color-rojo","15":"pa_largo-cm-989","16":"pa_largo-cm-994","18":"first","19":"outofstock","20":"sale","21":"sold-individually","22":"taxable","23":"shipping-taxable","24":"purchasable","25":"product-type-simple"},"yoast_head":"<!-- This site is optimized with the Yoast SEO plugin v24.8.1 - https:\/\/yoast.com\/wordpress\/plugins\/seo\/ -->\n<title>Kilim Turco Artesanal Peque\u00f1o | Kilim-Age | Comprar Kilim Online<\/title>\n<meta name=\"description\" content=\"Descubre la artesan\u00eda vibrante y colorida con nuestro Kilim Artesanal, una pieza excepcional que a\u00f1ade un toque de estilo a cualquier espacio.\" \/>\n<meta name=\"robots\" content=\"index, follow, max-snippet:-1, max-image-preview:large, max-video-preview:-1\" \/>\n<link rel=\"canonical\" href=\"https:\/\/www.kilim-age.com\/en\/producto\/kilim-turco-artesanal-pequeno\/\" \/>\n<meta property=\"og:locale\" content=\"en_US\" \/>\n<meta property=\"og:type\" content=\"article\" \/>\n<meta property=\"og:title\" content=\"Kilim Turco Artesanal Peque\u00f1o | Kilim-Age | Comprar Kilim Online\" \/>\n<meta property=\"og:description\" content=\"Descubre la artesan\u00eda vibrante y colorida con nuestro Kilim Artesanal, una pieza excepcional que a\u00f1ade un toque de estilo a cualquier espacio.\" \/>\n<meta property=\"og:url\" content=\"https:\/\/www.kilim-age.com\/es\/producto\/kilim-turco-artesanal-pequeno\/\" \/>\n<meta property=\"og:site_name\" content=\"Kilim-Age\" \/>\n<meta property=\"article:modified_time\" content=\"2024-12-20T11:40:16+00:00\" \/>\n<meta property=\"og:image\" content=\"https:\/\/www.kilim-age.com\/wp-content\/uploads\/2024\/05\/IMG_KA3073.jpg\" \/>\n\t<meta property=\"og:image:width\" content=\"1000\" \/>\n\t<meta property=\"og:image:height\" content=\"1300\" \/>\n\t<meta property=\"og:image:type\" content=\"image\/jpeg\" \/>\n<meta name=\"twitter:card\" content=\"summary_large_image\" \/>\n<meta name=\"twitter:label1\" content=\"Est. reading time\" \/>\n\t<meta name=\"twitter:data1\" content=\"1 minute\" \/>\n<script type=\"application\/ld+json\" class=\"yoast-schema-graph\">{\"@context\":\"https:\/\/schema.org\",\"@graph\":[{\"@type\":\"WebPage\",\"@id\":\"https:\/\/www.kilim-age.com\/es\/producto\/kilim-turco-artesanal-pequeno\/\",\"url\":\"https:\/\/www.kilim-age.com\/es\/producto\/kilim-turco-artesanal-pequeno\/\",\"name\":\"Kilim Turco Artesanal Peque\u00f1o | Kilim-Age | Comprar Kilim Online\",\"isPartOf\":{\"@id\":\"https:\/\/kilim-age.com\/en\/#website\"},\"primaryImageOfPage\":{\"@id\":\"https:\/\/www.kilim-age.com\/es\/producto\/kilim-turco-artesanal-pequeno\/#primaryimage\"},\"image\":{\"@id\":\"https:\/\/www.kilim-age.com\/es\/producto\/kilim-turco-artesanal-pequeno\/#primaryimage\"},\"thumbnailUrl\":\"https:\/\/www.kilim-age.com\/wp-content\/uploads\/2024\/05\/IMG_KA3073.jpg\",\"datePublished\":\"2024-05-07T10:19:40+00:00\",\"dateModified\":\"2024-12-20T11:40:16+00:00\",\"description\":\"Descubre la artesan\u00eda vibrante y colorida con nuestro Kilim Artesanal, una pieza excepcional que a\u00f1ade un toque de estilo a cualquier espacio.\",\"breadcrumb\":{\"@id\":\"https:\/\/www.kilim-age.com\/es\/producto\/kilim-turco-artesanal-pequeno\/#breadcrumb\"},\"inLanguage\":\"en-US\",\"potentialAction\":[{\"@type\":\"ReadAction\",\"target\":[\"https:\/\/www.kilim-age.com\/es\/producto\/kilim-turco-artesanal-pequeno\/\"]}]},{\"@type\":\"ImageObject\",\"inLanguage\":\"en-US\",\"@id\":\"https:\/\/www.kilim-age.com\/es\/producto\/kilim-turco-artesanal-pequeno\/#primaryimage\",\"url\":\"https:\/\/www.kilim-age.com\/wp-content\/uploads\/2024\/05\/IMG_KA3073.jpg\",\"contentUrl\":\"https:\/\/www.kilim-age.com\/wp-content\/uploads\/2024\/05\/IMG_KA3073.jpg\",\"width\":1000,\"height\":1300,\"caption\":\"Kilim Turco Artesanal Peque\u00f1o\"},{\"@type\":\"BreadcrumbList\",\"@id\":\"https:\/\/www.kilim-age.com\/es\/producto\/kilim-turco-artesanal-pequeno\/#breadcrumb\",\"itemListElement\":[{\"@type\":\"ListItem\",\"position\":1,\"name\":\"Home\",\"item\":\"https:\/\/kilim-age.com\/en\/\"},{\"@type\":\"ListItem\",\"position\":2,\"name\":\"Shop\",\"item\":\"https:\/\/kilim-age.com\/es\/shop\/\"},{\"@type\":\"ListItem\",\"position\":3,\"name\":\"Kilim turco 86&#215;116 cm\"}]},{\"@type\":\"WebSite\",\"@id\":\"https:\/\/kilim-age.com\/en\/#website\",\"url\":\"https:\/\/kilim-age.com\/en\/\",\"name\":\"Kilim-Age\",\"description\":\"Somos especialistas en productos artesanales de Turqu\u00eda como Alfombras, y Kilims\",\"potentialAction\":[{\"@type\":\"SearchAction\",\"target\":{\"@type\":\"EntryPoint\",\"urlTemplate\":\"https:\/\/kilim-age.com\/en\/?s={search_term_string}\"},\"query-input\":{\"@type\":\"PropertyValueSpecification\",\"valueRequired\":true,\"valueName\":\"search_term_string\"}}],\"inLanguage\":\"en-US\"}]}<\/script>\n<!-- \/ Yoast SEO plugin. -->","yoast_head_json":{"title":"Kilim Turco Artesanal Peque\u00f1o | Kilim-Age | Comprar Kilim Online","description":"Descubre la artesan\u00eda vibrante y colorida con nuestro Kilim Artesanal, una pieza excepcional que a\u00f1ade un toque de estilo a cualquier espacio.","robots":{"index":"index","follow":"follow","max-snippet":"max-snippet:-1","max-image-preview":"max-image-preview:large","max-video-preview":"max-video-preview:-1"},"canonical":"https:\/\/www.kilim-age.com\/en\/producto\/kilim-turco-artesanal-pequeno\/","og_locale":"en_US","og_type":"article","og_title":"Kilim Turco Artesanal Peque\u00f1o | Kilim-Age | Comprar Kilim Online","og_description":"Descubre la artesan\u00eda vibrante y colorida con nuestro Kilim Artesanal, una pieza excepcional que a\u00f1ade un toque de estilo a cualquier espacio.","og_url":"https:\/\/www.kilim-age.com\/es\/producto\/kilim-turco-artesanal-pequeno\/","og_site_name":"Kilim-Age","article_modified_time":"2024-12-20T11:40:16+00:00","og_image":[{"width":1000,"height":1300,"url":"https:\/\/www.kilim-age.com\/wp-content\/uploads\/2024\/05\/IMG_KA3073.jpg","type":"image\/jpeg"}],"twitter_card":"summary_large_image","twitter_misc":{"Est. reading time":"1 minute"},"schema":{"@context":"https:\/\/schema.org","@graph":[{"@type":"WebPage","@id":"https:\/\/www.kilim-age.com\/es\/producto\/kilim-turco-artesanal-pequeno\/","url":"https:\/\/www.kilim-age.com\/es\/producto\/kilim-turco-artesanal-pequeno\/","name":"Kilim Turco Artesanal Peque\u00f1o | Kilim-Age | Comprar Kilim Online","isPartOf":{"@id":"https:\/\/kilim-age.com\/en\/#website"},"primaryImageOfPage":{"@id":"https:\/\/www.kilim-age.com\/es\/producto\/kilim-turco-artesanal-pequeno\/#primaryimage"},"image":{"@id":"https:\/\/www.kilim-age.com\/es\/producto\/kilim-turco-artesanal-pequeno\/#primaryimage"},"thumbnailUrl":"https:\/\/www.kilim-age.com\/wp-content\/uploads\/2024\/05\/IMG_KA3073.jpg","datePublished":"2024-05-07T10:19:40+00:00","dateModified":"2024-12-20T11:40:16+00:00","description":"Descubre la artesan\u00eda vibrante y colorida con nuestro Kilim Artesanal, una pieza excepcional que a\u00f1ade un toque de estilo a cualquier espacio.","breadcrumb":{"@id":"https:\/\/www.kilim-age.com\/es\/producto\/kilim-turco-artesanal-pequeno\/#breadcrumb"},"inLanguage":"en-US","potentialAction":[{"@type":"ReadAction","target":["https:\/\/www.kilim-age.com\/es\/producto\/kilim-turco-artesanal-pequeno\/"]}]},{"@type":"ImageObject","inLanguage":"en-US","@id":"https:\/\/www.kilim-age.com\/es\/producto\/kilim-turco-artesanal-pequeno\/#primaryimage","url":"https:\/\/www.kilim-age.com\/wp-content\/uploads\/2024\/05\/IMG_KA3073.jpg","contentUrl":"https:\/\/www.kilim-age.com\/wp-content\/uploads\/2024\/05\/IMG_KA3073.jpg","width":1000,"height":1300,"caption":"Kilim Turco Artesanal Peque\u00f1o"},{"@type":"BreadcrumbList","@id":"https:\/\/www.kilim-age.com\/es\/producto\/kilim-turco-artesanal-pequeno\/#breadcrumb","itemListElement":[{"@type":"ListItem","position":1,"name":"Home","item":"https:\/\/kilim-age.com\/en\/"},{"@type":"ListItem","position":2,"name":"Shop","item":"https:\/\/kilim-age.com\/es\/shop\/"},{"@type":"ListItem","position":3,"name":"Kilim turco 86&#215;116 cm"}]},{"@type":"WebSite","@id":"https:\/\/kilim-age.com\/en\/#website","url":"https:\/\/kilim-age.com\/en\/","name":"Kilim-Age","description":"Somos especialistas en productos artesanales de Turqu\u00eda como Alfombras, y Kilims","potentialAction":[{"@type":"SearchAction","target":{"@type":"EntryPoint","urlTemplate":"https:\/\/kilim-age.com\/en\/?s={search_term_string}"},"query-input":{"@type":"PropertyValueSpecification","valueRequired":true,"valueName":"search_term_string"}}],"inLanguage":"en-US"}]}},"_links":{"self":[{"href":"https:\/\/www.kilim-age.com\/en\/wp-json\/wp\/v2\/product\/40855","targetHints":{"allow":["GET"]}}],"collection":[{"href":"https:\/\/www.kilim-age.com\/en\/wp-json\/wp\/v2\/product"}],"about":[{"href":"https:\/\/www.kilim-age.com\/en\/wp-json\/wp\/v2\/types\/product"}],"replies":[{"embeddable":true,"href":"https:\/\/www.kilim-age.com\/en\/wp-json\/wp\/v2\/comments?post=40855"}],"wp:featuredmedia":[{"embeddable":true,"href":"https:\/\/www.kilim-age.com\/en\/wp-json\/wp\/v2\/media\/40856"}],"wp:attachment":[{"href":"https:\/\/www.kilim-age.com\/en\/wp-json\/wp\/v2\/media?parent=40855"}],"wp:term":[{"taxonomy":"product_brand","embeddable":true,"href":"https:\/\/www.kilim-age.com\/en\/wp-json\/wp\/v2\/product_brand?post=40855"},{"taxonomy":"product_cat","embeddable":true,"href":"https:\/\/www.kilim-age.com\/en\/wp-json\/wp\/v2\/product_cat?post=40855"},{"taxonomy":"product_tag","embeddable":true,"href":"https:\/\/www.kilim-age.com\/en\/wp-json\/wp\/v2\/product_tag?post=40855"}],"curies":[{"name":"wp","href":"https:\/\/api.w.org\/{rel}","templated":true}]}}