{"id":41043,"date":"2024-05-11T13:49:13","date_gmt":"2024-05-11T11:49:13","guid":{"rendered":"https:\/\/www.kilim-age.com\/?post_type=product&#038;p=41043"},"modified":"2025-06-28T12:36:05","modified_gmt":"2025-06-28T10:36:05","slug":"alfombra-kilim-de-diseno","status":"publish","type":"product","link":"https:\/\/www.kilim-age.com\/en\/producto\/alfombra-kilim-de-diseno\/","title":{"rendered":"Turkish kilim 80&#215;119 cm"},"content":{"rendered":"<strong>Designer Kilim Rug: Craftsmanship and Color in 80&#215;119 cm<\/strong><\/p>\n<p>Introduce a vibrant and historically rich element to your decor with our designer kilim rug. This handcrafted kilim, measuring 80&#215;119 cm, exemplifies traditional textile art adapted to complement both modern and classic interiors.<\/p>\n<p><strong>Color Palette and Design:<\/strong><\/p>\n<ul>\n<li><strong>Vibrant and Warm<\/strong>: The kilim features a charming base of orange and turquoise, injecting energy and freshness into any space.<\/li>\n<li><strong>Harmonious Details<\/strong>: Accents in soft shades of green, coral, and gray complete the design, offering a color combination that easily adapts to different decorating styles.<\/li>\n<\/ul>\n<p><strong>Special Features:<\/strong><\/p>\n<ul>\n<li><strong>Handcrafted Artistry<\/strong>: Each kilim is handwoven by artisans using traditional techniques, ensuring that each piece is unique and of high quality.<\/li>\n<li><strong>Proven Durability<\/strong>: Built to stand the test of time, this kilim combines beauty with practicality, ensuring it remains pristine even with frequent use.<\/li>\n<\/ul>\n<p><strong>Ideal for Versatile Spaces:<\/strong> Thanks to its manageable size, this designer kilim rug is perfect for placement in entryways, corridors, or beside the bed. It is an excellent choice for those looking to add an artistic focal point without taking up too much space.","protected":false},"excerpt":{"rendered":"<p>Manufacturing: Knotted by hand<br \/>\nSize: 80\u00d7119 cm<br \/>\nAge: New production<br \/>\nOrigin: Turkish kilim<br \/>\nMaterial: Wool<br \/>\nThickness aprox: 2-3 mm<br \/>\nNatural dyeing.<br \/>\nThe colors in the carpet will be perceived differently depending on the angle you view it from<br \/>\nDelivery time: Spain approximately 2-5 days, Europe 5-7 days, other continents 7-10 days.<\/p>\n","protected":false},"featured_media":41044,"comment_status":"open","ping_status":"closed","template":"","meta":[],"product_brand":[],"product_cat":[61,829],"product_tag":[72],"class_list":{"0":"post-41043","1":"product","2":"type-product","3":"status-publish","4":"has-post-thumbnail","6":"product_cat-kilims","7":"product_cat-toda-la-coleccion-kilim","8":"product_tag-kilim","9":"product_shipping_class-kilim-pequeno","10":"pa_ancho-cm-960","11":"pa_ancho-cm-940","12":"pa_largo-cm-1025","13":"pa_largo-cm-882","14":"pa_medida-pequenos","16":"first","17":"outofstock","18":"sale","19":"sold-individually","20":"taxable","21":"shipping-taxable","22":"purchasable","23":"product-type-simple"},"yoast_head":"<!-- This site is optimized with the Yoast SEO plugin v24.8.1 - https:\/\/yoast.com\/wordpress\/plugins\/seo\/ -->\n<title>Alfombra Kilim de Dise\u00f1o | Kilim-Age<\/title>\n<meta name=\"description\" content=\"Alfombra Kilim de Dise\u00f1o. Introduce un elemento vibrante y lleno de historia en tu decoraci\u00f3n con nuestra alfombra kilim de dise\u00f1o.\" \/>\n<meta name=\"robots\" content=\"index, follow, max-snippet:-1, max-image-preview:large, max-video-preview:-1\" \/>\n<link rel=\"canonical\" href=\"https:\/\/www.kilim-age.com\/en\/producto\/alfombra-kilim-de-diseno\/\" \/>\n<meta property=\"og:locale\" content=\"en_US\" \/>\n<meta property=\"og:type\" content=\"article\" \/>\n<meta property=\"og:title\" content=\"Alfombra Kilim de Dise\u00f1o | Kilim-Age\" \/>\n<meta property=\"og:description\" content=\"Alfombra Kilim de Dise\u00f1o. Introduce un elemento vibrante y lleno de historia en tu decoraci\u00f3n con nuestra alfombra kilim de dise\u00f1o.\" \/>\n<meta property=\"og:url\" content=\"https:\/\/www.kilim-age.com\/en\/producto\/alfombra-kilim-de-diseno\/\" \/>\n<meta property=\"og:site_name\" content=\"Kilim-Age\" \/>\n<meta property=\"article:modified_time\" content=\"2025-06-28T10:36:05+00:00\" \/>\n<meta property=\"og:image\" content=\"https:\/\/www.kilim-age.com\/wp-content\/uploads\/2024\/05\/IMG_KA3117.jpg\" \/>\n\t<meta property=\"og:image:width\" content=\"1000\" \/>\n\t<meta property=\"og:image:height\" content=\"1300\" \/>\n\t<meta property=\"og:image:type\" content=\"image\/jpeg\" \/>\n<meta name=\"twitter:card\" content=\"summary_large_image\" \/>\n<meta name=\"twitter:label1\" content=\"Est. reading time\" \/>\n\t<meta name=\"twitter:data1\" content=\"1 minute\" \/>\n<script type=\"application\/ld+json\" class=\"yoast-schema-graph\">{\"@context\":\"https:\/\/schema.org\",\"@graph\":[{\"@type\":\"WebPage\",\"@id\":\"https:\/\/www.kilim-age.com\/en\/producto\/alfombra-kilim-de-diseno\/\",\"url\":\"https:\/\/www.kilim-age.com\/en\/producto\/alfombra-kilim-de-diseno\/\",\"name\":\"Alfombra Kilim de Dise\u00f1o | Kilim-Age\",\"isPartOf\":{\"@id\":\"https:\/\/www.kilim-age.com\/es\/#website\"},\"primaryImageOfPage\":{\"@id\":\"https:\/\/www.kilim-age.com\/en\/producto\/alfombra-kilim-de-diseno\/#primaryimage\"},\"image\":{\"@id\":\"https:\/\/www.kilim-age.com\/en\/producto\/alfombra-kilim-de-diseno\/#primaryimage\"},\"thumbnailUrl\":\"https:\/\/www.kilim-age.com\/wp-content\/uploads\/2024\/05\/IMG_KA3117.jpg\",\"datePublished\":\"2024-05-11T11:49:13+00:00\",\"dateModified\":\"2025-06-28T10:36:05+00:00\",\"description\":\"Alfombra Kilim de Dise\u00f1o. Introduce un elemento vibrante y lleno de historia en tu decoraci\u00f3n con nuestra alfombra kilim de dise\u00f1o.\",\"breadcrumb\":{\"@id\":\"https:\/\/www.kilim-age.com\/en\/producto\/alfombra-kilim-de-diseno\/#breadcrumb\"},\"inLanguage\":\"en-US\",\"potentialAction\":[{\"@type\":\"ReadAction\",\"target\":[\"https:\/\/www.kilim-age.com\/en\/producto\/alfombra-kilim-de-diseno\/\"]}]},{\"@type\":\"ImageObject\",\"inLanguage\":\"en-US\",\"@id\":\"https:\/\/www.kilim-age.com\/en\/producto\/alfombra-kilim-de-diseno\/#primaryimage\",\"url\":\"https:\/\/www.kilim-age.com\/wp-content\/uploads\/2024\/05\/IMG_KA3117.jpg\",\"contentUrl\":\"https:\/\/www.kilim-age.com\/wp-content\/uploads\/2024\/05\/IMG_KA3117.jpg\",\"width\":1000,\"height\":1300,\"caption\":\"Alfombra Kilim de Dise\u00f1o\"},{\"@type\":\"BreadcrumbList\",\"@id\":\"https:\/\/www.kilim-age.com\/en\/producto\/alfombra-kilim-de-diseno\/#breadcrumb\",\"itemListElement\":[{\"@type\":\"ListItem\",\"position\":1,\"name\":\"Home\",\"item\":\"https:\/\/www.kilim-age.com\/es\/\"},{\"@type\":\"ListItem\",\"position\":2,\"name\":\"Shop\",\"item\":\"https:\/\/www.kilim-age.com\/es\/shop\/\"},{\"@type\":\"ListItem\",\"position\":3,\"name\":\"Turkish kilim 80&#215;119 cm\"}]},{\"@type\":\"WebSite\",\"@id\":\"https:\/\/www.kilim-age.com\/es\/#website\",\"url\":\"https:\/\/www.kilim-age.com\/es\/\",\"name\":\"Kilim-Age\",\"description\":\"Somos especialistas en productos artesanales de Turqu\u00eda como Alfombras, y Kilims\",\"potentialAction\":[{\"@type\":\"SearchAction\",\"target\":{\"@type\":\"EntryPoint\",\"urlTemplate\":\"https:\/\/www.kilim-age.com\/es\/?s={search_term_string}\"},\"query-input\":{\"@type\":\"PropertyValueSpecification\",\"valueRequired\":true,\"valueName\":\"search_term_string\"}}],\"inLanguage\":\"en-US\"}]}<\/script>\n<!-- \/ Yoast SEO plugin. -->","yoast_head_json":{"title":"Alfombra Kilim de Dise\u00f1o | Kilim-Age","description":"Alfombra Kilim de Dise\u00f1o. Introduce un elemento vibrante y lleno de historia en tu decoraci\u00f3n con nuestra alfombra kilim de dise\u00f1o.","robots":{"index":"index","follow":"follow","max-snippet":"max-snippet:-1","max-image-preview":"max-image-preview:large","max-video-preview":"max-video-preview:-1"},"canonical":"https:\/\/www.kilim-age.com\/en\/producto\/alfombra-kilim-de-diseno\/","og_locale":"en_US","og_type":"article","og_title":"Alfombra Kilim de Dise\u00f1o | Kilim-Age","og_description":"Alfombra Kilim de Dise\u00f1o. Introduce un elemento vibrante y lleno de historia en tu decoraci\u00f3n con nuestra alfombra kilim de dise\u00f1o.","og_url":"https:\/\/www.kilim-age.com\/en\/producto\/alfombra-kilim-de-diseno\/","og_site_name":"Kilim-Age","article_modified_time":"2025-06-28T10:36:05+00:00","og_image":[{"width":1000,"height":1300,"url":"https:\/\/www.kilim-age.com\/wp-content\/uploads\/2024\/05\/IMG_KA3117.jpg","type":"image\/jpeg"}],"twitter_card":"summary_large_image","twitter_misc":{"Est. reading time":"1 minute"},"schema":{"@context":"https:\/\/schema.org","@graph":[{"@type":"WebPage","@id":"https:\/\/www.kilim-age.com\/en\/producto\/alfombra-kilim-de-diseno\/","url":"https:\/\/www.kilim-age.com\/en\/producto\/alfombra-kilim-de-diseno\/","name":"Alfombra Kilim de Dise\u00f1o | Kilim-Age","isPartOf":{"@id":"https:\/\/www.kilim-age.com\/es\/#website"},"primaryImageOfPage":{"@id":"https:\/\/www.kilim-age.com\/en\/producto\/alfombra-kilim-de-diseno\/#primaryimage"},"image":{"@id":"https:\/\/www.kilim-age.com\/en\/producto\/alfombra-kilim-de-diseno\/#primaryimage"},"thumbnailUrl":"https:\/\/www.kilim-age.com\/wp-content\/uploads\/2024\/05\/IMG_KA3117.jpg","datePublished":"2024-05-11T11:49:13+00:00","dateModified":"2025-06-28T10:36:05+00:00","description":"Alfombra Kilim de Dise\u00f1o. Introduce un elemento vibrante y lleno de historia en tu decoraci\u00f3n con nuestra alfombra kilim de dise\u00f1o.","breadcrumb":{"@id":"https:\/\/www.kilim-age.com\/en\/producto\/alfombra-kilim-de-diseno\/#breadcrumb"},"inLanguage":"en-US","potentialAction":[{"@type":"ReadAction","target":["https:\/\/www.kilim-age.com\/en\/producto\/alfombra-kilim-de-diseno\/"]}]},{"@type":"ImageObject","inLanguage":"en-US","@id":"https:\/\/www.kilim-age.com\/en\/producto\/alfombra-kilim-de-diseno\/#primaryimage","url":"https:\/\/www.kilim-age.com\/wp-content\/uploads\/2024\/05\/IMG_KA3117.jpg","contentUrl":"https:\/\/www.kilim-age.com\/wp-content\/uploads\/2024\/05\/IMG_KA3117.jpg","width":1000,"height":1300,"caption":"Alfombra Kilim de Dise\u00f1o"},{"@type":"BreadcrumbList","@id":"https:\/\/www.kilim-age.com\/en\/producto\/alfombra-kilim-de-diseno\/#breadcrumb","itemListElement":[{"@type":"ListItem","position":1,"name":"Home","item":"https:\/\/www.kilim-age.com\/es\/"},{"@type":"ListItem","position":2,"name":"Shop","item":"https:\/\/www.kilim-age.com\/es\/shop\/"},{"@type":"ListItem","position":3,"name":"Turkish kilim 80&#215;119 cm"}]},{"@type":"WebSite","@id":"https:\/\/www.kilim-age.com\/es\/#website","url":"https:\/\/www.kilim-age.com\/es\/","name":"Kilim-Age","description":"Somos especialistas en productos artesanales de Turqu\u00eda como Alfombras, y Kilims","potentialAction":[{"@type":"SearchAction","target":{"@type":"EntryPoint","urlTemplate":"https:\/\/www.kilim-age.com\/es\/?s={search_term_string}"},"query-input":{"@type":"PropertyValueSpecification","valueRequired":true,"valueName":"search_term_string"}}],"inLanguage":"en-US"}]}},"_links":{"self":[{"href":"https:\/\/www.kilim-age.com\/en\/wp-json\/wp\/v2\/product\/41043","targetHints":{"allow":["GET"]}}],"collection":[{"href":"https:\/\/www.kilim-age.com\/en\/wp-json\/wp\/v2\/product"}],"about":[{"href":"https:\/\/www.kilim-age.com\/en\/wp-json\/wp\/v2\/types\/product"}],"replies":[{"embeddable":true,"href":"https:\/\/www.kilim-age.com\/en\/wp-json\/wp\/v2\/comments?post=41043"}],"wp:featuredmedia":[{"embeddable":true,"href":"https:\/\/www.kilim-age.com\/en\/wp-json\/wp\/v2\/media\/41044"}],"wp:attachment":[{"href":"https:\/\/www.kilim-age.com\/en\/wp-json\/wp\/v2\/media?parent=41043"}],"wp:term":[{"taxonomy":"product_brand","embeddable":true,"href":"https:\/\/www.kilim-age.com\/en\/wp-json\/wp\/v2\/product_brand?post=41043"},{"taxonomy":"product_cat","embeddable":true,"href":"https:\/\/www.kilim-age.com\/en\/wp-json\/wp\/v2\/product_cat?post=41043"},{"taxonomy":"product_tag","embeddable":true,"href":"https:\/\/www.kilim-age.com\/en\/wp-json\/wp\/v2\/product_tag?post=41043"}],"curies":[{"name":"wp","href":"https:\/\/api.w.org\/{rel}","templated":true}]}}