{"id":41295,"date":"2024-12-19T17:36:21","date_gmt":"2024-12-19T16:36:21","guid":{"rendered":"https:\/\/www.kilim-age.com\/?post_type=product&#038;p=41295"},"modified":"2025-06-14T13:33:23","modified_gmt":"2025-06-14T11:33:23","slug":"alfombra-contemporanea-economica","status":"publish","type":"product","link":"https:\/\/www.kilim-age.com\/en\/producto\/alfombra-contemporanea-economica\/","title":{"rendered":"Contemporary abstract rug   (Kopya)"},"content":{"rendered":"<strong>Abstract Design Rug: Contemporary Elegance in Every Thread<\/strong><\/p>\n<p>Discover effortless sophistication with our <strong>Abstract Design Rug<\/strong>, available in various sizes to suit any space and decor style. This unique design captures the essence of contemporary art, transforming any room into a space full of character and modernity.<\/p>\n<p><strong>Color Palette and Texture:<\/strong><\/p>\n<ul>\n<li><strong>Soothing Tones<\/strong>: The rug features a base of soft grays combined with touches of blue and gold highlights, creating a calming effect that complements any color palette.<\/li>\n<li><strong>Dynamic Design<\/strong>: Abstract brush strokes and variations in tone intensity bring a unique depth, ideal for focal points or as a subtle decorative complement.<\/li>\n<\/ul>\n<p><strong>Key Features:<\/strong><\/p>\n<ul>\n<li><strong>Versatility in Sizes<\/strong>: We offer this rug in a diversity of dimensions, ensuring the perfect fit for both intimate spaces and high-traffic areas.<\/li>\n<li><strong>Durability and Comfort<\/strong>: Made with high-quality materials, this rug is not only resistant to everyday wear but also provides a pleasing texture to the touch, combining durability with luxury.<\/li>\n<\/ul>\n<p>Abstract design rug.<\/p>\n<p><strong>Ideal for Modern Environments:<\/strong> Our <strong>Abstract Design Rug<\/strong> is perfect for those looking to add an artistic, modern touch to their home or office. It works exceptionally well in living rooms, studies, or any space that would benefit from sophisticated floor art.<\/p>\n<p>Explore the available options in our stock and choose the size that best suits your needs. Elevate your decor with this essential piece that promises to transform and enrich any environment with its aesthetic and functional presence.","protected":false},"excerpt":{"rendered":"<p style=\"text-align: left;\">Origin: Turkey<br \/>\nMaterial: Cotton and Viscos<br \/>\nThickness approximately: 7 mm<br \/>\nKnot density: 1.600.000 points\/m<sup>2<\/sup><br \/>\nAge: New<br \/>\nHigh-precision weaving<br \/>\nAll our rugs are made with natural fibers materials.<br \/>\nColors: Natural dyeing<br \/>\nThe colors of the carpet will be perceived in different ways depending on the viewing angle.<br \/>\nDelivery time: Spain approximately 2-5 days, Europe 5-7 days, other continents 7-10<br \/>\ndays.<\/p>\n","protected":false},"featured_media":41294,"comment_status":"open","ping_status":"closed","template":"","meta":[],"product_brand":[],"product_cat":[62,232],"product_tag":[92,167],"class_list":{"0":"post-41295","1":"product","2":"type-product","3":"status-publish","4":"has-post-thumbnail","6":"product_cat-alfombras-turcas","7":"product_cat-alfombras-modernas","8":"product_tag-alfombra-moderna","9":"product_tag-modern-carpet","10":"pa_ancho-cm-908","11":"pa_ancho-cm-1049","12":"pa_ancho-cm-873","13":"pa_ancho-cm-875","14":"pa_ancho-cm-1029","15":"pa_ancho-cm-878","16":"pa_color-azul","17":"pa_color-beige","18":"pa_color-gris","19":"pa_largo-cm-993","20":"pa_largo-cm-884","21":"pa_largo-cm-886","22":"pa_largo-cm-888","23":"pa_largo-cm-1030","24":"pa_largo-cm-889","25":"pa_medida-grandes","26":"pa_medida-medianos","27":"pa_medida-pequenos","28":"pa_seleccionar-medidas-120x180-cm","29":"pa_seleccionar-medidas-200x300-cm","30":"pa_seleccionar-medidas-230x160-cm","31":"pa_seleccionar-medidas-240x340-cm","32":"pa_seleccionar-medidas-300x400-cm","33":"pa_seleccionar-medidas-80x150cm","34":"pa_seleccionar-medidas-80x400-cm","36":"first","37":"outofstock","38":"sale","39":"taxable","40":"shipping-taxable","41":"purchasable","42":"product-type-variable"},"yoast_head":"<!-- This site is optimized with the Yoast SEO plugin v24.8.1 - https:\/\/yoast.com\/wordpress\/plugins\/seo\/ -->\n<title>Alfombra de dise\u00f1o abstracto| Kilim-Age | Alfombras ModernasAlfombra Contempor\u00e1nea Econ\u00f3mica| Kilim-Age | Alfombras Modernas<\/title>\n<meta name=\"description\" content=\"Descubre la sofisticaci\u00f3n sin esfuerzo con nuestra Alfombra de Dise\u00f1o Abstracto, disponible en varios tama\u00f1os.\" \/>\n<meta name=\"robots\" content=\"index, follow, max-snippet:-1, max-image-preview:large, max-video-preview:-1\" \/>\n<link rel=\"canonical\" href=\"https:\/\/kilim-age.com\/en\/producto\/alfombra-contemporanea-economica\/\" \/>\n<meta property=\"og:locale\" content=\"en_US\" \/>\n<meta property=\"og:type\" content=\"article\" \/>\n<meta property=\"og:title\" content=\"Alfombra de dise\u00f1o abstracto| Kilim-Age | Alfombras ModernasAlfombra Contempor\u00e1nea Econ\u00f3mica| Kilim-Age | Alfombras Modernas\" \/>\n<meta property=\"og:description\" content=\"Descubre la sofisticaci\u00f3n sin esfuerzo con nuestra Alfombra de Dise\u00f1o Abstracto, disponible en varios tama\u00f1os.\" \/>\n<meta property=\"og:url\" content=\"https:\/\/kilim-age.com\/en\/producto\/alfombra-contemporanea-economica\/\" \/>\n<meta property=\"og:site_name\" content=\"Kilim-Age\" \/>\n<meta property=\"article:modified_time\" content=\"2025-06-14T11:33:23+00:00\" \/>\n<meta property=\"og:image\" content=\"https:\/\/kilim-age.com\/wp-content\/uploads\/2024\/05\/609170870.jpg\" \/>\n\t<meta property=\"og:image:width\" content=\"1000\" \/>\n\t<meta property=\"og:image:height\" content=\"1300\" \/>\n\t<meta property=\"og:image:type\" content=\"image\/jpeg\" \/>\n<meta name=\"twitter:card\" content=\"summary_large_image\" \/>\n<meta name=\"twitter:label1\" content=\"Est. reading time\" \/>\n\t<meta name=\"twitter:data1\" content=\"2 minutes\" \/>\n<script type=\"application\/ld+json\" class=\"yoast-schema-graph\">{\"@context\":\"https:\/\/schema.org\",\"@graph\":[{\"@type\":\"WebPage\",\"@id\":\"https:\/\/kilim-age.com\/en\/producto\/alfombra-contemporanea-economica\/\",\"url\":\"https:\/\/kilim-age.com\/en\/producto\/alfombra-contemporanea-economica\/\",\"name\":\"Alfombra de dise\u00f1o abstracto| Kilim-Age | Alfombras ModernasAlfombra Contempor\u00e1nea Econ\u00f3mica| Kilim-Age | Alfombras Modernas\",\"isPartOf\":{\"@id\":\"https:\/\/kilim-age.com\/en\/#website\"},\"primaryImageOfPage\":{\"@id\":\"https:\/\/kilim-age.com\/en\/producto\/alfombra-contemporanea-economica\/#primaryimage\"},\"image\":{\"@id\":\"https:\/\/kilim-age.com\/en\/producto\/alfombra-contemporanea-economica\/#primaryimage\"},\"thumbnailUrl\":\"https:\/\/www.kilim-age.com\/wp-content\/uploads\/2024\/05\/609170870.jpg\",\"datePublished\":\"2024-12-19T16:36:21+00:00\",\"dateModified\":\"2025-06-14T11:33:23+00:00\",\"description\":\"Descubre la sofisticaci\u00f3n sin esfuerzo con nuestra Alfombra de Dise\u00f1o Abstracto, disponible en varios tama\u00f1os.\",\"breadcrumb\":{\"@id\":\"https:\/\/kilim-age.com\/en\/producto\/alfombra-contemporanea-economica\/#breadcrumb\"},\"inLanguage\":\"en-US\",\"potentialAction\":[{\"@type\":\"ReadAction\",\"target\":[\"https:\/\/kilim-age.com\/en\/producto\/alfombra-contemporanea-economica\/\"]}]},{\"@type\":\"ImageObject\",\"inLanguage\":\"en-US\",\"@id\":\"https:\/\/kilim-age.com\/en\/producto\/alfombra-contemporanea-economica\/#primaryimage\",\"url\":\"https:\/\/www.kilim-age.com\/wp-content\/uploads\/2024\/05\/609170870.jpg\",\"contentUrl\":\"https:\/\/www.kilim-age.com\/wp-content\/uploads\/2024\/05\/609170870.jpg\",\"width\":1000,\"height\":1300},{\"@type\":\"BreadcrumbList\",\"@id\":\"https:\/\/kilim-age.com\/en\/producto\/alfombra-contemporanea-economica\/#breadcrumb\",\"itemListElement\":[{\"@type\":\"ListItem\",\"position\":1,\"name\":\"Home\",\"item\":\"https:\/\/kilim-age.com\/en\/\"},{\"@type\":\"ListItem\",\"position\":2,\"name\":\"Shop\",\"item\":\"https:\/\/kilim-age.com\/es\/shop\/\"},{\"@type\":\"ListItem\",\"position\":3,\"name\":\"Contemporary abstract rug (Kopya)\"}]},{\"@type\":\"WebSite\",\"@id\":\"https:\/\/kilim-age.com\/en\/#website\",\"url\":\"https:\/\/kilim-age.com\/en\/\",\"name\":\"Kilim-Age\",\"description\":\"Somos especialistas en productos artesanales de Turqu\u00eda como Alfombras, y Kilims\",\"potentialAction\":[{\"@type\":\"SearchAction\",\"target\":{\"@type\":\"EntryPoint\",\"urlTemplate\":\"https:\/\/kilim-age.com\/en\/?s={search_term_string}\"},\"query-input\":{\"@type\":\"PropertyValueSpecification\",\"valueRequired\":true,\"valueName\":\"search_term_string\"}}],\"inLanguage\":\"en-US\"}]}<\/script>\n<!-- \/ Yoast SEO plugin. -->","yoast_head_json":{"title":"Alfombra de dise\u00f1o abstracto| Kilim-Age | Alfombras ModernasAlfombra Contempor\u00e1nea Econ\u00f3mica| Kilim-Age | Alfombras Modernas","description":"Descubre la sofisticaci\u00f3n sin esfuerzo con nuestra Alfombra de Dise\u00f1o Abstracto, disponible en varios tama\u00f1os.","robots":{"index":"index","follow":"follow","max-snippet":"max-snippet:-1","max-image-preview":"max-image-preview:large","max-video-preview":"max-video-preview:-1"},"canonical":"https:\/\/kilim-age.com\/en\/producto\/alfombra-contemporanea-economica\/","og_locale":"en_US","og_type":"article","og_title":"Alfombra de dise\u00f1o abstracto| Kilim-Age | Alfombras ModernasAlfombra Contempor\u00e1nea Econ\u00f3mica| Kilim-Age | Alfombras Modernas","og_description":"Descubre la sofisticaci\u00f3n sin esfuerzo con nuestra Alfombra de Dise\u00f1o Abstracto, disponible en varios tama\u00f1os.","og_url":"https:\/\/kilim-age.com\/en\/producto\/alfombra-contemporanea-economica\/","og_site_name":"Kilim-Age","article_modified_time":"2025-06-14T11:33:23+00:00","og_image":[{"width":1000,"height":1300,"url":"https:\/\/kilim-age.com\/wp-content\/uploads\/2024\/05\/609170870.jpg","type":"image\/jpeg"}],"twitter_card":"summary_large_image","twitter_misc":{"Est. reading time":"2 minutes"},"schema":{"@context":"https:\/\/schema.org","@graph":[{"@type":"WebPage","@id":"https:\/\/kilim-age.com\/en\/producto\/alfombra-contemporanea-economica\/","url":"https:\/\/kilim-age.com\/en\/producto\/alfombra-contemporanea-economica\/","name":"Alfombra de dise\u00f1o abstracto| Kilim-Age | Alfombras ModernasAlfombra Contempor\u00e1nea Econ\u00f3mica| Kilim-Age | Alfombras Modernas","isPartOf":{"@id":"https:\/\/kilim-age.com\/en\/#website"},"primaryImageOfPage":{"@id":"https:\/\/kilim-age.com\/en\/producto\/alfombra-contemporanea-economica\/#primaryimage"},"image":{"@id":"https:\/\/kilim-age.com\/en\/producto\/alfombra-contemporanea-economica\/#primaryimage"},"thumbnailUrl":"https:\/\/www.kilim-age.com\/wp-content\/uploads\/2024\/05\/609170870.jpg","datePublished":"2024-12-19T16:36:21+00:00","dateModified":"2025-06-14T11:33:23+00:00","description":"Descubre la sofisticaci\u00f3n sin esfuerzo con nuestra Alfombra de Dise\u00f1o Abstracto, disponible en varios tama\u00f1os.","breadcrumb":{"@id":"https:\/\/kilim-age.com\/en\/producto\/alfombra-contemporanea-economica\/#breadcrumb"},"inLanguage":"en-US","potentialAction":[{"@type":"ReadAction","target":["https:\/\/kilim-age.com\/en\/producto\/alfombra-contemporanea-economica\/"]}]},{"@type":"ImageObject","inLanguage":"en-US","@id":"https:\/\/kilim-age.com\/en\/producto\/alfombra-contemporanea-economica\/#primaryimage","url":"https:\/\/www.kilim-age.com\/wp-content\/uploads\/2024\/05\/609170870.jpg","contentUrl":"https:\/\/www.kilim-age.com\/wp-content\/uploads\/2024\/05\/609170870.jpg","width":1000,"height":1300},{"@type":"BreadcrumbList","@id":"https:\/\/kilim-age.com\/en\/producto\/alfombra-contemporanea-economica\/#breadcrumb","itemListElement":[{"@type":"ListItem","position":1,"name":"Home","item":"https:\/\/kilim-age.com\/en\/"},{"@type":"ListItem","position":2,"name":"Shop","item":"https:\/\/kilim-age.com\/es\/shop\/"},{"@type":"ListItem","position":3,"name":"Contemporary abstract rug (Kopya)"}]},{"@type":"WebSite","@id":"https:\/\/kilim-age.com\/en\/#website","url":"https:\/\/kilim-age.com\/en\/","name":"Kilim-Age","description":"Somos especialistas en productos artesanales de Turqu\u00eda como Alfombras, y Kilims","potentialAction":[{"@type":"SearchAction","target":{"@type":"EntryPoint","urlTemplate":"https:\/\/kilim-age.com\/en\/?s={search_term_string}"},"query-input":{"@type":"PropertyValueSpecification","valueRequired":true,"valueName":"search_term_string"}}],"inLanguage":"en-US"}]}},"_links":{"self":[{"href":"https:\/\/www.kilim-age.com\/en\/wp-json\/wp\/v2\/product\/41295","targetHints":{"allow":["GET"]}}],"collection":[{"href":"https:\/\/www.kilim-age.com\/en\/wp-json\/wp\/v2\/product"}],"about":[{"href":"https:\/\/www.kilim-age.com\/en\/wp-json\/wp\/v2\/types\/product"}],"replies":[{"embeddable":true,"href":"https:\/\/www.kilim-age.com\/en\/wp-json\/wp\/v2\/comments?post=41295"}],"wp:featuredmedia":[{"embeddable":true,"href":"https:\/\/www.kilim-age.com\/en\/wp-json\/wp\/v2\/media\/41294"}],"wp:attachment":[{"href":"https:\/\/www.kilim-age.com\/en\/wp-json\/wp\/v2\/media?parent=41295"}],"wp:term":[{"taxonomy":"product_brand","embeddable":true,"href":"https:\/\/www.kilim-age.com\/en\/wp-json\/wp\/v2\/product_brand?post=41295"},{"taxonomy":"product_cat","embeddable":true,"href":"https:\/\/www.kilim-age.com\/en\/wp-json\/wp\/v2\/product_cat?post=41295"},{"taxonomy":"product_tag","embeddable":true,"href":"https:\/\/www.kilim-age.com\/en\/wp-json\/wp\/v2\/product_tag?post=41295"}],"curies":[{"name":"wp","href":"https:\/\/api.w.org\/{rel}","templated":true}]}}