{"id":41301,"date":"2024-12-19T17:55:58","date_gmt":"2024-12-19T16:55:58","guid":{"rendered":"https:\/\/www.kilim-age.com\/?post_type=product&#038;p=41301"},"modified":"2026-02-11T23:36:24","modified_gmt":"2026-02-11T22:36:24","slug":"alfombras-modernas-de-diseno-2","status":"publish","type":"product","link":"https:\/\/www.kilim-age.com\/en\/producto\/alfombras-modernas-de-diseno-2\/","title":{"rendered":"ANTRASIT BLUE (Kopya)"},"content":{"rendered":"<strong>Explore Modern Elegance with Our Contemporary Rug<\/strong><\/p>\n<p>Introducing our stunning contemporary rug, a masterpiece of modern design that brings a sophisticated touch to any living space. This rug features a unique blend of colors, merging shades of grey with subtle hints of gold and ivory, creating a visually captivating effect. The abstract pattern, reminiscent of weathered textures and urban decay, lends an artistic edge to its appearance.<\/p>\n<p><strong>Color Palette and Design Features:<\/strong><\/p>\n<ul>\n<li><strong>Main Colors<\/strong>: Soft, neutral greys dominate the rug, providing a versatile backdrop that complements any color scheme.<\/li>\n<li><strong>Accents<\/strong>: Strategic touches of gold and ivory break up the monochrome palette, adding warmth and a hint of luxury.<\/li>\n<li><strong>Texture<\/strong>: The rug&#8217;s texture enhances its visual depth, making it not only a treat for the eyes but also a pleasure to walk on.<\/li>\n<\/ul>\n<p><strong>Versatile Sizing Options:<\/strong> Our contemporary rug is available in a range of sizes to perfectly suit any space requirement. Whether your area demands a smaller accent piece or a large statement rug to define a room, we offer a variety of dimensions to meet your needs.<\/p>\n<p>Ideal for both home and office settings, this rug promises to elevate your interior with its chic and timeless design. Transform your space with this modern rug, blending durability with luxury to meet the highest standards of style and comfort.","protected":false},"excerpt":{"rendered":"<p style=\"text-align: left;\">Origin: Turkey<br \/>\nMaterial: Cotton and Viscos<br \/>\nThickness approximately: 7 mm<br \/>\nKnot density: 1.600.000 points\/m<sup>2<\/sup><br \/>\nAge: New<br \/>\nHigh-precision weaving<br \/>\nAll our rugs are made with natural fibers materials.<br \/>\nColors: Natural dyeing<br \/>\nThe colors of the carpet will be perceived in different ways depending on the viewing angle.<br \/>\nDelivery time: Spain approximately 2-5 days, Europe 5-7 days, other continents 7-10<br \/>\ndays.<\/p>\n","protected":false},"featured_media":41310,"comment_status":"open","ping_status":"closed","template":"","meta":[],"product_brand":[],"product_cat":[62,232],"product_tag":[826,92],"class_list":{"0":"post-41301","1":"product","2":"type-product","3":"status-publish","4":"has-post-thumbnail","6":"product_cat-alfombras-turcas","7":"product_cat-alfombras-modernas","8":"product_tag-alfombra-abstracta","9":"product_tag-alfombra-moderna","10":"pa_color-amarillo","11":"pa_color-azul","12":"pa_color-beige","13":"pa_color-gris","14":"pa_seleccionar-medidas-120x180-cm","15":"pa_seleccionar-medidas-160x230-cm","16":"pa_seleccionar-medidas-200x300-cm","17":"pa_seleccionar-medidas-240x340-cm","18":"pa_seleccionar-medidas-300x400-cm","19":"pa_seleccionar-medidas-80x150cm","20":"pa_seleccionar-medidas-80x300-cm","22":"first","23":"outofstock","24":"sale","25":"taxable","26":"shipping-taxable","27":"purchasable","28":"product-type-variable"},"yoast_head":"<!-- This site is optimized with the Yoast SEO plugin v24.8.1 - https:\/\/yoast.com\/wordpress\/plugins\/seo\/ -->\n<title>Alfombras Modernas de Die\u00f1o | Kilim-Age | Alfombras Econ\u00f3micas<\/title>\n<meta name=\"description\" content=\"Explora la belleza atemporal de nuestra alfombra &#039;Urban Chic Elegance&#039;, un dise\u00f1o moderno que captura la esencia de la sofisticaci\u00f3n urbana.\" \/>\n<meta name=\"robots\" content=\"index, follow, max-snippet:-1, max-image-preview:large, max-video-preview:-1\" \/>\n<link rel=\"canonical\" href=\"https:\/\/kilim-age.com\/es\/producto\/alfombras-modernas-de-diseno-2\/\" \/>\n<meta property=\"og:locale\" content=\"en_US\" \/>\n<meta property=\"og:type\" content=\"article\" \/>\n<meta property=\"og:title\" content=\"Alfombras Modernas de Die\u00f1o | Kilim-Age | Alfombras Econ\u00f3micas\" \/>\n<meta property=\"og:description\" content=\"Explora la belleza atemporal de nuestra alfombra &#039;Urban Chic Elegance&#039;, un dise\u00f1o moderno que captura la esencia de la sofisticaci\u00f3n urbana.\" \/>\n<meta property=\"og:url\" content=\"https:\/\/kilim-age.com\/es\/producto\/alfombras-modernas-de-diseno-2\/\" \/>\n<meta property=\"og:site_name\" content=\"Kilim-Age\" \/>\n<meta property=\"article:modified_time\" content=\"2026-02-11T22:36:24+00:00\" \/>\n<meta property=\"og:image\" content=\"https:\/\/kilim-age.com\/wp-content\/uploads\/2024\/12\/image_1950-1.jpg\" \/>\n\t<meta property=\"og:image:width\" content=\"1000\" \/>\n\t<meta property=\"og:image:height\" content=\"1300\" \/>\n\t<meta property=\"og:image:type\" content=\"image\/jpeg\" \/>\n<meta name=\"twitter:card\" content=\"summary_large_image\" \/>\n<meta name=\"twitter:label1\" content=\"Est. reading time\" \/>\n\t<meta name=\"twitter:data1\" content=\"1 minute\" \/>\n<script type=\"application\/ld+json\" class=\"yoast-schema-graph\">{\"@context\":\"https:\/\/schema.org\",\"@graph\":[{\"@type\":\"WebPage\",\"@id\":\"https:\/\/kilim-age.com\/es\/producto\/alfombras-modernas-de-diseno-2\/\",\"url\":\"https:\/\/kilim-age.com\/es\/producto\/alfombras-modernas-de-diseno-2\/\",\"name\":\"Alfombras Modernas de Die\u00f1o | Kilim-Age | Alfombras Econ\u00f3micas\",\"isPartOf\":{\"@id\":\"https:\/\/www.kilim-age.com\/es\/#website\"},\"primaryImageOfPage\":{\"@id\":\"https:\/\/kilim-age.com\/es\/producto\/alfombras-modernas-de-diseno-2\/#primaryimage\"},\"image\":{\"@id\":\"https:\/\/kilim-age.com\/es\/producto\/alfombras-modernas-de-diseno-2\/#primaryimage\"},\"thumbnailUrl\":\"https:\/\/www.kilim-age.com\/wp-content\/uploads\/2024\/12\/image_1950-1.jpg\",\"datePublished\":\"2024-12-19T16:55:58+00:00\",\"dateModified\":\"2026-02-11T22:36:24+00:00\",\"description\":\"Explora la belleza atemporal de nuestra alfombra 'Urban Chic Elegance', un dise\u00f1o moderno que captura la esencia de la sofisticaci\u00f3n urbana.\",\"breadcrumb\":{\"@id\":\"https:\/\/kilim-age.com\/es\/producto\/alfombras-modernas-de-diseno-2\/#breadcrumb\"},\"inLanguage\":\"en-US\",\"potentialAction\":[{\"@type\":\"ReadAction\",\"target\":[\"https:\/\/kilim-age.com\/es\/producto\/alfombras-modernas-de-diseno-2\/\"]}]},{\"@type\":\"ImageObject\",\"inLanguage\":\"en-US\",\"@id\":\"https:\/\/kilim-age.com\/es\/producto\/alfombras-modernas-de-diseno-2\/#primaryimage\",\"url\":\"https:\/\/www.kilim-age.com\/wp-content\/uploads\/2024\/12\/image_1950-1.jpg\",\"contentUrl\":\"https:\/\/www.kilim-age.com\/wp-content\/uploads\/2024\/12\/image_1950-1.jpg\",\"width\":1000,\"height\":1300},{\"@type\":\"BreadcrumbList\",\"@id\":\"https:\/\/kilim-age.com\/es\/producto\/alfombras-modernas-de-diseno-2\/#breadcrumb\",\"itemListElement\":[{\"@type\":\"ListItem\",\"position\":1,\"name\":\"Home\",\"item\":\"https:\/\/www.kilim-age.com\/es\/\"},{\"@type\":\"ListItem\",\"position\":2,\"name\":\"Shop\",\"item\":\"https:\/\/www.kilim-age.com\/es\/shop\/\"},{\"@type\":\"ListItem\",\"position\":3,\"name\":\"Urban Chic Elegance 240&#215;340 cm\"}]},{\"@type\":\"WebSite\",\"@id\":\"https:\/\/www.kilim-age.com\/es\/#website\",\"url\":\"https:\/\/www.kilim-age.com\/es\/\",\"name\":\"Kilim-Age\",\"description\":\"Somos especialistas en productos artesanales de Turqu\u00eda como Alfombras, y Kilims\",\"potentialAction\":[{\"@type\":\"SearchAction\",\"target\":{\"@type\":\"EntryPoint\",\"urlTemplate\":\"https:\/\/www.kilim-age.com\/es\/?s={search_term_string}\"},\"query-input\":{\"@type\":\"PropertyValueSpecification\",\"valueRequired\":true,\"valueName\":\"search_term_string\"}}],\"inLanguage\":\"en-US\"}]}<\/script>\n<!-- \/ Yoast SEO plugin. -->","yoast_head_json":{"title":"Alfombras Modernas de Die\u00f1o | Kilim-Age | Alfombras Econ\u00f3micas","description":"Explora la belleza atemporal de nuestra alfombra 'Urban Chic Elegance', un dise\u00f1o moderno que captura la esencia de la sofisticaci\u00f3n urbana.","robots":{"index":"index","follow":"follow","max-snippet":"max-snippet:-1","max-image-preview":"max-image-preview:large","max-video-preview":"max-video-preview:-1"},"canonical":"https:\/\/kilim-age.com\/es\/producto\/alfombras-modernas-de-diseno-2\/","og_locale":"en_US","og_type":"article","og_title":"Alfombras Modernas de Die\u00f1o | Kilim-Age | Alfombras Econ\u00f3micas","og_description":"Explora la belleza atemporal de nuestra alfombra 'Urban Chic Elegance', un dise\u00f1o moderno que captura la esencia de la sofisticaci\u00f3n urbana.","og_url":"https:\/\/kilim-age.com\/es\/producto\/alfombras-modernas-de-diseno-2\/","og_site_name":"Kilim-Age","article_modified_time":"2026-02-11T22:36:24+00:00","og_image":[{"width":1000,"height":1300,"url":"https:\/\/kilim-age.com\/wp-content\/uploads\/2024\/12\/image_1950-1.jpg","type":"image\/jpeg"}],"twitter_card":"summary_large_image","twitter_misc":{"Est. reading time":"1 minute"},"schema":{"@context":"https:\/\/schema.org","@graph":[{"@type":"WebPage","@id":"https:\/\/kilim-age.com\/es\/producto\/alfombras-modernas-de-diseno-2\/","url":"https:\/\/kilim-age.com\/es\/producto\/alfombras-modernas-de-diseno-2\/","name":"Alfombras Modernas de Die\u00f1o | Kilim-Age | Alfombras Econ\u00f3micas","isPartOf":{"@id":"https:\/\/www.kilim-age.com\/es\/#website"},"primaryImageOfPage":{"@id":"https:\/\/kilim-age.com\/es\/producto\/alfombras-modernas-de-diseno-2\/#primaryimage"},"image":{"@id":"https:\/\/kilim-age.com\/es\/producto\/alfombras-modernas-de-diseno-2\/#primaryimage"},"thumbnailUrl":"https:\/\/www.kilim-age.com\/wp-content\/uploads\/2024\/12\/image_1950-1.jpg","datePublished":"2024-12-19T16:55:58+00:00","dateModified":"2026-02-11T22:36:24+00:00","description":"Explora la belleza atemporal de nuestra alfombra 'Urban Chic Elegance', un dise\u00f1o moderno que captura la esencia de la sofisticaci\u00f3n urbana.","breadcrumb":{"@id":"https:\/\/kilim-age.com\/es\/producto\/alfombras-modernas-de-diseno-2\/#breadcrumb"},"inLanguage":"en-US","potentialAction":[{"@type":"ReadAction","target":["https:\/\/kilim-age.com\/es\/producto\/alfombras-modernas-de-diseno-2\/"]}]},{"@type":"ImageObject","inLanguage":"en-US","@id":"https:\/\/kilim-age.com\/es\/producto\/alfombras-modernas-de-diseno-2\/#primaryimage","url":"https:\/\/www.kilim-age.com\/wp-content\/uploads\/2024\/12\/image_1950-1.jpg","contentUrl":"https:\/\/www.kilim-age.com\/wp-content\/uploads\/2024\/12\/image_1950-1.jpg","width":1000,"height":1300},{"@type":"BreadcrumbList","@id":"https:\/\/kilim-age.com\/es\/producto\/alfombras-modernas-de-diseno-2\/#breadcrumb","itemListElement":[{"@type":"ListItem","position":1,"name":"Home","item":"https:\/\/www.kilim-age.com\/es\/"},{"@type":"ListItem","position":2,"name":"Shop","item":"https:\/\/www.kilim-age.com\/es\/shop\/"},{"@type":"ListItem","position":3,"name":"Urban Chic Elegance 240&#215;340 cm"}]},{"@type":"WebSite","@id":"https:\/\/www.kilim-age.com\/es\/#website","url":"https:\/\/www.kilim-age.com\/es\/","name":"Kilim-Age","description":"Somos especialistas en productos artesanales de Turqu\u00eda como Alfombras, y Kilims","potentialAction":[{"@type":"SearchAction","target":{"@type":"EntryPoint","urlTemplate":"https:\/\/www.kilim-age.com\/es\/?s={search_term_string}"},"query-input":{"@type":"PropertyValueSpecification","valueRequired":true,"valueName":"search_term_string"}}],"inLanguage":"en-US"}]}},"_links":{"self":[{"href":"https:\/\/www.kilim-age.com\/en\/wp-json\/wp\/v2\/product\/41301","targetHints":{"allow":["GET"]}}],"collection":[{"href":"https:\/\/www.kilim-age.com\/en\/wp-json\/wp\/v2\/product"}],"about":[{"href":"https:\/\/www.kilim-age.com\/en\/wp-json\/wp\/v2\/types\/product"}],"replies":[{"embeddable":true,"href":"https:\/\/www.kilim-age.com\/en\/wp-json\/wp\/v2\/comments?post=41301"}],"wp:featuredmedia":[{"embeddable":true,"href":"https:\/\/www.kilim-age.com\/en\/wp-json\/wp\/v2\/media\/41310"}],"wp:attachment":[{"href":"https:\/\/www.kilim-age.com\/en\/wp-json\/wp\/v2\/media?parent=41301"}],"wp:term":[{"taxonomy":"product_brand","embeddable":true,"href":"https:\/\/www.kilim-age.com\/en\/wp-json\/wp\/v2\/product_brand?post=41301"},{"taxonomy":"product_cat","embeddable":true,"href":"https:\/\/www.kilim-age.com\/en\/wp-json\/wp\/v2\/product_cat?post=41301"},{"taxonomy":"product_tag","embeddable":true,"href":"https:\/\/www.kilim-age.com\/en\/wp-json\/wp\/v2\/product_tag?post=41301"}],"curies":[{"name":"wp","href":"https:\/\/api.w.org\/{rel}","templated":true}]}}