{"id":41423,"date":"2025-07-05T13:12:42","date_gmt":"2025-07-05T11:12:42","guid":{"rendered":"https:\/\/www.kilim-age.com\/?post_type=product&#038;p=41423"},"modified":"2025-11-20T12:22:58","modified_gmt":"2025-11-20T11:22:58","slug":"kilim-turco-pequeno","status":"publish","type":"product","link":"https:\/\/www.kilim-age.com\/en\/producto\/kilim-turco-pequeno\/","title":{"rendered":"Turkish kilim 82&#215;118 cm"},"content":{"rendered":"<p data-start=\"291\" data-end=\"627\">This <strong data-start=\"296\" data-end=\"335\">small Turkish kilim rug (82&#215;118 cm)<\/strong> is a vibrant and authentic handmade piece that brings character, tradition, and color to any corner of your home. Crafted using natural wool, it features a striking geometric diamond pattern in tones of red, orange, navy, green, and beige \u2014 reflecting the essence of Anatolian craftsmanship.<\/p>\n<p data-start=\"629\" data-end=\"898\">Its compact size makes it ideal for smaller spaces such as entryways, bedside areas, narrow hallways, or even as a decorative wall hanging. The symmetrical design and warm color palette create an inviting atmosphere, making it both a functional and decorative addition.<\/p>\n<p data-start=\"900\" data-end=\"1269\">Each kilim is unique and tells its own story, carrying the spirit of Turkish weaving traditions passed down through generations. This particular piece is flat-woven using traditional techniques, making it lightweight, durable, and easy to maintain. Being <strong data-start=\"1155\" data-end=\"1172\">100% handmade<\/strong>, it\u2019s a sustainable choice for those who appreciate natural materials and artisan craftsmanship.<\/p>\n<p data-start=\"1271\" data-end=\"1514\">Perfect for rustic interiors or as a bohemian accent in modern spaces, this small Turkish kilim offers timeless beauty and functionality. Its durability allows for everyday use, while the bold design ensures it stands out as a statement piece.<\/p>\n<p data-start=\"1516\" data-end=\"1739\">Whether you&#8217;re enhancing a cozy reading nook or looking to add cultural depth to your living space, this small Turkish kilim rug is the ideal choice. Embrace the heritage of handmade rugs and bring home a touch of Anatolia.<\/p>","protected":false},"excerpt":{"rendered":"<p style=\"text-align: left;\">Manufacturing: Knotted by hand<br \/>\nSize: 82\u00d7118 cm<br \/>\nAge: New production<br \/>\nOrigin: Kilim afgano<br \/>\nMaterial: Wool<br \/>\nThickness aprox: 2-3 mm<br \/>\nNatural dyeing.<br \/>\nThe colors in the carpet will be perceived differently depending on the angle you view it from<br \/>\nDelivery time: Spain approximately 2-5 days, Europe 5-7 days, other continents 7-10 days.<\/p>\n","protected":false},"featured_media":41424,"comment_status":"open","ping_status":"closed","template":"","meta":[],"product_brand":[],"product_cat":[61,829],"product_tag":[72],"class_list":{"0":"post-41423","1":"product","2":"type-product","3":"status-publish","4":"has-post-thumbnail","6":"product_cat-kilims","7":"product_cat-toda-la-coleccion-kilim","8":"product_tag-kilim","9":"product_shipping_class-kilim-pequeno","10":"pa_ancho-cm-960","11":"pa_ancho-cm-940","12":"pa_color-azul","13":"pa_color-verde","14":"pa_largo-cm-1025","15":"pa_largo-cm-882","16":"pa_largo-cm-980","17":"pa_medida-pequenos","19":"first","20":"outofstock","21":"sale","22":"sold-individually","23":"taxable","24":"shipping-taxable","25":"purchasable","26":"product-type-simple"},"yoast_head":"<!-- This site is optimized with the Yoast SEO plugin v24.8.1 - https:\/\/yoast.com\/wordpress\/plugins\/seo\/ -->\n<title>Kilim turco Peque\u00f1o | Kilim-Age | Comprar Kilim Afgano Online<\/title>\n<meta name=\"description\" content=\"Kilim turco peque\u00f1o de 82x118 cm hecho a mano con lana natural. Dise\u00f1o geom\u00e9trico tradicional en tonos c\u00e1lidos. Ideal para entradas o rincones especiales.\" \/>\n<meta name=\"robots\" content=\"index, follow, max-snippet:-1, max-image-preview:large, max-video-preview:-1\" \/>\n<link rel=\"canonical\" href=\"https:\/\/www.kilim-age.com\/en\/producto\/kilim-turco-pequeno\/\" \/>\n<meta property=\"og:locale\" content=\"en_US\" \/>\n<meta property=\"og:type\" content=\"article\" \/>\n<meta property=\"og:title\" content=\"Kilim turco Peque\u00f1o | Kilim-Age | Comprar Kilim Afgano Online\" \/>\n<meta property=\"og:description\" content=\"Kilim turco peque\u00f1o de 82x118 cm hecho a mano con lana natural. Dise\u00f1o geom\u00e9trico tradicional en tonos c\u00e1lidos. Ideal para entradas o rincones especiales.\" \/>\n<meta property=\"og:url\" content=\"https:\/\/www.kilim-age.com\/es\/producto\/kilim-turco-pequeno\/\" \/>\n<meta property=\"og:site_name\" content=\"Kilim-Age\" \/>\n<meta property=\"article:modified_time\" content=\"2025-11-20T11:22:58+00:00\" \/>\n<meta property=\"og:image\" content=\"https:\/\/www.kilim-age.com\/wp-content\/uploads\/2025\/07\/IMG_KA-9333.jpg\" \/>\n\t<meta property=\"og:image:width\" content=\"1000\" \/>\n\t<meta property=\"og:image:height\" content=\"1300\" \/>\n\t<meta property=\"og:image:type\" content=\"image\/jpeg\" \/>\n<meta name=\"twitter:card\" content=\"summary_large_image\" \/>\n<meta name=\"twitter:label1\" content=\"Est. reading time\" \/>\n\t<meta name=\"twitter:data1\" content=\"1 minute\" \/>\n<script type=\"application\/ld+json\" class=\"yoast-schema-graph\">{\"@context\":\"https:\/\/schema.org\",\"@graph\":[{\"@type\":\"WebPage\",\"@id\":\"https:\/\/www.kilim-age.com\/es\/producto\/kilim-turco-pequeno\/\",\"url\":\"https:\/\/www.kilim-age.com\/es\/producto\/kilim-turco-pequeno\/\",\"name\":\"Kilim turco Peque\u00f1o | Kilim-Age | Comprar Kilim Afgano Online\",\"isPartOf\":{\"@id\":\"https:\/\/kilim-age.com\/en\/#website\"},\"primaryImageOfPage\":{\"@id\":\"https:\/\/www.kilim-age.com\/es\/producto\/kilim-turco-pequeno\/#primaryimage\"},\"image\":{\"@id\":\"https:\/\/www.kilim-age.com\/es\/producto\/kilim-turco-pequeno\/#primaryimage\"},\"thumbnailUrl\":\"https:\/\/www.kilim-age.com\/wp-content\/uploads\/2025\/07\/IMG_KA-9333.jpg\",\"datePublished\":\"2025-07-05T11:12:42+00:00\",\"dateModified\":\"2025-11-20T11:22:58+00:00\",\"description\":\"Kilim turco peque\u00f1o de 82x118 cm hecho a mano con lana natural. Dise\u00f1o geom\u00e9trico tradicional en tonos c\u00e1lidos. Ideal para entradas o rincones especiales.\",\"breadcrumb\":{\"@id\":\"https:\/\/www.kilim-age.com\/es\/producto\/kilim-turco-pequeno\/#breadcrumb\"},\"inLanguage\":\"en-US\",\"potentialAction\":[{\"@type\":\"ReadAction\",\"target\":[\"https:\/\/www.kilim-age.com\/es\/producto\/kilim-turco-pequeno\/\"]}]},{\"@type\":\"ImageObject\",\"inLanguage\":\"en-US\",\"@id\":\"https:\/\/www.kilim-age.com\/es\/producto\/kilim-turco-pequeno\/#primaryimage\",\"url\":\"https:\/\/www.kilim-age.com\/wp-content\/uploads\/2025\/07\/IMG_KA-9333.jpg\",\"contentUrl\":\"https:\/\/www.kilim-age.com\/wp-content\/uploads\/2025\/07\/IMG_KA-9333.jpg\",\"width\":1000,\"height\":1300,\"caption\":\"kilim turco peque\u00f1o\"},{\"@type\":\"BreadcrumbList\",\"@id\":\"https:\/\/www.kilim-age.com\/es\/producto\/kilim-turco-pequeno\/#breadcrumb\",\"itemListElement\":[{\"@type\":\"ListItem\",\"position\":1,\"name\":\"Home\",\"item\":\"https:\/\/kilim-age.com\/en\/\"},{\"@type\":\"ListItem\",\"position\":2,\"name\":\"Shop\",\"item\":\"https:\/\/kilim-age.com\/es\/shop\/\"},{\"@type\":\"ListItem\",\"position\":3,\"name\":\"Kilim turco peque\u00f1o 82&#215;118 cm\"}]},{\"@type\":\"WebSite\",\"@id\":\"https:\/\/kilim-age.com\/en\/#website\",\"url\":\"https:\/\/kilim-age.com\/en\/\",\"name\":\"Kilim-Age\",\"description\":\"Somos especialistas en productos artesanales de Turqu\u00eda como Alfombras, y Kilims\",\"potentialAction\":[{\"@type\":\"SearchAction\",\"target\":{\"@type\":\"EntryPoint\",\"urlTemplate\":\"https:\/\/kilim-age.com\/en\/?s={search_term_string}\"},\"query-input\":{\"@type\":\"PropertyValueSpecification\",\"valueRequired\":true,\"valueName\":\"search_term_string\"}}],\"inLanguage\":\"en-US\"}]}<\/script>\n<!-- \/ Yoast SEO plugin. -->","yoast_head_json":{"title":"Kilim turco Peque\u00f1o | Kilim-Age | Comprar Kilim Afgano Online","description":"Kilim turco peque\u00f1o de 82x118 cm hecho a mano con lana natural. Dise\u00f1o geom\u00e9trico tradicional en tonos c\u00e1lidos. Ideal para entradas o rincones especiales.","robots":{"index":"index","follow":"follow","max-snippet":"max-snippet:-1","max-image-preview":"max-image-preview:large","max-video-preview":"max-video-preview:-1"},"canonical":"https:\/\/www.kilim-age.com\/en\/producto\/kilim-turco-pequeno\/","og_locale":"en_US","og_type":"article","og_title":"Kilim turco Peque\u00f1o | Kilim-Age | Comprar Kilim Afgano Online","og_description":"Kilim turco peque\u00f1o de 82x118 cm hecho a mano con lana natural. Dise\u00f1o geom\u00e9trico tradicional en tonos c\u00e1lidos. Ideal para entradas o rincones especiales.","og_url":"https:\/\/www.kilim-age.com\/es\/producto\/kilim-turco-pequeno\/","og_site_name":"Kilim-Age","article_modified_time":"2025-11-20T11:22:58+00:00","og_image":[{"width":1000,"height":1300,"url":"https:\/\/www.kilim-age.com\/wp-content\/uploads\/2025\/07\/IMG_KA-9333.jpg","type":"image\/jpeg"}],"twitter_card":"summary_large_image","twitter_misc":{"Est. reading time":"1 minute"},"schema":{"@context":"https:\/\/schema.org","@graph":[{"@type":"WebPage","@id":"https:\/\/www.kilim-age.com\/es\/producto\/kilim-turco-pequeno\/","url":"https:\/\/www.kilim-age.com\/es\/producto\/kilim-turco-pequeno\/","name":"Kilim turco Peque\u00f1o | Kilim-Age | Comprar Kilim Afgano Online","isPartOf":{"@id":"https:\/\/kilim-age.com\/en\/#website"},"primaryImageOfPage":{"@id":"https:\/\/www.kilim-age.com\/es\/producto\/kilim-turco-pequeno\/#primaryimage"},"image":{"@id":"https:\/\/www.kilim-age.com\/es\/producto\/kilim-turco-pequeno\/#primaryimage"},"thumbnailUrl":"https:\/\/www.kilim-age.com\/wp-content\/uploads\/2025\/07\/IMG_KA-9333.jpg","datePublished":"2025-07-05T11:12:42+00:00","dateModified":"2025-11-20T11:22:58+00:00","description":"Kilim turco peque\u00f1o de 82x118 cm hecho a mano con lana natural. Dise\u00f1o geom\u00e9trico tradicional en tonos c\u00e1lidos. Ideal para entradas o rincones especiales.","breadcrumb":{"@id":"https:\/\/www.kilim-age.com\/es\/producto\/kilim-turco-pequeno\/#breadcrumb"},"inLanguage":"en-US","potentialAction":[{"@type":"ReadAction","target":["https:\/\/www.kilim-age.com\/es\/producto\/kilim-turco-pequeno\/"]}]},{"@type":"ImageObject","inLanguage":"en-US","@id":"https:\/\/www.kilim-age.com\/es\/producto\/kilim-turco-pequeno\/#primaryimage","url":"https:\/\/www.kilim-age.com\/wp-content\/uploads\/2025\/07\/IMG_KA-9333.jpg","contentUrl":"https:\/\/www.kilim-age.com\/wp-content\/uploads\/2025\/07\/IMG_KA-9333.jpg","width":1000,"height":1300,"caption":"kilim turco peque\u00f1o"},{"@type":"BreadcrumbList","@id":"https:\/\/www.kilim-age.com\/es\/producto\/kilim-turco-pequeno\/#breadcrumb","itemListElement":[{"@type":"ListItem","position":1,"name":"Home","item":"https:\/\/kilim-age.com\/en\/"},{"@type":"ListItem","position":2,"name":"Shop","item":"https:\/\/kilim-age.com\/es\/shop\/"},{"@type":"ListItem","position":3,"name":"Kilim turco peque\u00f1o 82&#215;118 cm"}]},{"@type":"WebSite","@id":"https:\/\/kilim-age.com\/en\/#website","url":"https:\/\/kilim-age.com\/en\/","name":"Kilim-Age","description":"Somos especialistas en productos artesanales de Turqu\u00eda como Alfombras, y Kilims","potentialAction":[{"@type":"SearchAction","target":{"@type":"EntryPoint","urlTemplate":"https:\/\/kilim-age.com\/en\/?s={search_term_string}"},"query-input":{"@type":"PropertyValueSpecification","valueRequired":true,"valueName":"search_term_string"}}],"inLanguage":"en-US"}]}},"_links":{"self":[{"href":"https:\/\/www.kilim-age.com\/en\/wp-json\/wp\/v2\/product\/41423","targetHints":{"allow":["GET"]}}],"collection":[{"href":"https:\/\/www.kilim-age.com\/en\/wp-json\/wp\/v2\/product"}],"about":[{"href":"https:\/\/www.kilim-age.com\/en\/wp-json\/wp\/v2\/types\/product"}],"replies":[{"embeddable":true,"href":"https:\/\/www.kilim-age.com\/en\/wp-json\/wp\/v2\/comments?post=41423"}],"wp:featuredmedia":[{"embeddable":true,"href":"https:\/\/www.kilim-age.com\/en\/wp-json\/wp\/v2\/media\/41424"}],"wp:attachment":[{"href":"https:\/\/www.kilim-age.com\/en\/wp-json\/wp\/v2\/media?parent=41423"}],"wp:term":[{"taxonomy":"product_brand","embeddable":true,"href":"https:\/\/www.kilim-age.com\/en\/wp-json\/wp\/v2\/product_brand?post=41423"},{"taxonomy":"product_cat","embeddable":true,"href":"https:\/\/www.kilim-age.com\/en\/wp-json\/wp\/v2\/product_cat?post=41423"},{"taxonomy":"product_tag","embeddable":true,"href":"https:\/\/www.kilim-age.com\/en\/wp-json\/wp\/v2\/product_tag?post=41423"}],"curies":[{"name":"wp","href":"https:\/\/api.w.org\/{rel}","templated":true}]}}