{"id":41433,"date":"2025-07-06T19:17:28","date_gmt":"2025-07-06T17:17:28","guid":{"rendered":"https:\/\/www.kilim-age.com\/?post_type=product&#038;p=41433"},"modified":"2025-10-01T13:39:16","modified_gmt":"2025-10-01T11:39:16","slug":"kilim-turco-artesanal-colorido","status":"publish","type":"product","link":"https:\/\/www.kilim-age.com\/en\/producto\/kilim-turco-artesanal-colorido\/","title":{"rendered":"Turkish kilim 83&#215;126 cm"},"content":{"rendered":"<h3 data-start=\"144\" data-end=\"212\"><strong data-start=\"148\" data-end=\"212\">Handmade Turkish Kilim \u2013 Colorful Tribal Pattern \u2013 83&#215;126 cm<\/strong><\/h3>\n<p data-start=\"214\" data-end=\"644\">This 83&#215;126 cm handmade Turkish kilim is a vibrant and authentic piece that brings color and character into your home. Handwoven by skilled artisans, this kilim features a traditional tribal design with geometric patterns in a rich mix of vivid colors: red, blue, yellow, green, orange, and earthy tones. Its cheerful aesthetic and artisanal craftsmanship make it a unique decorative piece that adds warmth and style to any space.<\/p>\n<p data-start=\"646\" data-end=\"936\">Perfect for entryways, hallways, reading corners, or next to the sofa, this kilim is made from high-quality wool woven on a cotton base, offering both softness and durability. Its compact size makes it versatile for various areas in the home or to complement boho or ethnic-style interiors.<\/p>\n<p data-start=\"1419\" data-end=\"1432\"><strong data-start=\"1419\" data-end=\"1432\">Benefits:<\/strong><\/p>\n<ul data-start=\"1434\" data-end=\"1781\">\n<li data-start=\"1434\" data-end=\"1535\">\n<p data-start=\"1436\" data-end=\"1535\"><strong data-start=\"1436\" data-end=\"1453\">Unique style:<\/strong> Each kilim is one-of-a-kind, with slight variations that add to its authenticity.<\/p>\n<\/li>\n<li data-start=\"1536\" data-end=\"1622\">\n<p data-start=\"1538\" data-end=\"1622\"><strong data-start=\"1538\" data-end=\"1558\">Decor with soul:<\/strong> Brings warmth, history, and genuine craftsmanship to your home.<\/p>\n<\/li>\n<li data-start=\"1623\" data-end=\"1688\">\n<p data-start=\"1625\" data-end=\"1688\"><strong data-start=\"1625\" data-end=\"1642\">Long-lasting:<\/strong> Made to withstand daily use with proper care.<\/p>\n<\/li>\n<li data-start=\"1689\" data-end=\"1781\">\n<p data-start=\"1691\" data-end=\"1781\"><strong data-start=\"1691\" data-end=\"1711\">Low maintenance:<\/strong> Simply vacuum regularly and opt for occasional professional cleaning.<\/p>\n<\/li>\n<\/ul>\n<p data-start=\"1783\" data-end=\"2018\">This handmade Turkish kilim is more than just a decorative item\u2014it&#8217;s a textile artwork that reflects the tradition and creativity of nomadic cultures. A perfect choice for those who value originality, heritage, and design in one piece.<\/p>","protected":false},"excerpt":{"rendered":"<p style=\"text-align: left;\">Manufacturing: Knotted by hand<br \/>\nSize: 83\u00d7126 cm<br \/>\nAge: New production<br \/>\nOrigin: Turkish Kilim<br \/>\nMaterial: Wool<br \/>\nThickness aprox: 2-3 mm<br \/>\nNatural dyeing.<br \/>\nThe colors in the carpet will be perceived differently depending on the angle you view it from<br \/>\nDelivery time: Spain approximately 2-5 days, Europe 5-7 days, other continents 7-10 days.<\/p>\n","protected":false},"featured_media":41434,"comment_status":"open","ping_status":"closed","template":"","meta":[],"product_brand":[],"product_cat":[61,829],"product_tag":[72],"class_list":{"0":"post-41433","1":"product","2":"type-product","3":"status-publish","4":"has-post-thumbnail","6":"product_cat-kilims","7":"product_cat-toda-la-coleccion-kilim","8":"product_tag-kilim","9":"product_shipping_class-kilim-pequeno","10":"pa_ancho-cm-960","11":"pa_ancho-cm-940","12":"pa_color-azul","13":"pa_color-verde","14":"pa_largo-cm-1025","15":"pa_largo-cm-882","16":"pa_largo-cm-980","17":"pa_medida-pequenos","19":"first","20":"outofstock","21":"sale","22":"sold-individually","23":"taxable","24":"shipping-taxable","25":"purchasable","26":"product-type-simple"},"yoast_head":"<!-- This site is optimized with the Yoast SEO plugin v24.8.1 - https:\/\/yoast.com\/wordpress\/plugins\/seo\/ -->\n<title>Kilim turco Peque\u00f1o | Kilim-Age | Comprar Kilim turco Online<\/title>\n<meta name=\"description\" content=\"Kilim turco artesanal con patr\u00f3n tribal en tonos vibrantes. Tejido a mano en lana de calidad. Ideal para decoraci\u00f3n bohemia o \u00e9tnica.\" \/>\n<meta name=\"robots\" content=\"index, follow, max-snippet:-1, max-image-preview:large, max-video-preview:-1\" \/>\n<link rel=\"canonical\" href=\"https:\/\/kilim-age.com\/en\/producto\/kilim-turco-artesanal-colorido\/\" \/>\n<meta property=\"og:locale\" content=\"en_US\" \/>\n<meta property=\"og:type\" content=\"article\" \/>\n<meta property=\"og:title\" content=\"Kilim turco Peque\u00f1o | Kilim-Age | Comprar Kilim turco Online\" \/>\n<meta property=\"og:description\" content=\"Kilim turco artesanal con patr\u00f3n tribal en tonos vibrantes. Tejido a mano en lana de calidad. Ideal para decoraci\u00f3n bohemia o \u00e9tnica.\" \/>\n<meta property=\"og:url\" content=\"https:\/\/kilim-age.com\/en\/producto\/kilim-turco-artesanal-colorido\/\" \/>\n<meta property=\"og:site_name\" content=\"Kilim-Age\" \/>\n<meta property=\"article:modified_time\" content=\"2025-10-01T11:39:16+00:00\" \/>\n<meta property=\"og:image\" content=\"https:\/\/kilim-age.com\/wp-content\/uploads\/2025\/07\/IMG_KA9342.jpg\" \/>\n\t<meta property=\"og:image:width\" content=\"1000\" \/>\n\t<meta property=\"og:image:height\" content=\"1300\" \/>\n\t<meta property=\"og:image:type\" content=\"image\/jpeg\" \/>\n<meta name=\"twitter:card\" content=\"summary_large_image\" \/>\n<meta name=\"twitter:label1\" content=\"Est. reading time\" \/>\n\t<meta name=\"twitter:data1\" content=\"1 minute\" \/>\n<script type=\"application\/ld+json\" class=\"yoast-schema-graph\">{\"@context\":\"https:\/\/schema.org\",\"@graph\":[{\"@type\":\"WebPage\",\"@id\":\"https:\/\/kilim-age.com\/en\/producto\/kilim-turco-artesanal-colorido\/\",\"url\":\"https:\/\/kilim-age.com\/en\/producto\/kilim-turco-artesanal-colorido\/\",\"name\":\"Kilim turco Peque\u00f1o | Kilim-Age | Comprar Kilim turco Online\",\"isPartOf\":{\"@id\":\"https:\/\/kilim-age.com\/en\/#website\"},\"primaryImageOfPage\":{\"@id\":\"https:\/\/kilim-age.com\/en\/producto\/kilim-turco-artesanal-colorido\/#primaryimage\"},\"image\":{\"@id\":\"https:\/\/kilim-age.com\/en\/producto\/kilim-turco-artesanal-colorido\/#primaryimage\"},\"thumbnailUrl\":\"https:\/\/www.kilim-age.com\/wp-content\/uploads\/2025\/07\/IMG_KA9342.jpg\",\"datePublished\":\"2025-07-06T17:17:28+00:00\",\"dateModified\":\"2025-10-01T11:39:16+00:00\",\"description\":\"Kilim turco artesanal con patr\u00f3n tribal en tonos vibrantes. Tejido a mano en lana de calidad. Ideal para decoraci\u00f3n bohemia o \u00e9tnica.\",\"breadcrumb\":{\"@id\":\"https:\/\/kilim-age.com\/en\/producto\/kilim-turco-artesanal-colorido\/#breadcrumb\"},\"inLanguage\":\"en-US\",\"potentialAction\":[{\"@type\":\"ReadAction\",\"target\":[\"https:\/\/kilim-age.com\/en\/producto\/kilim-turco-artesanal-colorido\/\"]}]},{\"@type\":\"ImageObject\",\"inLanguage\":\"en-US\",\"@id\":\"https:\/\/kilim-age.com\/en\/producto\/kilim-turco-artesanal-colorido\/#primaryimage\",\"url\":\"https:\/\/www.kilim-age.com\/wp-content\/uploads\/2025\/07\/IMG_KA9342.jpg\",\"contentUrl\":\"https:\/\/www.kilim-age.com\/wp-content\/uploads\/2025\/07\/IMG_KA9342.jpg\",\"width\":1000,\"height\":1300,\"caption\":\"kilim turco artesanal colorido\"},{\"@type\":\"BreadcrumbList\",\"@id\":\"https:\/\/kilim-age.com\/en\/producto\/kilim-turco-artesanal-colorido\/#breadcrumb\",\"itemListElement\":[{\"@type\":\"ListItem\",\"position\":1,\"name\":\"Home\",\"item\":\"https:\/\/kilim-age.com\/en\/\"},{\"@type\":\"ListItem\",\"position\":2,\"name\":\"Shop\",\"item\":\"https:\/\/kilim-age.com\/es\/shop\/\"},{\"@type\":\"ListItem\",\"position\":3,\"name\":\"Turkish kilim 83&#215;126 cm\"}]},{\"@type\":\"WebSite\",\"@id\":\"https:\/\/kilim-age.com\/en\/#website\",\"url\":\"https:\/\/kilim-age.com\/en\/\",\"name\":\"Kilim-Age\",\"description\":\"Somos especialistas en productos artesanales de Turqu\u00eda como Alfombras, y Kilims\",\"potentialAction\":[{\"@type\":\"SearchAction\",\"target\":{\"@type\":\"EntryPoint\",\"urlTemplate\":\"https:\/\/kilim-age.com\/en\/?s={search_term_string}\"},\"query-input\":{\"@type\":\"PropertyValueSpecification\",\"valueRequired\":true,\"valueName\":\"search_term_string\"}}],\"inLanguage\":\"en-US\"}]}<\/script>\n<!-- \/ Yoast SEO plugin. -->","yoast_head_json":{"title":"Kilim turco Peque\u00f1o | Kilim-Age | Comprar Kilim turco Online","description":"Kilim turco artesanal con patr\u00f3n tribal en tonos vibrantes. Tejido a mano en lana de calidad. Ideal para decoraci\u00f3n bohemia o \u00e9tnica.","robots":{"index":"index","follow":"follow","max-snippet":"max-snippet:-1","max-image-preview":"max-image-preview:large","max-video-preview":"max-video-preview:-1"},"canonical":"https:\/\/kilim-age.com\/en\/producto\/kilim-turco-artesanal-colorido\/","og_locale":"en_US","og_type":"article","og_title":"Kilim turco Peque\u00f1o | Kilim-Age | Comprar Kilim turco Online","og_description":"Kilim turco artesanal con patr\u00f3n tribal en tonos vibrantes. Tejido a mano en lana de calidad. Ideal para decoraci\u00f3n bohemia o \u00e9tnica.","og_url":"https:\/\/kilim-age.com\/en\/producto\/kilim-turco-artesanal-colorido\/","og_site_name":"Kilim-Age","article_modified_time":"2025-10-01T11:39:16+00:00","og_image":[{"width":1000,"height":1300,"url":"https:\/\/kilim-age.com\/wp-content\/uploads\/2025\/07\/IMG_KA9342.jpg","type":"image\/jpeg"}],"twitter_card":"summary_large_image","twitter_misc":{"Est. reading time":"1 minute"},"schema":{"@context":"https:\/\/schema.org","@graph":[{"@type":"WebPage","@id":"https:\/\/kilim-age.com\/en\/producto\/kilim-turco-artesanal-colorido\/","url":"https:\/\/kilim-age.com\/en\/producto\/kilim-turco-artesanal-colorido\/","name":"Kilim turco Peque\u00f1o | Kilim-Age | Comprar Kilim turco Online","isPartOf":{"@id":"https:\/\/kilim-age.com\/en\/#website"},"primaryImageOfPage":{"@id":"https:\/\/kilim-age.com\/en\/producto\/kilim-turco-artesanal-colorido\/#primaryimage"},"image":{"@id":"https:\/\/kilim-age.com\/en\/producto\/kilim-turco-artesanal-colorido\/#primaryimage"},"thumbnailUrl":"https:\/\/www.kilim-age.com\/wp-content\/uploads\/2025\/07\/IMG_KA9342.jpg","datePublished":"2025-07-06T17:17:28+00:00","dateModified":"2025-10-01T11:39:16+00:00","description":"Kilim turco artesanal con patr\u00f3n tribal en tonos vibrantes. Tejido a mano en lana de calidad. Ideal para decoraci\u00f3n bohemia o \u00e9tnica.","breadcrumb":{"@id":"https:\/\/kilim-age.com\/en\/producto\/kilim-turco-artesanal-colorido\/#breadcrumb"},"inLanguage":"en-US","potentialAction":[{"@type":"ReadAction","target":["https:\/\/kilim-age.com\/en\/producto\/kilim-turco-artesanal-colorido\/"]}]},{"@type":"ImageObject","inLanguage":"en-US","@id":"https:\/\/kilim-age.com\/en\/producto\/kilim-turco-artesanal-colorido\/#primaryimage","url":"https:\/\/www.kilim-age.com\/wp-content\/uploads\/2025\/07\/IMG_KA9342.jpg","contentUrl":"https:\/\/www.kilim-age.com\/wp-content\/uploads\/2025\/07\/IMG_KA9342.jpg","width":1000,"height":1300,"caption":"kilim turco artesanal colorido"},{"@type":"BreadcrumbList","@id":"https:\/\/kilim-age.com\/en\/producto\/kilim-turco-artesanal-colorido\/#breadcrumb","itemListElement":[{"@type":"ListItem","position":1,"name":"Home","item":"https:\/\/kilim-age.com\/en\/"},{"@type":"ListItem","position":2,"name":"Shop","item":"https:\/\/kilim-age.com\/es\/shop\/"},{"@type":"ListItem","position":3,"name":"Turkish kilim 83&#215;126 cm"}]},{"@type":"WebSite","@id":"https:\/\/kilim-age.com\/en\/#website","url":"https:\/\/kilim-age.com\/en\/","name":"Kilim-Age","description":"Somos especialistas en productos artesanales de Turqu\u00eda como Alfombras, y Kilims","potentialAction":[{"@type":"SearchAction","target":{"@type":"EntryPoint","urlTemplate":"https:\/\/kilim-age.com\/en\/?s={search_term_string}"},"query-input":{"@type":"PropertyValueSpecification","valueRequired":true,"valueName":"search_term_string"}}],"inLanguage":"en-US"}]}},"_links":{"self":[{"href":"https:\/\/www.kilim-age.com\/en\/wp-json\/wp\/v2\/product\/41433","targetHints":{"allow":["GET"]}}],"collection":[{"href":"https:\/\/www.kilim-age.com\/en\/wp-json\/wp\/v2\/product"}],"about":[{"href":"https:\/\/www.kilim-age.com\/en\/wp-json\/wp\/v2\/types\/product"}],"replies":[{"embeddable":true,"href":"https:\/\/www.kilim-age.com\/en\/wp-json\/wp\/v2\/comments?post=41433"}],"wp:featuredmedia":[{"embeddable":true,"href":"https:\/\/www.kilim-age.com\/en\/wp-json\/wp\/v2\/media\/41434"}],"wp:attachment":[{"href":"https:\/\/www.kilim-age.com\/en\/wp-json\/wp\/v2\/media?parent=41433"}],"wp:term":[{"taxonomy":"product_brand","embeddable":true,"href":"https:\/\/www.kilim-age.com\/en\/wp-json\/wp\/v2\/product_brand?post=41433"},{"taxonomy":"product_cat","embeddable":true,"href":"https:\/\/www.kilim-age.com\/en\/wp-json\/wp\/v2\/product_cat?post=41433"},{"taxonomy":"product_tag","embeddable":true,"href":"https:\/\/www.kilim-age.com\/en\/wp-json\/wp\/v2\/product_tag?post=41433"}],"curies":[{"name":"wp","href":"https:\/\/api.w.org\/{rel}","templated":true}]}}