{"id":41510,"date":"2025-07-11T19:49:08","date_gmt":"2025-07-11T17:49:08","guid":{"rendered":"https:\/\/www.kilim-age.com\/?post_type=product&#038;p=41510"},"modified":"2025-07-11T20:01:56","modified_gmt":"2025-07-11T18:01:56","slug":"kilim-corredor-turco","status":"publish","type":"product","link":"https:\/\/www.kilim-age.com\/en\/producto\/kilim-corredor-turco\/","title":{"rendered":"Turkish Kilim 60&#215;145 cm"},"content":{"rendered":"<article class=\"text-token-text-primary w-full\" dir=\"auto\" data-testid=\"conversation-turn-28\" data-scroll-anchor=\"true\">\n<div class=\"text-base my-auto mx-auto py-5 [--thread-content-margin:--spacing(4)] @[37rem]:[--thread-content-margin:--spacing(6)] @[72rem]:[--thread-content-margin:--spacing(16)] px-(--thread-content-margin)\">\n<div class=\"[--thread-content-max-width:32rem] @[34rem]:[--thread-content-max-width:40rem] @[64rem]:[--thread-content-max-width:48rem] mx-auto flex max-w-(--thread-content-max-width) flex-1 text-base gap-4 md:gap-5 lg:gap-6 group\/turn-messages focus-visible:outline-hidden\" tabindex=\"-1\">\n<div class=\"group\/conversation-turn relative flex w-full min-w-0 flex-col agent-turn\">\n<div class=\"relative flex-col gap-1 md:gap-3\">\n<div class=\"flex max-w-full flex-col grow\">\n<div class=\"min-h-8 text-message relative flex w-full flex-col items-end gap-2 text-start break-words whitespace-normal [.text-message+&amp;]:mt-5\" dir=\"auto\" data-message-author-role=\"assistant\" data-message-id=\"254c8270-9f96-40b0-a5ff-d5f6b4c51f2a\" data-message-model-slug=\"o4-mini\">\n<div class=\"flex w-full flex-col gap-1 empty:hidden first:pt-[3px]\">\n<div class=\"markdown prose dark:prose-invert w-full break-words light\">\n<p data-start=\"924\" data-end=\"1434\">Discover the charm of Anatolian craftsmanship with this elongated kilim (60 \u00d7 145 cm). Every strand of 100 % natural wool is handwoven by skilled Turkish artisans, using vegetable dyes that yield a harmonious palette of ochres, pale blues, moss greens, and subtle garnet accents. Its elongated diamond and zig-zag geometric pattern creates a rhythmic, inviting effect\u2014perfect for hallway runners, bed headers, or cozy reading corners where you want to add character and warmth.<\/p>\n<p data-start=\"1436\" data-end=\"1747\">At an approximate thickness of 4 mm, this kilim balances the lightness needed for rolling and storage with the sturdiness required for daily use. Its versatility and size make it an ideal piece to infuse your home with authenticity and age-old tradition, fitting seamlessly into both modern and bohemian d\u00e9cors.<\/p>\n<\/div>\n<\/div>\n<\/div>\n<\/div>\n<\/div>\n<\/div>\n<\/div>\n<\/div>\n<\/article>","protected":false},"excerpt":{"rendered":"<p style=\"text-align: left;\">Manufacturing: Knotted by hand<br \/>\nSize: 60&#215;145 cm<br \/>\nAge: New<br \/>\nOrigin: Kilim from center of Anatolia<br \/>\nWeft: Wool<br \/>\nWarp: Wool<br \/>\nThickness approx: 1-2 mm.<br \/>\nNatural dyeing.<br \/>\nDelivery time: Spain approximately 2-5 days, Europe 5-7 days, other continents 7-10 days.<\/p>\n","protected":false},"featured_media":41511,"comment_status":"open","ping_status":"closed","template":"","meta":[],"product_brand":[],"product_cat":[61,829,783],"product_tag":[72],"class_list":{"0":"post-41510","1":"product","2":"type-product","3":"status-publish","4":"has-post-thumbnail","6":"product_cat-kilims","7":"product_cat-toda-la-coleccion-kilim","8":"product_cat-kilim-pasilleros","9":"product_tag-kilim","10":"product_shipping_class-kilim-pequeno","11":"pa_ancho-cm-1041","12":"pa_ancho-cm-985","13":"pa_color-naranja","14":"pa_color-verde","15":"pa_largo-cm-904","16":"pa_largo-cm-1050","17":"pa_largo-cm-1017","19":"first","20":"instock","21":"sale","22":"sold-individually","23":"taxable","24":"shipping-taxable","25":"purchasable","26":"product-type-simple"},"yoast_head":"<!-- This site is optimized with the Yoast SEO plugin v24.8.1 - https:\/\/yoast.com\/wordpress\/plugins\/seo\/ -->\n<title>Kilim Afgano | Kilim-Age | Tienda Online Rebajas hasta 50%<\/title>\n<meta name=\"description\" content=\"Kilim corredor turco de hecho a mano con lana 100 % natural y tintes vegetales. Patr\u00f3n geom\u00e9trico alargado, env\u00edo expr\u00e9s y devoluciones gratis.\" \/>\n<meta name=\"robots\" content=\"index, follow, max-snippet:-1, max-image-preview:large, max-video-preview:-1\" \/>\n<link rel=\"canonical\" href=\"https:\/\/kilim-age.com\/es\/producto\/kilim-corredor-turco\/\" \/>\n<meta property=\"og:locale\" content=\"en_US\" \/>\n<meta property=\"og:type\" content=\"article\" \/>\n<meta property=\"og:title\" content=\"Kilim Afgano | Kilim-Age | Tienda Online Rebajas hasta 50%\" \/>\n<meta property=\"og:description\" content=\"Kilim corredor turco de hecho a mano con lana 100 % natural y tintes vegetales. Patr\u00f3n geom\u00e9trico alargado, env\u00edo expr\u00e9s y devoluciones gratis.\" \/>\n<meta property=\"og:url\" content=\"https:\/\/kilim-age.com\/es\/producto\/kilim-corredor-turco\/\" \/>\n<meta property=\"og:site_name\" content=\"Kilim-Age\" \/>\n<meta property=\"article:modified_time\" content=\"2025-07-11T18:01:56+00:00\" \/>\n<meta property=\"og:image\" content=\"https:\/\/kilim-age.com\/wp-content\/uploads\/2025\/07\/KA9414.jpg\" \/>\n\t<meta property=\"og:image:width\" content=\"1000\" \/>\n\t<meta property=\"og:image:height\" content=\"1300\" \/>\n\t<meta property=\"og:image:type\" content=\"image\/jpeg\" \/>\n<meta name=\"twitter:card\" content=\"summary_large_image\" \/>\n<meta name=\"twitter:label1\" content=\"Est. reading time\" \/>\n\t<meta name=\"twitter:data1\" content=\"2 minutes\" \/>\n<script type=\"application\/ld+json\" class=\"yoast-schema-graph\">{\"@context\":\"https:\/\/schema.org\",\"@graph\":[{\"@type\":\"WebPage\",\"@id\":\"https:\/\/kilim-age.com\/es\/producto\/kilim-corredor-turco\/\",\"url\":\"https:\/\/kilim-age.com\/es\/producto\/kilim-corredor-turco\/\",\"name\":\"Kilim Afgano | Kilim-Age | Tienda Online Rebajas hasta 50%\",\"isPartOf\":{\"@id\":\"https:\/\/kilim-age.com\/en\/#website\"},\"primaryImageOfPage\":{\"@id\":\"https:\/\/kilim-age.com\/es\/producto\/kilim-corredor-turco\/#primaryimage\"},\"image\":{\"@id\":\"https:\/\/kilim-age.com\/es\/producto\/kilim-corredor-turco\/#primaryimage\"},\"thumbnailUrl\":\"https:\/\/www.kilim-age.com\/wp-content\/uploads\/2025\/07\/KA9414.jpg\",\"datePublished\":\"2025-07-11T17:49:08+00:00\",\"dateModified\":\"2025-07-11T18:01:56+00:00\",\"description\":\"Kilim corredor turco de hecho a mano con lana 100 % natural y tintes vegetales. Patr\u00f3n geom\u00e9trico alargado, env\u00edo expr\u00e9s y devoluciones gratis.\",\"breadcrumb\":{\"@id\":\"https:\/\/kilim-age.com\/es\/producto\/kilim-corredor-turco\/#breadcrumb\"},\"inLanguage\":\"en-US\",\"potentialAction\":[{\"@type\":\"ReadAction\",\"target\":[\"https:\/\/kilim-age.com\/es\/producto\/kilim-corredor-turco\/\"]}]},{\"@type\":\"ImageObject\",\"inLanguage\":\"en-US\",\"@id\":\"https:\/\/kilim-age.com\/es\/producto\/kilim-corredor-turco\/#primaryimage\",\"url\":\"https:\/\/www.kilim-age.com\/wp-content\/uploads\/2025\/07\/KA9414.jpg\",\"contentUrl\":\"https:\/\/www.kilim-age.com\/wp-content\/uploads\/2025\/07\/KA9414.jpg\",\"width\":1000,\"height\":1300,\"caption\":\"kilim corredor turco\"},{\"@type\":\"BreadcrumbList\",\"@id\":\"https:\/\/kilim-age.com\/es\/producto\/kilim-corredor-turco\/#breadcrumb\",\"itemListElement\":[{\"@type\":\"ListItem\",\"position\":1,\"name\":\"Home\",\"item\":\"https:\/\/kilim-age.com\/en\/\"},{\"@type\":\"ListItem\",\"position\":2,\"name\":\"Shop\",\"item\":\"https:\/\/kilim-age.com\/es\/shop\/\"},{\"@type\":\"ListItem\",\"position\":3,\"name\":\"Kilim turco 60&#215;145 cm\"}]},{\"@type\":\"WebSite\",\"@id\":\"https:\/\/kilim-age.com\/en\/#website\",\"url\":\"https:\/\/kilim-age.com\/en\/\",\"name\":\"Kilim-Age\",\"description\":\"Somos especialistas en productos artesanales de Turqu\u00eda como Alfombras, y Kilims\",\"potentialAction\":[{\"@type\":\"SearchAction\",\"target\":{\"@type\":\"EntryPoint\",\"urlTemplate\":\"https:\/\/kilim-age.com\/en\/?s={search_term_string}\"},\"query-input\":{\"@type\":\"PropertyValueSpecification\",\"valueRequired\":true,\"valueName\":\"search_term_string\"}}],\"inLanguage\":\"en-US\"}]}<\/script>\n<!-- \/ Yoast SEO plugin. -->","yoast_head_json":{"title":"Kilim Afgano | Kilim-Age | Tienda Online Rebajas hasta 50%","description":"Kilim corredor turco de hecho a mano con lana 100 % natural y tintes vegetales. Patr\u00f3n geom\u00e9trico alargado, env\u00edo expr\u00e9s y devoluciones gratis.","robots":{"index":"index","follow":"follow","max-snippet":"max-snippet:-1","max-image-preview":"max-image-preview:large","max-video-preview":"max-video-preview:-1"},"canonical":"https:\/\/kilim-age.com\/es\/producto\/kilim-corredor-turco\/","og_locale":"en_US","og_type":"article","og_title":"Kilim Afgano | Kilim-Age | Tienda Online Rebajas hasta 50%","og_description":"Kilim corredor turco de hecho a mano con lana 100 % natural y tintes vegetales. Patr\u00f3n geom\u00e9trico alargado, env\u00edo expr\u00e9s y devoluciones gratis.","og_url":"https:\/\/kilim-age.com\/es\/producto\/kilim-corredor-turco\/","og_site_name":"Kilim-Age","article_modified_time":"2025-07-11T18:01:56+00:00","og_image":[{"width":1000,"height":1300,"url":"https:\/\/kilim-age.com\/wp-content\/uploads\/2025\/07\/KA9414.jpg","type":"image\/jpeg"}],"twitter_card":"summary_large_image","twitter_misc":{"Est. reading time":"2 minutes"},"schema":{"@context":"https:\/\/schema.org","@graph":[{"@type":"WebPage","@id":"https:\/\/kilim-age.com\/es\/producto\/kilim-corredor-turco\/","url":"https:\/\/kilim-age.com\/es\/producto\/kilim-corredor-turco\/","name":"Kilim Afgano | Kilim-Age | Tienda Online Rebajas hasta 50%","isPartOf":{"@id":"https:\/\/kilim-age.com\/en\/#website"},"primaryImageOfPage":{"@id":"https:\/\/kilim-age.com\/es\/producto\/kilim-corredor-turco\/#primaryimage"},"image":{"@id":"https:\/\/kilim-age.com\/es\/producto\/kilim-corredor-turco\/#primaryimage"},"thumbnailUrl":"https:\/\/www.kilim-age.com\/wp-content\/uploads\/2025\/07\/KA9414.jpg","datePublished":"2025-07-11T17:49:08+00:00","dateModified":"2025-07-11T18:01:56+00:00","description":"Kilim corredor turco de hecho a mano con lana 100 % natural y tintes vegetales. Patr\u00f3n geom\u00e9trico alargado, env\u00edo expr\u00e9s y devoluciones gratis.","breadcrumb":{"@id":"https:\/\/kilim-age.com\/es\/producto\/kilim-corredor-turco\/#breadcrumb"},"inLanguage":"en-US","potentialAction":[{"@type":"ReadAction","target":["https:\/\/kilim-age.com\/es\/producto\/kilim-corredor-turco\/"]}]},{"@type":"ImageObject","inLanguage":"en-US","@id":"https:\/\/kilim-age.com\/es\/producto\/kilim-corredor-turco\/#primaryimage","url":"https:\/\/www.kilim-age.com\/wp-content\/uploads\/2025\/07\/KA9414.jpg","contentUrl":"https:\/\/www.kilim-age.com\/wp-content\/uploads\/2025\/07\/KA9414.jpg","width":1000,"height":1300,"caption":"kilim corredor turco"},{"@type":"BreadcrumbList","@id":"https:\/\/kilim-age.com\/es\/producto\/kilim-corredor-turco\/#breadcrumb","itemListElement":[{"@type":"ListItem","position":1,"name":"Home","item":"https:\/\/kilim-age.com\/en\/"},{"@type":"ListItem","position":2,"name":"Shop","item":"https:\/\/kilim-age.com\/es\/shop\/"},{"@type":"ListItem","position":3,"name":"Kilim turco 60&#215;145 cm"}]},{"@type":"WebSite","@id":"https:\/\/kilim-age.com\/en\/#website","url":"https:\/\/kilim-age.com\/en\/","name":"Kilim-Age","description":"Somos especialistas en productos artesanales de Turqu\u00eda como Alfombras, y Kilims","potentialAction":[{"@type":"SearchAction","target":{"@type":"EntryPoint","urlTemplate":"https:\/\/kilim-age.com\/en\/?s={search_term_string}"},"query-input":{"@type":"PropertyValueSpecification","valueRequired":true,"valueName":"search_term_string"}}],"inLanguage":"en-US"}]}},"_links":{"self":[{"href":"https:\/\/www.kilim-age.com\/en\/wp-json\/wp\/v2\/product\/41510","targetHints":{"allow":["GET"]}}],"collection":[{"href":"https:\/\/www.kilim-age.com\/en\/wp-json\/wp\/v2\/product"}],"about":[{"href":"https:\/\/www.kilim-age.com\/en\/wp-json\/wp\/v2\/types\/product"}],"replies":[{"embeddable":true,"href":"https:\/\/www.kilim-age.com\/en\/wp-json\/wp\/v2\/comments?post=41510"}],"wp:featuredmedia":[{"embeddable":true,"href":"https:\/\/www.kilim-age.com\/en\/wp-json\/wp\/v2\/media\/41511"}],"wp:attachment":[{"href":"https:\/\/www.kilim-age.com\/en\/wp-json\/wp\/v2\/media?parent=41510"}],"wp:term":[{"taxonomy":"product_brand","embeddable":true,"href":"https:\/\/www.kilim-age.com\/en\/wp-json\/wp\/v2\/product_brand?post=41510"},{"taxonomy":"product_cat","embeddable":true,"href":"https:\/\/www.kilim-age.com\/en\/wp-json\/wp\/v2\/product_cat?post=41510"},{"taxonomy":"product_tag","embeddable":true,"href":"https:\/\/www.kilim-age.com\/en\/wp-json\/wp\/v2\/product_tag?post=41510"}],"curies":[{"name":"wp","href":"https:\/\/api.w.org\/{rel}","templated":true}]}}