{"id":7802,"date":"2018-10-19T20:26:52","date_gmt":"2018-10-19T20:26:52","guid":{"rendered":"http:\/\/www.kilim-age.com\/?post_type=product&#038;p=7802"},"modified":"2025-10-01T20:01:14","modified_gmt":"2025-10-01T18:01:14","slug":"alfombra-clasica-286-x-78-cm","status":"publish","type":"product","link":"https:\/\/www.kilim-age.com\/en\/producto\/alfombra-clasica-286-x-78-cm\/","title":{"rendered":"CLASSIC CARPET 286 X 78 cm"},"content":{"rendered":"The classic carpets are made throughout the region of Anatolia \/ Turkey.<br \/>\nThey are characterized by very special designs and compositions, which are considered one of the best carpets in Turkey.<br \/>\nThese carpets are 100% handmade with high quality wool yarns by hand and natural dyed.<br \/>\nThey are very resistant and good quality carpets.","protected":false},"excerpt":{"rendered":"<p>Manufacturing: Knotted by hand<br \/>\nSize: 286 X 78 cm<br \/>\nKnot density: Aprox 300000 knots per m\u00b2<br \/>\nAge: New<br \/>\nOrigin: Turkey<br \/>\nPile: Wool<br \/>\nWarp: Cotton<br \/>\nThickness approx: 4-5 mm<br \/>\nNatural dyeing<br \/>\nThe colors in the carpet will be perceived differently depending on the angle you view it from<br \/>\nDelivery time: Spain approximately 2-5 days, Europe 5-7 days, other continents 7-10 days.<\/p>\n","protected":false},"featured_media":7803,"comment_status":"open","ping_status":"closed","template":"","meta":[],"product_brand":[],"product_cat":[62,230,231],"product_tag":[295,194],"class_list":{"0":"post-7802","1":"product","2":"type-product","3":"status-publish","4":"has-post-thumbnail","6":"product_cat-alfombras-turcas","7":"product_cat-alfombras-clasicas","8":"product_cat-pasilleros","9":"product_tag-alfombras-pasilleros","10":"product_tag-runner-carpet","11":"product_shipping_class-alfombra-mediana","12":"pa_ancho-cm-949","13":"pa_color-beige","14":"pa_color-verde","15":"pa_color-verde-claro","16":"pa_largo-cm-953","17":"pa_medida-pasilleros","19":"first","20":"instock","21":"sale","22":"sold-individually","23":"taxable","24":"shipping-taxable","25":"purchasable","26":"product-type-simple"},"yoast_head":"<!-- This site is optimized with the Yoast SEO plugin v24.8.1 - https:\/\/yoast.com\/wordpress\/plugins\/seo\/ -->\n<title>Alfombras Para Pasillo | Kilim-Age | Alfombras Econ\u00f3micas..<\/title>\n<meta name=\"description\" content=\"Alfombras Para Pasillo! Alfombras cl\u00e1sicas de Turqu\u00eda, Precios muy econ\u00f3micos. Realizamos env\u00edos a todo el mundo..\" \/>\n<meta name=\"robots\" content=\"index, follow, max-snippet:-1, max-image-preview:large, max-video-preview:-1\" \/>\n<link rel=\"canonical\" href=\"https:\/\/www.kilim-age.com\/en\/producto\/alfombra-clasica-286-x-78-cm\/\" \/>\n<meta property=\"og:locale\" content=\"en_US\" \/>\n<meta property=\"og:type\" content=\"article\" \/>\n<meta property=\"og:title\" content=\"Alfombras Para Pasillo | Kilim-Age | Alfombras Econ\u00f3micas..\" \/>\n<meta property=\"og:description\" content=\"Alfombras Para Pasillo! Alfombras cl\u00e1sicas de Turqu\u00eda, Precios muy econ\u00f3micos. Realizamos env\u00edos a todo el mundo..\" \/>\n<meta property=\"og:url\" content=\"https:\/\/www.kilim-age.com\/es\/producto\/alfombra-clasica-286-x-78-cm\/\" \/>\n<meta property=\"og:site_name\" content=\"Kilim-Age\" \/>\n<meta property=\"article:modified_time\" content=\"2025-10-01T18:01:14+00:00\" \/>\n<meta property=\"og:image\" content=\"https:\/\/www.kilim-age.com\/wp-content\/uploads\/2018\/10\/IMG_9674.jpg\" \/>\n\t<meta property=\"og:image:width\" content=\"1000\" \/>\n\t<meta property=\"og:image:height\" content=\"1300\" \/>\n\t<meta property=\"og:image:type\" content=\"image\/jpeg\" \/>\n<meta name=\"twitter:card\" content=\"summary_large_image\" \/>\n<meta name=\"twitter:label1\" content=\"Est. reading time\" \/>\n\t<meta name=\"twitter:data1\" content=\"2 minutes\" \/>\n<script type=\"application\/ld+json\" class=\"yoast-schema-graph\">{\"@context\":\"https:\/\/schema.org\",\"@graph\":[{\"@type\":\"WebPage\",\"@id\":\"https:\/\/www.kilim-age.com\/es\/producto\/alfombra-clasica-286-x-78-cm\/\",\"url\":\"https:\/\/www.kilim-age.com\/es\/producto\/alfombra-clasica-286-x-78-cm\/\",\"name\":\"Alfombras Para Pasillo | Kilim-Age | Alfombras Econ\u00f3micas..\",\"isPartOf\":{\"@id\":\"https:\/\/kilim-age.com\/en\/#website\"},\"primaryImageOfPage\":{\"@id\":\"https:\/\/www.kilim-age.com\/es\/producto\/alfombra-clasica-286-x-78-cm\/#primaryimage\"},\"image\":{\"@id\":\"https:\/\/www.kilim-age.com\/es\/producto\/alfombra-clasica-286-x-78-cm\/#primaryimage\"},\"thumbnailUrl\":\"https:\/\/www.kilim-age.com\/wp-content\/uploads\/2018\/10\/IMG_9674.jpg\",\"datePublished\":\"2018-10-19T20:26:52+00:00\",\"dateModified\":\"2025-10-01T18:01:14+00:00\",\"description\":\"Alfombras Para Pasillo! Alfombras cl\u00e1sicas de Turqu\u00eda, Precios muy econ\u00f3micos. Realizamos env\u00edos a todo el mundo..\",\"breadcrumb\":{\"@id\":\"https:\/\/www.kilim-age.com\/es\/producto\/alfombra-clasica-286-x-78-cm\/#breadcrumb\"},\"inLanguage\":\"en-US\",\"potentialAction\":[{\"@type\":\"ReadAction\",\"target\":[\"https:\/\/www.kilim-age.com\/es\/producto\/alfombra-clasica-286-x-78-cm\/\"]}]},{\"@type\":\"ImageObject\",\"inLanguage\":\"en-US\",\"@id\":\"https:\/\/www.kilim-age.com\/es\/producto\/alfombra-clasica-286-x-78-cm\/#primaryimage\",\"url\":\"https:\/\/www.kilim-age.com\/wp-content\/uploads\/2018\/10\/IMG_9674.jpg\",\"contentUrl\":\"https:\/\/www.kilim-age.com\/wp-content\/uploads\/2018\/10\/IMG_9674.jpg\",\"width\":1000,\"height\":1300,\"caption\":\"Alfombras para pasillo\"},{\"@type\":\"BreadcrumbList\",\"@id\":\"https:\/\/www.kilim-age.com\/es\/producto\/alfombra-clasica-286-x-78-cm\/#breadcrumb\",\"itemListElement\":[{\"@type\":\"ListItem\",\"position\":1,\"name\":\"Home\",\"item\":\"https:\/\/kilim-age.com\/en\/\"},{\"@type\":\"ListItem\",\"position\":2,\"name\":\"Shop\",\"item\":\"https:\/\/kilim-age.com\/es\/shop\/\"},{\"@type\":\"ListItem\",\"position\":3,\"name\":\"ALFOMBRA CL\u00c1SICA PASILLERA 286 X 78 cm\"}]},{\"@type\":\"WebSite\",\"@id\":\"https:\/\/kilim-age.com\/en\/#website\",\"url\":\"https:\/\/kilim-age.com\/en\/\",\"name\":\"Kilim-Age\",\"description\":\"Somos especialistas en productos artesanales de Turqu\u00eda como Alfombras, y Kilims\",\"potentialAction\":[{\"@type\":\"SearchAction\",\"target\":{\"@type\":\"EntryPoint\",\"urlTemplate\":\"https:\/\/kilim-age.com\/en\/?s={search_term_string}\"},\"query-input\":{\"@type\":\"PropertyValueSpecification\",\"valueRequired\":true,\"valueName\":\"search_term_string\"}}],\"inLanguage\":\"en-US\"}]}<\/script>\n<!-- \/ Yoast SEO plugin. -->","yoast_head_json":{"title":"Alfombras Para Pasillo | Kilim-Age | Alfombras Econ\u00f3micas..","description":"Alfombras Para Pasillo! Alfombras cl\u00e1sicas de Turqu\u00eda, Precios muy econ\u00f3micos. Realizamos env\u00edos a todo el mundo..","robots":{"index":"index","follow":"follow","max-snippet":"max-snippet:-1","max-image-preview":"max-image-preview:large","max-video-preview":"max-video-preview:-1"},"canonical":"https:\/\/www.kilim-age.com\/en\/producto\/alfombra-clasica-286-x-78-cm\/","og_locale":"en_US","og_type":"article","og_title":"Alfombras Para Pasillo | Kilim-Age | Alfombras Econ\u00f3micas..","og_description":"Alfombras Para Pasillo! Alfombras cl\u00e1sicas de Turqu\u00eda, Precios muy econ\u00f3micos. Realizamos env\u00edos a todo el mundo..","og_url":"https:\/\/www.kilim-age.com\/es\/producto\/alfombra-clasica-286-x-78-cm\/","og_site_name":"Kilim-Age","article_modified_time":"2025-10-01T18:01:14+00:00","og_image":[{"width":1000,"height":1300,"url":"https:\/\/www.kilim-age.com\/wp-content\/uploads\/2018\/10\/IMG_9674.jpg","type":"image\/jpeg"}],"twitter_card":"summary_large_image","twitter_misc":{"Est. reading time":"2 minutes"},"schema":{"@context":"https:\/\/schema.org","@graph":[{"@type":"WebPage","@id":"https:\/\/www.kilim-age.com\/es\/producto\/alfombra-clasica-286-x-78-cm\/","url":"https:\/\/www.kilim-age.com\/es\/producto\/alfombra-clasica-286-x-78-cm\/","name":"Alfombras Para Pasillo | Kilim-Age | Alfombras Econ\u00f3micas..","isPartOf":{"@id":"https:\/\/kilim-age.com\/en\/#website"},"primaryImageOfPage":{"@id":"https:\/\/www.kilim-age.com\/es\/producto\/alfombra-clasica-286-x-78-cm\/#primaryimage"},"image":{"@id":"https:\/\/www.kilim-age.com\/es\/producto\/alfombra-clasica-286-x-78-cm\/#primaryimage"},"thumbnailUrl":"https:\/\/www.kilim-age.com\/wp-content\/uploads\/2018\/10\/IMG_9674.jpg","datePublished":"2018-10-19T20:26:52+00:00","dateModified":"2025-10-01T18:01:14+00:00","description":"Alfombras Para Pasillo! Alfombras cl\u00e1sicas de Turqu\u00eda, Precios muy econ\u00f3micos. Realizamos env\u00edos a todo el mundo..","breadcrumb":{"@id":"https:\/\/www.kilim-age.com\/es\/producto\/alfombra-clasica-286-x-78-cm\/#breadcrumb"},"inLanguage":"en-US","potentialAction":[{"@type":"ReadAction","target":["https:\/\/www.kilim-age.com\/es\/producto\/alfombra-clasica-286-x-78-cm\/"]}]},{"@type":"ImageObject","inLanguage":"en-US","@id":"https:\/\/www.kilim-age.com\/es\/producto\/alfombra-clasica-286-x-78-cm\/#primaryimage","url":"https:\/\/www.kilim-age.com\/wp-content\/uploads\/2018\/10\/IMG_9674.jpg","contentUrl":"https:\/\/www.kilim-age.com\/wp-content\/uploads\/2018\/10\/IMG_9674.jpg","width":1000,"height":1300,"caption":"Alfombras para pasillo"},{"@type":"BreadcrumbList","@id":"https:\/\/www.kilim-age.com\/es\/producto\/alfombra-clasica-286-x-78-cm\/#breadcrumb","itemListElement":[{"@type":"ListItem","position":1,"name":"Home","item":"https:\/\/kilim-age.com\/en\/"},{"@type":"ListItem","position":2,"name":"Shop","item":"https:\/\/kilim-age.com\/es\/shop\/"},{"@type":"ListItem","position":3,"name":"ALFOMBRA CL\u00c1SICA PASILLERA 286 X 78 cm"}]},{"@type":"WebSite","@id":"https:\/\/kilim-age.com\/en\/#website","url":"https:\/\/kilim-age.com\/en\/","name":"Kilim-Age","description":"Somos especialistas en productos artesanales de Turqu\u00eda como Alfombras, y Kilims","potentialAction":[{"@type":"SearchAction","target":{"@type":"EntryPoint","urlTemplate":"https:\/\/kilim-age.com\/en\/?s={search_term_string}"},"query-input":{"@type":"PropertyValueSpecification","valueRequired":true,"valueName":"search_term_string"}}],"inLanguage":"en-US"}]}},"_links":{"self":[{"href":"https:\/\/www.kilim-age.com\/en\/wp-json\/wp\/v2\/product\/7802","targetHints":{"allow":["GET"]}}],"collection":[{"href":"https:\/\/www.kilim-age.com\/en\/wp-json\/wp\/v2\/product"}],"about":[{"href":"https:\/\/www.kilim-age.com\/en\/wp-json\/wp\/v2\/types\/product"}],"replies":[{"embeddable":true,"href":"https:\/\/www.kilim-age.com\/en\/wp-json\/wp\/v2\/comments?post=7802"}],"wp:featuredmedia":[{"embeddable":true,"href":"https:\/\/www.kilim-age.com\/en\/wp-json\/wp\/v2\/media\/7803"}],"wp:attachment":[{"href":"https:\/\/www.kilim-age.com\/en\/wp-json\/wp\/v2\/media?parent=7802"}],"wp:term":[{"taxonomy":"product_brand","embeddable":true,"href":"https:\/\/www.kilim-age.com\/en\/wp-json\/wp\/v2\/product_brand?post=7802"},{"taxonomy":"product_cat","embeddable":true,"href":"https:\/\/www.kilim-age.com\/en\/wp-json\/wp\/v2\/product_cat?post=7802"},{"taxonomy":"product_tag","embeddable":true,"href":"https:\/\/www.kilim-age.com\/en\/wp-json\/wp\/v2\/product_tag?post=7802"}],"curies":[{"name":"wp","href":"https:\/\/api.w.org\/{rel}","templated":true}]}}