{"id":8031,"date":"2018-12-03T16:43:55","date_gmt":"2018-12-03T16:43:55","guid":{"rendered":"http:\/\/www.kilim-age.com\/?post_type=product&#038;p=8031"},"modified":"2025-10-01T19:58:26","modified_gmt":"2025-10-01T17:58:26","slug":"alfombra-kazak-318-x-253-cm","status":"publish","type":"product","link":"https:\/\/www.kilim-age.com\/en\/producto\/alfombra-kazak-318-x-253-cm\/","title":{"rendered":"KAZAK CARPET 318 X 253 cm"},"content":{"rendered":"Classic Kazak carpet.<br \/>\nThese carpets are hand knotted in the hands of the best carpet weavers. Its designs are inspired by the classic geometric motifs of Caucasia, its wool is completely spun by hand and then dyed with natural colors. They are very resistant and good quality carpets.","protected":false},"excerpt":{"rendered":"<p>Manufacturing: Knotted by hand<br \/>\nSize: 318 X 253 cm<br \/>\nKnot density: Aprox 200000 knots per m\u00b2<br \/>\nAge: New<br \/>\nOrigin: Turkey<br \/>\nPile: Wool<br \/>\nWarp: Cotton<br \/>\nThickness approx: 3-4 mm<br \/>\nNatural dyeing<br \/>\nThe colors in the carpet will be perceived differently depending on the angle you view it from<br \/>\nDelivery time: Spain approximately 2-5 days, Europe 5-7 days, other continents 7-10 days.<\/p>\n","protected":false},"featured_media":8032,"comment_status":"closed","ping_status":"closed","template":"","meta":[],"product_brand":[],"product_cat":[62,230],"product_tag":[79,100],"class_list":{"0":"post-8031","1":"product","2":"type-product","3":"status-publish","4":"has-post-thumbnail","6":"product_cat-alfombras-turcas","7":"product_cat-alfombras-clasicas","8":"product_tag-alfombras-clasicas","9":"product_tag-classic-nomad-carpets","10":"product_shipping_class-alfombra-grande","11":"pa_ancho-cm-947","12":"pa_color-rojo","13":"pa_largo-cm-952","14":"pa_medida-extra-grande","15":"pa_medida-grandes","17":"first","18":"instock","19":"sale","20":"sold-individually","21":"taxable","22":"shipping-taxable","23":"purchasable","24":"product-type-simple"},"yoast_head":"<!-- This site is optimized with the Yoast SEO plugin v24.8.1 - https:\/\/yoast.com\/wordpress\/plugins\/seo\/ -->\n<title>Alfombras Cl\u00e1sicas | Kilim-Age<\/title>\n<meta name=\"description\" content=\"Alfombras Cl\u00e1sicas turcas! Alfombras persas y turcas de gran calidad, anudados a mano. Env\u00edo y devoluciones gratis.\" \/>\n<meta name=\"robots\" content=\"index, follow, max-snippet:-1, max-image-preview:large, max-video-preview:-1\" \/>\n<link rel=\"canonical\" href=\"https:\/\/kilim-age.com\/es\/producto\/alfombra-kazak-318-x-253-cm\/\" \/>\n<meta property=\"og:locale\" content=\"en_US\" \/>\n<meta property=\"og:type\" content=\"article\" \/>\n<meta property=\"og:title\" content=\"Alfombras Cl\u00e1sicas | Kilim-Age\" \/>\n<meta property=\"og:description\" content=\"Alfombras Cl\u00e1sicas turcas! Alfombras persas y turcas de gran calidad, anudados a mano. Env\u00edo y devoluciones gratis.\" \/>\n<meta property=\"og:url\" content=\"https:\/\/kilim-age.com\/es\/producto\/alfombra-kazak-318-x-253-cm\/\" \/>\n<meta property=\"og:site_name\" content=\"Kilim-Age\" \/>\n<meta property=\"article:modified_time\" content=\"2025-10-01T17:58:26+00:00\" \/>\n<meta property=\"og:image\" content=\"https:\/\/kilim-age.com\/wp-content\/uploads\/2018\/12\/IMG_0288-e1547913839650.jpg\" \/>\n\t<meta property=\"og:image:width\" content=\"900\" \/>\n\t<meta property=\"og:image:height\" content=\"1170\" \/>\n\t<meta property=\"og:image:type\" content=\"image\/jpeg\" \/>\n<meta name=\"twitter:card\" content=\"summary_large_image\" \/>\n<meta name=\"twitter:label1\" content=\"Est. reading time\" \/>\n\t<meta name=\"twitter:data1\" content=\"2 minutes\" \/>\n<script type=\"application\/ld+json\" class=\"yoast-schema-graph\">{\"@context\":\"https:\/\/schema.org\",\"@graph\":[{\"@type\":\"WebPage\",\"@id\":\"https:\/\/kilim-age.com\/es\/producto\/alfombra-kazak-318-x-253-cm\/\",\"url\":\"https:\/\/kilim-age.com\/es\/producto\/alfombra-kazak-318-x-253-cm\/\",\"name\":\"Alfombras Cl\u00e1sicas | Kilim-Age\",\"isPartOf\":{\"@id\":\"https:\/\/www.kilim-age.com\/es\/#website\"},\"primaryImageOfPage\":{\"@id\":\"https:\/\/kilim-age.com\/es\/producto\/alfombra-kazak-318-x-253-cm\/#primaryimage\"},\"image\":{\"@id\":\"https:\/\/kilim-age.com\/es\/producto\/alfombra-kazak-318-x-253-cm\/#primaryimage\"},\"thumbnailUrl\":\"https:\/\/www.kilim-age.com\/wp-content\/uploads\/2018\/12\/IMG_0288-e1547913839650.jpg\",\"datePublished\":\"2018-12-03T16:43:55+00:00\",\"dateModified\":\"2025-10-01T17:58:26+00:00\",\"description\":\"Alfombras Cl\u00e1sicas turcas! Alfombras persas y turcas de gran calidad, anudados a mano. Env\u00edo y devoluciones gratis.\",\"breadcrumb\":{\"@id\":\"https:\/\/kilim-age.com\/es\/producto\/alfombra-kazak-318-x-253-cm\/#breadcrumb\"},\"inLanguage\":\"en-US\",\"potentialAction\":[{\"@type\":\"ReadAction\",\"target\":[\"https:\/\/kilim-age.com\/es\/producto\/alfombra-kazak-318-x-253-cm\/\"]}]},{\"@type\":\"ImageObject\",\"inLanguage\":\"en-US\",\"@id\":\"https:\/\/kilim-age.com\/es\/producto\/alfombra-kazak-318-x-253-cm\/#primaryimage\",\"url\":\"https:\/\/www.kilim-age.com\/wp-content\/uploads\/2018\/12\/IMG_0288-e1547913839650.jpg\",\"contentUrl\":\"https:\/\/www.kilim-age.com\/wp-content\/uploads\/2018\/12\/IMG_0288-e1547913839650.jpg\",\"width\":900,\"height\":1170,\"caption\":\"Alfombras Cl\u00e1sicas\"},{\"@type\":\"BreadcrumbList\",\"@id\":\"https:\/\/kilim-age.com\/es\/producto\/alfombra-kazak-318-x-253-cm\/#breadcrumb\",\"itemListElement\":[{\"@type\":\"ListItem\",\"position\":1,\"name\":\"Home\",\"item\":\"https:\/\/www.kilim-age.com\/es\/\"},{\"@type\":\"ListItem\",\"position\":2,\"name\":\"Shop\",\"item\":\"https:\/\/www.kilim-age.com\/es\/shop\/\"},{\"@type\":\"ListItem\",\"position\":3,\"name\":\"ALFOMBRA KAZAK 318 X 253 cm\"}]},{\"@type\":\"WebSite\",\"@id\":\"https:\/\/www.kilim-age.com\/es\/#website\",\"url\":\"https:\/\/www.kilim-age.com\/es\/\",\"name\":\"Kilim-Age\",\"description\":\"Somos especialistas en productos artesanales de Turqu\u00eda como Alfombras, y Kilims\",\"potentialAction\":[{\"@type\":\"SearchAction\",\"target\":{\"@type\":\"EntryPoint\",\"urlTemplate\":\"https:\/\/www.kilim-age.com\/es\/?s={search_term_string}\"},\"query-input\":{\"@type\":\"PropertyValueSpecification\",\"valueRequired\":true,\"valueName\":\"search_term_string\"}}],\"inLanguage\":\"en-US\"}]}<\/script>\n<!-- \/ Yoast SEO plugin. -->","yoast_head_json":{"title":"Alfombras Cl\u00e1sicas | Kilim-Age","description":"Alfombras Cl\u00e1sicas turcas! Alfombras persas y turcas de gran calidad, anudados a mano. Env\u00edo y devoluciones gratis.","robots":{"index":"index","follow":"follow","max-snippet":"max-snippet:-1","max-image-preview":"max-image-preview:large","max-video-preview":"max-video-preview:-1"},"canonical":"https:\/\/kilim-age.com\/es\/producto\/alfombra-kazak-318-x-253-cm\/","og_locale":"en_US","og_type":"article","og_title":"Alfombras Cl\u00e1sicas | Kilim-Age","og_description":"Alfombras Cl\u00e1sicas turcas! Alfombras persas y turcas de gran calidad, anudados a mano. Env\u00edo y devoluciones gratis.","og_url":"https:\/\/kilim-age.com\/es\/producto\/alfombra-kazak-318-x-253-cm\/","og_site_name":"Kilim-Age","article_modified_time":"2025-10-01T17:58:26+00:00","og_image":[{"width":900,"height":1170,"url":"https:\/\/kilim-age.com\/wp-content\/uploads\/2018\/12\/IMG_0288-e1547913839650.jpg","type":"image\/jpeg"}],"twitter_card":"summary_large_image","twitter_misc":{"Est. reading time":"2 minutes"},"schema":{"@context":"https:\/\/schema.org","@graph":[{"@type":"WebPage","@id":"https:\/\/kilim-age.com\/es\/producto\/alfombra-kazak-318-x-253-cm\/","url":"https:\/\/kilim-age.com\/es\/producto\/alfombra-kazak-318-x-253-cm\/","name":"Alfombras Cl\u00e1sicas | Kilim-Age","isPartOf":{"@id":"https:\/\/www.kilim-age.com\/es\/#website"},"primaryImageOfPage":{"@id":"https:\/\/kilim-age.com\/es\/producto\/alfombra-kazak-318-x-253-cm\/#primaryimage"},"image":{"@id":"https:\/\/kilim-age.com\/es\/producto\/alfombra-kazak-318-x-253-cm\/#primaryimage"},"thumbnailUrl":"https:\/\/www.kilim-age.com\/wp-content\/uploads\/2018\/12\/IMG_0288-e1547913839650.jpg","datePublished":"2018-12-03T16:43:55+00:00","dateModified":"2025-10-01T17:58:26+00:00","description":"Alfombras Cl\u00e1sicas turcas! Alfombras persas y turcas de gran calidad, anudados a mano. Env\u00edo y devoluciones gratis.","breadcrumb":{"@id":"https:\/\/kilim-age.com\/es\/producto\/alfombra-kazak-318-x-253-cm\/#breadcrumb"},"inLanguage":"en-US","potentialAction":[{"@type":"ReadAction","target":["https:\/\/kilim-age.com\/es\/producto\/alfombra-kazak-318-x-253-cm\/"]}]},{"@type":"ImageObject","inLanguage":"en-US","@id":"https:\/\/kilim-age.com\/es\/producto\/alfombra-kazak-318-x-253-cm\/#primaryimage","url":"https:\/\/www.kilim-age.com\/wp-content\/uploads\/2018\/12\/IMG_0288-e1547913839650.jpg","contentUrl":"https:\/\/www.kilim-age.com\/wp-content\/uploads\/2018\/12\/IMG_0288-e1547913839650.jpg","width":900,"height":1170,"caption":"Alfombras Cl\u00e1sicas"},{"@type":"BreadcrumbList","@id":"https:\/\/kilim-age.com\/es\/producto\/alfombra-kazak-318-x-253-cm\/#breadcrumb","itemListElement":[{"@type":"ListItem","position":1,"name":"Home","item":"https:\/\/www.kilim-age.com\/es\/"},{"@type":"ListItem","position":2,"name":"Shop","item":"https:\/\/www.kilim-age.com\/es\/shop\/"},{"@type":"ListItem","position":3,"name":"ALFOMBRA KAZAK 318 X 253 cm"}]},{"@type":"WebSite","@id":"https:\/\/www.kilim-age.com\/es\/#website","url":"https:\/\/www.kilim-age.com\/es\/","name":"Kilim-Age","description":"Somos especialistas en productos artesanales de Turqu\u00eda como Alfombras, y Kilims","potentialAction":[{"@type":"SearchAction","target":{"@type":"EntryPoint","urlTemplate":"https:\/\/www.kilim-age.com\/es\/?s={search_term_string}"},"query-input":{"@type":"PropertyValueSpecification","valueRequired":true,"valueName":"search_term_string"}}],"inLanguage":"en-US"}]}},"_links":{"self":[{"href":"https:\/\/www.kilim-age.com\/en\/wp-json\/wp\/v2\/product\/8031","targetHints":{"allow":["GET"]}}],"collection":[{"href":"https:\/\/www.kilim-age.com\/en\/wp-json\/wp\/v2\/product"}],"about":[{"href":"https:\/\/www.kilim-age.com\/en\/wp-json\/wp\/v2\/types\/product"}],"replies":[{"embeddable":true,"href":"https:\/\/www.kilim-age.com\/en\/wp-json\/wp\/v2\/comments?post=8031"}],"wp:featuredmedia":[{"embeddable":true,"href":"https:\/\/www.kilim-age.com\/en\/wp-json\/wp\/v2\/media\/8032"}],"wp:attachment":[{"href":"https:\/\/www.kilim-age.com\/en\/wp-json\/wp\/v2\/media?parent=8031"}],"wp:term":[{"taxonomy":"product_brand","embeddable":true,"href":"https:\/\/www.kilim-age.com\/en\/wp-json\/wp\/v2\/product_brand?post=8031"},{"taxonomy":"product_cat","embeddable":true,"href":"https:\/\/www.kilim-age.com\/en\/wp-json\/wp\/v2\/product_cat?post=8031"},{"taxonomy":"product_tag","embeddable":true,"href":"https:\/\/www.kilim-age.com\/en\/wp-json\/wp\/v2\/product_tag?post=8031"}],"curies":[{"name":"wp","href":"https:\/\/api.w.org\/{rel}","templated":true}]}}