{"id":9293,"date":"2019-04-11T18:05:08","date_gmt":"2019-04-11T18:05:08","guid":{"rendered":"http:\/\/www.kilim-age.com\/?post_type=product&#038;p=9293"},"modified":"2020-10-07T10:46:23","modified_gmt":"2020-10-07T10:46:23","slug":"zapatos-kilim-talla-38-7","status":"publish","type":"product","link":"https:\/\/www.kilim-age.com\/en\/producto\/zapatos-kilim-talla-38-7\/","title":{"rendered":"KILIM SHOES SIZE 38"},"content":{"rendered":"Our kilim shoes are made from semi old woven wool kilim. The slippers are made of leather inside and leather sole, so it will stretch and form to your foot beautifully.<br \/>\nThe style is effortless and comfortable\u2026just as adorable with a pair of jeans or with a skirt or shift.","protected":false},"excerpt":{"rendered":"<p>Size:38<br \/>\nMaterial: Kilim<br \/>\nInside: Leather<br \/>\nSole: Leather<\/p>\n<p><a href=\"http:\/\/kilim-age.com\/en\/demos\/business-demos\/agency\/\">Check your measurement\u00a0<\/a><\/p>\n","protected":false},"featured_media":9923,"comment_status":"open","ping_status":"closed","template":"","meta":[],"product_brand":[],"product_cat":[59,279,246],"product_tag":[77,76],"class_list":{"0":"post-9293","1":"product","2":"type-product","3":"status-publish","4":"has-post-thumbnail","6":"product_cat-kilim-shoes","7":"product_cat-zapatos-kilim","8":"product_cat-talla-38","9":"product_tag-kilim-shoes","10":"product_tag-zapatos-kilim","11":"product_shipping_class-envio-zapatos","13":"first","14":"outofstock","15":"sold-individually","16":"taxable","17":"shipping-taxable","18":"purchasable","19":"product-type-simple"},"yoast_head":"<!-- This site is optimized with the Yoast SEO plugin v24.8.1 - https:\/\/yoast.com\/wordpress\/plugins\/seo\/ -->\n<title>Zapatos Kilim de Turq\u00faia | Kilim-Age<\/title>\n<meta name=\"description\" content=\"Tenemos Zapatos Kilim Artesanales de Turqu\u00eda, Venta Online en nuestra pagina web, Enviamos a Todo Espa\u00f1a\" \/>\n<meta name=\"robots\" content=\"index, follow, max-snippet:-1, max-image-preview:large, max-video-preview:-1\" \/>\n<link rel=\"canonical\" href=\"https:\/\/kilim-age.com\/es\/producto\/zapatos-kilim-talla-38-7\/\" \/>\n<meta property=\"og:locale\" content=\"en_US\" \/>\n<meta property=\"og:type\" content=\"article\" \/>\n<meta property=\"og:title\" content=\"Zapatos Kilim de Turq\u00faia | Kilim-Age\" \/>\n<meta property=\"og:description\" content=\"Tenemos Zapatos Kilim Artesanales de Turqu\u00eda, Venta Online en nuestra pagina web, Enviamos a Todo Espa\u00f1a\" \/>\n<meta property=\"og:url\" content=\"https:\/\/kilim-age.com\/es\/producto\/zapatos-kilim-talla-38-7\/\" \/>\n<meta property=\"og:site_name\" content=\"Kilim-Age\" \/>\n<meta property=\"article:modified_time\" content=\"2020-10-07T10:46:23+00:00\" \/>\n<meta property=\"og:image\" content=\"https:\/\/kilim-age.com\/wp-content\/uploads\/2019\/04\/IMG_9857.jpg\" \/>\n\t<meta property=\"og:image:width\" content=\"1000\" \/>\n\t<meta property=\"og:image:height\" content=\"750\" \/>\n\t<meta property=\"og:image:type\" content=\"image\/jpeg\" \/>\n<meta name=\"twitter:card\" content=\"summary_large_image\" \/>\n<meta name=\"twitter:label1\" content=\"Est. reading time\" \/>\n\t<meta name=\"twitter:data1\" content=\"1 minute\" \/>\n<script type=\"application\/ld+json\" class=\"yoast-schema-graph\">{\"@context\":\"https:\/\/schema.org\",\"@graph\":[{\"@type\":\"WebPage\",\"@id\":\"https:\/\/kilim-age.com\/es\/producto\/zapatos-kilim-talla-38-7\/\",\"url\":\"https:\/\/kilim-age.com\/es\/producto\/zapatos-kilim-talla-38-7\/\",\"name\":\"Zapatos Kilim de Turq\u00faia | Kilim-Age\",\"isPartOf\":{\"@id\":\"https:\/\/www.kilim-age.com\/es\/#website\"},\"primaryImageOfPage\":{\"@id\":\"https:\/\/kilim-age.com\/es\/producto\/zapatos-kilim-talla-38-7\/#primaryimage\"},\"image\":{\"@id\":\"https:\/\/kilim-age.com\/es\/producto\/zapatos-kilim-talla-38-7\/#primaryimage\"},\"thumbnailUrl\":\"https:\/\/www.kilim-age.com\/wp-content\/uploads\/2019\/04\/IMG_9857.jpg\",\"datePublished\":\"2019-04-11T18:05:08+00:00\",\"dateModified\":\"2020-10-07T10:46:23+00:00\",\"description\":\"Tenemos Zapatos Kilim Artesanales de Turqu\u00eda, Venta Online en nuestra pagina web, Enviamos a Todo Espa\u00f1a\",\"breadcrumb\":{\"@id\":\"https:\/\/kilim-age.com\/es\/producto\/zapatos-kilim-talla-38-7\/#breadcrumb\"},\"inLanguage\":\"en-US\",\"potentialAction\":[{\"@type\":\"ReadAction\",\"target\":[\"https:\/\/kilim-age.com\/es\/producto\/zapatos-kilim-talla-38-7\/\"]}]},{\"@type\":\"ImageObject\",\"inLanguage\":\"en-US\",\"@id\":\"https:\/\/kilim-age.com\/es\/producto\/zapatos-kilim-talla-38-7\/#primaryimage\",\"url\":\"https:\/\/www.kilim-age.com\/wp-content\/uploads\/2019\/04\/IMG_9857.jpg\",\"contentUrl\":\"https:\/\/www.kilim-age.com\/wp-content\/uploads\/2019\/04\/IMG_9857.jpg\",\"width\":1000,\"height\":750},{\"@type\":\"BreadcrumbList\",\"@id\":\"https:\/\/kilim-age.com\/es\/producto\/zapatos-kilim-talla-38-7\/#breadcrumb\",\"itemListElement\":[{\"@type\":\"ListItem\",\"position\":1,\"name\":\"Home\",\"item\":\"https:\/\/www.kilim-age.com\/es\/\"},{\"@type\":\"ListItem\",\"position\":2,\"name\":\"Shop\",\"item\":\"https:\/\/www.kilim-age.com\/es\/shop\/\"},{\"@type\":\"ListItem\",\"position\":3,\"name\":\"ZAPATOS KILIM TALLA 38\"}]},{\"@type\":\"WebSite\",\"@id\":\"https:\/\/www.kilim-age.com\/es\/#website\",\"url\":\"https:\/\/www.kilim-age.com\/es\/\",\"name\":\"Kilim-Age\",\"description\":\"Somos especialistas en productos artesanales de Turqu\u00eda como Alfombras, y Kilims\",\"potentialAction\":[{\"@type\":\"SearchAction\",\"target\":{\"@type\":\"EntryPoint\",\"urlTemplate\":\"https:\/\/www.kilim-age.com\/es\/?s={search_term_string}\"},\"query-input\":{\"@type\":\"PropertyValueSpecification\",\"valueRequired\":true,\"valueName\":\"search_term_string\"}}],\"inLanguage\":\"en-US\"}]}<\/script>\n<!-- \/ Yoast SEO plugin. -->","yoast_head_json":{"title":"Zapatos Kilim de Turq\u00faia | Kilim-Age","description":"Tenemos Zapatos Kilim Artesanales de Turqu\u00eda, Venta Online en nuestra pagina web, Enviamos a Todo Espa\u00f1a","robots":{"index":"index","follow":"follow","max-snippet":"max-snippet:-1","max-image-preview":"max-image-preview:large","max-video-preview":"max-video-preview:-1"},"canonical":"https:\/\/kilim-age.com\/es\/producto\/zapatos-kilim-talla-38-7\/","og_locale":"en_US","og_type":"article","og_title":"Zapatos Kilim de Turq\u00faia | Kilim-Age","og_description":"Tenemos Zapatos Kilim Artesanales de Turqu\u00eda, Venta Online en nuestra pagina web, Enviamos a Todo Espa\u00f1a","og_url":"https:\/\/kilim-age.com\/es\/producto\/zapatos-kilim-talla-38-7\/","og_site_name":"Kilim-Age","article_modified_time":"2020-10-07T10:46:23+00:00","og_image":[{"width":1000,"height":750,"url":"https:\/\/kilim-age.com\/wp-content\/uploads\/2019\/04\/IMG_9857.jpg","type":"image\/jpeg"}],"twitter_card":"summary_large_image","twitter_misc":{"Est. reading time":"1 minute"},"schema":{"@context":"https:\/\/schema.org","@graph":[{"@type":"WebPage","@id":"https:\/\/kilim-age.com\/es\/producto\/zapatos-kilim-talla-38-7\/","url":"https:\/\/kilim-age.com\/es\/producto\/zapatos-kilim-talla-38-7\/","name":"Zapatos Kilim de Turq\u00faia | Kilim-Age","isPartOf":{"@id":"https:\/\/www.kilim-age.com\/es\/#website"},"primaryImageOfPage":{"@id":"https:\/\/kilim-age.com\/es\/producto\/zapatos-kilim-talla-38-7\/#primaryimage"},"image":{"@id":"https:\/\/kilim-age.com\/es\/producto\/zapatos-kilim-talla-38-7\/#primaryimage"},"thumbnailUrl":"https:\/\/www.kilim-age.com\/wp-content\/uploads\/2019\/04\/IMG_9857.jpg","datePublished":"2019-04-11T18:05:08+00:00","dateModified":"2020-10-07T10:46:23+00:00","description":"Tenemos Zapatos Kilim Artesanales de Turqu\u00eda, Venta Online en nuestra pagina web, Enviamos a Todo Espa\u00f1a","breadcrumb":{"@id":"https:\/\/kilim-age.com\/es\/producto\/zapatos-kilim-talla-38-7\/#breadcrumb"},"inLanguage":"en-US","potentialAction":[{"@type":"ReadAction","target":["https:\/\/kilim-age.com\/es\/producto\/zapatos-kilim-talla-38-7\/"]}]},{"@type":"ImageObject","inLanguage":"en-US","@id":"https:\/\/kilim-age.com\/es\/producto\/zapatos-kilim-talla-38-7\/#primaryimage","url":"https:\/\/www.kilim-age.com\/wp-content\/uploads\/2019\/04\/IMG_9857.jpg","contentUrl":"https:\/\/www.kilim-age.com\/wp-content\/uploads\/2019\/04\/IMG_9857.jpg","width":1000,"height":750},{"@type":"BreadcrumbList","@id":"https:\/\/kilim-age.com\/es\/producto\/zapatos-kilim-talla-38-7\/#breadcrumb","itemListElement":[{"@type":"ListItem","position":1,"name":"Home","item":"https:\/\/www.kilim-age.com\/es\/"},{"@type":"ListItem","position":2,"name":"Shop","item":"https:\/\/www.kilim-age.com\/es\/shop\/"},{"@type":"ListItem","position":3,"name":"ZAPATOS KILIM TALLA 38"}]},{"@type":"WebSite","@id":"https:\/\/www.kilim-age.com\/es\/#website","url":"https:\/\/www.kilim-age.com\/es\/","name":"Kilim-Age","description":"Somos especialistas en productos artesanales de Turqu\u00eda como Alfombras, y Kilims","potentialAction":[{"@type":"SearchAction","target":{"@type":"EntryPoint","urlTemplate":"https:\/\/www.kilim-age.com\/es\/?s={search_term_string}"},"query-input":{"@type":"PropertyValueSpecification","valueRequired":true,"valueName":"search_term_string"}}],"inLanguage":"en-US"}]}},"_links":{"self":[{"href":"https:\/\/www.kilim-age.com\/en\/wp-json\/wp\/v2\/product\/9293","targetHints":{"allow":["GET"]}}],"collection":[{"href":"https:\/\/www.kilim-age.com\/en\/wp-json\/wp\/v2\/product"}],"about":[{"href":"https:\/\/www.kilim-age.com\/en\/wp-json\/wp\/v2\/types\/product"}],"replies":[{"embeddable":true,"href":"https:\/\/www.kilim-age.com\/en\/wp-json\/wp\/v2\/comments?post=9293"}],"wp:featuredmedia":[{"embeddable":true,"href":"https:\/\/www.kilim-age.com\/en\/wp-json\/wp\/v2\/media\/9923"}],"wp:attachment":[{"href":"https:\/\/www.kilim-age.com\/en\/wp-json\/wp\/v2\/media?parent=9293"}],"wp:term":[{"taxonomy":"product_brand","embeddable":true,"href":"https:\/\/www.kilim-age.com\/en\/wp-json\/wp\/v2\/product_brand?post=9293"},{"taxonomy":"product_cat","embeddable":true,"href":"https:\/\/www.kilim-age.com\/en\/wp-json\/wp\/v2\/product_cat?post=9293"},{"taxonomy":"product_tag","embeddable":true,"href":"https:\/\/www.kilim-age.com\/en\/wp-json\/wp\/v2\/product_tag?post=9293"}],"curies":[{"name":"wp","href":"https:\/\/api.w.org\/{rel}","templated":true}]}}