{"id":9313,"date":"2019-04-11T21:33:44","date_gmt":"2019-04-11T21:33:44","guid":{"rendered":"http:\/\/www.kilim-age.com\/?post_type=product&#038;p=9313"},"modified":"2025-12-04T18:13:44","modified_gmt":"2025-12-04T17:13:44","slug":"zapatos-kilim-talla-38-8","status":"publish","type":"product","link":"https:\/\/www.kilim-age.com\/en\/producto\/zapatos-kilim-talla-38-8\/","title":{"rendered":"KILIM SHOES SIZE 38"},"content":{"rendered":"Our kilim shoes are made from semi old woven wool kilim. The slippers are made of leather inside and leather sole, so it will stretch and form to your foot beautifully.<br \/>\nThe style is effortless and comfortable\u2026just as adorable with a pair of jeans or with a skirt or shift.","protected":false},"excerpt":{"rendered":"<p>Size:38<br \/>\nMaterial: Kilim<br \/>\nInside: Leather<br \/>\nSole: Leather<\/p>\n<p><a href=\"http:\/\/kilim-age.com\/en\/demos\/business-demos\/agency\/\">Check your measurement\u00a0<\/a><\/p>\n","protected":false},"featured_media":9918,"comment_status":"open","ping_status":"closed","template":"","meta":[],"product_brand":[],"product_cat":[59,279,246],"product_tag":[77,76],"class_list":{"0":"post-9313","1":"product","2":"type-product","3":"status-publish","4":"has-post-thumbnail","6":"product_cat-kilim-shoes","7":"product_cat-zapatos-kilim","8":"product_cat-talla-38","9":"product_tag-kilim-shoes","10":"product_tag-zapatos-kilim","11":"product_shipping_class-envio-zapatos","13":"first","14":"outofstock","15":"sold-individually","16":"taxable","17":"shipping-taxable","18":"purchasable","19":"product-type-simple"},"yoast_head":"<!-- This site is optimized with the Yoast SEO plugin v24.8.1 - https:\/\/yoast.com\/wordpress\/plugins\/seo\/ -->\n<title>Zapatos Kilim C\u00f3modos | Kilim-Age<\/title>\n<meta name=\"description\" content=\"Tenenemos Zapatos Kilim C\u00f3modos de Turqu\u00eda, 100% Artesanales, Suela Cuero, Tenemos Todos Las Tallas Enviamos a Todo Espa\u00f1a\" \/>\n<meta name=\"robots\" content=\"index, follow, max-snippet:-1, max-image-preview:large, max-video-preview:-1\" \/>\n<link rel=\"canonical\" href=\"https:\/\/www.kilim-age.com\/en\/producto\/zapatos-kilim-talla-38-8\/\" \/>\n<meta property=\"og:locale\" content=\"en_US\" \/>\n<meta property=\"og:type\" content=\"article\" \/>\n<meta property=\"og:title\" content=\"Zapatos Kilim C\u00f3modos | Kilim-Age\" \/>\n<meta property=\"og:description\" content=\"Tenenemos Zapatos Kilim C\u00f3modos de Turqu\u00eda, 100% Artesanales, Suela Cuero, Tenemos Todos Las Tallas Enviamos a Todo Espa\u00f1a\" \/>\n<meta property=\"og:url\" content=\"https:\/\/www.kilim-age.com\/en\/producto\/zapatos-kilim-talla-38-8\/\" \/>\n<meta property=\"og:site_name\" content=\"Kilim-Age\" \/>\n<meta property=\"article:modified_time\" content=\"2025-12-04T17:13:44+00:00\" \/>\n<meta property=\"og:image\" content=\"https:\/\/www.kilim-age.com\/wp-content\/uploads\/2019\/04\/IMG_9865.jpg\" \/>\n\t<meta property=\"og:image:width\" content=\"1000\" \/>\n\t<meta property=\"og:image:height\" content=\"750\" \/>\n\t<meta property=\"og:image:type\" content=\"image\/jpeg\" \/>\n<meta name=\"twitter:card\" content=\"summary_large_image\" \/>\n<meta name=\"twitter:label1\" content=\"Est. reading time\" \/>\n\t<meta name=\"twitter:data1\" content=\"1 minute\" \/>\n<script type=\"application\/ld+json\" class=\"yoast-schema-graph\">{\"@context\":\"https:\/\/schema.org\",\"@graph\":[{\"@type\":\"WebPage\",\"@id\":\"https:\/\/www.kilim-age.com\/en\/producto\/zapatos-kilim-talla-38-8\/\",\"url\":\"https:\/\/www.kilim-age.com\/en\/producto\/zapatos-kilim-talla-38-8\/\",\"name\":\"Zapatos Kilim C\u00f3modos | Kilim-Age\",\"isPartOf\":{\"@id\":\"https:\/\/kilim-age.com\/en\/#website\"},\"primaryImageOfPage\":{\"@id\":\"https:\/\/www.kilim-age.com\/en\/producto\/zapatos-kilim-talla-38-8\/#primaryimage\"},\"image\":{\"@id\":\"https:\/\/www.kilim-age.com\/en\/producto\/zapatos-kilim-talla-38-8\/#primaryimage\"},\"thumbnailUrl\":\"https:\/\/www.kilim-age.com\/wp-content\/uploads\/2019\/04\/IMG_9865.jpg\",\"datePublished\":\"2019-04-11T21:33:44+00:00\",\"dateModified\":\"2025-12-04T17:13:44+00:00\",\"description\":\"Tenenemos Zapatos Kilim C\u00f3modos de Turqu\u00eda, 100% Artesanales, Suela Cuero, Tenemos Todos Las Tallas Enviamos a Todo Espa\u00f1a\",\"breadcrumb\":{\"@id\":\"https:\/\/www.kilim-age.com\/en\/producto\/zapatos-kilim-talla-38-8\/#breadcrumb\"},\"inLanguage\":\"en-US\",\"potentialAction\":[{\"@type\":\"ReadAction\",\"target\":[\"https:\/\/www.kilim-age.com\/en\/producto\/zapatos-kilim-talla-38-8\/\"]}]},{\"@type\":\"ImageObject\",\"inLanguage\":\"en-US\",\"@id\":\"https:\/\/www.kilim-age.com\/en\/producto\/zapatos-kilim-talla-38-8\/#primaryimage\",\"url\":\"https:\/\/www.kilim-age.com\/wp-content\/uploads\/2019\/04\/IMG_9865.jpg\",\"contentUrl\":\"https:\/\/www.kilim-age.com\/wp-content\/uploads\/2019\/04\/IMG_9865.jpg\",\"width\":1000,\"height\":750},{\"@type\":\"BreadcrumbList\",\"@id\":\"https:\/\/www.kilim-age.com\/en\/producto\/zapatos-kilim-talla-38-8\/#breadcrumb\",\"itemListElement\":[{\"@type\":\"ListItem\",\"position\":1,\"name\":\"Home\",\"item\":\"https:\/\/kilim-age.com\/en\/\"},{\"@type\":\"ListItem\",\"position\":2,\"name\":\"Shop\",\"item\":\"https:\/\/kilim-age.com\/es\/shop\/\"},{\"@type\":\"ListItem\",\"position\":3,\"name\":\"KILIM SHOES SIZE 38\"}]},{\"@type\":\"WebSite\",\"@id\":\"https:\/\/kilim-age.com\/en\/#website\",\"url\":\"https:\/\/kilim-age.com\/en\/\",\"name\":\"Kilim-Age\",\"description\":\"Somos especialistas en productos artesanales de Turqu\u00eda como Alfombras, y Kilims\",\"potentialAction\":[{\"@type\":\"SearchAction\",\"target\":{\"@type\":\"EntryPoint\",\"urlTemplate\":\"https:\/\/kilim-age.com\/en\/?s={search_term_string}\"},\"query-input\":{\"@type\":\"PropertyValueSpecification\",\"valueRequired\":true,\"valueName\":\"search_term_string\"}}],\"inLanguage\":\"en-US\"}]}<\/script>\n<!-- \/ Yoast SEO plugin. -->","yoast_head_json":{"title":"Zapatos Kilim C\u00f3modos | Kilim-Age","description":"Tenenemos Zapatos Kilim C\u00f3modos de Turqu\u00eda, 100% Artesanales, Suela Cuero, Tenemos Todos Las Tallas Enviamos a Todo Espa\u00f1a","robots":{"index":"index","follow":"follow","max-snippet":"max-snippet:-1","max-image-preview":"max-image-preview:large","max-video-preview":"max-video-preview:-1"},"canonical":"https:\/\/www.kilim-age.com\/en\/producto\/zapatos-kilim-talla-38-8\/","og_locale":"en_US","og_type":"article","og_title":"Zapatos Kilim C\u00f3modos | Kilim-Age","og_description":"Tenenemos Zapatos Kilim C\u00f3modos de Turqu\u00eda, 100% Artesanales, Suela Cuero, Tenemos Todos Las Tallas Enviamos a Todo Espa\u00f1a","og_url":"https:\/\/www.kilim-age.com\/en\/producto\/zapatos-kilim-talla-38-8\/","og_site_name":"Kilim-Age","article_modified_time":"2025-12-04T17:13:44+00:00","og_image":[{"width":1000,"height":750,"url":"https:\/\/www.kilim-age.com\/wp-content\/uploads\/2019\/04\/IMG_9865.jpg","type":"image\/jpeg"}],"twitter_card":"summary_large_image","twitter_misc":{"Est. reading time":"1 minute"},"schema":{"@context":"https:\/\/schema.org","@graph":[{"@type":"WebPage","@id":"https:\/\/www.kilim-age.com\/en\/producto\/zapatos-kilim-talla-38-8\/","url":"https:\/\/www.kilim-age.com\/en\/producto\/zapatos-kilim-talla-38-8\/","name":"Zapatos Kilim C\u00f3modos | Kilim-Age","isPartOf":{"@id":"https:\/\/kilim-age.com\/en\/#website"},"primaryImageOfPage":{"@id":"https:\/\/www.kilim-age.com\/en\/producto\/zapatos-kilim-talla-38-8\/#primaryimage"},"image":{"@id":"https:\/\/www.kilim-age.com\/en\/producto\/zapatos-kilim-talla-38-8\/#primaryimage"},"thumbnailUrl":"https:\/\/www.kilim-age.com\/wp-content\/uploads\/2019\/04\/IMG_9865.jpg","datePublished":"2019-04-11T21:33:44+00:00","dateModified":"2025-12-04T17:13:44+00:00","description":"Tenenemos Zapatos Kilim C\u00f3modos de Turqu\u00eda, 100% Artesanales, Suela Cuero, Tenemos Todos Las Tallas Enviamos a Todo Espa\u00f1a","breadcrumb":{"@id":"https:\/\/www.kilim-age.com\/en\/producto\/zapatos-kilim-talla-38-8\/#breadcrumb"},"inLanguage":"en-US","potentialAction":[{"@type":"ReadAction","target":["https:\/\/www.kilim-age.com\/en\/producto\/zapatos-kilim-talla-38-8\/"]}]},{"@type":"ImageObject","inLanguage":"en-US","@id":"https:\/\/www.kilim-age.com\/en\/producto\/zapatos-kilim-talla-38-8\/#primaryimage","url":"https:\/\/www.kilim-age.com\/wp-content\/uploads\/2019\/04\/IMG_9865.jpg","contentUrl":"https:\/\/www.kilim-age.com\/wp-content\/uploads\/2019\/04\/IMG_9865.jpg","width":1000,"height":750},{"@type":"BreadcrumbList","@id":"https:\/\/www.kilim-age.com\/en\/producto\/zapatos-kilim-talla-38-8\/#breadcrumb","itemListElement":[{"@type":"ListItem","position":1,"name":"Home","item":"https:\/\/kilim-age.com\/en\/"},{"@type":"ListItem","position":2,"name":"Shop","item":"https:\/\/kilim-age.com\/es\/shop\/"},{"@type":"ListItem","position":3,"name":"KILIM SHOES SIZE 38"}]},{"@type":"WebSite","@id":"https:\/\/kilim-age.com\/en\/#website","url":"https:\/\/kilim-age.com\/en\/","name":"Kilim-Age","description":"Somos especialistas en productos artesanales de Turqu\u00eda como Alfombras, y Kilims","potentialAction":[{"@type":"SearchAction","target":{"@type":"EntryPoint","urlTemplate":"https:\/\/kilim-age.com\/en\/?s={search_term_string}"},"query-input":{"@type":"PropertyValueSpecification","valueRequired":true,"valueName":"search_term_string"}}],"inLanguage":"en-US"}]}},"_links":{"self":[{"href":"https:\/\/www.kilim-age.com\/en\/wp-json\/wp\/v2\/product\/9313","targetHints":{"allow":["GET"]}}],"collection":[{"href":"https:\/\/www.kilim-age.com\/en\/wp-json\/wp\/v2\/product"}],"about":[{"href":"https:\/\/www.kilim-age.com\/en\/wp-json\/wp\/v2\/types\/product"}],"replies":[{"embeddable":true,"href":"https:\/\/www.kilim-age.com\/en\/wp-json\/wp\/v2\/comments?post=9313"}],"wp:featuredmedia":[{"embeddable":true,"href":"https:\/\/www.kilim-age.com\/en\/wp-json\/wp\/v2\/media\/9918"}],"wp:attachment":[{"href":"https:\/\/www.kilim-age.com\/en\/wp-json\/wp\/v2\/media?parent=9313"}],"wp:term":[{"taxonomy":"product_brand","embeddable":true,"href":"https:\/\/www.kilim-age.com\/en\/wp-json\/wp\/v2\/product_brand?post=9313"},{"taxonomy":"product_cat","embeddable":true,"href":"https:\/\/www.kilim-age.com\/en\/wp-json\/wp\/v2\/product_cat?post=9313"},{"taxonomy":"product_tag","embeddable":true,"href":"https:\/\/www.kilim-age.com\/en\/wp-json\/wp\/v2\/product_tag?post=9313"}],"curies":[{"name":"wp","href":"https:\/\/api.w.org\/{rel}","templated":true}]}}