{"id":1625,"date":"2017-05-02T07:32:20","date_gmt":"2017-05-02T07:32:20","guid":{"rendered":"http:\/\/www.kilim-age.com\/?page_id=1625"},"modified":"2018-06-06T11:21:50","modified_gmt":"2018-06-06T11:21:50","slug":"delivery-policy","status":"publish","type":"page","link":"https:\/\/www.kilim-age.com\/es\/delivery-policy\/","title":{"rendered":"POL\u00cdTICA DE ENV\u00cdOS"},"content":{"rendered":"<p>ENV\u00cdOS A ESPA\u00d1A<br \/> La entrega de los pedidos tiene un plazo estimado de 2-5 d\u00edas a Espa\u00f1a pen\u00ednsula, Islas Baleares y Canarias. Los pedidos ser\u00e1n entregados por v\u00eda mensajer\u00eda en la direcci\u00f3n y titular facilitada en el proceso de compra. Para pedidos dentro de la pen\u00ednsula y Baleares el coste ser\u00e1 de 0 \u20ac. Para env\u00edos a Islas Canarias los costes de env\u00edo se calcular\u00e1n seg\u00fan el peso y dimensiones del producto.<br \/> AVISO: los env\u00edos con destino a las Islas Canarias est\u00e1n sujetos al pago de derechos e impuestos de importaci\u00f3n y\/o locales.<\/p>\n<p>ENV\u00cdOS A LOS PA\u00cdSES DE UNI\u00d3N EUROPEA<br \/> Las entregas de los pedidos tendr\u00e1n un plazo estimado de 5-7 d\u00edas. Los pedidos ser\u00e1n entregados por v\u00eda mensajer\u00eda en la direcci\u00f3n y titular facilitada en el proceso de compra. Los costes del env\u00edo dentro de los pa\u00edses de Uni\u00f3n Europea ser\u00eda gratuita. El resto de los pa\u00edses europeos los costes de env\u00edo se calcular\u00e1n seg\u00fan el peso y dimensiones del producto.<br \/> AVISO: los env\u00edos con destino a los pa\u00edses fuera de Uni\u00f3n Europea est\u00e1n sujetos al pago de derechos e impuestos de importaci\u00f3n y\/o locale.s<\/p>\n<p>OTROS PA\u00cdSES<br \/> Las entregas de los pedidos tendr\u00e1n un plazo estimado de 7-10 d\u00edas.<br \/> Los pedidos ser\u00e1n entregados por v\u00eda mensajer\u00eda en la direcci\u00f3n y titular facilitada en el proceso de compra. Los costes del env\u00edo se calcular\u00e1n seg\u00fan el peso y dimensiones del producto. Si desea consultar los gastos del env\u00edo, por favor a\u00f1ade a la cesta el producto que desea comprar y a continuaci\u00f3n ver carrito, desde la ventana del carrito pinchar calcular env\u00edo, seleccione el pa\u00eds e introduzca el c\u00f3digo postal y para terminar pinchar en actualizar totales.<br \/> AVISO: los env\u00edos a pa\u00edses fuera de la Uni\u00f3n Europea est\u00e1n sujetos al pago de derechos e impuestos de importaci\u00f3n y\/o locales.<\/p>\n<p>NOTA:Todas las entregas se realizan en colaboraci\u00f3n con DHL\/ FedEx \/UPS\/ NACEX.<br \/> Una vez enviado el producto se le avisar\u00e1 por mail o por tel\u00e9fono, indicando la salida del producto desde nuestros almacenes.<br \/> Si a\u00fan no ha recibido su pedido dentro del plazo mencionado anteriormente, p\u00f3ngase en contacto con nosotros en &#105;n&#102;&#111;&#64;ki&#108;&#105;&#109;&#45;&#97;ge&#46;c&#111;m e intentaremos solucionarlo lo antes posible. Si hubiera habido un error en los datos del cliente este tendr\u00e1 que hacerse cargo de los gastos de env\u00edo adicionales.<\/p>","protected":false},"excerpt":{"rendered":"<p>ENV\u00cdOS A ESPA\u00d1A La entrega de los pedidos tiene un plazo estimado de 2-5 d\u00edas a Espa\u00f1a pen\u00ednsula, Islas Baleares y Canarias. Los pedidos ser\u00e1n entregados por v\u00eda mensajer\u00eda en la direcci\u00f3n y titular facilitada en el proceso de compra. Para pedidos dentro de la pen\u00ednsula y Baleares el coste ser\u00e1 de 0 \u20ac. Para [&#8230;]\n","protected":false},"author":1,"featured_media":0,"parent":0,"menu_order":0,"comment_status":"closed","ping_status":"closed","template":"page-blank-title-center.php","meta":{"footnotes":""},"class_list":["post-1625","page","type-page","status-publish","hentry"],"yoast_head":"<!-- This site is optimized with the Yoast SEO plugin v24.8.1 - https:\/\/yoast.com\/wordpress\/plugins\/seo\/ -->\n<title>POL\u00cdTICA DE ENV\u00cdOS | Kilim-Age<\/title>\n<meta name=\"robots\" content=\"index, follow, max-snippet:-1, max-image-preview:large, max-video-preview:-1\" \/>\n<link rel=\"canonical\" href=\"https:\/\/www.kilim-age.com\/es\/delivery-policy\/\" \/>\n<meta property=\"og:locale\" content=\"es_ES\" \/>\n<meta property=\"og:type\" content=\"article\" \/>\n<meta property=\"og:title\" content=\"POL\u00cdTICA DE ENV\u00cdOS | Kilim-Age\" \/>\n<meta property=\"og:description\" content=\"ENV\u00cdOS A ESPA\u00d1A La entrega de los pedidos tiene un plazo estimado de 2-5 d\u00edas a Espa\u00f1a pen\u00ednsula, Islas Baleares y Canarias. Los pedidos ser\u00e1n entregados por v\u00eda mensajer\u00eda en la direcci\u00f3n y titular facilitada en el proceso de compra. Para pedidos dentro de la pen\u00ednsula y Baleares el coste ser\u00e1 de 0 \u20ac. Para [...]\" \/>\n<meta property=\"og:url\" content=\"https:\/\/www.kilim-age.com\/es\/delivery-policy\/\" \/>\n<meta property=\"og:site_name\" content=\"Kilim-Age\" \/>\n<meta property=\"article:modified_time\" content=\"2018-06-06T11:21:50+00:00\" \/>\n<meta name=\"twitter:card\" content=\"summary_large_image\" \/>\n<meta name=\"twitter:label1\" content=\"Tiempo de lectura\" \/>\n\t<meta name=\"twitter:data1\" content=\"4 minutos\" \/>\n<script type=\"application\/ld+json\" class=\"yoast-schema-graph\">{\"@context\":\"https:\/\/schema.org\",\"@graph\":[{\"@type\":\"WebPage\",\"@id\":\"https:\/\/www.kilim-age.com\/es\/delivery-policy\/\",\"url\":\"https:\/\/www.kilim-age.com\/es\/delivery-policy\/\",\"name\":\"POL\u00cdTICA DE ENV\u00cdOS | Kilim-Age\",\"isPartOf\":{\"@id\":\"https:\/\/www.kilim-age.com\/es\/#website\"},\"datePublished\":\"2017-05-02T07:32:20+00:00\",\"dateModified\":\"2018-06-06T11:21:50+00:00\",\"breadcrumb\":{\"@id\":\"https:\/\/www.kilim-age.com\/es\/delivery-policy\/#breadcrumb\"},\"inLanguage\":\"es\",\"potentialAction\":[{\"@type\":\"ReadAction\",\"target\":[\"https:\/\/www.kilim-age.com\/es\/delivery-policy\/\"]}]},{\"@type\":\"BreadcrumbList\",\"@id\":\"https:\/\/www.kilim-age.com\/es\/delivery-policy\/#breadcrumb\",\"itemListElement\":[{\"@type\":\"ListItem\",\"position\":1,\"name\":\"Home\",\"item\":\"https:\/\/www.kilim-age.com\/es\/\"},{\"@type\":\"ListItem\",\"position\":2,\"name\":\"POL\u00cdTICA DE ENV\u00cdOS\"}]},{\"@type\":\"WebSite\",\"@id\":\"https:\/\/www.kilim-age.com\/es\/#website\",\"url\":\"https:\/\/www.kilim-age.com\/es\/\",\"name\":\"Kilim-Age\",\"description\":\"Somos especialistas en productos artesanales de Turqu\u00eda como Alfombras, y Kilims\",\"potentialAction\":[{\"@type\":\"SearchAction\",\"target\":{\"@type\":\"EntryPoint\",\"urlTemplate\":\"https:\/\/www.kilim-age.com\/es\/?s={search_term_string}\"},\"query-input\":{\"@type\":\"PropertyValueSpecification\",\"valueRequired\":true,\"valueName\":\"search_term_string\"}}],\"inLanguage\":\"es\"}]}<\/script>\n<!-- \/ Yoast SEO plugin. -->","yoast_head_json":{"title":"POL\u00cdTICA DE ENV\u00cdOS | Kilim-Age","robots":{"index":"index","follow":"follow","max-snippet":"max-snippet:-1","max-image-preview":"max-image-preview:large","max-video-preview":"max-video-preview:-1"},"canonical":"https:\/\/www.kilim-age.com\/es\/delivery-policy\/","og_locale":"es_ES","og_type":"article","og_title":"POL\u00cdTICA DE ENV\u00cdOS | Kilim-Age","og_description":"ENV\u00cdOS A ESPA\u00d1A La entrega de los pedidos tiene un plazo estimado de 2-5 d\u00edas a Espa\u00f1a pen\u00ednsula, Islas Baleares y Canarias. Los pedidos ser\u00e1n entregados por v\u00eda mensajer\u00eda en la direcci\u00f3n y titular facilitada en el proceso de compra. Para pedidos dentro de la pen\u00ednsula y Baleares el coste ser\u00e1 de 0 \u20ac. Para [...]","og_url":"https:\/\/www.kilim-age.com\/es\/delivery-policy\/","og_site_name":"Kilim-Age","article_modified_time":"2018-06-06T11:21:50+00:00","twitter_card":"summary_large_image","twitter_misc":{"Tiempo de lectura":"4 minutos"},"schema":{"@context":"https:\/\/schema.org","@graph":[{"@type":"WebPage","@id":"https:\/\/www.kilim-age.com\/es\/delivery-policy\/","url":"https:\/\/www.kilim-age.com\/es\/delivery-policy\/","name":"POL\u00cdTICA DE ENV\u00cdOS | Kilim-Age","isPartOf":{"@id":"https:\/\/www.kilim-age.com\/es\/#website"},"datePublished":"2017-05-02T07:32:20+00:00","dateModified":"2018-06-06T11:21:50+00:00","breadcrumb":{"@id":"https:\/\/www.kilim-age.com\/es\/delivery-policy\/#breadcrumb"},"inLanguage":"es","potentialAction":[{"@type":"ReadAction","target":["https:\/\/www.kilim-age.com\/es\/delivery-policy\/"]}]},{"@type":"BreadcrumbList","@id":"https:\/\/www.kilim-age.com\/es\/delivery-policy\/#breadcrumb","itemListElement":[{"@type":"ListItem","position":1,"name":"Home","item":"https:\/\/www.kilim-age.com\/es\/"},{"@type":"ListItem","position":2,"name":"POL\u00cdTICA DE ENV\u00cdOS"}]},{"@type":"WebSite","@id":"https:\/\/www.kilim-age.com\/es\/#website","url":"https:\/\/www.kilim-age.com\/es\/","name":"Kilim-Age","description":"Somos especialistas en productos artesanales de Turqu\u00eda como Alfombras, y Kilims","potentialAction":[{"@type":"SearchAction","target":{"@type":"EntryPoint","urlTemplate":"https:\/\/www.kilim-age.com\/es\/?s={search_term_string}"},"query-input":{"@type":"PropertyValueSpecification","valueRequired":true,"valueName":"search_term_string"}}],"inLanguage":"es"}]}},"_links":{"self":[{"href":"https:\/\/www.kilim-age.com\/es\/wp-json\/wp\/v2\/pages\/1625","targetHints":{"allow":["GET"]}}],"collection":[{"href":"https:\/\/www.kilim-age.com\/es\/wp-json\/wp\/v2\/pages"}],"about":[{"href":"https:\/\/www.kilim-age.com\/es\/wp-json\/wp\/v2\/types\/page"}],"author":[{"embeddable":true,"href":"https:\/\/www.kilim-age.com\/es\/wp-json\/wp\/v2\/users\/1"}],"replies":[{"embeddable":true,"href":"https:\/\/www.kilim-age.com\/es\/wp-json\/wp\/v2\/comments?post=1625"}],"version-history":[{"count":0,"href":"https:\/\/www.kilim-age.com\/es\/wp-json\/wp\/v2\/pages\/1625\/revisions"}],"wp:attachment":[{"href":"https:\/\/www.kilim-age.com\/es\/wp-json\/wp\/v2\/media?parent=1625"}],"curies":[{"name":"wp","href":"https:\/\/api.w.org\/{rel}","templated":true}]}}