{"id":2027,"date":"2017-05-12T07:12:28","date_gmt":"2017-05-12T07:12:28","guid":{"rendered":"http:\/\/www.kilim-age.com\/?page_id=2027"},"modified":"2017-05-16T08:03:46","modified_gmt":"2017-05-16T08:03:46","slug":"lamparas-turcas-online","status":"publish","type":"page","link":"https:\/\/www.kilim-age.com\/es\/lamparas-turcas-online\/","title":{"rendered":"L\u00e1mparas turcas online"},"content":{"rendered":"<h1 style=\"font-size: 2.2em; color: rgba(77,183,179,0.54);\">L\u00e1mparas turcas online<\/h1>\n<p><img fetchpriority=\"high\" decoding=\"async\" class=\" wp-image-526 alignright\" title=\"l\u00e1mparas turcas online\" src=\"http:\/\/www.kilim-age.com\/wp-content\/uploads\/2016\/12\/TLFNPRS_8333-crop-1-538x400.jpg\" alt=\"l\u00e1mparas turcas online\" width=\"389\" height=\"289\" srcset=\"https:\/\/www.kilim-age.com\/wp-content\/uploads\/2016\/12\/TLFNPRS_8333-crop-1-538x400.jpg 538w, https:\/\/www.kilim-age.com\/wp-content\/uploads\/2016\/12\/TLFNPRS_8333-crop-1.jpg 568w\" sizes=\"(max-width: 389px) 100vw, 389px\" \/>\u00bfHas pensado en la posibilidad de comprar <strong>l\u00e1mparas turcas online<\/strong>? Si el comercio a trav\u00e9s de la red te abre m\u00faltiples oportunidades para hacerte con el tipo exacto de art\u00edculos para el hogar que necesitas, o mismamente para inspirarte explorando diversas opciones en oferta, nuestro sitio web marca la diferencia por su especializaci\u00f3n y sus est\u00e1ndares de genuina calidad artesana turca. Cuando compres en Kilim-Age, siempre podr\u00e1s tener por seguro que encontrar\u00e1s ideas atractivas para tu casa y que los productos que compres responder\u00e1n a tus expectativas, puesto que somos expertos en el campo que abarcamos y reunimos siempre para ti una variedad de art\u00edculos de primer nivel.<\/p>\n<p>D\u00e9jate asombrar por el encanto y la atenci\u00f3n al detalle que caracterizan a esta selecci\u00f3n de <strong>l\u00e1mparas de Turqu\u00eda en internet<\/strong>, con unas facilidades incomparables para su compra. En pocos minutos puedes elegir y encargar tus l\u00e1mparas favoritas desde donde t\u00fa desees. El proceso de compra es tan sencillo como seguro, y nos encargaremos de hacerte llegar tu pedido en un breve plazo para que enseguida puedas estar instalando tus nuevas decoraciones. As\u00ed, facilitamos que puedas disfrutar de los productos que te interesen en nuestro selecto cat\u00e1logo y de los atractivos precios con los que contamos, te encuentres donde te encuentres.<\/p>\n<h2 style=\"color: rgba(77,183,179,0.54);\">Toda una gama de l\u00e1mparas turcas online<\/h2>\n<p>En la gama de producci\u00f3n turca que te propone Kilim-Age tienes sin duda algunas de las opciones m\u00e1s ex\u00f3ticas y encantadoras en materia de <a title=\"l\u00e1mparas colgantes de dise\u00f1o\" href=\"http:\/\/www.kilim-age.com\/lamparas-colgantes-de-diseno\/ \">l\u00e1mparas colgantes de dise\u00f1o<\/a> para iluminar cualquier rinc\u00f3n de tu vivienda. No obstante, nuestra tienda online es mucho m\u00e1s que eso, puesto que aqu\u00ed siempre tendr\u00e1s acceso asimismo a una selecci\u00f3n inigualable de alfombras y distintos complementos textiles para llevar a tu hogar lo mejor de las tradiciones turcas. Te invitamos a descubrir, por ejemplo, nuestros <a title=\"cojines ikat\" href=\"http:\/\/www.kilim-age.com\/cojines-ikat\/\">cojines ikat<\/a> y kilim, en los que se ven plasmadas algunas de las t\u00e9cnicas asi\u00e1ticas m\u00e1s atractivas y reconocibles.<\/p>\n","protected":false},"excerpt":{"rendered":"<p>L\u00e1mparas turcas online \u00bfHas pensado en la posibilidad de comprar l\u00e1mparas turcas online? Si el comercio a trav\u00e9s de la red te abre m\u00faltiples oportunidades para hacerte con el tipo exacto de art\u00edculos para el hogar que necesitas, o mismamente para inspirarte explorando diversas opciones en oferta, nuestro sitio web marca la diferencia por su [&#8230;]\n","protected":false},"author":1,"featured_media":0,"parent":0,"menu_order":0,"comment_status":"closed","ping_status":"closed","template":"","meta":{"footnotes":""},"class_list":["post-2027","page","type-page","status-publish","hentry"],"yoast_head":"<!-- This site is optimized with the Yoast SEO plugin v24.8.1 - https:\/\/yoast.com\/wordpress\/plugins\/seo\/ -->\n<title>L\u00e1mparas turcas online | Kilim Age<\/title>\n<meta name=\"description\" content=\"\u00bfBuscas comprar l\u00e1mparas turcas online? D\u00e9jate asombrar por el encanto y la atenci\u00f3n al detalle que caracterizan nuestros productos. \u00a1Visita nuestra web!\" \/>\n<meta name=\"robots\" content=\"index, follow, max-snippet:-1, max-image-preview:large, max-video-preview:-1\" \/>\n<link rel=\"canonical\" href=\"https:\/\/www.kilim-age.com\/es\/lamparas-turcas-online\/\" \/>\n<meta property=\"og:locale\" content=\"es_ES\" \/>\n<meta property=\"og:type\" content=\"article\" \/>\n<meta property=\"og:title\" content=\"L\u00e1mparas turcas online | Kilim Age\" \/>\n<meta property=\"og:description\" content=\"\u00bfBuscas comprar l\u00e1mparas turcas online? D\u00e9jate asombrar por el encanto y la atenci\u00f3n al detalle que caracterizan nuestros productos. \u00a1Visita nuestra web!\" \/>\n<meta property=\"og:url\" content=\"https:\/\/www.kilim-age.com\/es\/lamparas-turcas-online\/\" \/>\n<meta property=\"og:site_name\" content=\"Kilim-Age\" \/>\n<meta property=\"article:modified_time\" content=\"2017-05-16T08:03:46+00:00\" \/>\n<meta property=\"og:image\" content=\"http:\/\/kilim-age.com\/wp-content\/uploads\/2016\/12\/TLFNPRS_8333-crop-1-538x400.jpg\" \/>\n<meta name=\"twitter:card\" content=\"summary_large_image\" \/>\n<meta name=\"twitter:label1\" content=\"Tiempo de lectura\" \/>\n\t<meta name=\"twitter:data1\" content=\"2 minutos\" \/>\n<script type=\"application\/ld+json\" class=\"yoast-schema-graph\">{\"@context\":\"https:\/\/schema.org\",\"@graph\":[{\"@type\":\"WebPage\",\"@id\":\"https:\/\/www.kilim-age.com\/es\/lamparas-turcas-online\/\",\"url\":\"https:\/\/www.kilim-age.com\/es\/lamparas-turcas-online\/\",\"name\":\"L\u00e1mparas turcas online | Kilim Age\",\"isPartOf\":{\"@id\":\"https:\/\/kilim-age.com\/es\/#website\"},\"primaryImageOfPage\":{\"@id\":\"https:\/\/www.kilim-age.com\/es\/lamparas-turcas-online\/#primaryimage\"},\"image\":{\"@id\":\"https:\/\/www.kilim-age.com\/es\/lamparas-turcas-online\/#primaryimage\"},\"thumbnailUrl\":\"http:\/\/kilim-age.com\/wp-content\/uploads\/2016\/12\/TLFNPRS_8333-crop-1-538x400.jpg\",\"datePublished\":\"2017-05-12T07:12:28+00:00\",\"dateModified\":\"2017-05-16T08:03:46+00:00\",\"description\":\"\u00bfBuscas comprar l\u00e1mparas turcas online? D\u00e9jate asombrar por el encanto y la atenci\u00f3n al detalle que caracterizan nuestros productos. \u00a1Visita nuestra web!\",\"breadcrumb\":{\"@id\":\"https:\/\/www.kilim-age.com\/es\/lamparas-turcas-online\/#breadcrumb\"},\"inLanguage\":\"es\",\"potentialAction\":[{\"@type\":\"ReadAction\",\"target\":[\"https:\/\/www.kilim-age.com\/es\/lamparas-turcas-online\/\"]}]},{\"@type\":\"ImageObject\",\"inLanguage\":\"es\",\"@id\":\"https:\/\/www.kilim-age.com\/es\/lamparas-turcas-online\/#primaryimage\",\"url\":\"http:\/\/kilim-age.com\/wp-content\/uploads\/2016\/12\/TLFNPRS_8333-crop-1-538x400.jpg\",\"contentUrl\":\"http:\/\/kilim-age.com\/wp-content\/uploads\/2016\/12\/TLFNPRS_8333-crop-1-538x400.jpg\"},{\"@type\":\"BreadcrumbList\",\"@id\":\"https:\/\/www.kilim-age.com\/es\/lamparas-turcas-online\/#breadcrumb\",\"itemListElement\":[{\"@type\":\"ListItem\",\"position\":1,\"name\":\"Home\",\"item\":\"https:\/\/kilim-age.com\/es\/\"},{\"@type\":\"ListItem\",\"position\":2,\"name\":\"L\u00e1mparas turcas online\"}]},{\"@type\":\"WebSite\",\"@id\":\"https:\/\/kilim-age.com\/es\/#website\",\"url\":\"https:\/\/kilim-age.com\/es\/\",\"name\":\"Kilim-Age\",\"description\":\"Somos especialistas en productos artesanales de Turqu\u00eda como Alfombras, y Kilims\",\"potentialAction\":[{\"@type\":\"SearchAction\",\"target\":{\"@type\":\"EntryPoint\",\"urlTemplate\":\"https:\/\/kilim-age.com\/es\/?s={search_term_string}\"},\"query-input\":{\"@type\":\"PropertyValueSpecification\",\"valueRequired\":true,\"valueName\":\"search_term_string\"}}],\"inLanguage\":\"es\"}]}<\/script>\n<!-- \/ Yoast SEO plugin. -->","yoast_head_json":{"title":"L\u00e1mparas turcas online | Kilim Age","description":"\u00bfBuscas comprar l\u00e1mparas turcas online? D\u00e9jate asombrar por el encanto y la atenci\u00f3n al detalle que caracterizan nuestros productos. \u00a1Visita nuestra web!","robots":{"index":"index","follow":"follow","max-snippet":"max-snippet:-1","max-image-preview":"max-image-preview:large","max-video-preview":"max-video-preview:-1"},"canonical":"https:\/\/www.kilim-age.com\/es\/lamparas-turcas-online\/","og_locale":"es_ES","og_type":"article","og_title":"L\u00e1mparas turcas online | Kilim Age","og_description":"\u00bfBuscas comprar l\u00e1mparas turcas online? D\u00e9jate asombrar por el encanto y la atenci\u00f3n al detalle que caracterizan nuestros productos. \u00a1Visita nuestra web!","og_url":"https:\/\/www.kilim-age.com\/es\/lamparas-turcas-online\/","og_site_name":"Kilim-Age","article_modified_time":"2017-05-16T08:03:46+00:00","og_image":[{"url":"http:\/\/kilim-age.com\/wp-content\/uploads\/2016\/12\/TLFNPRS_8333-crop-1-538x400.jpg","type":"","width":"","height":""}],"twitter_card":"summary_large_image","twitter_misc":{"Tiempo de lectura":"2 minutos"},"schema":{"@context":"https:\/\/schema.org","@graph":[{"@type":"WebPage","@id":"https:\/\/www.kilim-age.com\/es\/lamparas-turcas-online\/","url":"https:\/\/www.kilim-age.com\/es\/lamparas-turcas-online\/","name":"L\u00e1mparas turcas online | Kilim Age","isPartOf":{"@id":"https:\/\/kilim-age.com\/es\/#website"},"primaryImageOfPage":{"@id":"https:\/\/www.kilim-age.com\/es\/lamparas-turcas-online\/#primaryimage"},"image":{"@id":"https:\/\/www.kilim-age.com\/es\/lamparas-turcas-online\/#primaryimage"},"thumbnailUrl":"http:\/\/kilim-age.com\/wp-content\/uploads\/2016\/12\/TLFNPRS_8333-crop-1-538x400.jpg","datePublished":"2017-05-12T07:12:28+00:00","dateModified":"2017-05-16T08:03:46+00:00","description":"\u00bfBuscas comprar l\u00e1mparas turcas online? D\u00e9jate asombrar por el encanto y la atenci\u00f3n al detalle que caracterizan nuestros productos. \u00a1Visita nuestra web!","breadcrumb":{"@id":"https:\/\/www.kilim-age.com\/es\/lamparas-turcas-online\/#breadcrumb"},"inLanguage":"es","potentialAction":[{"@type":"ReadAction","target":["https:\/\/www.kilim-age.com\/es\/lamparas-turcas-online\/"]}]},{"@type":"ImageObject","inLanguage":"es","@id":"https:\/\/www.kilim-age.com\/es\/lamparas-turcas-online\/#primaryimage","url":"http:\/\/kilim-age.com\/wp-content\/uploads\/2016\/12\/TLFNPRS_8333-crop-1-538x400.jpg","contentUrl":"http:\/\/kilim-age.com\/wp-content\/uploads\/2016\/12\/TLFNPRS_8333-crop-1-538x400.jpg"},{"@type":"BreadcrumbList","@id":"https:\/\/www.kilim-age.com\/es\/lamparas-turcas-online\/#breadcrumb","itemListElement":[{"@type":"ListItem","position":1,"name":"Home","item":"https:\/\/kilim-age.com\/es\/"},{"@type":"ListItem","position":2,"name":"L\u00e1mparas turcas online"}]},{"@type":"WebSite","@id":"https:\/\/kilim-age.com\/es\/#website","url":"https:\/\/kilim-age.com\/es\/","name":"Kilim-Age","description":"Somos especialistas en productos artesanales de Turqu\u00eda como Alfombras, y Kilims","potentialAction":[{"@type":"SearchAction","target":{"@type":"EntryPoint","urlTemplate":"https:\/\/kilim-age.com\/es\/?s={search_term_string}"},"query-input":{"@type":"PropertyValueSpecification","valueRequired":true,"valueName":"search_term_string"}}],"inLanguage":"es"}]}},"_links":{"self":[{"href":"https:\/\/www.kilim-age.com\/es\/wp-json\/wp\/v2\/pages\/2027","targetHints":{"allow":["GET"]}}],"collection":[{"href":"https:\/\/www.kilim-age.com\/es\/wp-json\/wp\/v2\/pages"}],"about":[{"href":"https:\/\/www.kilim-age.com\/es\/wp-json\/wp\/v2\/types\/page"}],"author":[{"embeddable":true,"href":"https:\/\/www.kilim-age.com\/es\/wp-json\/wp\/v2\/users\/1"}],"replies":[{"embeddable":true,"href":"https:\/\/www.kilim-age.com\/es\/wp-json\/wp\/v2\/comments?post=2027"}],"version-history":[{"count":0,"href":"https:\/\/www.kilim-age.com\/es\/wp-json\/wp\/v2\/pages\/2027\/revisions"}],"wp:attachment":[{"href":"https:\/\/www.kilim-age.com\/es\/wp-json\/wp\/v2\/media?parent=2027"}],"curies":[{"name":"wp","href":"https:\/\/api.w.org\/{rel}","templated":true}]}}