{"id":2031,"date":"2017-05-12T07:22:39","date_gmt":"2017-05-12T07:22:39","guid":{"rendered":"http:\/\/www.kilim-age.com\/?page_id=2031"},"modified":"2018-12-08T21:49:35","modified_gmt":"2018-12-08T21:49:35","slug":"alfombras-turcas-precios","status":"publish","type":"page","link":"https:\/\/www.kilim-age.com\/es\/alfombras-turcas-precios\/","title":{"rendered":"Alfombras turcas precios"},"content":{"rendered":"<h1 style=\"font-size: 2.2em; color: rgba(77,183,179,0.54);\">Alfombras turcas precios<\/h1>\n<p><img fetchpriority=\"high\" decoding=\"async\" class=\" wp-image-1854 alignright\" title=\"alfombras turcas precios\" src=\"http:\/\/www.kilim-age.com\/wp-content\/uploads\/2017\/05\/754-CATA-3-638x400.jpg\" alt=\"alfombras turcas precios\" width=\"431\" height=\"270\" srcset=\"https:\/\/www.kilim-age.com\/wp-content\/uploads\/2017\/05\/754-CATA-3-638x400.jpg 638w, https:\/\/www.kilim-age.com\/wp-content\/uploads\/2017\/05\/754-CATA-3-300x188.jpg 300w, https:\/\/www.kilim-age.com\/wp-content\/uploads\/2017\/05\/754-CATA-3-768x482.jpg 768w, https:\/\/www.kilim-age.com\/wp-content\/uploads\/2017\/05\/754-CATA-3-1024x643.jpg 1024w, https:\/\/www.kilim-age.com\/wp-content\/uploads\/2017\/05\/754-CATA-3-600x376.jpg 600w, https:\/\/www.kilim-age.com\/wp-content\/uploads\/2017\/05\/754-CATA-3.jpg 1275w\" sizes=\"(max-width: 431px) 100vw, 431px\" \/>\u00bfYa conoces la tienda que te ofrece lo mejor en <strong>alfombras turcas a precios<\/strong> verdaderamente competitivos? En Kilim-Age reunimos una gama de modelos que incluye algunas de las t\u00e9cnicas y creaciones est\u00e9ticas m\u00e1s caracter\u00edsticas dentro de la abundante tradici\u00f3n textil de Turqu\u00eda en lo que a tapetes y alfombras se refiere. Estamos seguros de que, si te atrae este tipo de creaciones, te encandilar\u00e1 nuestra propuesta, que te lo pone m\u00e1s f\u00e1cil que nunca para <a title=\"comprar kilim online\" href=\"http:\/\/www.kilim-age.com\/comprar-kilim-online\/\">comprar genuinos kilim online<\/a> de aquel pa\u00eds a tu casa. Haz tu pedido online con comodidad, con rapidez, con precios imbatibles y con las absolutas garant\u00edas de calidad y genuinidad que te ofrece una tienda especializada como la nuestra.<\/p>\n<p>Ponemos al alcance de todos los interesados una selecci\u00f3n tan amplia como cuidadosa de <strong>alfombras de Turqu\u00eda a coste<\/strong> ajustado, entre las cuales podr\u00e1s localizar distintas opciones interesantes y memorables. Si te gusta la imagen caracter\u00edstica de la tradicional t\u00e9cnica kilim, desde luego aqu\u00ed estar\u00e1s bien servido de esta clase de alfombras, como nuestro nombre deja entrever. Pero tambi\u00e9n hacemos hueco a diversas creaciones que a\u00fanan la tradici\u00f3n con las tendencias est\u00e9ticas m\u00e1s actuales, con resultados que te sorprender\u00e1n: las <a title=\"alfombras de patchwork vintage\" href=\"http:\/\/www.kilim-age.com\/alfombras-patchwork-vintage\/\">alfombras de patchwork vintage<\/a> forman parte destacada en la actualidad de nuestro cat\u00e1logo. Viste tus suelos con creaciones inigualables que podr\u00e1s conocer en detalle en nuestra web antes de hacer tu encargo.<\/p>\n<h2 style=\"color: rgba(77,183,179,0.54);\">Alfombras turcas a precios atractivos<\/h2>\n<p>Y es que, como ya sabes, hacer tu compra en Kilim-Age est\u00e1 repleto de ventajas, gracias a nuestra capacidad para combinar la actividad importadora de confianza y el servicio al cliente propios de una tienda f\u00edsica consolidada con la agilidad y la competitividad propiciadas por los beneficios del comercio online. Estamos seguros de satisfacer tus expectativas tanto en lo que se refiere a la calidad de nuestros genuinos productos turcos como en lo relativo al servicio r\u00e1pido y fiable que prestamos.<\/p>\n<hr \/>\n<h2 style=\"color: rgba(77,183,179,0.54);\"><strong>Contacta con nosotros<\/strong><\/h2>\n\n<div class=\"wpcf7 no-js\" id=\"wpcf7-f6132-o1\" lang=\"en-US\" dir=\"ltr\" data-wpcf7-id=\"6132\">\n<div class=\"screen-reader-response\"><p role=\"status\" aria-live=\"polite\" aria-atomic=\"true\"><\/p> <ul><\/ul><\/div>\n<form action=\"\/es\/wp-json\/wp\/v2\/pages\/2031#wpcf7-f6132-o1\" method=\"post\" class=\"wpcf7-form init\" aria-label=\"Contact form\" novalidate=\"novalidate\" data-status=\"init\">\n<div style=\"display: none;\">\n<input type=\"hidden\" name=\"_wpcf7\" value=\"6132\" \/>\n<input type=\"hidden\" name=\"_wpcf7_version\" value=\"6.0.5\" \/>\n<input type=\"hidden\" name=\"_wpcf7_locale\" value=\"en_US\" \/>\n<input type=\"hidden\" name=\"_wpcf7_unit_tag\" value=\"wpcf7-f6132-o1\" \/>\n<input type=\"hidden\" name=\"_wpcf7_container_post\" value=\"0\" \/>\n<input type=\"hidden\" name=\"_wpcf7_posted_data_hash\" value=\"\" \/>\n<input type=\"hidden\" name=\"_wpcf7_recaptcha_response\" value=\"\" \/>\n<\/div>\n<p><label>Tu nombre (requerido)<\/label><br \/>\n<span class=\"wpcf7-form-control-wrap\" data-name=\"your-name\"><input size=\"40\" maxlength=\"400\" class=\"wpcf7-form-control wpcf7-text wpcf7-validates-as-required\" aria-required=\"true\" aria-invalid=\"false\" value=\"\" type=\"text\" name=\"your-name\" \/><\/span>\n<\/p>\n<p><label>Tu email (requerido)<\/label><br \/>\n<span class=\"wpcf7-form-control-wrap\" data-name=\"your-email\"><input size=\"40\" maxlength=\"400\" class=\"wpcf7-form-control wpcf7-email wpcf7-validates-as-required wpcf7-text wpcf7-validates-as-email\" aria-required=\"true\" aria-invalid=\"false\" value=\"\" type=\"email\" name=\"your-email\" \/><\/span>\n<\/p>\n<p><label>Tu mensaje (requerido)<\/label><br \/>\n<span class=\"wpcf7-form-control-wrap\" data-name=\"your-message\"><textarea cols=\"40\" rows=\"10\" maxlength=\"2000\" class=\"wpcf7-form-control wpcf7-textarea\" aria-invalid=\"false\" name=\"your-message\"><\/textarea><\/span>\n<\/p>\n<p><input class=\"wpcf7-form-control wpcf7-submit has-spinner button\" type=\"submit\" value=\"Enviar\" \/>\n<\/p><input type='hidden' class='wpcf7-pum' value='{\"closepopup\":false,\"closedelay\":0,\"openpopup\":false,\"openpopup_id\":0}' \/><div class=\"wpcf7-response-output\" aria-hidden=\"true\"><\/div>\n<\/form>\n<\/div>","protected":false},"excerpt":{"rendered":"<p>Alfombras turcas precios \u00bfYa conoces la tienda que te ofrece lo mejor en alfombras turcas a precios verdaderamente competitivos? En Kilim-Age reunimos una gama de modelos que incluye algunas de las t\u00e9cnicas y creaciones est\u00e9ticas m\u00e1s caracter\u00edsticas dentro de la abundante tradici\u00f3n textil de Turqu\u00eda en lo que a tapetes y alfombras se refiere. Estamos [&#8230;]\n","protected":false},"author":1,"featured_media":0,"parent":0,"menu_order":0,"comment_status":"closed","ping_status":"closed","template":"","meta":{"footnotes":""},"class_list":["post-2031","page","type-page","status-publish","hentry"],"yoast_head":"<!-- This site is optimized with the Yoast SEO plugin v24.8.1 - https:\/\/yoast.com\/wordpress\/plugins\/seo\/ -->\n<title>Alfombras turcas precios | Kilim Age<\/title>\n<meta name=\"description\" content=\"Tenemos aut\u00e9nticas alfombras turcas a precios muy atractivos, con la mejor calidad y exclusivo dise\u00f1o, no lo dudes \u00a1pide informaci\u00f3n sin ning\u00fan compromiso!\" \/>\n<meta name=\"robots\" content=\"index, follow, max-snippet:-1, max-image-preview:large, max-video-preview:-1\" \/>\n<link rel=\"canonical\" href=\"https:\/\/www.kilim-age.com\/es\/alfombras-turcas-precios\/\" \/>\n<meta property=\"og:locale\" content=\"es_ES\" \/>\n<meta property=\"og:type\" content=\"article\" \/>\n<meta property=\"og:title\" content=\"Alfombras turcas precios | Kilim Age\" \/>\n<meta property=\"og:description\" content=\"Tenemos aut\u00e9nticas alfombras turcas a precios muy atractivos, con la mejor calidad y exclusivo dise\u00f1o, no lo dudes \u00a1pide informaci\u00f3n sin ning\u00fan compromiso!\" \/>\n<meta property=\"og:url\" content=\"https:\/\/www.kilim-age.com\/es\/alfombras-turcas-precios\/\" \/>\n<meta property=\"og:site_name\" content=\"Kilim-Age\" \/>\n<meta property=\"article:modified_time\" content=\"2018-12-08T21:49:35+00:00\" \/>\n<meta property=\"og:image\" content=\"http:\/\/kilim-age.com\/wp-content\/uploads\/2017\/05\/754-CATA-3-638x400.jpg\" \/>\n<meta name=\"twitter:card\" content=\"summary_large_image\" \/>\n<meta name=\"twitter:label1\" content=\"Tiempo de lectura\" \/>\n\t<meta name=\"twitter:data1\" content=\"3 minutos\" \/>\n<script type=\"application\/ld+json\" class=\"yoast-schema-graph\">{\"@context\":\"https:\/\/schema.org\",\"@graph\":[{\"@type\":\"WebPage\",\"@id\":\"https:\/\/www.kilim-age.com\/es\/alfombras-turcas-precios\/\",\"url\":\"https:\/\/www.kilim-age.com\/es\/alfombras-turcas-precios\/\",\"name\":\"Alfombras turcas precios | Kilim Age\",\"isPartOf\":{\"@id\":\"https:\/\/www.kilim-age.com\/es\/#website\"},\"primaryImageOfPage\":{\"@id\":\"https:\/\/www.kilim-age.com\/es\/alfombras-turcas-precios\/#primaryimage\"},\"image\":{\"@id\":\"https:\/\/www.kilim-age.com\/es\/alfombras-turcas-precios\/#primaryimage\"},\"thumbnailUrl\":\"http:\/\/kilim-age.com\/wp-content\/uploads\/2017\/05\/754-CATA-3-638x400.jpg\",\"datePublished\":\"2017-05-12T07:22:39+00:00\",\"dateModified\":\"2018-12-08T21:49:35+00:00\",\"description\":\"Tenemos aut\u00e9nticas alfombras turcas a precios muy atractivos, con la mejor calidad y exclusivo dise\u00f1o, no lo dudes \u00a1pide informaci\u00f3n sin ning\u00fan compromiso!\",\"breadcrumb\":{\"@id\":\"https:\/\/www.kilim-age.com\/es\/alfombras-turcas-precios\/#breadcrumb\"},\"inLanguage\":\"es\",\"potentialAction\":[{\"@type\":\"ReadAction\",\"target\":[\"https:\/\/www.kilim-age.com\/es\/alfombras-turcas-precios\/\"]}]},{\"@type\":\"ImageObject\",\"inLanguage\":\"es\",\"@id\":\"https:\/\/www.kilim-age.com\/es\/alfombras-turcas-precios\/#primaryimage\",\"url\":\"http:\/\/kilim-age.com\/wp-content\/uploads\/2017\/05\/754-CATA-3-638x400.jpg\",\"contentUrl\":\"http:\/\/kilim-age.com\/wp-content\/uploads\/2017\/05\/754-CATA-3-638x400.jpg\"},{\"@type\":\"BreadcrumbList\",\"@id\":\"https:\/\/www.kilim-age.com\/es\/alfombras-turcas-precios\/#breadcrumb\",\"itemListElement\":[{\"@type\":\"ListItem\",\"position\":1,\"name\":\"Home\",\"item\":\"https:\/\/www.kilim-age.com\/es\/\"},{\"@type\":\"ListItem\",\"position\":2,\"name\":\"Alfombras turcas precios\"}]},{\"@type\":\"WebSite\",\"@id\":\"https:\/\/www.kilim-age.com\/es\/#website\",\"url\":\"https:\/\/www.kilim-age.com\/es\/\",\"name\":\"Kilim-Age\",\"description\":\"Somos especialistas en productos artesanales de Turqu\u00eda como Alfombras, y Kilims\",\"potentialAction\":[{\"@type\":\"SearchAction\",\"target\":{\"@type\":\"EntryPoint\",\"urlTemplate\":\"https:\/\/www.kilim-age.com\/es\/?s={search_term_string}\"},\"query-input\":{\"@type\":\"PropertyValueSpecification\",\"valueRequired\":true,\"valueName\":\"search_term_string\"}}],\"inLanguage\":\"es\"}]}<\/script>\n<!-- \/ Yoast SEO plugin. -->","yoast_head_json":{"title":"Alfombras turcas precios | Kilim Age","description":"Tenemos aut\u00e9nticas alfombras turcas a precios muy atractivos, con la mejor calidad y exclusivo dise\u00f1o, no lo dudes \u00a1pide informaci\u00f3n sin ning\u00fan compromiso!","robots":{"index":"index","follow":"follow","max-snippet":"max-snippet:-1","max-image-preview":"max-image-preview:large","max-video-preview":"max-video-preview:-1"},"canonical":"https:\/\/www.kilim-age.com\/es\/alfombras-turcas-precios\/","og_locale":"es_ES","og_type":"article","og_title":"Alfombras turcas precios | Kilim Age","og_description":"Tenemos aut\u00e9nticas alfombras turcas a precios muy atractivos, con la mejor calidad y exclusivo dise\u00f1o, no lo dudes \u00a1pide informaci\u00f3n sin ning\u00fan compromiso!","og_url":"https:\/\/www.kilim-age.com\/es\/alfombras-turcas-precios\/","og_site_name":"Kilim-Age","article_modified_time":"2018-12-08T21:49:35+00:00","og_image":[{"url":"http:\/\/kilim-age.com\/wp-content\/uploads\/2017\/05\/754-CATA-3-638x400.jpg","type":"","width":"","height":""}],"twitter_card":"summary_large_image","twitter_misc":{"Tiempo de lectura":"3 minutos"},"schema":{"@context":"https:\/\/schema.org","@graph":[{"@type":"WebPage","@id":"https:\/\/www.kilim-age.com\/es\/alfombras-turcas-precios\/","url":"https:\/\/www.kilim-age.com\/es\/alfombras-turcas-precios\/","name":"Alfombras turcas precios | Kilim Age","isPartOf":{"@id":"https:\/\/www.kilim-age.com\/es\/#website"},"primaryImageOfPage":{"@id":"https:\/\/www.kilim-age.com\/es\/alfombras-turcas-precios\/#primaryimage"},"image":{"@id":"https:\/\/www.kilim-age.com\/es\/alfombras-turcas-precios\/#primaryimage"},"thumbnailUrl":"http:\/\/kilim-age.com\/wp-content\/uploads\/2017\/05\/754-CATA-3-638x400.jpg","datePublished":"2017-05-12T07:22:39+00:00","dateModified":"2018-12-08T21:49:35+00:00","description":"Tenemos aut\u00e9nticas alfombras turcas a precios muy atractivos, con la mejor calidad y exclusivo dise\u00f1o, no lo dudes \u00a1pide informaci\u00f3n sin ning\u00fan compromiso!","breadcrumb":{"@id":"https:\/\/www.kilim-age.com\/es\/alfombras-turcas-precios\/#breadcrumb"},"inLanguage":"es","potentialAction":[{"@type":"ReadAction","target":["https:\/\/www.kilim-age.com\/es\/alfombras-turcas-precios\/"]}]},{"@type":"ImageObject","inLanguage":"es","@id":"https:\/\/www.kilim-age.com\/es\/alfombras-turcas-precios\/#primaryimage","url":"http:\/\/kilim-age.com\/wp-content\/uploads\/2017\/05\/754-CATA-3-638x400.jpg","contentUrl":"http:\/\/kilim-age.com\/wp-content\/uploads\/2017\/05\/754-CATA-3-638x400.jpg"},{"@type":"BreadcrumbList","@id":"https:\/\/www.kilim-age.com\/es\/alfombras-turcas-precios\/#breadcrumb","itemListElement":[{"@type":"ListItem","position":1,"name":"Home","item":"https:\/\/www.kilim-age.com\/es\/"},{"@type":"ListItem","position":2,"name":"Alfombras turcas precios"}]},{"@type":"WebSite","@id":"https:\/\/www.kilim-age.com\/es\/#website","url":"https:\/\/www.kilim-age.com\/es\/","name":"Kilim-Age","description":"Somos especialistas en productos artesanales de Turqu\u00eda como Alfombras, y Kilims","potentialAction":[{"@type":"SearchAction","target":{"@type":"EntryPoint","urlTemplate":"https:\/\/www.kilim-age.com\/es\/?s={search_term_string}"},"query-input":{"@type":"PropertyValueSpecification","valueRequired":true,"valueName":"search_term_string"}}],"inLanguage":"es"}]}},"_links":{"self":[{"href":"https:\/\/www.kilim-age.com\/es\/wp-json\/wp\/v2\/pages\/2031","targetHints":{"allow":["GET"]}}],"collection":[{"href":"https:\/\/www.kilim-age.com\/es\/wp-json\/wp\/v2\/pages"}],"about":[{"href":"https:\/\/www.kilim-age.com\/es\/wp-json\/wp\/v2\/types\/page"}],"author":[{"embeddable":true,"href":"https:\/\/www.kilim-age.com\/es\/wp-json\/wp\/v2\/users\/1"}],"replies":[{"embeddable":true,"href":"https:\/\/www.kilim-age.com\/es\/wp-json\/wp\/v2\/comments?post=2031"}],"version-history":[{"count":0,"href":"https:\/\/www.kilim-age.com\/es\/wp-json\/wp\/v2\/pages\/2031\/revisions"}],"wp:attachment":[{"href":"https:\/\/www.kilim-age.com\/es\/wp-json\/wp\/v2\/media?parent=2031"}],"curies":[{"name":"wp","href":"https:\/\/api.w.org\/{rel}","templated":true}]}}