{"id":2050,"date":"2017-05-12T10:12:14","date_gmt":"2017-05-12T10:12:14","guid":{"rendered":"http:\/\/www.kilim-age.com\/?page_id=2050"},"modified":"2017-05-16T08:07:13","modified_gmt":"2017-05-16T08:07:13","slug":"bolsos-kilim","status":"publish","type":"page","link":"https:\/\/www.kilim-age.com\/es\/bolsos-kilim\/","title":{"rendered":"Bolsos kilim"},"content":{"rendered":"<h1 style=\"font-size: 2.2em; color: rgba(77,183,179,0.54);\">Bolsos kilim<\/h1>\n<p><img fetchpriority=\"high\" decoding=\"async\" class=\"size-medium wp-image-572 alignright\" src=\"http:\/\/www.kilim-age.com\/wp-content\/uploads\/2017\/01\/k\u0131l\u0131m-bag-1-352x400.jpg\" alt=\"Bolsos kilim\" title=\"Bolsos kilim\" width=\"352\" height=\"400\" srcset=\"https:\/\/www.kilim-age.com\/wp-content\/uploads\/2017\/01\/k\u0131l\u0131m-bag-1-352x400.jpg 352w, https:\/\/www.kilim-age.com\/wp-content\/uploads\/2017\/01\/k\u0131l\u0131m-bag-1-1000x1138.jpg 1000w, https:\/\/www.kilim-age.com\/wp-content\/uploads\/2017\/01\/k\u0131l\u0131m-bag-1-768x874.jpg 768w, https:\/\/www.kilim-age.com\/wp-content\/uploads\/2017\/01\/k\u0131l\u0131m-bag-1-703x800.jpg 703w, https:\/\/www.kilim-age.com\/wp-content\/uploads\/2017\/01\/k\u0131l\u0131m-bag-1.jpg 1199w\" sizes=\"(max-width: 352px) 100vw, 352px\" \/>\u00bfYa conoces el incomparable atractivo que ofrecen los <strong>bolsos kilim<\/strong>? No hay tienda como Kilim-Age para poder elegir entre diversos modelos con la certeza de una manufactura artesana que refleja toda la calidad propia de los mejores talleres turcos y consigue hacer lucir al m\u00e1ximo el encanto de una t\u00e9cnica de tejido de origen ancestral, que no obstante sigue demostrando su atemporalidad. Si el kilim es una opci\u00f3n que nunca deja de ser demandada para tapetes y alfombras en el hogar, vestirlo en tu bolso es una forma de sorprender positivamente all\u00ed donde vayas con creaciones de dise\u00f1o in\u00e9dito.<\/p>\n<p>Descubre los distintos <strong>bolsos de dise\u00f1o kilim<\/strong> que te proponemos en nuestra tienda especializada, reuniendo m\u00faltiples opciones que en todo caso responden a los m\u00e1s que estrictos est\u00e1ndares que nos caracterizan. Somos una tienda conocida por ofrecer siempre art\u00edculos de genuina manufactura artesana, y es que Kilim-Age importa desde Turqu\u00eda un sinf\u00edn de textiles de primeras calidades que dan la oportunidad a nuestros clientes en toda Espa\u00f1a de dar un toque diferente, tan ex\u00f3tico como atemporal, a sus hogares o incluso a sus complementos de vestir.<\/p>\n<h2 style=\"color: rgba(77,183,179,0.54);\">Lo mejor en bolsos kilim en una tienda online de textil turco artesano<\/h2>\n<p>\u00bfQu\u00e9 m\u00e1s puedes encontrar aqu\u00ed entonces? Destacamos por comercializar <a title=\"alfombras turcas precios\" href=\"http:\/\/www.kilim-age.com\/alfombras-turcas-precios\/\">alfombras turcas con precios<\/a> realmente atractivos sin dejar de lado unas absolutas garant\u00edas de calidad. Descubre toda la variedad que ofertamos dentro de una gama amplia de modelos, haciendo hueco a propuestas que quiz\u00e1s te sorprendan como las <a title=\"alfombras de patchwork\" href=\"http:\/\/www.kilim-age.com\/alfombras-de-patchwork\/\">alfombras de patchwork<\/a>, que combinan tendencias de dise\u00f1o actuales con el genuino encanto del textil artesanal de Turqu\u00eda. Estamos a tu disposici\u00f3n para asesorarte en lo que necesites para tu compra, pero comprobar\u00e1s que tambi\u00e9n nos hemos encargado de que la experiencia de compra en nuestro sitio web sea verdaderamente c\u00f3moda, segura y tan satisfactoria como el producto que recibir\u00e1s a domicilio.<\/p>\n","protected":false},"excerpt":{"rendered":"<p>Bolsos kilim \u00bfYa conoces el incomparable atractivo que ofrecen los bolsos kilim? No hay tienda como Kilim-Age para poder elegir entre diversos modelos con la certeza de una manufactura artesana que refleja toda la calidad propia de los mejores talleres turcos y consigue hacer lucir al m\u00e1ximo el encanto de una t\u00e9cnica de tejido de [&#8230;]\n","protected":false},"author":1,"featured_media":0,"parent":0,"menu_order":0,"comment_status":"closed","ping_status":"closed","template":"","meta":{"footnotes":""},"class_list":["post-2050","page","type-page","status-publish","hentry"],"yoast_head":"<!-- This site is optimized with the Yoast SEO plugin v24.8.1 - https:\/\/yoast.com\/wordpress\/plugins\/seo\/ -->\n<title>Bolsos kilim | Kilim Age<\/title>\n<meta name=\"description\" content=\"Descubre los distintos bolsos de dise\u00f1o kilim que te proponemos en nuestra tienda, textiles de primeras calidades con un toque diferente. \u00a1Haz tu pedido!\" \/>\n<meta name=\"robots\" content=\"index, follow, max-snippet:-1, max-image-preview:large, max-video-preview:-1\" \/>\n<link rel=\"canonical\" href=\"https:\/\/www.kilim-age.com\/es\/bolsos-kilim\/\" \/>\n<meta property=\"og:locale\" content=\"es_ES\" \/>\n<meta property=\"og:type\" content=\"article\" \/>\n<meta property=\"og:title\" content=\"Bolsos kilim | Kilim Age\" \/>\n<meta property=\"og:description\" content=\"Descubre los distintos bolsos de dise\u00f1o kilim que te proponemos en nuestra tienda, textiles de primeras calidades con un toque diferente. \u00a1Haz tu pedido!\" \/>\n<meta property=\"og:url\" content=\"https:\/\/www.kilim-age.com\/es\/bolsos-kilim\/\" \/>\n<meta property=\"og:site_name\" content=\"Kilim-Age\" \/>\n<meta property=\"article:modified_time\" content=\"2017-05-16T08:07:13+00:00\" \/>\n<meta name=\"twitter:card\" content=\"summary_large_image\" \/>\n<meta name=\"twitter:label1\" content=\"Tiempo de lectura\" \/>\n\t<meta name=\"twitter:data1\" content=\"2 minutos\" \/>\n<script type=\"application\/ld+json\" class=\"yoast-schema-graph\">{\"@context\":\"https:\/\/schema.org\",\"@graph\":[{\"@type\":\"WebPage\",\"@id\":\"https:\/\/www.kilim-age.com\/es\/bolsos-kilim\/\",\"url\":\"https:\/\/www.kilim-age.com\/es\/bolsos-kilim\/\",\"name\":\"Bolsos kilim | Kilim Age\",\"isPartOf\":{\"@id\":\"https:\/\/www.kilim-age.com\/es\/#website\"},\"datePublished\":\"2017-05-12T10:12:14+00:00\",\"dateModified\":\"2017-05-16T08:07:13+00:00\",\"description\":\"Descubre los distintos bolsos de dise\u00f1o kilim que te proponemos en nuestra tienda, textiles de primeras calidades con un toque diferente. \u00a1Haz tu pedido!\",\"breadcrumb\":{\"@id\":\"https:\/\/www.kilim-age.com\/es\/bolsos-kilim\/#breadcrumb\"},\"inLanguage\":\"es\",\"potentialAction\":[{\"@type\":\"ReadAction\",\"target\":[\"https:\/\/www.kilim-age.com\/es\/bolsos-kilim\/\"]}]},{\"@type\":\"BreadcrumbList\",\"@id\":\"https:\/\/www.kilim-age.com\/es\/bolsos-kilim\/#breadcrumb\",\"itemListElement\":[{\"@type\":\"ListItem\",\"position\":1,\"name\":\"Home\",\"item\":\"https:\/\/www.kilim-age.com\/es\/\"},{\"@type\":\"ListItem\",\"position\":2,\"name\":\"Bolsos kilim\"}]},{\"@type\":\"WebSite\",\"@id\":\"https:\/\/www.kilim-age.com\/es\/#website\",\"url\":\"https:\/\/www.kilim-age.com\/es\/\",\"name\":\"Kilim-Age\",\"description\":\"Somos especialistas en productos artesanales de Turqu\u00eda como Alfombras, y Kilims\",\"potentialAction\":[{\"@type\":\"SearchAction\",\"target\":{\"@type\":\"EntryPoint\",\"urlTemplate\":\"https:\/\/www.kilim-age.com\/es\/?s={search_term_string}\"},\"query-input\":{\"@type\":\"PropertyValueSpecification\",\"valueRequired\":true,\"valueName\":\"search_term_string\"}}],\"inLanguage\":\"es\"}]}<\/script>\n<!-- \/ Yoast SEO plugin. -->","yoast_head_json":{"title":"Bolsos kilim | Kilim Age","description":"Descubre los distintos bolsos de dise\u00f1o kilim que te proponemos en nuestra tienda, textiles de primeras calidades con un toque diferente. \u00a1Haz tu pedido!","robots":{"index":"index","follow":"follow","max-snippet":"max-snippet:-1","max-image-preview":"max-image-preview:large","max-video-preview":"max-video-preview:-1"},"canonical":"https:\/\/www.kilim-age.com\/es\/bolsos-kilim\/","og_locale":"es_ES","og_type":"article","og_title":"Bolsos kilim | Kilim Age","og_description":"Descubre los distintos bolsos de dise\u00f1o kilim que te proponemos en nuestra tienda, textiles de primeras calidades con un toque diferente. \u00a1Haz tu pedido!","og_url":"https:\/\/www.kilim-age.com\/es\/bolsos-kilim\/","og_site_name":"Kilim-Age","article_modified_time":"2017-05-16T08:07:13+00:00","twitter_card":"summary_large_image","twitter_misc":{"Tiempo de lectura":"2 minutos"},"schema":{"@context":"https:\/\/schema.org","@graph":[{"@type":"WebPage","@id":"https:\/\/www.kilim-age.com\/es\/bolsos-kilim\/","url":"https:\/\/www.kilim-age.com\/es\/bolsos-kilim\/","name":"Bolsos kilim | Kilim Age","isPartOf":{"@id":"https:\/\/www.kilim-age.com\/es\/#website"},"datePublished":"2017-05-12T10:12:14+00:00","dateModified":"2017-05-16T08:07:13+00:00","description":"Descubre los distintos bolsos de dise\u00f1o kilim que te proponemos en nuestra tienda, textiles de primeras calidades con un toque diferente. \u00a1Haz tu pedido!","breadcrumb":{"@id":"https:\/\/www.kilim-age.com\/es\/bolsos-kilim\/#breadcrumb"},"inLanguage":"es","potentialAction":[{"@type":"ReadAction","target":["https:\/\/www.kilim-age.com\/es\/bolsos-kilim\/"]}]},{"@type":"BreadcrumbList","@id":"https:\/\/www.kilim-age.com\/es\/bolsos-kilim\/#breadcrumb","itemListElement":[{"@type":"ListItem","position":1,"name":"Home","item":"https:\/\/www.kilim-age.com\/es\/"},{"@type":"ListItem","position":2,"name":"Bolsos kilim"}]},{"@type":"WebSite","@id":"https:\/\/www.kilim-age.com\/es\/#website","url":"https:\/\/www.kilim-age.com\/es\/","name":"Kilim-Age","description":"Somos especialistas en productos artesanales de Turqu\u00eda como Alfombras, y Kilims","potentialAction":[{"@type":"SearchAction","target":{"@type":"EntryPoint","urlTemplate":"https:\/\/www.kilim-age.com\/es\/?s={search_term_string}"},"query-input":{"@type":"PropertyValueSpecification","valueRequired":true,"valueName":"search_term_string"}}],"inLanguage":"es"}]}},"_links":{"self":[{"href":"https:\/\/www.kilim-age.com\/es\/wp-json\/wp\/v2\/pages\/2050","targetHints":{"allow":["GET"]}}],"collection":[{"href":"https:\/\/www.kilim-age.com\/es\/wp-json\/wp\/v2\/pages"}],"about":[{"href":"https:\/\/www.kilim-age.com\/es\/wp-json\/wp\/v2\/types\/page"}],"author":[{"embeddable":true,"href":"https:\/\/www.kilim-age.com\/es\/wp-json\/wp\/v2\/users\/1"}],"replies":[{"embeddable":true,"href":"https:\/\/www.kilim-age.com\/es\/wp-json\/wp\/v2\/comments?post=2050"}],"version-history":[{"count":0,"href":"https:\/\/www.kilim-age.com\/es\/wp-json\/wp\/v2\/pages\/2050\/revisions"}],"wp:attachment":[{"href":"https:\/\/www.kilim-age.com\/es\/wp-json\/wp\/v2\/media?parent=2050"}],"curies":[{"name":"wp","href":"https:\/\/api.w.org\/{rel}","templated":true}]}}