{"id":10908,"date":"2019-12-10T19:00:29","date_gmt":"2019-12-10T19:00:29","guid":{"rendered":"http:\/\/www.kilim-age.com\/?post_type=product&#038;p=10908"},"modified":"2022-08-02T22:26:39","modified_gmt":"2022-08-02T20:26:39","slug":"zapatos-ikat-talla-39","status":"publish","type":"product","link":"https:\/\/www.kilim-age.com\/es\/producto\/zapatos-ikat-talla-39\/","title":{"rendered":"ZAPATOS IKAT"},"content":{"rendered":"<h3><strong>ZAPATOS IKAT<\/strong><\/h3>\n<p>En Kilim Age somos expertos en las alfombras y kilims turcos. Es por ello por lo que desarrollamos esta artesan\u00eda en todas sus vertientes. Dando una segunda vida a las telas de <a href=\"http:\/\/www.kilim-age.com\/es\/categoria-producto\/ikat-cojines\/\">IKAT<\/a>, hemos dise\u00f1ado zapatos fabricados a partir de cuero y tela de los Ikats. A partir de esta idea, hemos seleccionado las telas m\u00e1s combinables y representativas de la cultura turca y hemos creado patrones originales, \u00fanicos y coloridos. Con ello, hemos querido crear nuestra colecci\u00f3n de zapatos ikat, de origen turco y artesanales.<\/p>\n<p>Todos nuestros zapatos ikat son \u00fanicos porque est\u00e1n hechos a partir de telas artesanales, los cuales no hay m\u00e1s que uno de cada producci\u00f3n. Son zapatos c\u00f3modos y resistentes. Hechos con los mejores materiales primarios. Adem\u00e1s, gracias a sus dise\u00f1os y colores, son muy combinables y perdurables en el tiempo. Hemos desarrollado diferentes modelos donde podremos encontrar zapatos de vestir, slippers e incluso botas y botines de tac\u00f3n.","protected":false},"excerpt":{"rendered":"<p>Calza: 39<br \/>\nMaterial: Ikat terciopelo<br \/>\nInterior: Piel<br \/>\nSuela: Cuero<\/p>\n<p><strong>NOTA<\/strong>: Se recomienda una talla menos de la usada habitualmente<\/p>\n","protected":false},"featured_media":10911,"comment_status":"open","ping_status":"closed","template":"","meta":[],"product_brand":[],"product_cat":[59,787,792,279,247],"product_tag":[797,798],"class_list":{"0":"post-10908","1":"product","2":"type-product","3":"status-publish","4":"has-post-thumbnail","6":"product_cat-kilim-shoes","7":"product_cat-zapatos-ikat","8":"product_cat-talla-39-zapatos-ikat","9":"product_cat-zapatos-kilim","10":"product_cat-talla-39","11":"product_tag-ikat-shoes","12":"product_tag-zapatos-ikat","13":"product_shipping_class-envio-zapatos","15":"first","16":"outofstock","17":"sold-individually","18":"taxable","19":"shipping-taxable","20":"purchasable","21":"product-type-simple"},"yoast_head":"<!-- This site is optimized with the Yoast SEO plugin v24.8.1 - https:\/\/yoast.com\/wordpress\/plugins\/seo\/ -->\n<title>ZAPATOS IKAT  | Kilim-Age<\/title>\n<meta name=\"description\" content=\"Tenemos una gran variedad de zapatos artesanales hechos con las telas de IKAT, realizamos envios a todo Espa\u00f1a, env\u00edo y devoluciones gratis!!\" \/>\n<meta name=\"robots\" content=\"index, follow, max-snippet:-1, max-image-preview:large, max-video-preview:-1\" \/>\n<link rel=\"canonical\" href=\"https:\/\/kilim-age.com\/en\/producto\/zapatos-ikat-talla-39\/\" \/>\n<meta property=\"og:locale\" content=\"es_ES\" \/>\n<meta property=\"og:type\" content=\"article\" \/>\n<meta property=\"og:title\" content=\"ZAPATOS IKAT  | Kilim-Age\" \/>\n<meta property=\"og:description\" content=\"Tenemos una gran variedad de zapatos artesanales hechos con las telas de IKAT, realizamos envios a todo Espa\u00f1a, env\u00edo y devoluciones gratis!!\" \/>\n<meta property=\"og:url\" content=\"https:\/\/kilim-age.com\/en\/producto\/zapatos-ikat-talla-39\/\" \/>\n<meta property=\"og:site_name\" content=\"Kilim-Age\" \/>\n<meta property=\"article:modified_time\" content=\"2022-08-02T20:26:39+00:00\" \/>\n<meta property=\"og:image\" content=\"https:\/\/kilim-age.com\/wp-content\/uploads\/2019\/12\/IMG_0975.jpg\" \/>\n\t<meta property=\"og:image:width\" content=\"1200\" \/>\n\t<meta property=\"og:image:height\" content=\"850\" \/>\n\t<meta property=\"og:image:type\" content=\"image\/jpeg\" \/>\n<meta name=\"twitter:card\" content=\"summary_large_image\" \/>\n<meta name=\"twitter:label1\" content=\"Tiempo de lectura\" \/>\n\t<meta name=\"twitter:data1\" content=\"1 minuto\" \/>\n<script type=\"application\/ld+json\" class=\"yoast-schema-graph\">{\"@context\":\"https:\/\/schema.org\",\"@graph\":[{\"@type\":\"WebPage\",\"@id\":\"https:\/\/kilim-age.com\/en\/producto\/zapatos-ikat-talla-39\/\",\"url\":\"https:\/\/kilim-age.com\/en\/producto\/zapatos-ikat-talla-39\/\",\"name\":\"ZAPATOS IKAT  | Kilim-Age\",\"isPartOf\":{\"@id\":\"https:\/\/kilim-age.com\/es\/#website\"},\"primaryImageOfPage\":{\"@id\":\"https:\/\/kilim-age.com\/en\/producto\/zapatos-ikat-talla-39\/#primaryimage\"},\"image\":{\"@id\":\"https:\/\/kilim-age.com\/en\/producto\/zapatos-ikat-talla-39\/#primaryimage\"},\"thumbnailUrl\":\"https:\/\/www.kilim-age.com\/wp-content\/uploads\/2019\/12\/IMG_0975.jpg\",\"datePublished\":\"2019-12-10T19:00:29+00:00\",\"dateModified\":\"2022-08-02T20:26:39+00:00\",\"description\":\"Tenemos una gran variedad de zapatos artesanales hechos con las telas de IKAT, realizamos envios a todo Espa\u00f1a, env\u00edo y devoluciones gratis!!\",\"breadcrumb\":{\"@id\":\"https:\/\/kilim-age.com\/en\/producto\/zapatos-ikat-talla-39\/#breadcrumb\"},\"inLanguage\":\"es\",\"potentialAction\":[{\"@type\":\"ReadAction\",\"target\":[\"https:\/\/kilim-age.com\/en\/producto\/zapatos-ikat-talla-39\/\"]}]},{\"@type\":\"ImageObject\",\"inLanguage\":\"es\",\"@id\":\"https:\/\/kilim-age.com\/en\/producto\/zapatos-ikat-talla-39\/#primaryimage\",\"url\":\"https:\/\/www.kilim-age.com\/wp-content\/uploads\/2019\/12\/IMG_0975.jpg\",\"contentUrl\":\"https:\/\/www.kilim-age.com\/wp-content\/uploads\/2019\/12\/IMG_0975.jpg\",\"width\":1200,\"height\":850},{\"@type\":\"BreadcrumbList\",\"@id\":\"https:\/\/kilim-age.com\/en\/producto\/zapatos-ikat-talla-39\/#breadcrumb\",\"itemListElement\":[{\"@type\":\"ListItem\",\"position\":1,\"name\":\"Home\",\"item\":\"https:\/\/kilim-age.com\/es\/\"},{\"@type\":\"ListItem\",\"position\":2,\"name\":\"Shop\",\"item\":\"https:\/\/www.kilim-age.com\/es\/shop\/\"},{\"@type\":\"ListItem\",\"position\":3,\"name\":\"IKAT SHOES\"}]},{\"@type\":\"WebSite\",\"@id\":\"https:\/\/kilim-age.com\/es\/#website\",\"url\":\"https:\/\/kilim-age.com\/es\/\",\"name\":\"Kilim-Age\",\"description\":\"Somos especialistas en productos artesanales de Turqu\u00eda como Alfombras, y Kilims\",\"potentialAction\":[{\"@type\":\"SearchAction\",\"target\":{\"@type\":\"EntryPoint\",\"urlTemplate\":\"https:\/\/kilim-age.com\/es\/?s={search_term_string}\"},\"query-input\":{\"@type\":\"PropertyValueSpecification\",\"valueRequired\":true,\"valueName\":\"search_term_string\"}}],\"inLanguage\":\"es\"}]}<\/script>\n<!-- \/ Yoast SEO plugin. -->","yoast_head_json":{"title":"ZAPATOS IKAT  | Kilim-Age","description":"Tenemos una gran variedad de zapatos artesanales hechos con las telas de IKAT, realizamos envios a todo Espa\u00f1a, env\u00edo y devoluciones gratis!!","robots":{"index":"index","follow":"follow","max-snippet":"max-snippet:-1","max-image-preview":"max-image-preview:large","max-video-preview":"max-video-preview:-1"},"canonical":"https:\/\/kilim-age.com\/en\/producto\/zapatos-ikat-talla-39\/","og_locale":"es_ES","og_type":"article","og_title":"ZAPATOS IKAT  | Kilim-Age","og_description":"Tenemos una gran variedad de zapatos artesanales hechos con las telas de IKAT, realizamos envios a todo Espa\u00f1a, env\u00edo y devoluciones gratis!!","og_url":"https:\/\/kilim-age.com\/en\/producto\/zapatos-ikat-talla-39\/","og_site_name":"Kilim-Age","article_modified_time":"2022-08-02T20:26:39+00:00","og_image":[{"width":1200,"height":850,"url":"https:\/\/kilim-age.com\/wp-content\/uploads\/2019\/12\/IMG_0975.jpg","type":"image\/jpeg"}],"twitter_card":"summary_large_image","twitter_misc":{"Tiempo de lectura":"1 minuto"},"schema":{"@context":"https:\/\/schema.org","@graph":[{"@type":"WebPage","@id":"https:\/\/kilim-age.com\/en\/producto\/zapatos-ikat-talla-39\/","url":"https:\/\/kilim-age.com\/en\/producto\/zapatos-ikat-talla-39\/","name":"ZAPATOS IKAT  | Kilim-Age","isPartOf":{"@id":"https:\/\/kilim-age.com\/es\/#website"},"primaryImageOfPage":{"@id":"https:\/\/kilim-age.com\/en\/producto\/zapatos-ikat-talla-39\/#primaryimage"},"image":{"@id":"https:\/\/kilim-age.com\/en\/producto\/zapatos-ikat-talla-39\/#primaryimage"},"thumbnailUrl":"https:\/\/www.kilim-age.com\/wp-content\/uploads\/2019\/12\/IMG_0975.jpg","datePublished":"2019-12-10T19:00:29+00:00","dateModified":"2022-08-02T20:26:39+00:00","description":"Tenemos una gran variedad de zapatos artesanales hechos con las telas de IKAT, realizamos envios a todo Espa\u00f1a, env\u00edo y devoluciones gratis!!","breadcrumb":{"@id":"https:\/\/kilim-age.com\/en\/producto\/zapatos-ikat-talla-39\/#breadcrumb"},"inLanguage":"es","potentialAction":[{"@type":"ReadAction","target":["https:\/\/kilim-age.com\/en\/producto\/zapatos-ikat-talla-39\/"]}]},{"@type":"ImageObject","inLanguage":"es","@id":"https:\/\/kilim-age.com\/en\/producto\/zapatos-ikat-talla-39\/#primaryimage","url":"https:\/\/www.kilim-age.com\/wp-content\/uploads\/2019\/12\/IMG_0975.jpg","contentUrl":"https:\/\/www.kilim-age.com\/wp-content\/uploads\/2019\/12\/IMG_0975.jpg","width":1200,"height":850},{"@type":"BreadcrumbList","@id":"https:\/\/kilim-age.com\/en\/producto\/zapatos-ikat-talla-39\/#breadcrumb","itemListElement":[{"@type":"ListItem","position":1,"name":"Home","item":"https:\/\/kilim-age.com\/es\/"},{"@type":"ListItem","position":2,"name":"Shop","item":"https:\/\/www.kilim-age.com\/es\/shop\/"},{"@type":"ListItem","position":3,"name":"IKAT SHOES"}]},{"@type":"WebSite","@id":"https:\/\/kilim-age.com\/es\/#website","url":"https:\/\/kilim-age.com\/es\/","name":"Kilim-Age","description":"Somos especialistas en productos artesanales de Turqu\u00eda como Alfombras, y Kilims","potentialAction":[{"@type":"SearchAction","target":{"@type":"EntryPoint","urlTemplate":"https:\/\/kilim-age.com\/es\/?s={search_term_string}"},"query-input":{"@type":"PropertyValueSpecification","valueRequired":true,"valueName":"search_term_string"}}],"inLanguage":"es"}]}},"_links":{"self":[{"href":"https:\/\/www.kilim-age.com\/es\/wp-json\/wp\/v2\/product\/10908","targetHints":{"allow":["GET"]}}],"collection":[{"href":"https:\/\/www.kilim-age.com\/es\/wp-json\/wp\/v2\/product"}],"about":[{"href":"https:\/\/www.kilim-age.com\/es\/wp-json\/wp\/v2\/types\/product"}],"replies":[{"embeddable":true,"href":"https:\/\/www.kilim-age.com\/es\/wp-json\/wp\/v2\/comments?post=10908"}],"wp:featuredmedia":[{"embeddable":true,"href":"https:\/\/www.kilim-age.com\/es\/wp-json\/wp\/v2\/media\/10911"}],"wp:attachment":[{"href":"https:\/\/www.kilim-age.com\/es\/wp-json\/wp\/v2\/media?parent=10908"}],"wp:term":[{"taxonomy":"product_brand","embeddable":true,"href":"https:\/\/www.kilim-age.com\/es\/wp-json\/wp\/v2\/product_brand?post=10908"},{"taxonomy":"product_cat","embeddable":true,"href":"https:\/\/www.kilim-age.com\/es\/wp-json\/wp\/v2\/product_cat?post=10908"},{"taxonomy":"product_tag","embeddable":true,"href":"https:\/\/www.kilim-age.com\/es\/wp-json\/wp\/v2\/product_tag?post=10908"}],"curies":[{"name":"wp","href":"https:\/\/api.w.org\/{rel}","templated":true}]}}