{"id":11118,"date":"2020-01-29T19:27:21","date_gmt":"2020-01-29T19:27:21","guid":{"rendered":"http:\/\/www.kilim-age.com\/?post_type=product&#038;p=11118"},"modified":"2025-12-09T12:00:45","modified_gmt":"2025-12-09T11:00:45","slug":"gris-con-negro","status":"publish","type":"product","link":"https:\/\/www.kilim-age.com\/es\/producto\/gris-con-negro\/","title":{"rendered":"Alfombra moderna gris con negro"},"content":{"rendered":"Alfombra de dise\u00f1o moderno y contempor\u00e1neo en varias medidas disponibles, combina colores grises con negro. Fabricada con lana hilada a mano y te\u00f1ido natural. Esta alfombra con m\u00faltiples ambientes gracias a sus tonos neutros llena de matices. Su apariencia es sedosa y muy elegante.<br \/>\nLos colores de la alfombra se percibir\u00e1n de formas diferentes dependiendo del \u00e1ngulo de visi\u00f3n.<\/p>\n<p>Puede comprar esta alfombra y probarla en tu casa sin compromiso y si no est\u00e1 satisfecho con su elecci\u00f3n tiene un plazo de 14 d\u00edas desde la entrega para cualquier cambio o devoluci\u00f3n de la misma. Si tienes m\u00e1s dudas puedes escribirnos o llamarnos a los n\u00fameros que encontrar\u00e1 en la secci\u00f3n de contacto.<\/p>\n<h2><strong>ALFOMBRAS MODERNAS<\/strong><\/h2>\n<p>Las alfombras modernas son una adaptaci\u00f3n de las <a href=\"http:\/\/www.kilim-age.com\/es\/categoria-producto\/alfombras-turcas\/alfombras-clasicas\/\">alfombras<span class=\"apple-converted-space\">\u00a0<\/span>cl\u00e1sicas<\/a><span class=\"apple-converted-space\">\u00a0<\/span>a las nuevas tendencias y necesidades de dise\u00f1os actuales. Estas alfombras se anudan a mano de manera artesanal, pero se alejan de las geometr\u00edas y motivos tradicionales. Se caracterizan por tener contraste de colores y formas m\u00e1s <a href=\"https:\/\/es.wikipedia.org\/wiki\/Abstracci%C3%B3n_(filosof%C3%ADa)\">abstractas<\/a>. Tienen el pelo m\u00e1s corto que las alfombras cl\u00e1sicas. Por ello, el tacto es muy suave y agradable. Combinan algod\u00f3n, lana, seda y viscosa te\u00f1idos en tintes de minerales naturales. As\u00ed mismo, ofrecen un nivel de mantenimiento muy f\u00e1cil y tienen una calidad y resistencia inmejorable.<\/p>\n<h2><strong><span style=\"font-size: 75%;\">\u00bfPOR QUE RECOMENDAMOS ALFOMBRAS MODERNAS?<\/span><\/strong><\/h2>\n<p>Esta nueva tendencia de alfombras suponen una alternativa para aquellos ambientes m\u00e1s homog\u00e9neos. Son alfombras que se adaptan a espacios de cualquier estilo y dan un toque moderno y original. Dan una nota art\u00edstica al ambiente que queremos crear. Ofrecen calidez y visten los espacios para darles consistencia y robustez.<\/p>\n<p>&nbsp;","protected":false},"excerpt":{"rendered":"<p style=\"text-align: left;\">Fabricaci\u00f3n: Tejido de m\u00e1quinas \/ Trabajo manual<br \/>\nN\u00famero de nudos: aprox 120000 por m\u00b2<br \/>\nEstado: Nuevo<br \/>\nOrigen: Turqu\u00eda<br \/>\nPelo: Viscosa<br \/>\nUrdimbre: algod\u00f3n<br \/>\nGrosor aprox: 5 mm<br \/>\nTejido de alta precisi\u00f3n<br \/>\nTe\u00f1ido natural, la lana hilada a mano<br \/>\nLos colores de la alfombra se percibir\u00e1n de formas diferentes dependiendo del \u00e1ngulo de visi\u00f3n<\/p>\n<p style=\"text-align: left;\"><b>\u00a0<\/b><\/p>\n","protected":false},"featured_media":11119,"comment_status":"open","ping_status":"closed","template":"","meta":[],"product_brand":[],"product_cat":[62,232],"product_tag":[294,799],"class_list":{"0":"post-11118","1":"product","2":"type-product","3":"status-publish","4":"has-post-thumbnail","6":"product_cat-alfombras-turcas","7":"product_cat-alfombras-modernas","8":"product_tag-alfombras-modernas","9":"product_tag-alfombras-modernas-economicas","10":"product_shipping_class-alfombra-grande","11":"pa_medida-extra-grande","12":"pa_medida-grandes","13":"pa_seleccionar-medidas-120x180-cm","14":"pa_seleccionar-medidas-160x230-cm","15":"pa_seleccionar-medidas-200x300-cm","16":"pa_seleccionar-medidas-240x340-cm","17":"pa_seleccionar-medidas-400x300-cm","18":"pa_seleccionar-medidas-80x150cm","20":"first","21":"instock","22":"sale","23":"sold-individually","24":"taxable","25":"shipping-taxable","26":"purchasable","27":"product-type-variable"},"yoast_head":"<!-- This site is optimized with the Yoast SEO plugin v24.8.1 - https:\/\/yoast.com\/wordpress\/plugins\/seo\/ -->\n<title>Modern and contemporary design rug combining gray and black colors<\/title>\n<meta name=\"description\" content=\"Modern and contemporary design rug in various sizes available. Made with hand-spun wool and natural dyed, hand-spun wool\" \/>\n<meta name=\"robots\" content=\"index, follow, max-snippet:-1, max-image-preview:large, max-video-preview:-1\" \/>\n<link rel=\"canonical\" href=\"https:\/\/www.kilim-age.com\/es\/producto\/gris-con-negro\/\" \/>\n<meta property=\"og:locale\" content=\"es_ES\" \/>\n<meta property=\"og:type\" content=\"article\" \/>\n<meta property=\"og:title\" content=\"Modern and contemporary design rug combining gray and black colors\" \/>\n<meta property=\"og:description\" content=\"Modern and contemporary design rug in various sizes available. Made with hand-spun wool and natural dyed, hand-spun wool\" \/>\n<meta property=\"og:url\" content=\"https:\/\/www.kilim-age.com\/en\/producto\/gris-con-negro\/\" \/>\n<meta property=\"og:site_name\" content=\"Kilim-Age\" \/>\n<meta property=\"article:modified_time\" content=\"2025-12-09T11:00:45+00:00\" \/>\n<meta property=\"og:image\" content=\"https:\/\/www.kilim-age.com\/wp-content\/uploads\/2020\/01\/IMG_10901.jpg\" \/>\n\t<meta property=\"og:image:width\" content=\"1000\" \/>\n\t<meta property=\"og:image:height\" content=\"1300\" \/>\n\t<meta property=\"og:image:type\" content=\"image\/jpeg\" \/>\n<meta name=\"twitter:card\" content=\"summary_large_image\" \/>\n<meta name=\"twitter:label1\" content=\"Tiempo de lectura\" \/>\n\t<meta name=\"twitter:data1\" content=\"2 minutos\" \/>\n<script type=\"application\/ld+json\" class=\"yoast-schema-graph\">{\"@context\":\"https:\/\/schema.org\",\"@graph\":[{\"@type\":\"WebPage\",\"@id\":\"https:\/\/www.kilim-age.com\/en\/producto\/gris-con-negro\/\",\"url\":\"https:\/\/www.kilim-age.com\/en\/producto\/gris-con-negro\/\",\"name\":\"Modern and contemporary design rug combining gray and black colors\",\"isPartOf\":{\"@id\":\"https:\/\/www.kilim-age.com\/es\/#website\"},\"primaryImageOfPage\":{\"@id\":\"https:\/\/www.kilim-age.com\/en\/producto\/gris-con-negro\/#primaryimage\"},\"image\":{\"@id\":\"https:\/\/www.kilim-age.com\/en\/producto\/gris-con-negro\/#primaryimage\"},\"thumbnailUrl\":\"https:\/\/www.kilim-age.com\/wp-content\/uploads\/2020\/01\/IMG_10901.jpg\",\"datePublished\":\"2020-01-29T19:27:21+00:00\",\"dateModified\":\"2025-12-09T11:00:45+00:00\",\"description\":\"Modern and contemporary design rug in various sizes available. Made with hand-spun wool and natural dyed, hand-spun wool\",\"breadcrumb\":{\"@id\":\"https:\/\/www.kilim-age.com\/en\/producto\/gris-con-negro\/#breadcrumb\"},\"inLanguage\":\"es\",\"potentialAction\":[{\"@type\":\"ReadAction\",\"target\":[\"https:\/\/www.kilim-age.com\/en\/producto\/gris-con-negro\/\"]}]},{\"@type\":\"ImageObject\",\"inLanguage\":\"es\",\"@id\":\"https:\/\/www.kilim-age.com\/en\/producto\/gris-con-negro\/#primaryimage\",\"url\":\"https:\/\/www.kilim-age.com\/wp-content\/uploads\/2020\/01\/IMG_10901.jpg\",\"contentUrl\":\"https:\/\/www.kilim-age.com\/wp-content\/uploads\/2020\/01\/IMG_10901.jpg\",\"width\":1000,\"height\":1300,\"caption\":\"Alfombras Modernas de dise\u00f1o\"},{\"@type\":\"BreadcrumbList\",\"@id\":\"https:\/\/www.kilim-age.com\/en\/producto\/gris-con-negro\/#breadcrumb\",\"itemListElement\":[{\"@type\":\"ListItem\",\"position\":1,\"name\":\"Home\",\"item\":\"https:\/\/www.kilim-age.com\/es\/\"},{\"@type\":\"ListItem\",\"position\":2,\"name\":\"Shop\",\"item\":\"https:\/\/www.kilim-age.com\/es\/shop\/\"},{\"@type\":\"ListItem\",\"position\":3,\"name\":\"Modern Rug\"}]},{\"@type\":\"WebSite\",\"@id\":\"https:\/\/www.kilim-age.com\/es\/#website\",\"url\":\"https:\/\/www.kilim-age.com\/es\/\",\"name\":\"Kilim-Age\",\"description\":\"Somos especialistas en productos artesanales de Turqu\u00eda como Alfombras, y Kilims\",\"potentialAction\":[{\"@type\":\"SearchAction\",\"target\":{\"@type\":\"EntryPoint\",\"urlTemplate\":\"https:\/\/www.kilim-age.com\/es\/?s={search_term_string}\"},\"query-input\":{\"@type\":\"PropertyValueSpecification\",\"valueRequired\":true,\"valueName\":\"search_term_string\"}}],\"inLanguage\":\"es\"}]}<\/script>\n<!-- \/ Yoast SEO plugin. -->","yoast_head_json":{"title":"Modern and contemporary design rug combining gray and black colors","description":"Modern and contemporary design rug in various sizes available. Made with hand-spun wool and natural dyed, hand-spun wool","robots":{"index":"index","follow":"follow","max-snippet":"max-snippet:-1","max-image-preview":"max-image-preview:large","max-video-preview":"max-video-preview:-1"},"canonical":"https:\/\/www.kilim-age.com\/es\/producto\/gris-con-negro\/","og_locale":"es_ES","og_type":"article","og_title":"Modern and contemporary design rug combining gray and black colors","og_description":"Modern and contemporary design rug in various sizes available. Made with hand-spun wool and natural dyed, hand-spun wool","og_url":"https:\/\/www.kilim-age.com\/en\/producto\/gris-con-negro\/","og_site_name":"Kilim-Age","article_modified_time":"2025-12-09T11:00:45+00:00","og_image":[{"width":1000,"height":1300,"url":"https:\/\/www.kilim-age.com\/wp-content\/uploads\/2020\/01\/IMG_10901.jpg","type":"image\/jpeg"}],"twitter_card":"summary_large_image","twitter_misc":{"Tiempo de lectura":"2 minutos"},"schema":{"@context":"https:\/\/schema.org","@graph":[{"@type":"WebPage","@id":"https:\/\/www.kilim-age.com\/en\/producto\/gris-con-negro\/","url":"https:\/\/www.kilim-age.com\/en\/producto\/gris-con-negro\/","name":"Modern and contemporary design rug combining gray and black colors","isPartOf":{"@id":"https:\/\/www.kilim-age.com\/es\/#website"},"primaryImageOfPage":{"@id":"https:\/\/www.kilim-age.com\/en\/producto\/gris-con-negro\/#primaryimage"},"image":{"@id":"https:\/\/www.kilim-age.com\/en\/producto\/gris-con-negro\/#primaryimage"},"thumbnailUrl":"https:\/\/www.kilim-age.com\/wp-content\/uploads\/2020\/01\/IMG_10901.jpg","datePublished":"2020-01-29T19:27:21+00:00","dateModified":"2025-12-09T11:00:45+00:00","description":"Modern and contemporary design rug in various sizes available. Made with hand-spun wool and natural dyed, hand-spun wool","breadcrumb":{"@id":"https:\/\/www.kilim-age.com\/en\/producto\/gris-con-negro\/#breadcrumb"},"inLanguage":"es","potentialAction":[{"@type":"ReadAction","target":["https:\/\/www.kilim-age.com\/en\/producto\/gris-con-negro\/"]}]},{"@type":"ImageObject","inLanguage":"es","@id":"https:\/\/www.kilim-age.com\/en\/producto\/gris-con-negro\/#primaryimage","url":"https:\/\/www.kilim-age.com\/wp-content\/uploads\/2020\/01\/IMG_10901.jpg","contentUrl":"https:\/\/www.kilim-age.com\/wp-content\/uploads\/2020\/01\/IMG_10901.jpg","width":1000,"height":1300,"caption":"Alfombras Modernas de dise\u00f1o"},{"@type":"BreadcrumbList","@id":"https:\/\/www.kilim-age.com\/en\/producto\/gris-con-negro\/#breadcrumb","itemListElement":[{"@type":"ListItem","position":1,"name":"Home","item":"https:\/\/www.kilim-age.com\/es\/"},{"@type":"ListItem","position":2,"name":"Shop","item":"https:\/\/www.kilim-age.com\/es\/shop\/"},{"@type":"ListItem","position":3,"name":"Modern Rug"}]},{"@type":"WebSite","@id":"https:\/\/www.kilim-age.com\/es\/#website","url":"https:\/\/www.kilim-age.com\/es\/","name":"Kilim-Age","description":"Somos especialistas en productos artesanales de Turqu\u00eda como Alfombras, y Kilims","potentialAction":[{"@type":"SearchAction","target":{"@type":"EntryPoint","urlTemplate":"https:\/\/www.kilim-age.com\/es\/?s={search_term_string}"},"query-input":{"@type":"PropertyValueSpecification","valueRequired":true,"valueName":"search_term_string"}}],"inLanguage":"es"}]}},"_links":{"self":[{"href":"https:\/\/www.kilim-age.com\/es\/wp-json\/wp\/v2\/product\/11118","targetHints":{"allow":["GET"]}}],"collection":[{"href":"https:\/\/www.kilim-age.com\/es\/wp-json\/wp\/v2\/product"}],"about":[{"href":"https:\/\/www.kilim-age.com\/es\/wp-json\/wp\/v2\/types\/product"}],"replies":[{"embeddable":true,"href":"https:\/\/www.kilim-age.com\/es\/wp-json\/wp\/v2\/comments?post=11118"}],"wp:featuredmedia":[{"embeddable":true,"href":"https:\/\/www.kilim-age.com\/es\/wp-json\/wp\/v2\/media\/11119"}],"wp:attachment":[{"href":"https:\/\/www.kilim-age.com\/es\/wp-json\/wp\/v2\/media?parent=11118"}],"wp:term":[{"taxonomy":"product_brand","embeddable":true,"href":"https:\/\/www.kilim-age.com\/es\/wp-json\/wp\/v2\/product_brand?post=11118"},{"taxonomy":"product_cat","embeddable":true,"href":"https:\/\/www.kilim-age.com\/es\/wp-json\/wp\/v2\/product_cat?post=11118"},{"taxonomy":"product_tag","embeddable":true,"href":"https:\/\/www.kilim-age.com\/es\/wp-json\/wp\/v2\/product_tag?post=11118"}],"curies":[{"name":"wp","href":"https:\/\/api.w.org\/{rel}","templated":true}]}}