{"id":11443,"date":"2020-07-09T11:32:24","date_gmt":"2020-07-09T11:32:24","guid":{"rendered":"http:\/\/www.kilim-age.com\/?post_type=product&#038;p=11443"},"modified":"2024-12-17T18:21:47","modified_gmt":"2024-12-17T17:21:47","slug":"comprar-alfombras-modernas-economicas","status":"publish","type":"product","link":"https:\/\/www.kilim-age.com\/es\/producto\/comprar-alfombras-modernas-economicas\/","title":{"rendered":"ALFOMBRA MODERNA 300 X 200 cm"},"content":{"rendered":"<strong>COMPRAR ALFOMBRAS MODERNAS ECON\u00d3MICAS<\/strong><\/p>\n<p><strong>Comprar Alfombras modernas econ\u00f3micas! <\/strong>Las Alfombras modernas son una adaptaci\u00f3n de las\u00a0<a href=\"http:\/\/www.kilim-age.com\/es\/categoria-producto\/alfombras-turcas\/alfombras-clasicas\/\">alfombras\u00a0cl\u00e1sicas<\/a>\u00a0a las nuevas tendencias y necesidades de dise\u00f1os actuales. \u00a0En el proceso de fabricaci\u00f3n siempre utilizamos materiales naturales de alta calidad.\u00a0Las alfombras modernas, se caracterizan por tener contraste de colores y formas m\u00e1s\u00a0<a href=\"https:\/\/es.wikipedia.org\/wiki\/Abstracci%C3%B3n_(filosof%C3%ADa)\">abstractas<\/a>. Tienen el pelo m\u00e1s corto que las alfombras cl\u00e1sicas de toda la vida, por ello, el tacto es muy suave y agradable.<\/p>\n<p>En su compocisi\u00f3n combinan materiales como algod\u00f3n, lana, seda y viscosa te\u00f1idos en tintes de minerales naturales. As\u00ed mismo, ofrecen un nivel de mantenimiento muy f\u00e1cil y tienen una\u00a0calidad y resistencia inmejorable.<\/p>\n<p><strong>\u00bfPOR QUE RECOMENDAMOS ALFOMBRAS MODERNAS?<\/strong><\/p>\n<p>Esta nueva tendencia de alfombras suponen una alternativa para aquellos ambientes m\u00e1s homog\u00e9neos. Son alfombras que se adaptan a espacios de cualquier estilo y dan un toque moderno y original. Dan una nota art\u00edstica al ambiente que queremos crear. Ofrecen calidez y visten los espacios para darles consistencia y robustez.","protected":false},"excerpt":{"rendered":"<p>Fabricaci\u00f3n: Tejido maquina<br \/>\nTama\u00f1o: 300 X 200 cm<br \/>\nN\u00famero de nudos: aprox 120000 por m\u00b2<br \/>\nEstado: Nuevo<br \/>\nOrigen: Hecha en Turqu\u00eda<br \/>\nPelo: Viscosa<br \/>\nUrdimbre: algod\u00f3n<br \/>\nGrosor aprox: 6-7 mm<br \/>\nTejido de alta precisi\u00f3n<br \/>\nTodas nuestras alfombras modernas est\u00e1n hechas con materiales naturales de alta calidad.<br \/>\nLos colores de la alfombra se percibir\u00e1n de formas diferentes dependiendo del \u00e1ngulo de visi\u00f3n<\/p>\n<p><strong>NOTA<\/strong>: Alfombra actualmente no esta en el stock, entrega bajo pedido.<\/p>\n<p>Plazo de entrega: Aproximadamente \u00a020-30 d\u00edas a Espa\u00f1a.<br \/>\nEuropa: 20-30 d\u00edas, resto de continentes 30-35 d\u00edas.<\/p>\n<p>&nbsp;<\/p>\n","protected":false},"featured_media":11445,"comment_status":"open","ping_status":"closed","template":"","meta":[],"product_brand":[],"product_cat":[62,232],"product_tag":[],"class_list":{"0":"post-11443","1":"product","2":"type-product","3":"status-publish","4":"has-post-thumbnail","6":"product_cat-alfombras-turcas","7":"product_cat-alfombras-modernas","8":"product_shipping_class-alfombra-grande","9":"pa_seleccionar-medidas-120x180-cm","10":"pa_seleccionar-medidas-160x230-cm","11":"pa_seleccionar-medidas-200x300-cm","12":"pa_seleccionar-medidas-240x340-cm","13":"pa_seleccionar-medidas-400x300-cm","14":"pa_seleccionar-medidas-80x150cm","16":"first","17":"outofstock","18":"taxable","19":"shipping-taxable","20":"product-type-variable"},"yoast_head":"<!-- This site is optimized with the Yoast SEO plugin v24.8.1 - https:\/\/yoast.com\/wordpress\/plugins\/seo\/ -->\n<title>Comprar Alfombras Modernas Econ\u00f3micas | Kilim-Age | Compra online<\/title>\n<meta name=\"description\" content=\"Comprar Alfombras Modernas Econ\u00f3micas! Tenemos disponibles la nueva gama de alfombras modernas turcas! Compra online! Env\u00edo y devoluciones gratis!\" \/>\n<meta name=\"robots\" content=\"index, follow, max-snippet:-1, max-image-preview:large, max-video-preview:-1\" \/>\n<link rel=\"canonical\" href=\"https:\/\/www.kilim-age.com\/es\/producto\/comprar-alfombras-modernas-economicas\/\" \/>\n<meta property=\"og:locale\" content=\"es_ES\" \/>\n<meta property=\"og:type\" content=\"article\" \/>\n<meta property=\"og:title\" content=\"Comprar Alfombras Modernas Econ\u00f3micas | Kilim-Age | Compra online\" \/>\n<meta property=\"og:description\" content=\"Comprar Alfombras Modernas Econ\u00f3micas! Tenemos disponibles la nueva gama de alfombras modernas turcas! Compra online! Env\u00edo y devoluciones gratis!\" \/>\n<meta property=\"og:url\" content=\"https:\/\/www.kilim-age.com\/es\/producto\/comprar-alfombras-modernas-economicas\/\" \/>\n<meta property=\"og:site_name\" content=\"Kilim-Age\" \/>\n<meta property=\"article:modified_time\" content=\"2024-12-17T17:21:47+00:00\" \/>\n<meta property=\"og:image\" content=\"https:\/\/www.kilim-age.com\/wp-content\/uploads\/2020\/07\/IMG_6895KA.jpg\" \/>\n\t<meta property=\"og:image:width\" content=\"1000\" \/>\n\t<meta property=\"og:image:height\" content=\"1300\" \/>\n\t<meta property=\"og:image:type\" content=\"image\/jpeg\" \/>\n<meta name=\"twitter:card\" content=\"summary_large_image\" \/>\n<meta name=\"twitter:label1\" content=\"Tiempo de lectura\" \/>\n\t<meta name=\"twitter:data1\" content=\"1 minuto\" \/>\n<script type=\"application\/ld+json\" class=\"yoast-schema-graph\">{\"@context\":\"https:\/\/schema.org\",\"@graph\":[{\"@type\":\"WebPage\",\"@id\":\"https:\/\/www.kilim-age.com\/es\/producto\/comprar-alfombras-modernas-economicas\/\",\"url\":\"https:\/\/www.kilim-age.com\/es\/producto\/comprar-alfombras-modernas-economicas\/\",\"name\":\"Comprar Alfombras Modernas Econ\u00f3micas | Kilim-Age | Compra online\",\"isPartOf\":{\"@id\":\"https:\/\/www.kilim-age.com\/es\/#website\"},\"primaryImageOfPage\":{\"@id\":\"https:\/\/www.kilim-age.com\/es\/producto\/comprar-alfombras-modernas-economicas\/#primaryimage\"},\"image\":{\"@id\":\"https:\/\/www.kilim-age.com\/es\/producto\/comprar-alfombras-modernas-economicas\/#primaryimage\"},\"thumbnailUrl\":\"https:\/\/www.kilim-age.com\/wp-content\/uploads\/2020\/07\/IMG_6895KA.jpg\",\"datePublished\":\"2020-07-09T11:32:24+00:00\",\"dateModified\":\"2024-12-17T17:21:47+00:00\",\"description\":\"Comprar Alfombras Modernas Econ\u00f3micas! Tenemos disponibles la nueva gama de alfombras modernas turcas! Compra online! Env\u00edo y devoluciones gratis!\",\"breadcrumb\":{\"@id\":\"https:\/\/www.kilim-age.com\/es\/producto\/comprar-alfombras-modernas-economicas\/#breadcrumb\"},\"inLanguage\":\"es\",\"potentialAction\":[{\"@type\":\"ReadAction\",\"target\":[\"https:\/\/www.kilim-age.com\/es\/producto\/comprar-alfombras-modernas-economicas\/\"]}]},{\"@type\":\"ImageObject\",\"inLanguage\":\"es\",\"@id\":\"https:\/\/www.kilim-age.com\/es\/producto\/comprar-alfombras-modernas-economicas\/#primaryimage\",\"url\":\"https:\/\/www.kilim-age.com\/wp-content\/uploads\/2020\/07\/IMG_6895KA.jpg\",\"contentUrl\":\"https:\/\/www.kilim-age.com\/wp-content\/uploads\/2020\/07\/IMG_6895KA.jpg\",\"width\":1000,\"height\":1300,\"caption\":\"Alfombras modernas\"},{\"@type\":\"BreadcrumbList\",\"@id\":\"https:\/\/www.kilim-age.com\/es\/producto\/comprar-alfombras-modernas-economicas\/#breadcrumb\",\"itemListElement\":[{\"@type\":\"ListItem\",\"position\":1,\"name\":\"Home\",\"item\":\"https:\/\/www.kilim-age.com\/es\/\"},{\"@type\":\"ListItem\",\"position\":2,\"name\":\"Shop\",\"item\":\"https:\/\/www.kilim-age.com\/es\/shop\/\"},{\"@type\":\"ListItem\",\"position\":3,\"name\":\"ALFOMBRA MODERNA 300 X 200 cm\"}]},{\"@type\":\"WebSite\",\"@id\":\"https:\/\/www.kilim-age.com\/es\/#website\",\"url\":\"https:\/\/www.kilim-age.com\/es\/\",\"name\":\"Kilim-Age\",\"description\":\"Somos especialistas en productos artesanales de Turqu\u00eda como Alfombras, y Kilims\",\"potentialAction\":[{\"@type\":\"SearchAction\",\"target\":{\"@type\":\"EntryPoint\",\"urlTemplate\":\"https:\/\/www.kilim-age.com\/es\/?s={search_term_string}\"},\"query-input\":{\"@type\":\"PropertyValueSpecification\",\"valueRequired\":true,\"valueName\":\"search_term_string\"}}],\"inLanguage\":\"es\"}]}<\/script>\n<!-- \/ Yoast SEO plugin. -->","yoast_head_json":{"title":"Comprar Alfombras Modernas Econ\u00f3micas | Kilim-Age | Compra online","description":"Comprar Alfombras Modernas Econ\u00f3micas! Tenemos disponibles la nueva gama de alfombras modernas turcas! Compra online! Env\u00edo y devoluciones gratis!","robots":{"index":"index","follow":"follow","max-snippet":"max-snippet:-1","max-image-preview":"max-image-preview:large","max-video-preview":"max-video-preview:-1"},"canonical":"https:\/\/www.kilim-age.com\/es\/producto\/comprar-alfombras-modernas-economicas\/","og_locale":"es_ES","og_type":"article","og_title":"Comprar Alfombras Modernas Econ\u00f3micas | Kilim-Age | Compra online","og_description":"Comprar Alfombras Modernas Econ\u00f3micas! Tenemos disponibles la nueva gama de alfombras modernas turcas! Compra online! Env\u00edo y devoluciones gratis!","og_url":"https:\/\/www.kilim-age.com\/es\/producto\/comprar-alfombras-modernas-economicas\/","og_site_name":"Kilim-Age","article_modified_time":"2024-12-17T17:21:47+00:00","og_image":[{"width":1000,"height":1300,"url":"https:\/\/www.kilim-age.com\/wp-content\/uploads\/2020\/07\/IMG_6895KA.jpg","type":"image\/jpeg"}],"twitter_card":"summary_large_image","twitter_misc":{"Tiempo de lectura":"1 minuto"},"schema":{"@context":"https:\/\/schema.org","@graph":[{"@type":"WebPage","@id":"https:\/\/www.kilim-age.com\/es\/producto\/comprar-alfombras-modernas-economicas\/","url":"https:\/\/www.kilim-age.com\/es\/producto\/comprar-alfombras-modernas-economicas\/","name":"Comprar Alfombras Modernas Econ\u00f3micas | Kilim-Age | Compra online","isPartOf":{"@id":"https:\/\/www.kilim-age.com\/es\/#website"},"primaryImageOfPage":{"@id":"https:\/\/www.kilim-age.com\/es\/producto\/comprar-alfombras-modernas-economicas\/#primaryimage"},"image":{"@id":"https:\/\/www.kilim-age.com\/es\/producto\/comprar-alfombras-modernas-economicas\/#primaryimage"},"thumbnailUrl":"https:\/\/www.kilim-age.com\/wp-content\/uploads\/2020\/07\/IMG_6895KA.jpg","datePublished":"2020-07-09T11:32:24+00:00","dateModified":"2024-12-17T17:21:47+00:00","description":"Comprar Alfombras Modernas Econ\u00f3micas! Tenemos disponibles la nueva gama de alfombras modernas turcas! Compra online! Env\u00edo y devoluciones gratis!","breadcrumb":{"@id":"https:\/\/www.kilim-age.com\/es\/producto\/comprar-alfombras-modernas-economicas\/#breadcrumb"},"inLanguage":"es","potentialAction":[{"@type":"ReadAction","target":["https:\/\/www.kilim-age.com\/es\/producto\/comprar-alfombras-modernas-economicas\/"]}]},{"@type":"ImageObject","inLanguage":"es","@id":"https:\/\/www.kilim-age.com\/es\/producto\/comprar-alfombras-modernas-economicas\/#primaryimage","url":"https:\/\/www.kilim-age.com\/wp-content\/uploads\/2020\/07\/IMG_6895KA.jpg","contentUrl":"https:\/\/www.kilim-age.com\/wp-content\/uploads\/2020\/07\/IMG_6895KA.jpg","width":1000,"height":1300,"caption":"Alfombras modernas"},{"@type":"BreadcrumbList","@id":"https:\/\/www.kilim-age.com\/es\/producto\/comprar-alfombras-modernas-economicas\/#breadcrumb","itemListElement":[{"@type":"ListItem","position":1,"name":"Home","item":"https:\/\/www.kilim-age.com\/es\/"},{"@type":"ListItem","position":2,"name":"Shop","item":"https:\/\/www.kilim-age.com\/es\/shop\/"},{"@type":"ListItem","position":3,"name":"ALFOMBRA MODERNA 300 X 200 cm"}]},{"@type":"WebSite","@id":"https:\/\/www.kilim-age.com\/es\/#website","url":"https:\/\/www.kilim-age.com\/es\/","name":"Kilim-Age","description":"Somos especialistas en productos artesanales de Turqu\u00eda como Alfombras, y Kilims","potentialAction":[{"@type":"SearchAction","target":{"@type":"EntryPoint","urlTemplate":"https:\/\/www.kilim-age.com\/es\/?s={search_term_string}"},"query-input":{"@type":"PropertyValueSpecification","valueRequired":true,"valueName":"search_term_string"}}],"inLanguage":"es"}]}},"_links":{"self":[{"href":"https:\/\/www.kilim-age.com\/es\/wp-json\/wp\/v2\/product\/11443","targetHints":{"allow":["GET"]}}],"collection":[{"href":"https:\/\/www.kilim-age.com\/es\/wp-json\/wp\/v2\/product"}],"about":[{"href":"https:\/\/www.kilim-age.com\/es\/wp-json\/wp\/v2\/types\/product"}],"replies":[{"embeddable":true,"href":"https:\/\/www.kilim-age.com\/es\/wp-json\/wp\/v2\/comments?post=11443"}],"wp:featuredmedia":[{"embeddable":true,"href":"https:\/\/www.kilim-age.com\/es\/wp-json\/wp\/v2\/media\/11445"}],"wp:attachment":[{"href":"https:\/\/www.kilim-age.com\/es\/wp-json\/wp\/v2\/media?parent=11443"}],"wp:term":[{"taxonomy":"product_brand","embeddable":true,"href":"https:\/\/www.kilim-age.com\/es\/wp-json\/wp\/v2\/product_brand?post=11443"},{"taxonomy":"product_cat","embeddable":true,"href":"https:\/\/www.kilim-age.com\/es\/wp-json\/wp\/v2\/product_cat?post=11443"},{"taxonomy":"product_tag","embeddable":true,"href":"https:\/\/www.kilim-age.com\/es\/wp-json\/wp\/v2\/product_tag?post=11443"}],"curies":[{"name":"wp","href":"https:\/\/api.w.org\/{rel}","templated":true}]}}