{"id":11466,"date":"2020-07-09T16:13:50","date_gmt":"2020-07-09T16:13:50","guid":{"rendered":"http:\/\/www.kilim-age.com\/?post_type=product&#038;p=11466"},"modified":"2025-12-09T11:59:05","modified_gmt":"2025-12-09T10:59:05","slug":"comprar-alfombras-bereber","status":"publish","type":"product","link":"https:\/\/www.kilim-age.com\/es\/producto\/comprar-alfombras-bereber\/","title":{"rendered":"Alfombra estilo ber\u00e9ber 200&#215;300 cm"},"content":{"rendered":"<strong>COMPRAR ALFOMBRAS MODERNAS BEREBER<\/strong><\/p>\n<p><strong>Comprar Alfombras Bereber! <\/strong>Las nuevas alfombras modernas son una adaptaci\u00f3n de las\u00a0<a href=\"http:\/\/www.kilim-age.com\/es\/categoria-producto\/alfombras-turcas\/alfombras-clasicas\/\">alfombras\u00a0cl\u00e1sicas<\/a>\u00a0a las nuevas tendencias y necesidades de dise\u00f1os actuales. \u00a0En el proceso de fabricaci\u00f3n siempre utilizamos materiales naturales de alta calidad.\u00a0Las alfombras modernas, se caracterizan por tener contraste de colores y formas m\u00e1s\u00a0<a href=\"https:\/\/es.wikipedia.org\/wiki\/Abstracci%C3%B3n_(filosof%C3%ADa)\">abstractas<\/a>. Tienen el pelo m\u00e1s corto que las alfombras cl\u00e1sicas de toda la vida, por ello, el tacto es muy suave y agradable.<\/p>\n<p>En su compocisi\u00f3n combinan materiales como algod\u00f3n, lana, seda y viscosa te\u00f1idos en tintes de minerales naturales. As\u00ed mismo, ofrecen un nivel de mantenimiento muy f\u00e1cil y tienen una\u00a0calidad y resistencia inmejorable.<\/p>\n<p><strong>\u00bfPOR QUE RECOMENDAMOS ALFOMBRAS MODERNAS?<\/strong><\/p>\n<p>Esta nueva tendencia de alfombras suponen una alternativa para aquellos ambientes m\u00e1s homog\u00e9neos. Son alfombras que se adaptan a espacios de cualquier estilo y dan un toque moderno y original. Dan una nota art\u00edstica al ambiente que queremos crear. Ofrecen calidez y visten los espacios para darles consistencia y robustez.","protected":false},"excerpt":{"rendered":"<p style=\"text-align: left;\">Tejido de alta precisi\u00f3n<br \/>\nTama\u00f1o: Varias medidas disponibles en el desplegable<br \/>\nNudos: 1.100.000 points\/m<sup>2<\/sup><br \/>\nEstado: Nuevo<br \/>\nOrigen: Hecha en Turqu\u00eda<br \/>\nMaterial: Viscosa y algod\u00f3nGrosor<br \/>\naproximadamente: 9 mm<br \/>\nTejido de alta precisi\u00f3n.<br \/>\nTodas nuestras alfombras modernas est\u00e1n hechas con materiales naturales de alta calidad.<br \/>\nLos colores de la alfombra se percibir\u00e1n de formas diferentes dependiendo del \u00e1ngulo de visi\u00f3n<br \/>\nPlazo de entrega: 2-5 d\u00edas h\u00e1biles en Espa\u00f1a.<br \/>\nEuropa: 5-7 d\u00edas h\u00e1biles, resto de continentes 7-10 d\u00edas.<\/p>\n","protected":false},"featured_media":11467,"comment_status":"open","ping_status":"closed","template":"","meta":[],"product_brand":[],"product_cat":[62,232],"product_tag":[805,294,806],"class_list":{"0":"post-11466","1":"product","2":"type-product","3":"status-publish","4":"has-post-thumbnail","6":"product_cat-alfombras-turcas","7":"product_cat-alfombras-modernas","8":"product_tag-alfombras-bereber","9":"product_tag-alfombras-modernas","10":"product_tag-modern-bereber-rugs","11":"product_shipping_class-alfombra-grande","12":"pa_ancho-cm-875","13":"pa_color-blanco","14":"pa_color-negro","15":"pa_largo-cm-888","16":"pa_medida-grandes","18":"first","19":"instock","20":"sale","21":"sold-individually","22":"taxable","23":"shipping-taxable","24":"purchasable","25":"product-type-simple"},"yoast_head":"<!-- This site is optimized with the Yoast SEO plugin v24.8.1 - https:\/\/yoast.com\/wordpress\/plugins\/seo\/ -->\n<title>Comprar Alfombras Bereber | Kilim-Age | Comprar Alfombras Online<\/title>\n<meta name=\"description\" content=\"Comprar Alfombras Bereber Online! Visite nuestra web de venta online y descubre nuestra nueva gama de productos de alfombras modernas estilo Bereber!\" \/>\n<meta name=\"robots\" content=\"index, follow, max-snippet:-1, max-image-preview:large, max-video-preview:-1\" \/>\n<link rel=\"canonical\" href=\"https:\/\/kilim-age.com\/en\/producto\/comprar-alfombras-bereber\/\" \/>\n<meta property=\"og:locale\" content=\"es_ES\" \/>\n<meta property=\"og:type\" content=\"article\" \/>\n<meta property=\"og:title\" content=\"Comprar Alfombras Bereber | Kilim-Age | Comprar Alfombras Online\" \/>\n<meta property=\"og:description\" content=\"Comprar Alfombras Bereber Online! Visite nuestra web de venta online y descubre nuestra nueva gama de productos de alfombras modernas estilo Bereber!\" \/>\n<meta property=\"og:url\" content=\"https:\/\/kilim-age.com\/en\/producto\/comprar-alfombras-bereber\/\" \/>\n<meta property=\"og:site_name\" content=\"Kilim-Age\" \/>\n<meta property=\"article:modified_time\" content=\"2025-12-09T10:59:05+00:00\" \/>\n<meta property=\"og:image\" content=\"https:\/\/kilim-age.com\/wp-content\/uploads\/2020\/07\/IMG_6975ka.jpg\" \/>\n\t<meta property=\"og:image:width\" content=\"1000\" \/>\n\t<meta property=\"og:image:height\" content=\"1300\" \/>\n\t<meta property=\"og:image:type\" content=\"image\/jpeg\" \/>\n<meta name=\"twitter:card\" content=\"summary_large_image\" \/>\n<meta name=\"twitter:label1\" content=\"Tiempo de lectura\" \/>\n\t<meta name=\"twitter:data1\" content=\"2 minutos\" \/>\n<script type=\"application\/ld+json\" class=\"yoast-schema-graph\">{\"@context\":\"https:\/\/schema.org\",\"@graph\":[{\"@type\":\"WebPage\",\"@id\":\"https:\/\/kilim-age.com\/en\/producto\/comprar-alfombras-bereber\/\",\"url\":\"https:\/\/kilim-age.com\/en\/producto\/comprar-alfombras-bereber\/\",\"name\":\"Comprar Alfombras Bereber | Kilim-Age | Comprar Alfombras Online\",\"isPartOf\":{\"@id\":\"https:\/\/kilim-age.com\/en\/#website\"},\"primaryImageOfPage\":{\"@id\":\"https:\/\/kilim-age.com\/en\/producto\/comprar-alfombras-bereber\/#primaryimage\"},\"image\":{\"@id\":\"https:\/\/kilim-age.com\/en\/producto\/comprar-alfombras-bereber\/#primaryimage\"},\"thumbnailUrl\":\"https:\/\/www.kilim-age.com\/wp-content\/uploads\/2020\/07\/IMG_6975ka.jpg\",\"datePublished\":\"2020-07-09T16:13:50+00:00\",\"dateModified\":\"2025-12-09T10:59:05+00:00\",\"description\":\"Comprar Alfombras Bereber Online! Visite nuestra web de venta online y descubre nuestra nueva gama de productos de alfombras modernas estilo Bereber!\",\"breadcrumb\":{\"@id\":\"https:\/\/kilim-age.com\/en\/producto\/comprar-alfombras-bereber\/#breadcrumb\"},\"inLanguage\":\"es\",\"potentialAction\":[{\"@type\":\"ReadAction\",\"target\":[\"https:\/\/kilim-age.com\/en\/producto\/comprar-alfombras-bereber\/\"]}]},{\"@type\":\"ImageObject\",\"inLanguage\":\"es\",\"@id\":\"https:\/\/kilim-age.com\/en\/producto\/comprar-alfombras-bereber\/#primaryimage\",\"url\":\"https:\/\/www.kilim-age.com\/wp-content\/uploads\/2020\/07\/IMG_6975ka.jpg\",\"contentUrl\":\"https:\/\/www.kilim-age.com\/wp-content\/uploads\/2020\/07\/IMG_6975ka.jpg\",\"width\":1000,\"height\":1300,\"caption\":\"Alfombras modernas Bereber\"},{\"@type\":\"BreadcrumbList\",\"@id\":\"https:\/\/kilim-age.com\/en\/producto\/comprar-alfombras-bereber\/#breadcrumb\",\"itemListElement\":[{\"@type\":\"ListItem\",\"position\":1,\"name\":\"Home\",\"item\":\"https:\/\/kilim-age.com\/en\/\"},{\"@type\":\"ListItem\",\"position\":2,\"name\":\"Shop\",\"item\":\"https:\/\/kilim-age.com\/es\/shop\/\"},{\"@type\":\"ListItem\",\"position\":3,\"name\":\"Berber-style rug 200&#215;300 cm\"}]},{\"@type\":\"WebSite\",\"@id\":\"https:\/\/kilim-age.com\/en\/#website\",\"url\":\"https:\/\/kilim-age.com\/en\/\",\"name\":\"Kilim-Age\",\"description\":\"Somos especialistas en productos artesanales de Turqu\u00eda como Alfombras, y Kilims\",\"potentialAction\":[{\"@type\":\"SearchAction\",\"target\":{\"@type\":\"EntryPoint\",\"urlTemplate\":\"https:\/\/kilim-age.com\/en\/?s={search_term_string}\"},\"query-input\":{\"@type\":\"PropertyValueSpecification\",\"valueRequired\":true,\"valueName\":\"search_term_string\"}}],\"inLanguage\":\"es\"}]}<\/script>\n<!-- \/ Yoast SEO plugin. -->","yoast_head_json":{"title":"Comprar Alfombras Bereber | Kilim-Age | Comprar Alfombras Online","description":"Comprar Alfombras Bereber Online! Visite nuestra web de venta online y descubre nuestra nueva gama de productos de alfombras modernas estilo Bereber!","robots":{"index":"index","follow":"follow","max-snippet":"max-snippet:-1","max-image-preview":"max-image-preview:large","max-video-preview":"max-video-preview:-1"},"canonical":"https:\/\/kilim-age.com\/en\/producto\/comprar-alfombras-bereber\/","og_locale":"es_ES","og_type":"article","og_title":"Comprar Alfombras Bereber | Kilim-Age | Comprar Alfombras Online","og_description":"Comprar Alfombras Bereber Online! Visite nuestra web de venta online y descubre nuestra nueva gama de productos de alfombras modernas estilo Bereber!","og_url":"https:\/\/kilim-age.com\/en\/producto\/comprar-alfombras-bereber\/","og_site_name":"Kilim-Age","article_modified_time":"2025-12-09T10:59:05+00:00","og_image":[{"width":1000,"height":1300,"url":"https:\/\/kilim-age.com\/wp-content\/uploads\/2020\/07\/IMG_6975ka.jpg","type":"image\/jpeg"}],"twitter_card":"summary_large_image","twitter_misc":{"Tiempo de lectura":"2 minutos"},"schema":{"@context":"https:\/\/schema.org","@graph":[{"@type":"WebPage","@id":"https:\/\/kilim-age.com\/en\/producto\/comprar-alfombras-bereber\/","url":"https:\/\/kilim-age.com\/en\/producto\/comprar-alfombras-bereber\/","name":"Comprar Alfombras Bereber | Kilim-Age | Comprar Alfombras Online","isPartOf":{"@id":"https:\/\/kilim-age.com\/en\/#website"},"primaryImageOfPage":{"@id":"https:\/\/kilim-age.com\/en\/producto\/comprar-alfombras-bereber\/#primaryimage"},"image":{"@id":"https:\/\/kilim-age.com\/en\/producto\/comprar-alfombras-bereber\/#primaryimage"},"thumbnailUrl":"https:\/\/www.kilim-age.com\/wp-content\/uploads\/2020\/07\/IMG_6975ka.jpg","datePublished":"2020-07-09T16:13:50+00:00","dateModified":"2025-12-09T10:59:05+00:00","description":"Comprar Alfombras Bereber Online! Visite nuestra web de venta online y descubre nuestra nueva gama de productos de alfombras modernas estilo Bereber!","breadcrumb":{"@id":"https:\/\/kilim-age.com\/en\/producto\/comprar-alfombras-bereber\/#breadcrumb"},"inLanguage":"es","potentialAction":[{"@type":"ReadAction","target":["https:\/\/kilim-age.com\/en\/producto\/comprar-alfombras-bereber\/"]}]},{"@type":"ImageObject","inLanguage":"es","@id":"https:\/\/kilim-age.com\/en\/producto\/comprar-alfombras-bereber\/#primaryimage","url":"https:\/\/www.kilim-age.com\/wp-content\/uploads\/2020\/07\/IMG_6975ka.jpg","contentUrl":"https:\/\/www.kilim-age.com\/wp-content\/uploads\/2020\/07\/IMG_6975ka.jpg","width":1000,"height":1300,"caption":"Alfombras modernas Bereber"},{"@type":"BreadcrumbList","@id":"https:\/\/kilim-age.com\/en\/producto\/comprar-alfombras-bereber\/#breadcrumb","itemListElement":[{"@type":"ListItem","position":1,"name":"Home","item":"https:\/\/kilim-age.com\/en\/"},{"@type":"ListItem","position":2,"name":"Shop","item":"https:\/\/kilim-age.com\/es\/shop\/"},{"@type":"ListItem","position":3,"name":"Berber-style rug 200&#215;300 cm"}]},{"@type":"WebSite","@id":"https:\/\/kilim-age.com\/en\/#website","url":"https:\/\/kilim-age.com\/en\/","name":"Kilim-Age","description":"Somos especialistas en productos artesanales de Turqu\u00eda como Alfombras, y Kilims","potentialAction":[{"@type":"SearchAction","target":{"@type":"EntryPoint","urlTemplate":"https:\/\/kilim-age.com\/en\/?s={search_term_string}"},"query-input":{"@type":"PropertyValueSpecification","valueRequired":true,"valueName":"search_term_string"}}],"inLanguage":"es"}]}},"_links":{"self":[{"href":"https:\/\/www.kilim-age.com\/es\/wp-json\/wp\/v2\/product\/11466","targetHints":{"allow":["GET"]}}],"collection":[{"href":"https:\/\/www.kilim-age.com\/es\/wp-json\/wp\/v2\/product"}],"about":[{"href":"https:\/\/www.kilim-age.com\/es\/wp-json\/wp\/v2\/types\/product"}],"replies":[{"embeddable":true,"href":"https:\/\/www.kilim-age.com\/es\/wp-json\/wp\/v2\/comments?post=11466"}],"wp:featuredmedia":[{"embeddable":true,"href":"https:\/\/www.kilim-age.com\/es\/wp-json\/wp\/v2\/media\/11467"}],"wp:attachment":[{"href":"https:\/\/www.kilim-age.com\/es\/wp-json\/wp\/v2\/media?parent=11466"}],"wp:term":[{"taxonomy":"product_brand","embeddable":true,"href":"https:\/\/www.kilim-age.com\/es\/wp-json\/wp\/v2\/product_brand?post=11466"},{"taxonomy":"product_cat","embeddable":true,"href":"https:\/\/www.kilim-age.com\/es\/wp-json\/wp\/v2\/product_cat?post=11466"},{"taxonomy":"product_tag","embeddable":true,"href":"https:\/\/www.kilim-age.com\/es\/wp-json\/wp\/v2\/product_tag?post=11466"}],"curies":[{"name":"wp","href":"https:\/\/api.w.org\/{rel}","templated":true}]}}