{"id":11502,"date":"2020-07-10T16:46:45","date_gmt":"2020-07-10T16:46:45","guid":{"rendered":"http:\/\/www.kilim-age.com\/?post_type=product&#038;p=11502"},"modified":"2024-12-19T20:07:37","modified_gmt":"2024-12-19T19:07:37","slug":"alfombra-moderna-300-x-200-cm","status":"publish","type":"product","link":"https:\/\/www.kilim-age.com\/es\/producto\/alfombra-moderna-300-x-200-cm\/","title":{"rendered":"ALFOMBRA MODERNA 200&#215;300 m"},"content":{"rendered":"<strong>ALFOMBRAS MODERNAS \u00a0<\/strong><\/p>\n<p>Las Alfombras modernas son una adaptaci\u00f3n de las\u00a0<a href=\"http:\/\/www.kilim-age.com\/es\/categoria-producto\/alfombras-turcas\/alfombras-clasicas\/\">alfombras\u00a0cl\u00e1sicas<\/a>\u00a0a las nuevas tendencias y necesidades de dise\u00f1os actuales. \u00a0En el proceso de fabricaci\u00f3n siempre utilizamos materiales naturales de alta calidad.\u00a0Las alfombras modernas, se caracterizan por tener contraste de colores y formas m\u00e1s\u00a0<a href=\"https:\/\/es.wikipedia.org\/wiki\/Abstracci%C3%B3n_(filosof%C3%ADa)\">abstractas<\/a>. Tienen el pelo m\u00e1s corto que las alfombras cl\u00e1sicas de toda la vida, por ello, el tacto es muy suave y agradable.<\/p>\n<p>En su compocisi\u00f3n combinan materiales como algod\u00f3n, lana, seda y viscosa te\u00f1idos en tintes de minerales naturales. As\u00ed mismo, ofrecen un nivel de mantenimiento muy f\u00e1cil y tienen una\u00a0calidad y resistencia inmejorable.<\/p>\n<p><strong>\u00bfPOR QUE RECOMENDAMOS ALFOMBRAS MODERNAS?<\/strong><\/p>\n<p>Esta nueva tendencia de alfombras suponen una alternativa para aquellos ambientes m\u00e1s homog\u00e9neos. Son alfombras que se adaptan a espacios de cualquier estilo y dan un toque moderno y original. Dan una nota art\u00edstica al ambiente que queremos crear. Ofrecen calidez y visten los espacios para darles consistencia y robustez.<\/p>\n<p>&nbsp;","protected":false},"excerpt":{"rendered":"<p style=\"text-align: left;\">Fabricaci\u00f3n: Tejido maquina<br \/>\nTama\u00f1o: 200&#215;300 cm<br \/>\nN\u00famero de nudos: aprox 120000 por m\u00b2<br \/>\nEstado: Nuevo<br \/>\nOrigen: Hecha en Turqu\u00eda<br \/>\nPelo: Bambu Seda<br \/>\nUrdimbre: algod\u00f3n<br \/>\nGrosor aprox: 6-7 mm<br \/>\nTodas nuestras alfombras modernas est\u00e1n hechas con materiales naturales de alta calidad.<br \/>\nLos colores de la alfombra se percibir\u00e1n de formas diferentes dependiendo del \u00e1ngulo de visi\u00f3n<\/p>\n<p style=\"text-align: left;\"><b>\u00a0<\/b><\/p>\n","protected":false},"featured_media":11503,"comment_status":"open","ping_status":"closed","template":"","meta":[],"product_brand":[],"product_cat":[62,232],"product_tag":[294,799,803],"class_list":{"0":"post-11502","1":"product","2":"type-product","3":"status-publish","4":"has-post-thumbnail","6":"product_cat-alfombras-turcas","7":"product_cat-alfombras-modernas","8":"product_tag-alfombras-modernas","9":"product_tag-alfombras-modernas-economicas","10":"product_tag-modern-carpets","11":"product_shipping_class-alfombra-grande","12":"pa_medida-grandes","14":"first","15":"outofstock","16":"sale","17":"sold-individually","18":"taxable","19":"shipping-taxable","20":"purchasable","21":"product-type-simple"},"yoast_head":"<!-- This site is optimized with the Yoast SEO plugin v24.8.1 - https:\/\/yoast.com\/wordpress\/plugins\/seo\/ -->\n<title>MODERN CARPETS | Kilim-Age | Contemporary Turkish Modern Carpets<\/title>\n<meta name=\"description\" content=\"Modern Carpets! Available in our online web store. Special Sale! Visit us and get your Modern Contemporary Carpet! -20% -30%. Worldwide Shipping!\" \/>\n<meta name=\"robots\" content=\"index, follow, max-snippet:-1, max-image-preview:large, max-video-preview:-1\" \/>\n<link rel=\"canonical\" href=\"https:\/\/kilim-age.com\/en\/producto\/alfombra-moderna-300-x-200-cm\/\" \/>\n<meta property=\"og:locale\" content=\"es_ES\" \/>\n<meta property=\"og:type\" content=\"article\" \/>\n<meta property=\"og:title\" content=\"MODERN CARPETS | Kilim-Age | Contemporary Turkish Modern Carpets\" \/>\n<meta property=\"og:description\" content=\"Modern Carpets! Available in our online web store. Special Sale! Visit us and get your Modern Contemporary Carpet! -20% -30%. Worldwide Shipping!\" \/>\n<meta property=\"og:url\" content=\"https:\/\/kilim-age.com\/en\/producto\/alfombra-moderna-300-x-200-cm\/\" \/>\n<meta property=\"og:site_name\" content=\"Kilim-Age\" \/>\n<meta property=\"article:modified_time\" content=\"2024-12-19T19:07:37+00:00\" \/>\n<meta property=\"og:image\" content=\"https:\/\/kilim-age.com\/wp-content\/uploads\/2020\/07\/ELEXUS-OLIMPOS_1943.jpg\" \/>\n\t<meta property=\"og:image:width\" content=\"1200\" \/>\n\t<meta property=\"og:image:height\" content=\"1500\" \/>\n\t<meta property=\"og:image:type\" content=\"image\/jpeg\" \/>\n<meta name=\"twitter:card\" content=\"summary_large_image\" \/>\n<meta name=\"twitter:label1\" content=\"Tiempo de lectura\" \/>\n\t<meta name=\"twitter:data1\" content=\"1 minuto\" \/>\n<script type=\"application\/ld+json\" class=\"yoast-schema-graph\">{\"@context\":\"https:\/\/schema.org\",\"@graph\":[{\"@type\":\"WebPage\",\"@id\":\"https:\/\/kilim-age.com\/en\/producto\/alfombra-moderna-300-x-200-cm\/\",\"url\":\"https:\/\/kilim-age.com\/en\/producto\/alfombra-moderna-300-x-200-cm\/\",\"name\":\"MODERN CARPETS | Kilim-Age | Contemporary Turkish Modern Carpets\",\"isPartOf\":{\"@id\":\"https:\/\/kilim-age.com\/en\/#website\"},\"primaryImageOfPage\":{\"@id\":\"https:\/\/kilim-age.com\/en\/producto\/alfombra-moderna-300-x-200-cm\/#primaryimage\"},\"image\":{\"@id\":\"https:\/\/kilim-age.com\/en\/producto\/alfombra-moderna-300-x-200-cm\/#primaryimage\"},\"thumbnailUrl\":\"https:\/\/www.kilim-age.com\/wp-content\/uploads\/2020\/07\/ELEXUS-OLIMPOS_1943.jpg\",\"datePublished\":\"2020-07-10T16:46:45+00:00\",\"dateModified\":\"2024-12-19T19:07:37+00:00\",\"description\":\"Modern Carpets! Available in our online web store. Special Sale! Visit us and get your Modern Contemporary Carpet! -20% -30%. Worldwide Shipping!\",\"breadcrumb\":{\"@id\":\"https:\/\/kilim-age.com\/en\/producto\/alfombra-moderna-300-x-200-cm\/#breadcrumb\"},\"inLanguage\":\"es\",\"potentialAction\":[{\"@type\":\"ReadAction\",\"target\":[\"https:\/\/kilim-age.com\/en\/producto\/alfombra-moderna-300-x-200-cm\/\"]}]},{\"@type\":\"ImageObject\",\"inLanguage\":\"es\",\"@id\":\"https:\/\/kilim-age.com\/en\/producto\/alfombra-moderna-300-x-200-cm\/#primaryimage\",\"url\":\"https:\/\/www.kilim-age.com\/wp-content\/uploads\/2020\/07\/ELEXUS-OLIMPOS_1943.jpg\",\"contentUrl\":\"https:\/\/www.kilim-age.com\/wp-content\/uploads\/2020\/07\/ELEXUS-OLIMPOS_1943.jpg\",\"width\":1200,\"height\":1500,\"caption\":\"Alfombras Modernas\"},{\"@type\":\"BreadcrumbList\",\"@id\":\"https:\/\/kilim-age.com\/en\/producto\/alfombra-moderna-300-x-200-cm\/#breadcrumb\",\"itemListElement\":[{\"@type\":\"ListItem\",\"position\":1,\"name\":\"Home\",\"item\":\"https:\/\/kilim-age.com\/en\/\"},{\"@type\":\"ListItem\",\"position\":2,\"name\":\"Shop\",\"item\":\"https:\/\/kilim-age.com\/es\/shop\/\"},{\"@type\":\"ListItem\",\"position\":3,\"name\":\"MODERN CARPETS 300 X 200 cm\"}]},{\"@type\":\"WebSite\",\"@id\":\"https:\/\/kilim-age.com\/en\/#website\",\"url\":\"https:\/\/kilim-age.com\/en\/\",\"name\":\"Kilim-Age\",\"description\":\"Somos especialistas en productos artesanales de Turqu\u00eda como Alfombras, y Kilims\",\"potentialAction\":[{\"@type\":\"SearchAction\",\"target\":{\"@type\":\"EntryPoint\",\"urlTemplate\":\"https:\/\/kilim-age.com\/en\/?s={search_term_string}\"},\"query-input\":{\"@type\":\"PropertyValueSpecification\",\"valueRequired\":true,\"valueName\":\"search_term_string\"}}],\"inLanguage\":\"es\"}]}<\/script>\n<!-- \/ Yoast SEO plugin. -->","yoast_head_json":{"title":"MODERN CARPETS | Kilim-Age | Contemporary Turkish Modern Carpets","description":"Modern Carpets! Available in our online web store. Special Sale! Visit us and get your Modern Contemporary Carpet! -20% -30%. Worldwide Shipping!","robots":{"index":"index","follow":"follow","max-snippet":"max-snippet:-1","max-image-preview":"max-image-preview:large","max-video-preview":"max-video-preview:-1"},"canonical":"https:\/\/kilim-age.com\/en\/producto\/alfombra-moderna-300-x-200-cm\/","og_locale":"es_ES","og_type":"article","og_title":"MODERN CARPETS | Kilim-Age | Contemporary Turkish Modern Carpets","og_description":"Modern Carpets! Available in our online web store. Special Sale! Visit us and get your Modern Contemporary Carpet! -20% -30%. Worldwide Shipping!","og_url":"https:\/\/kilim-age.com\/en\/producto\/alfombra-moderna-300-x-200-cm\/","og_site_name":"Kilim-Age","article_modified_time":"2024-12-19T19:07:37+00:00","og_image":[{"width":1200,"height":1500,"url":"https:\/\/kilim-age.com\/wp-content\/uploads\/2020\/07\/ELEXUS-OLIMPOS_1943.jpg","type":"image\/jpeg"}],"twitter_card":"summary_large_image","twitter_misc":{"Tiempo de lectura":"1 minuto"},"schema":{"@context":"https:\/\/schema.org","@graph":[{"@type":"WebPage","@id":"https:\/\/kilim-age.com\/en\/producto\/alfombra-moderna-300-x-200-cm\/","url":"https:\/\/kilim-age.com\/en\/producto\/alfombra-moderna-300-x-200-cm\/","name":"MODERN CARPETS | Kilim-Age | Contemporary Turkish Modern Carpets","isPartOf":{"@id":"https:\/\/kilim-age.com\/en\/#website"},"primaryImageOfPage":{"@id":"https:\/\/kilim-age.com\/en\/producto\/alfombra-moderna-300-x-200-cm\/#primaryimage"},"image":{"@id":"https:\/\/kilim-age.com\/en\/producto\/alfombra-moderna-300-x-200-cm\/#primaryimage"},"thumbnailUrl":"https:\/\/www.kilim-age.com\/wp-content\/uploads\/2020\/07\/ELEXUS-OLIMPOS_1943.jpg","datePublished":"2020-07-10T16:46:45+00:00","dateModified":"2024-12-19T19:07:37+00:00","description":"Modern Carpets! Available in our online web store. Special Sale! Visit us and get your Modern Contemporary Carpet! -20% -30%. Worldwide Shipping!","breadcrumb":{"@id":"https:\/\/kilim-age.com\/en\/producto\/alfombra-moderna-300-x-200-cm\/#breadcrumb"},"inLanguage":"es","potentialAction":[{"@type":"ReadAction","target":["https:\/\/kilim-age.com\/en\/producto\/alfombra-moderna-300-x-200-cm\/"]}]},{"@type":"ImageObject","inLanguage":"es","@id":"https:\/\/kilim-age.com\/en\/producto\/alfombra-moderna-300-x-200-cm\/#primaryimage","url":"https:\/\/www.kilim-age.com\/wp-content\/uploads\/2020\/07\/ELEXUS-OLIMPOS_1943.jpg","contentUrl":"https:\/\/www.kilim-age.com\/wp-content\/uploads\/2020\/07\/ELEXUS-OLIMPOS_1943.jpg","width":1200,"height":1500,"caption":"Alfombras Modernas"},{"@type":"BreadcrumbList","@id":"https:\/\/kilim-age.com\/en\/producto\/alfombra-moderna-300-x-200-cm\/#breadcrumb","itemListElement":[{"@type":"ListItem","position":1,"name":"Home","item":"https:\/\/kilim-age.com\/en\/"},{"@type":"ListItem","position":2,"name":"Shop","item":"https:\/\/kilim-age.com\/es\/shop\/"},{"@type":"ListItem","position":3,"name":"MODERN CARPETS 300 X 200 cm"}]},{"@type":"WebSite","@id":"https:\/\/kilim-age.com\/en\/#website","url":"https:\/\/kilim-age.com\/en\/","name":"Kilim-Age","description":"Somos especialistas en productos artesanales de Turqu\u00eda como Alfombras, y Kilims","potentialAction":[{"@type":"SearchAction","target":{"@type":"EntryPoint","urlTemplate":"https:\/\/kilim-age.com\/en\/?s={search_term_string}"},"query-input":{"@type":"PropertyValueSpecification","valueRequired":true,"valueName":"search_term_string"}}],"inLanguage":"es"}]}},"_links":{"self":[{"href":"https:\/\/www.kilim-age.com\/es\/wp-json\/wp\/v2\/product\/11502","targetHints":{"allow":["GET"]}}],"collection":[{"href":"https:\/\/www.kilim-age.com\/es\/wp-json\/wp\/v2\/product"}],"about":[{"href":"https:\/\/www.kilim-age.com\/es\/wp-json\/wp\/v2\/types\/product"}],"replies":[{"embeddable":true,"href":"https:\/\/www.kilim-age.com\/es\/wp-json\/wp\/v2\/comments?post=11502"}],"wp:featuredmedia":[{"embeddable":true,"href":"https:\/\/www.kilim-age.com\/es\/wp-json\/wp\/v2\/media\/11503"}],"wp:attachment":[{"href":"https:\/\/www.kilim-age.com\/es\/wp-json\/wp\/v2\/media?parent=11502"}],"wp:term":[{"taxonomy":"product_brand","embeddable":true,"href":"https:\/\/www.kilim-age.com\/es\/wp-json\/wp\/v2\/product_brand?post=11502"},{"taxonomy":"product_cat","embeddable":true,"href":"https:\/\/www.kilim-age.com\/es\/wp-json\/wp\/v2\/product_cat?post=11502"},{"taxonomy":"product_tag","embeddable":true,"href":"https:\/\/www.kilim-age.com\/es\/wp-json\/wp\/v2\/product_tag?post=11502"}],"curies":[{"name":"wp","href":"https:\/\/api.w.org\/{rel}","templated":true}]}}