{"id":1186,"date":"2017-04-05T20:43:50","date_gmt":"2017-04-05T20:43:50","guid":{"rendered":"http:\/\/www.kilim-age.com\/?post_type=product&#038;p=1186"},"modified":"2021-07-18T16:57:03","modified_gmt":"2021-07-18T14:57:03","slug":"anatolian-kilim-236-x-144-cm","status":"publish","type":"product","link":"https:\/\/www.kilim-age.com\/es\/producto\/anatolian-kilim-236-x-144-cm\/","title":{"rendered":"ANATOLIAN KILIM 236 X 144 cm"},"content":{"rendered":"\u00bfQUE ES KILIM?<\/p>\n<p>Se les denomina as\u00ed a los tapetes o alfombras planas, sin pelo ni nudos, tejidas a mano con lana. Nacieron hace unos 3.500 a\u00f1os en Asia Central, desde donde se fueron extendiendo hacia Europa Oriental, \u00c1frica del Norte y m\u00e1s tarde Europa Occidental. Son consideradas, por tanto, las alfombras m\u00e1s antiguas del mundo.<br \/>\nSe caracterizan por sus dibujos geom\u00e9tricos con colores vivos obtenidos gracias a tinturas naturales. El kilim es, b\u00e1sicamente, el esqueleto de la alfombra, pero sin los nudos, los hilos verticales (urdimbre) cruzados con los hilos horizontales (trama) pero sin poner nudos y por lo tanto no tiene pelo, sino que se trata \u00fanicamente de un tejido con dibujos. Este hecho es, al mismo tiempo, su principal ventaja por un lado pesa poco, es liviana y nos transmite una imagen fresca y ligera.","protected":false},"excerpt":{"rendered":"<p>Fabricaci\u00f3n: Hecho a mano<br \/>\nTama\u00f1o:236 X 144 cm<br \/>\nEstado:Semi antigua, aproximadamente 20-25 a\u00f1os, Anatolia centro<br \/>\nOrigen: Turqu\u00eda<br \/>\nMaterial: Lana<br \/>\nGrosor aprox: 2-3 mm<br \/>\nTe\u00f1ido colores naturales.<br \/>\nLos colores de la alfombra se percibir\u00e1n de formas diferentes dependiendo del \u00e1ngulo de visi\u00f3n<br \/>\nPlazo de entrega:3-6 d\u00edas h\u00e1biles en Espa\u00f1a.<br \/>\nEuropa: 7-10 d\u00edas h\u00e1biles, resto de continentes 15-20 d\u00edas.<\/p>\n","protected":false},"featured_media":1187,"comment_status":"open","ping_status":"closed","template":"","meta":[],"product_brand":[],"product_cat":[1054,61,829],"product_tag":[73,72,81],"class_list":{"0":"post-1186","1":"product","2":"type-product","3":"status-publish","4":"has-post-thumbnail","6":"product_cat-ofertas","7":"product_cat-kilims","8":"product_cat-toda-la-coleccion-kilim","9":"product_tag-anatolian-kilim","10":"product_tag-kilim","11":"product_tag-kilim-cicim","12":"product_shipping_class-kilim-mediano","13":"pa_ancho-cm-981","14":"pa_color-teja","15":"pa_color-terracota","16":"pa_largo-cm-933","17":"pa_medida-medianos","19":"first","20":"instock","21":"sale","22":"sold-individually","23":"taxable","24":"shipping-taxable","25":"purchasable","26":"product-type-simple"},"yoast_head":"<!-- This site is optimized with the Yoast SEO plugin v24.8.1 - https:\/\/yoast.com\/wordpress\/plugins\/seo\/ -->\n<title>ANATOLIAN KILIM 236 X 144 cm | Kilim-Age<\/title>\n<meta name=\"robots\" content=\"index, follow, max-snippet:-1, max-image-preview:large, max-video-preview:-1\" \/>\n<link rel=\"canonical\" href=\"https:\/\/www.kilim-age.com\/es\/producto\/anatolian-kilim-236-x-144-cm\/\" \/>\n<meta property=\"og:locale\" content=\"es_ES\" \/>\n<meta property=\"og:type\" content=\"article\" \/>\n<meta property=\"og:title\" content=\"ANATOLIAN KILIM 236 X 144 cm | Kilim-Age\" \/>\n<meta property=\"og:description\" content=\"Fabricaci\u00f3n: Hecho a mano Tama\u00f1o:236 X 144 cm Estado:Semi antigua, aproximadamente 20-25 a\u00f1os, Anatolia centro Origen: Turqu\u00eda Material: Lana Grosor aprox: 2-3 mm Te\u00f1ido colores naturales. Los colores de la alfombra se percibir\u00e1n de formas diferentes dependiendo del \u00e1ngulo de visi\u00f3n Plazo de entrega:3-6 d\u00edas h\u00e1biles en Espa\u00f1a. Europa: 7-10 d\u00edas h\u00e1biles, resto de continentes 15-20 d\u00edas.\" \/>\n<meta property=\"og:url\" content=\"https:\/\/www.kilim-age.com\/es\/producto\/anatolian-kilim-236-x-144-cm\/\" \/>\n<meta property=\"og:site_name\" content=\"Kilim-Age\" \/>\n<meta property=\"article:modified_time\" content=\"2021-07-18T14:57:03+00:00\" \/>\n<meta property=\"og:image\" content=\"https:\/\/www.kilim-age.com\/wp-content\/uploads\/2017\/04\/WEB-836.jpg\" \/>\n\t<meta property=\"og:image:width\" content=\"635\" \/>\n\t<meta property=\"og:image:height\" content=\"850\" \/>\n\t<meta property=\"og:image:type\" content=\"image\/jpeg\" \/>\n<meta name=\"twitter:card\" content=\"summary_large_image\" \/>\n<meta name=\"twitter:label1\" content=\"Tiempo de lectura\" \/>\n\t<meta name=\"twitter:data1\" content=\"1 minuto\" \/>\n<script type=\"application\/ld+json\" class=\"yoast-schema-graph\">{\"@context\":\"https:\/\/schema.org\",\"@graph\":[{\"@type\":\"WebPage\",\"@id\":\"https:\/\/www.kilim-age.com\/es\/producto\/anatolian-kilim-236-x-144-cm\/\",\"url\":\"https:\/\/www.kilim-age.com\/es\/producto\/anatolian-kilim-236-x-144-cm\/\",\"name\":\"ANATOLIAN KILIM 236 X 144 cm | Kilim-Age\",\"isPartOf\":{\"@id\":\"https:\/\/kilim-age.com\/en\/#website\"},\"primaryImageOfPage\":{\"@id\":\"https:\/\/www.kilim-age.com\/es\/producto\/anatolian-kilim-236-x-144-cm\/#primaryimage\"},\"image\":{\"@id\":\"https:\/\/www.kilim-age.com\/es\/producto\/anatolian-kilim-236-x-144-cm\/#primaryimage\"},\"thumbnailUrl\":\"https:\/\/www.kilim-age.com\/wp-content\/uploads\/2017\/04\/WEB-836.jpg\",\"datePublished\":\"2017-04-05T20:43:50+00:00\",\"dateModified\":\"2021-07-18T14:57:03+00:00\",\"breadcrumb\":{\"@id\":\"https:\/\/www.kilim-age.com\/es\/producto\/anatolian-kilim-236-x-144-cm\/#breadcrumb\"},\"inLanguage\":\"es\",\"potentialAction\":[{\"@type\":\"ReadAction\",\"target\":[\"https:\/\/www.kilim-age.com\/es\/producto\/anatolian-kilim-236-x-144-cm\/\"]}]},{\"@type\":\"ImageObject\",\"inLanguage\":\"es\",\"@id\":\"https:\/\/www.kilim-age.com\/es\/producto\/anatolian-kilim-236-x-144-cm\/#primaryimage\",\"url\":\"https:\/\/www.kilim-age.com\/wp-content\/uploads\/2017\/04\/WEB-836.jpg\",\"contentUrl\":\"https:\/\/www.kilim-age.com\/wp-content\/uploads\/2017\/04\/WEB-836.jpg\",\"width\":635,\"height\":850,\"caption\":\"Kilim\"},{\"@type\":\"BreadcrumbList\",\"@id\":\"https:\/\/www.kilim-age.com\/es\/producto\/anatolian-kilim-236-x-144-cm\/#breadcrumb\",\"itemListElement\":[{\"@type\":\"ListItem\",\"position\":1,\"name\":\"Home\",\"item\":\"https:\/\/kilim-age.com\/en\/\"},{\"@type\":\"ListItem\",\"position\":2,\"name\":\"Shop\",\"item\":\"https:\/\/kilim-age.com\/en\/shop\/\"},{\"@type\":\"ListItem\",\"position\":3,\"name\":\"ANATOLIAN KILIM 236 X 144 cm\"}]},{\"@type\":\"WebSite\",\"@id\":\"https:\/\/kilim-age.com\/en\/#website\",\"url\":\"https:\/\/kilim-age.com\/en\/\",\"name\":\"Kilim-Age\",\"description\":\"Somos especialistas en productos artesanales de Turqu\u00eda como Alfombras, y Kilims\",\"potentialAction\":[{\"@type\":\"SearchAction\",\"target\":{\"@type\":\"EntryPoint\",\"urlTemplate\":\"https:\/\/kilim-age.com\/en\/?s={search_term_string}\"},\"query-input\":{\"@type\":\"PropertyValueSpecification\",\"valueRequired\":true,\"valueName\":\"search_term_string\"}}],\"inLanguage\":\"es\"}]}<\/script>\n<!-- \/ Yoast SEO plugin. -->","yoast_head_json":{"title":"ANATOLIAN KILIM 236 X 144 cm | Kilim-Age","robots":{"index":"index","follow":"follow","max-snippet":"max-snippet:-1","max-image-preview":"max-image-preview:large","max-video-preview":"max-video-preview:-1"},"canonical":"https:\/\/www.kilim-age.com\/es\/producto\/anatolian-kilim-236-x-144-cm\/","og_locale":"es_ES","og_type":"article","og_title":"ANATOLIAN KILIM 236 X 144 cm | Kilim-Age","og_description":"Fabricaci\u00f3n: Hecho a mano Tama\u00f1o:236 X 144 cm Estado:Semi antigua, aproximadamente 20-25 a\u00f1os, Anatolia centro Origen: Turqu\u00eda Material: Lana Grosor aprox: 2-3 mm Te\u00f1ido colores naturales. Los colores de la alfombra se percibir\u00e1n de formas diferentes dependiendo del \u00e1ngulo de visi\u00f3n Plazo de entrega:3-6 d\u00edas h\u00e1biles en Espa\u00f1a. Europa: 7-10 d\u00edas h\u00e1biles, resto de continentes 15-20 d\u00edas.","og_url":"https:\/\/www.kilim-age.com\/es\/producto\/anatolian-kilim-236-x-144-cm\/","og_site_name":"Kilim-Age","article_modified_time":"2021-07-18T14:57:03+00:00","og_image":[{"width":635,"height":850,"url":"https:\/\/www.kilim-age.com\/wp-content\/uploads\/2017\/04\/WEB-836.jpg","type":"image\/jpeg"}],"twitter_card":"summary_large_image","twitter_misc":{"Tiempo de lectura":"1 minuto"},"schema":{"@context":"https:\/\/schema.org","@graph":[{"@type":"WebPage","@id":"https:\/\/www.kilim-age.com\/es\/producto\/anatolian-kilim-236-x-144-cm\/","url":"https:\/\/www.kilim-age.com\/es\/producto\/anatolian-kilim-236-x-144-cm\/","name":"ANATOLIAN KILIM 236 X 144 cm | Kilim-Age","isPartOf":{"@id":"https:\/\/kilim-age.com\/en\/#website"},"primaryImageOfPage":{"@id":"https:\/\/www.kilim-age.com\/es\/producto\/anatolian-kilim-236-x-144-cm\/#primaryimage"},"image":{"@id":"https:\/\/www.kilim-age.com\/es\/producto\/anatolian-kilim-236-x-144-cm\/#primaryimage"},"thumbnailUrl":"https:\/\/www.kilim-age.com\/wp-content\/uploads\/2017\/04\/WEB-836.jpg","datePublished":"2017-04-05T20:43:50+00:00","dateModified":"2021-07-18T14:57:03+00:00","breadcrumb":{"@id":"https:\/\/www.kilim-age.com\/es\/producto\/anatolian-kilim-236-x-144-cm\/#breadcrumb"},"inLanguage":"es","potentialAction":[{"@type":"ReadAction","target":["https:\/\/www.kilim-age.com\/es\/producto\/anatolian-kilim-236-x-144-cm\/"]}]},{"@type":"ImageObject","inLanguage":"es","@id":"https:\/\/www.kilim-age.com\/es\/producto\/anatolian-kilim-236-x-144-cm\/#primaryimage","url":"https:\/\/www.kilim-age.com\/wp-content\/uploads\/2017\/04\/WEB-836.jpg","contentUrl":"https:\/\/www.kilim-age.com\/wp-content\/uploads\/2017\/04\/WEB-836.jpg","width":635,"height":850,"caption":"Kilim"},{"@type":"BreadcrumbList","@id":"https:\/\/www.kilim-age.com\/es\/producto\/anatolian-kilim-236-x-144-cm\/#breadcrumb","itemListElement":[{"@type":"ListItem","position":1,"name":"Home","item":"https:\/\/kilim-age.com\/en\/"},{"@type":"ListItem","position":2,"name":"Shop","item":"https:\/\/kilim-age.com\/en\/shop\/"},{"@type":"ListItem","position":3,"name":"ANATOLIAN KILIM 236 X 144 cm"}]},{"@type":"WebSite","@id":"https:\/\/kilim-age.com\/en\/#website","url":"https:\/\/kilim-age.com\/en\/","name":"Kilim-Age","description":"Somos especialistas en productos artesanales de Turqu\u00eda como Alfombras, y Kilims","potentialAction":[{"@type":"SearchAction","target":{"@type":"EntryPoint","urlTemplate":"https:\/\/kilim-age.com\/en\/?s={search_term_string}"},"query-input":{"@type":"PropertyValueSpecification","valueRequired":true,"valueName":"search_term_string"}}],"inLanguage":"es"}]}},"_links":{"self":[{"href":"https:\/\/www.kilim-age.com\/es\/wp-json\/wp\/v2\/product\/1186","targetHints":{"allow":["GET"]}}],"collection":[{"href":"https:\/\/www.kilim-age.com\/es\/wp-json\/wp\/v2\/product"}],"about":[{"href":"https:\/\/www.kilim-age.com\/es\/wp-json\/wp\/v2\/types\/product"}],"replies":[{"embeddable":true,"href":"https:\/\/www.kilim-age.com\/es\/wp-json\/wp\/v2\/comments?post=1186"}],"wp:featuredmedia":[{"embeddable":true,"href":"https:\/\/www.kilim-age.com\/es\/wp-json\/wp\/v2\/media\/1187"}],"wp:attachment":[{"href":"https:\/\/www.kilim-age.com\/es\/wp-json\/wp\/v2\/media?parent=1186"}],"wp:term":[{"taxonomy":"product_brand","embeddable":true,"href":"https:\/\/www.kilim-age.com\/es\/wp-json\/wp\/v2\/product_brand?post=1186"},{"taxonomy":"product_cat","embeddable":true,"href":"https:\/\/www.kilim-age.com\/es\/wp-json\/wp\/v2\/product_cat?post=1186"},{"taxonomy":"product_tag","embeddable":true,"href":"https:\/\/www.kilim-age.com\/es\/wp-json\/wp\/v2\/product_tag?post=1186"}],"curies":[{"name":"wp","href":"https:\/\/api.w.org\/{rel}","templated":true}]}}