{"id":13915,"date":"2020-10-16T17:21:28","date_gmt":"2020-10-16T17:21:28","guid":{"rendered":"http:\/\/www.kilim-age.com\/?post_type=product&#038;p=13915"},"modified":"2025-06-14T17:40:09","modified_gmt":"2025-06-14T15:40:09","slug":"alfombras-vintage-economicas-madrid","status":"publish","type":"product","link":"https:\/\/www.kilim-age.com\/es\/producto\/alfombras-vintage-economicas-madrid\/","title":{"rendered":"ALFOMBRA VINTAGE 321 X 206 cm"},"content":{"rendered":"<h3><strong>ALFOMBRAS VINTAGE ECON\u00d3MICAS MADRID<\/strong><\/h3>\n<p>Alfombras Vintage Econ\u00f3micas Madrid! Como ya comentamos en entradas anteriores del blog de <a href=\"http:\/\/www.kilim-age.com\/\"><b>Kilim-Age<\/b><\/a>, las alfombras eran originariamente tejidas por los n\u00f3madas en <a href=\"https:\/\/www.iatiseguros.com\/blog\/motivos-viajar-turquia\/\">Turqu\u00eda<\/a>, la regi\u00f3n del C\u00e1ucaso, Ir\u00e1n y Afganist\u00e1n. Estas alfombras planas serv\u00edan hace siglos como mantas o para adornar el suelo de las tiendas de los n\u00f3madas. Despu\u00e9s empezaron a popularizarse por todo el mundo y a dejarse ver en hogares y en todo tipo de ambientes.<\/p>\n<p>Nuestras alfombras vintage econ\u00f3micas son alfombras cl\u00e1sicas turcas a las que se les da una segunda vida. Estas alfombras aproximadamente tienen una antig\u00fcedad entre 20 o 30 a\u00f1os. Cada alfombra esta seleccionada cuidadosamente y sometida un excepcional proceso de naturalizaci\u00f3n crom\u00e1tica antes de ser te\u00f1ida con el fin de revalorizarlas. Se les rapa el pelo y se arreglan las partes deterioradas. Esto crea el efecto desgastado, ya que el algod\u00f3n que respalda la lana queda expuesto. Por \u00faltimo, se ti\u00f1en en procesos de coloraci\u00f3n natural, con materiales naturales. Las alfombras vintage ofrecen tambi\u00e9n una seguridad de calidad y resistencia, ya que solamente pueden ser restauradas las alfombras artesanales m\u00e1s resistentes.<\/p>\n<p>En cuanto a la decoraci\u00f3n, las alfombras vintage han sido toda una revelaci\u00f3n. Han supuesto un art\u00edculo que viste a cualquier tipo de ambiente. El desgaste del dibujo, el cual pr\u00e1cticamente en muchas de estas alfombras es imperceptible ya, ayuda a poder encajar con estabilidad esta pieza clave de la decoraci\u00f3n. El efecto desgastado ofrece una perspectiva nueva, actualizada y contempor\u00e1nea. Por otro lado, ha supuesto la integraci\u00f3n de nuevos tonos y colores. Con proceso de naturalizaci\u00f3n crom\u00e1tica se han conseguido ampliar la gama de tonalidades. Las alfombras cl\u00e1sicas estaban limitadas a los colores y formas de la anudaci\u00f3n artesanal y de las lanas te\u00f1idas. Esto suaviza los contrastes y ayuda a los menos atrevidos a seleccionar con decisi\u00f3n la alfombra ideal para su ambiente.","protected":false},"excerpt":{"rendered":"<p>Fabricaci\u00f3n: Hecho a mano<br \/>\nTama\u00f1o: 321 X 206 cm<br \/>\nN\u00famero de nudos: aprox 300000 por m\u00b2<br \/>\nOrigen: Turqu\u00eda<br \/>\nPelo: Lana<br \/>\nUrdimbre: algod\u00f3n<br \/>\nGrosor aprox: 4-5 mm<br \/>\nTe\u00f1ido natural, la lana hilada a mano<br \/>\nLos colores de la alfombra se percibir\u00e1n de formas diferentes dependiendo del \u00e1ngulo de visi\u00f3n<br \/>\nPlazo de entrega: 2-5 d\u00edas h\u00e1biles en Espa\u00f1a.<br \/>\nEuropa: 5-7 d\u00edas h\u00e1biles, resto de continentes 7-10 d\u00edas.<\/p>\n","protected":false},"featured_media":14035,"comment_status":"open","ping_status":"closed","template":"","meta":[],"product_brand":[],"product_cat":[1054,62,183],"product_tag":[123,145],"class_list":{"0":"post-13915","1":"product","2":"type-product","3":"status-publish","4":"has-post-thumbnail","6":"product_cat-ofertas","7":"product_cat-alfombras-turcas","8":"product_cat-alfombras-vintage","9":"product_tag-alfombras-vintage","10":"product_tag-vintage-carpets","11":"product_shipping_class-alfombra-grande","12":"pa_ancho-cm-918","13":"pa_color-amarillo","14":"pa_color-beige","15":"pa_largo-cm-1032","16":"pa_medida-grandes","18":"first","19":"instock","20":"sale","21":"sold-individually","22":"taxable","23":"shipping-taxable","24":"purchasable","25":"product-type-simple"},"yoast_head":"<!-- This site is optimized with the Yoast SEO plugin v24.8.1 - https:\/\/yoast.com\/wordpress\/plugins\/seo\/ -->\n<title>Alfombras Vintage Econ\u00f3micas Madrid | Kilim-Age | Alfombras turcas<\/title>\n<meta name=\"description\" content=\"Alfombras Vintage Econ\u00f3micas Madrid! -30% -50% de descuentos en toda la colecci\u00f3n. Venta online, env\u00edo y devoluciones gratis..\" \/>\n<meta name=\"robots\" content=\"index, follow, max-snippet:-1, max-image-preview:large, max-video-preview:-1\" \/>\n<link rel=\"canonical\" href=\"https:\/\/kilim-age.com\/es\/producto\/alfombras-vintage-economicas-madrid\/\" \/>\n<meta property=\"og:locale\" content=\"es_ES\" \/>\n<meta property=\"og:type\" content=\"article\" \/>\n<meta property=\"og:title\" content=\"Alfombras Vintage Econ\u00f3micas Madrid | Kilim-Age | Alfombras turcas\" \/>\n<meta property=\"og:description\" content=\"Alfombras Vintage Econ\u00f3micas Madrid! -30% -50% de descuentos en toda la colecci\u00f3n. Venta online, env\u00edo y devoluciones gratis..\" \/>\n<meta property=\"og:url\" content=\"https:\/\/kilim-age.com\/es\/producto\/alfombras-vintage-economicas-madrid\/\" \/>\n<meta property=\"og:site_name\" content=\"Kilim-Age\" \/>\n<meta property=\"article:modified_time\" content=\"2025-06-14T15:40:09+00:00\" \/>\n<meta property=\"og:image\" content=\"https:\/\/kilim-age.com\/wp-content\/uploads\/2020\/10\/IMG_0098.jpg\" \/>\n\t<meta property=\"og:image:width\" content=\"1000\" \/>\n\t<meta property=\"og:image:height\" content=\"1300\" \/>\n\t<meta property=\"og:image:type\" content=\"image\/jpeg\" \/>\n<meta name=\"twitter:card\" content=\"summary_large_image\" \/>\n<meta name=\"twitter:label1\" content=\"Tiempo de lectura\" \/>\n\t<meta name=\"twitter:data1\" content=\"2 minutos\" \/>\n<script type=\"application\/ld+json\" class=\"yoast-schema-graph\">{\"@context\":\"https:\/\/schema.org\",\"@graph\":[{\"@type\":\"WebPage\",\"@id\":\"https:\/\/kilim-age.com\/es\/producto\/alfombras-vintage-economicas-madrid\/\",\"url\":\"https:\/\/kilim-age.com\/es\/producto\/alfombras-vintage-economicas-madrid\/\",\"name\":\"Alfombras Vintage Econ\u00f3micas Madrid | Kilim-Age | Alfombras turcas\",\"isPartOf\":{\"@id\":\"https:\/\/www.kilim-age.com\/en\/#website\"},\"primaryImageOfPage\":{\"@id\":\"https:\/\/kilim-age.com\/es\/producto\/alfombras-vintage-economicas-madrid\/#primaryimage\"},\"image\":{\"@id\":\"https:\/\/kilim-age.com\/es\/producto\/alfombras-vintage-economicas-madrid\/#primaryimage\"},\"thumbnailUrl\":\"https:\/\/www.kilim-age.com\/wp-content\/uploads\/2020\/10\/IMG_0098.jpg\",\"datePublished\":\"2020-10-16T17:21:28+00:00\",\"dateModified\":\"2025-06-14T15:40:09+00:00\",\"description\":\"Alfombras Vintage Econ\u00f3micas Madrid! -30% -50% de descuentos en toda la colecci\u00f3n. Venta online, env\u00edo y devoluciones gratis..\",\"breadcrumb\":{\"@id\":\"https:\/\/kilim-age.com\/es\/producto\/alfombras-vintage-economicas-madrid\/#breadcrumb\"},\"inLanguage\":\"es\",\"potentialAction\":[{\"@type\":\"ReadAction\",\"target\":[\"https:\/\/kilim-age.com\/es\/producto\/alfombras-vintage-economicas-madrid\/\"]}]},{\"@type\":\"ImageObject\",\"inLanguage\":\"es\",\"@id\":\"https:\/\/kilim-age.com\/es\/producto\/alfombras-vintage-economicas-madrid\/#primaryimage\",\"url\":\"https:\/\/www.kilim-age.com\/wp-content\/uploads\/2020\/10\/IMG_0098.jpg\",\"contentUrl\":\"https:\/\/www.kilim-age.com\/wp-content\/uploads\/2020\/10\/IMG_0098.jpg\",\"width\":1000,\"height\":1300,\"caption\":\"Alfombras Vintage\"},{\"@type\":\"BreadcrumbList\",\"@id\":\"https:\/\/kilim-age.com\/es\/producto\/alfombras-vintage-economicas-madrid\/#breadcrumb\",\"itemListElement\":[{\"@type\":\"ListItem\",\"position\":1,\"name\":\"Home\",\"item\":\"https:\/\/kilim-age.com\/es\/\"},{\"@type\":\"ListItem\",\"position\":2,\"name\":\"Shop\",\"item\":\"https:\/\/kilim-age.com\/es\/shop\/\"},{\"@type\":\"ListItem\",\"position\":3,\"name\":\"ALFOMBRA VINTAGE 321 X 206 cm\"}]},{\"@type\":\"WebSite\",\"@id\":\"https:\/\/www.kilim-age.com\/en\/#website\",\"url\":\"https:\/\/www.kilim-age.com\/en\/\",\"name\":\"Kilim-Age\",\"description\":\"Somos especialistas en productos artesanales de Turqu\u00eda como Alfombras, y Kilims\",\"potentialAction\":[{\"@type\":\"SearchAction\",\"target\":{\"@type\":\"EntryPoint\",\"urlTemplate\":\"https:\/\/www.kilim-age.com\/en\/?s={search_term_string}\"},\"query-input\":{\"@type\":\"PropertyValueSpecification\",\"valueRequired\":true,\"valueName\":\"search_term_string\"}}],\"inLanguage\":\"es\"}]}<\/script>\n<!-- \/ Yoast SEO plugin. -->","yoast_head_json":{"title":"Alfombras Vintage Econ\u00f3micas Madrid | Kilim-Age | Alfombras turcas","description":"Alfombras Vintage Econ\u00f3micas Madrid! -30% -50% de descuentos en toda la colecci\u00f3n. Venta online, env\u00edo y devoluciones gratis..","robots":{"index":"index","follow":"follow","max-snippet":"max-snippet:-1","max-image-preview":"max-image-preview:large","max-video-preview":"max-video-preview:-1"},"canonical":"https:\/\/kilim-age.com\/es\/producto\/alfombras-vintage-economicas-madrid\/","og_locale":"es_ES","og_type":"article","og_title":"Alfombras Vintage Econ\u00f3micas Madrid | Kilim-Age | Alfombras turcas","og_description":"Alfombras Vintage Econ\u00f3micas Madrid! -30% -50% de descuentos en toda la colecci\u00f3n. Venta online, env\u00edo y devoluciones gratis..","og_url":"https:\/\/kilim-age.com\/es\/producto\/alfombras-vintage-economicas-madrid\/","og_site_name":"Kilim-Age","article_modified_time":"2025-06-14T15:40:09+00:00","og_image":[{"width":1000,"height":1300,"url":"https:\/\/kilim-age.com\/wp-content\/uploads\/2020\/10\/IMG_0098.jpg","type":"image\/jpeg"}],"twitter_card":"summary_large_image","twitter_misc":{"Tiempo de lectura":"2 minutos"},"schema":{"@context":"https:\/\/schema.org","@graph":[{"@type":"WebPage","@id":"https:\/\/kilim-age.com\/es\/producto\/alfombras-vintage-economicas-madrid\/","url":"https:\/\/kilim-age.com\/es\/producto\/alfombras-vintage-economicas-madrid\/","name":"Alfombras Vintage Econ\u00f3micas Madrid | Kilim-Age | Alfombras turcas","isPartOf":{"@id":"https:\/\/www.kilim-age.com\/en\/#website"},"primaryImageOfPage":{"@id":"https:\/\/kilim-age.com\/es\/producto\/alfombras-vintage-economicas-madrid\/#primaryimage"},"image":{"@id":"https:\/\/kilim-age.com\/es\/producto\/alfombras-vintage-economicas-madrid\/#primaryimage"},"thumbnailUrl":"https:\/\/www.kilim-age.com\/wp-content\/uploads\/2020\/10\/IMG_0098.jpg","datePublished":"2020-10-16T17:21:28+00:00","dateModified":"2025-06-14T15:40:09+00:00","description":"Alfombras Vintage Econ\u00f3micas Madrid! -30% -50% de descuentos en toda la colecci\u00f3n. Venta online, env\u00edo y devoluciones gratis..","breadcrumb":{"@id":"https:\/\/kilim-age.com\/es\/producto\/alfombras-vintage-economicas-madrid\/#breadcrumb"},"inLanguage":"es","potentialAction":[{"@type":"ReadAction","target":["https:\/\/kilim-age.com\/es\/producto\/alfombras-vintage-economicas-madrid\/"]}]},{"@type":"ImageObject","inLanguage":"es","@id":"https:\/\/kilim-age.com\/es\/producto\/alfombras-vintage-economicas-madrid\/#primaryimage","url":"https:\/\/www.kilim-age.com\/wp-content\/uploads\/2020\/10\/IMG_0098.jpg","contentUrl":"https:\/\/www.kilim-age.com\/wp-content\/uploads\/2020\/10\/IMG_0098.jpg","width":1000,"height":1300,"caption":"Alfombras Vintage"},{"@type":"BreadcrumbList","@id":"https:\/\/kilim-age.com\/es\/producto\/alfombras-vintage-economicas-madrid\/#breadcrumb","itemListElement":[{"@type":"ListItem","position":1,"name":"Home","item":"https:\/\/kilim-age.com\/es\/"},{"@type":"ListItem","position":2,"name":"Shop","item":"https:\/\/kilim-age.com\/es\/shop\/"},{"@type":"ListItem","position":3,"name":"ALFOMBRA VINTAGE 321 X 206 cm"}]},{"@type":"WebSite","@id":"https:\/\/www.kilim-age.com\/en\/#website","url":"https:\/\/www.kilim-age.com\/en\/","name":"Kilim-Age","description":"Somos especialistas en productos artesanales de Turqu\u00eda como Alfombras, y Kilims","potentialAction":[{"@type":"SearchAction","target":{"@type":"EntryPoint","urlTemplate":"https:\/\/www.kilim-age.com\/en\/?s={search_term_string}"},"query-input":{"@type":"PropertyValueSpecification","valueRequired":true,"valueName":"search_term_string"}}],"inLanguage":"es"}]}},"_links":{"self":[{"href":"https:\/\/www.kilim-age.com\/es\/wp-json\/wp\/v2\/product\/13915","targetHints":{"allow":["GET"]}}],"collection":[{"href":"https:\/\/www.kilim-age.com\/es\/wp-json\/wp\/v2\/product"}],"about":[{"href":"https:\/\/www.kilim-age.com\/es\/wp-json\/wp\/v2\/types\/product"}],"replies":[{"embeddable":true,"href":"https:\/\/www.kilim-age.com\/es\/wp-json\/wp\/v2\/comments?post=13915"}],"wp:featuredmedia":[{"embeddable":true,"href":"https:\/\/www.kilim-age.com\/es\/wp-json\/wp\/v2\/media\/14035"}],"wp:attachment":[{"href":"https:\/\/www.kilim-age.com\/es\/wp-json\/wp\/v2\/media?parent=13915"}],"wp:term":[{"taxonomy":"product_brand","embeddable":true,"href":"https:\/\/www.kilim-age.com\/es\/wp-json\/wp\/v2\/product_brand?post=13915"},{"taxonomy":"product_cat","embeddable":true,"href":"https:\/\/www.kilim-age.com\/es\/wp-json\/wp\/v2\/product_cat?post=13915"},{"taxonomy":"product_tag","embeddable":true,"href":"https:\/\/www.kilim-age.com\/es\/wp-json\/wp\/v2\/product_tag?post=13915"}],"curies":[{"name":"wp","href":"https:\/\/api.w.org\/{rel}","templated":true}]}}