{"id":16658,"date":"2021-02-03T12:41:46","date_gmt":"2021-02-03T12:41:46","guid":{"rendered":"http:\/\/www.kilim-age.com\/?post_type=product&#038;p=16658"},"modified":"2025-12-09T11:50:53","modified_gmt":"2025-12-09T10:50:53","slug":"alfombra-moderna-color-gris-azul-y-rojo","status":"publish","type":"product","link":"https:\/\/www.kilim-age.com\/es\/producto\/alfombra-moderna-color-gris-azul-y-rojo\/","title":{"rendered":"THUNDER 1943 200&#215;300 cm"},"content":{"rendered":"Alfombra moderna fabricada en Turqu\u00eda y tejida de forma semi-manual con el antiguo arte de anudaci\u00f3n. Est\u00e1 disponible en dos tama\u00f1os a elegir en el desplegable. De dise\u00f1o abstracto y combinaci\u00f3n de tonos grises y azules con toques suaves en rojo que le confieren a\u00fan m\u00e1s vistosidad . Una joya ideal para decorar y hacer m\u00e1s confortable cualquier rinc\u00f3n de tu hogar e incluso para decorar despachos y oficinas comerciales de forma moderna y elegante.<\/p>\n<p>Su dise\u00f1o con distintos colores y lineas geom\u00e9tricas son producto del proceso de producci\u00f3n que realiza el trabajo con mas rapidez pero sin dibujos precisos. Es una alfombra de buen precio, que no requiere mucho mantenimiento y siempre mantiene su dise\u00f1o y forma original.<\/p>\n<h2><strong>ALFOMBRAS MODERNAS \u00a0<\/strong><\/h2>\n<p>Las alfombras modernas son una adaptaci\u00f3n de las\u00a0<a href=\"http:\/\/www.kilim-age.com\/es\/categoria-producto\/alfombras-turcas\/alfombras-clasicas\/\">alfombras\u00a0cl\u00e1sicas<\/a>\u00a0a las nuevas tendencias y necesidades de dise\u00f1os actuales. \u00a0En el proceso de fabricaci\u00f3n siempre utilizamos materiales naturales de alta calidad.\u00a0Las alfombras modernas, se caracterizan por tener contraste de colores y formas m\u00e1s\u00a0<a href=\"https:\/\/es.wikipedia.org\/wiki\/Abstracci%C3%B3n_(filosof%C3%ADa)\">abstractas<\/a>. Tienen el pelo m\u00e1s corto que las alfombras cl\u00e1sicas de toda la vida, por ello, el tacto es muy suave y agradable.<\/p>\n<p>En su composici\u00f3n combinan materiales como algod\u00f3n, lana, seda y viscosa te\u00f1idos en tintes de minerales naturales. As\u00ed mismo, ofrecen un nivel de mantenimiento muy f\u00e1cil y tienen una calidad y resistencia inmejorable.<\/p>\n<h2><strong>\u00bfPOR QUE RECOMENDAMOS COMPRAR ALFOMBRAS MODERNAS ?<\/strong><\/h2>\n<p>Esta nueva tendencia de alfombras suponen una alternativa para aquellos ambientes m\u00e1s homog\u00e9neos. Una alfombra moderna fabricada en Turqu\u00eda se adapta a espacios de cualquier estilo y da un toque moderno y original, as\u00ed como una nota art\u00edstica al ambiente que queremos crear. Ofrece calidez y viste los espacios para darles consistencia y robustez.","protected":false},"excerpt":{"rendered":"<p style=\"text-align: left;\">Origen: Hecha en Turqu\u00eda<br \/>\nMaterial: Seda Bamb\u00fa y algod\u00f3n<br \/>\nGrosor aproximadamente: 7 mm<br \/>\n2.000.000 points\/m<sup>2<\/sup><br \/>\nEstado: Nuevo<br \/>\nTejido de alta precisi\u00f3n<br \/>\nTodas nuestras alfombras modernas est\u00e1n hechas con fibras naturales.<br \/>\nLos colores de la alfombra se percibir\u00e1n de formas diferentes dependiendo del \u00e1ngulo de visi\u00f3n<br \/>\nPlazo de entrega: 2-5 d\u00edas h\u00e1biles en Espa\u00f1a.<br \/>\nEuropa: 5-7 d\u00edas h\u00e1biles, resto de continentes 7-10 d\u00edas.<\/p>\n","protected":false},"featured_media":40975,"comment_status":"open","ping_status":"closed","template":"","meta":[],"product_brand":[],"product_cat":[62,232],"product_tag":[812,813,294,804],"class_list":{"0":"post-16658","1":"product","2":"type-product","3":"status-publish","4":"has-post-thumbnail","6":"product_cat-alfombras-turcas","7":"product_cat-alfombras-modernas","8":"product_tag-alfombra","9":"product_tag-alfombra-turca","10":"product_tag-alfombras-modernas","11":"product_tag-modern-rugs","12":"product_shipping_class-alfombra-grande","13":"pa_color-azul","14":"pa_color-gris","15":"pa_color-rojo","16":"pa_seleccionar-medidas-120x180-cm","17":"pa_seleccionar-medidas-160x230-cm","18":"pa_seleccionar-medidas-200x300-cm","19":"pa_seleccionar-medidas-240x340-cm","20":"pa_seleccionar-medidas-400x300-cm","21":"pa_seleccionar-medidas-80x150-cm","23":"first","24":"instock","25":"sale","26":"taxable","27":"shipping-taxable","28":"purchasable","29":"product-type-variable"},"yoast_head":"<!-- This site is optimized with the Yoast SEO plugin v24.8.1 - https:\/\/yoast.com\/wordpress\/plugins\/seo\/ -->\n<title>Alfombra moderna colores gris, azul y rojo<\/title>\n<meta name=\"description\" content=\"AAlfombra moderna fabricada en Turqu\u00eda de pelo corto y estilo moderno con dise\u00f1o abstracto disponible en 3X2m. Tacto muy suave y agradable y alta calidadModern rug made in Turkey with short pile and modern style with abstract design. Very soft and pleasant touch and high quality\" \/>\n<meta name=\"robots\" content=\"index, follow, max-snippet:-1, max-image-preview:large, max-video-preview:-1\" \/>\n<link rel=\"canonical\" href=\"https:\/\/kilim-age.com\/en\/producto\/alfombra-moderna-color-gris-azul-y-rojo\/\" \/>\n<meta property=\"og:locale\" content=\"es_ES\" \/>\n<meta property=\"og:type\" content=\"article\" \/>\n<meta property=\"og:title\" content=\"Alfombra moderna colores gris, azul y rojo\" \/>\n<meta property=\"og:description\" content=\"AAlfombra moderna fabricada en Turqu\u00eda de pelo corto y estilo moderno con dise\u00f1o abstracto disponible en 3X2m. Tacto muy suave y agradable y alta calidadModern rug made in Turkey with short pile and modern style with abstract design. Very soft and pleasant touch and high quality\" \/>\n<meta property=\"og:url\" content=\"https:\/\/kilim-age.com\/en\/producto\/alfombra-moderna-color-gris-azul-y-rojo\/\" \/>\n<meta property=\"og:site_name\" content=\"Kilim-Age\" \/>\n<meta property=\"article:modified_time\" content=\"2025-12-09T10:50:53+00:00\" \/>\n<meta property=\"og:image\" content=\"https:\/\/kilim-age.com\/wp-content\/uploads\/2021\/02\/KA56.jpg\" \/>\n\t<meta property=\"og:image:width\" content=\"1000\" \/>\n\t<meta property=\"og:image:height\" content=\"1300\" \/>\n\t<meta property=\"og:image:type\" content=\"image\/jpeg\" \/>\n<meta name=\"twitter:card\" content=\"summary_large_image\" \/>\n<meta name=\"twitter:label1\" content=\"Tiempo de lectura\" \/>\n\t<meta name=\"twitter:data1\" content=\"1 minuto\" \/>\n<script type=\"application\/ld+json\" class=\"yoast-schema-graph\">{\"@context\":\"https:\/\/schema.org\",\"@graph\":[{\"@type\":\"WebPage\",\"@id\":\"https:\/\/kilim-age.com\/en\/producto\/alfombra-moderna-color-gris-azul-y-rojo\/\",\"url\":\"https:\/\/kilim-age.com\/en\/producto\/alfombra-moderna-color-gris-azul-y-rojo\/\",\"name\":\"Alfombra moderna colores gris, azul y rojo\",\"isPartOf\":{\"@id\":\"https:\/\/kilim-age.com\/en\/#website\"},\"primaryImageOfPage\":{\"@id\":\"https:\/\/kilim-age.com\/en\/producto\/alfombra-moderna-color-gris-azul-y-rojo\/#primaryimage\"},\"image\":{\"@id\":\"https:\/\/kilim-age.com\/en\/producto\/alfombra-moderna-color-gris-azul-y-rojo\/#primaryimage\"},\"thumbnailUrl\":\"https:\/\/www.kilim-age.com\/wp-content\/uploads\/2021\/02\/KA56.jpg\",\"datePublished\":\"2021-02-03T12:41:46+00:00\",\"dateModified\":\"2025-12-09T10:50:53+00:00\",\"description\":\"AAlfombra moderna fabricada en Turqu\u00eda de pelo corto y estilo moderno con dise\u00f1o abstracto disponible en 3X2m. Tacto muy suave y agradable y alta calidadModern rug made in Turkey with short pile and modern style with abstract design. Very soft and pleasant touch and high quality\",\"breadcrumb\":{\"@id\":\"https:\/\/kilim-age.com\/en\/producto\/alfombra-moderna-color-gris-azul-y-rojo\/#breadcrumb\"},\"inLanguage\":\"es\",\"potentialAction\":[{\"@type\":\"ReadAction\",\"target\":[\"https:\/\/kilim-age.com\/en\/producto\/alfombra-moderna-color-gris-azul-y-rojo\/\"]}]},{\"@type\":\"ImageObject\",\"inLanguage\":\"es\",\"@id\":\"https:\/\/kilim-age.com\/en\/producto\/alfombra-moderna-color-gris-azul-y-rojo\/#primaryimage\",\"url\":\"https:\/\/www.kilim-age.com\/wp-content\/uploads\/2021\/02\/KA56.jpg\",\"contentUrl\":\"https:\/\/www.kilim-age.com\/wp-content\/uploads\/2021\/02\/KA56.jpg\",\"width\":1000,\"height\":1300},{\"@type\":\"BreadcrumbList\",\"@id\":\"https:\/\/kilim-age.com\/en\/producto\/alfombra-moderna-color-gris-azul-y-rojo\/#breadcrumb\",\"itemListElement\":[{\"@type\":\"ListItem\",\"position\":1,\"name\":\"Home\",\"item\":\"https:\/\/kilim-age.com\/en\/\"},{\"@type\":\"ListItem\",\"position\":2,\"name\":\"Shop\",\"item\":\"https:\/\/kilim-age.com\/es\/shop\/\"},{\"@type\":\"ListItem\",\"position\":3,\"name\":\"THUNDER 1943 200&#215;300 cm\"}]},{\"@type\":\"WebSite\",\"@id\":\"https:\/\/kilim-age.com\/en\/#website\",\"url\":\"https:\/\/kilim-age.com\/en\/\",\"name\":\"Kilim-Age\",\"description\":\"Somos especialistas en productos artesanales de Turqu\u00eda como Alfombras, y Kilims\",\"potentialAction\":[{\"@type\":\"SearchAction\",\"target\":{\"@type\":\"EntryPoint\",\"urlTemplate\":\"https:\/\/kilim-age.com\/en\/?s={search_term_string}\"},\"query-input\":{\"@type\":\"PropertyValueSpecification\",\"valueRequired\":true,\"valueName\":\"search_term_string\"}}],\"inLanguage\":\"es\"}]}<\/script>\n<!-- \/ Yoast SEO plugin. -->","yoast_head_json":{"title":"Alfombra moderna colores gris, azul y rojo","description":"AAlfombra moderna fabricada en Turqu\u00eda de pelo corto y estilo moderno con dise\u00f1o abstracto disponible en 3X2m. Tacto muy suave y agradable y alta calidadModern rug made in Turkey with short pile and modern style with abstract design. Very soft and pleasant touch and high quality","robots":{"index":"index","follow":"follow","max-snippet":"max-snippet:-1","max-image-preview":"max-image-preview:large","max-video-preview":"max-video-preview:-1"},"canonical":"https:\/\/kilim-age.com\/en\/producto\/alfombra-moderna-color-gris-azul-y-rojo\/","og_locale":"es_ES","og_type":"article","og_title":"Alfombra moderna colores gris, azul y rojo","og_description":"AAlfombra moderna fabricada en Turqu\u00eda de pelo corto y estilo moderno con dise\u00f1o abstracto disponible en 3X2m. Tacto muy suave y agradable y alta calidadModern rug made in Turkey with short pile and modern style with abstract design. Very soft and pleasant touch and high quality","og_url":"https:\/\/kilim-age.com\/en\/producto\/alfombra-moderna-color-gris-azul-y-rojo\/","og_site_name":"Kilim-Age","article_modified_time":"2025-12-09T10:50:53+00:00","og_image":[{"width":1000,"height":1300,"url":"https:\/\/kilim-age.com\/wp-content\/uploads\/2021\/02\/KA56.jpg","type":"image\/jpeg"}],"twitter_card":"summary_large_image","twitter_misc":{"Tiempo de lectura":"1 minuto"},"schema":{"@context":"https:\/\/schema.org","@graph":[{"@type":"WebPage","@id":"https:\/\/kilim-age.com\/en\/producto\/alfombra-moderna-color-gris-azul-y-rojo\/","url":"https:\/\/kilim-age.com\/en\/producto\/alfombra-moderna-color-gris-azul-y-rojo\/","name":"Alfombra moderna colores gris, azul y rojo","isPartOf":{"@id":"https:\/\/kilim-age.com\/en\/#website"},"primaryImageOfPage":{"@id":"https:\/\/kilim-age.com\/en\/producto\/alfombra-moderna-color-gris-azul-y-rojo\/#primaryimage"},"image":{"@id":"https:\/\/kilim-age.com\/en\/producto\/alfombra-moderna-color-gris-azul-y-rojo\/#primaryimage"},"thumbnailUrl":"https:\/\/www.kilim-age.com\/wp-content\/uploads\/2021\/02\/KA56.jpg","datePublished":"2021-02-03T12:41:46+00:00","dateModified":"2025-12-09T10:50:53+00:00","description":"AAlfombra moderna fabricada en Turqu\u00eda de pelo corto y estilo moderno con dise\u00f1o abstracto disponible en 3X2m. Tacto muy suave y agradable y alta calidadModern rug made in Turkey with short pile and modern style with abstract design. Very soft and pleasant touch and high quality","breadcrumb":{"@id":"https:\/\/kilim-age.com\/en\/producto\/alfombra-moderna-color-gris-azul-y-rojo\/#breadcrumb"},"inLanguage":"es","potentialAction":[{"@type":"ReadAction","target":["https:\/\/kilim-age.com\/en\/producto\/alfombra-moderna-color-gris-azul-y-rojo\/"]}]},{"@type":"ImageObject","inLanguage":"es","@id":"https:\/\/kilim-age.com\/en\/producto\/alfombra-moderna-color-gris-azul-y-rojo\/#primaryimage","url":"https:\/\/www.kilim-age.com\/wp-content\/uploads\/2021\/02\/KA56.jpg","contentUrl":"https:\/\/www.kilim-age.com\/wp-content\/uploads\/2021\/02\/KA56.jpg","width":1000,"height":1300},{"@type":"BreadcrumbList","@id":"https:\/\/kilim-age.com\/en\/producto\/alfombra-moderna-color-gris-azul-y-rojo\/#breadcrumb","itemListElement":[{"@type":"ListItem","position":1,"name":"Home","item":"https:\/\/kilim-age.com\/en\/"},{"@type":"ListItem","position":2,"name":"Shop","item":"https:\/\/kilim-age.com\/es\/shop\/"},{"@type":"ListItem","position":3,"name":"THUNDER 1943 200&#215;300 cm"}]},{"@type":"WebSite","@id":"https:\/\/kilim-age.com\/en\/#website","url":"https:\/\/kilim-age.com\/en\/","name":"Kilim-Age","description":"Somos especialistas en productos artesanales de Turqu\u00eda como Alfombras, y Kilims","potentialAction":[{"@type":"SearchAction","target":{"@type":"EntryPoint","urlTemplate":"https:\/\/kilim-age.com\/en\/?s={search_term_string}"},"query-input":{"@type":"PropertyValueSpecification","valueRequired":true,"valueName":"search_term_string"}}],"inLanguage":"es"}]}},"_links":{"self":[{"href":"https:\/\/www.kilim-age.com\/es\/wp-json\/wp\/v2\/product\/16658","targetHints":{"allow":["GET"]}}],"collection":[{"href":"https:\/\/www.kilim-age.com\/es\/wp-json\/wp\/v2\/product"}],"about":[{"href":"https:\/\/www.kilim-age.com\/es\/wp-json\/wp\/v2\/types\/product"}],"replies":[{"embeddable":true,"href":"https:\/\/www.kilim-age.com\/es\/wp-json\/wp\/v2\/comments?post=16658"}],"wp:featuredmedia":[{"embeddable":true,"href":"https:\/\/www.kilim-age.com\/es\/wp-json\/wp\/v2\/media\/40975"}],"wp:attachment":[{"href":"https:\/\/www.kilim-age.com\/es\/wp-json\/wp\/v2\/media?parent=16658"}],"wp:term":[{"taxonomy":"product_brand","embeddable":true,"href":"https:\/\/www.kilim-age.com\/es\/wp-json\/wp\/v2\/product_brand?post=16658"},{"taxonomy":"product_cat","embeddable":true,"href":"https:\/\/www.kilim-age.com\/es\/wp-json\/wp\/v2\/product_cat?post=16658"},{"taxonomy":"product_tag","embeddable":true,"href":"https:\/\/www.kilim-age.com\/es\/wp-json\/wp\/v2\/product_tag?post=16658"}],"curies":[{"name":"wp","href":"https:\/\/api.w.org\/{rel}","templated":true}]}}