{"id":1724,"date":"2017-05-06T18:39:56","date_gmt":"2017-05-06T18:39:56","guid":{"rendered":"http:\/\/www.kilim-age.com\/?post_type=product&#038;p=1724"},"modified":"2019-07-01T10:47:08","modified_gmt":"2019-07-01T10:47:08","slug":"zapatos-kilim-talla-38-4","status":"publish","type":"product","link":"https:\/\/www.kilim-age.com\/es\/producto\/zapatos-kilim-talla-38-4\/","title":{"rendered":"ZAPATOS KILIM TALLA 38"},"content":{"rendered":"Los zapatos de kilim est\u00e1n hechos a partir de los kilims semi antiguas de Turqu\u00eda. Est\u00e1n hechas de piel por dentro y suela de cuero. Normalmente cada zapato es diferente y \u00fanico, es muy poco com\u00fan encontrar dos zapatos iguales.<br \/>\nDebido al grosor del kilim los zapatos al principio pueden quedar un poco apretados, pero despu\u00e9s se amoldan al pie perfectamente. Nuestros zapatos de kilim tienen much\u00edsima resistencia siempre y cuando se cuiden bien. Limpiar siempre en seco con un cepillo.<\/p>\n<p>No se recomienda su uso en d\u00edas lluviosos.","protected":false},"excerpt":{"rendered":"<p>Calza: 38<br \/>\nMaterial: Kilim<br \/>\nInterior: Cuero<br \/>\nSuela: Cuero<\/p>\n","protected":false},"featured_media":7355,"comment_status":"open","ping_status":"closed","template":"","meta":[],"product_brand":[],"product_cat":[59,279,246],"product_tag":[77,76],"class_list":{"0":"post-1724","1":"product","2":"type-product","3":"status-publish","4":"has-post-thumbnail","6":"product_cat-kilim-shoes","7":"product_cat-zapatos-kilim","8":"product_cat-talla-38","9":"product_tag-kilim-shoes","10":"product_tag-zapatos-kilim","11":"product_shipping_class-envio-zapatos","13":"first","14":"outofstock","15":"sold-individually","16":"taxable","17":"shipping-taxable","18":"purchasable","19":"product-type-simple"},"yoast_head":"<!-- This site is optimized with the Yoast SEO plugin v24.8.1 - https:\/\/yoast.com\/wordpress\/plugins\/seo\/ -->\n<title>ZAPATOS KILIM TALLA 38 | Kilim-Age<\/title>\n<meta name=\"robots\" content=\"index, follow, max-snippet:-1, max-image-preview:large, max-video-preview:-1\" \/>\n<link rel=\"canonical\" href=\"https:\/\/www.kilim-age.com\/es\/producto\/zapatos-kilim-talla-38-4\/\" \/>\n<meta property=\"og:locale\" content=\"es_ES\" \/>\n<meta property=\"og:type\" content=\"article\" \/>\n<meta property=\"og:title\" content=\"ZAPATOS KILIM TALLA 38 | Kilim-Age\" \/>\n<meta property=\"og:description\" content=\"Calza: 38 Material: Kilim Interior: Cuero Suela: Cuero\" \/>\n<meta property=\"og:url\" content=\"https:\/\/www.kilim-age.com\/es\/producto\/zapatos-kilim-talla-38-4\/\" \/>\n<meta property=\"og:site_name\" content=\"Kilim-Age\" \/>\n<meta property=\"article:modified_time\" content=\"2019-07-01T10:47:08+00:00\" \/>\n<meta property=\"og:image\" content=\"https:\/\/www.kilim-age.com\/wp-content\/uploads\/2017\/05\/IMG_9282.jpg\" \/>\n\t<meta property=\"og:image:width\" content=\"925\" \/>\n\t<meta property=\"og:image:height\" content=\"900\" \/>\n\t<meta property=\"og:image:type\" content=\"image\/jpeg\" \/>\n<meta name=\"twitter:card\" content=\"summary_large_image\" \/>\n<meta name=\"twitter:label1\" content=\"Tiempo de lectura\" \/>\n\t<meta name=\"twitter:data1\" content=\"1 minuto\" \/>\n<script type=\"application\/ld+json\" class=\"yoast-schema-graph\">{\"@context\":\"https:\/\/schema.org\",\"@graph\":[{\"@type\":\"WebPage\",\"@id\":\"https:\/\/www.kilim-age.com\/es\/producto\/zapatos-kilim-talla-38-4\/\",\"url\":\"https:\/\/www.kilim-age.com\/es\/producto\/zapatos-kilim-talla-38-4\/\",\"name\":\"ZAPATOS KILIM TALLA 38 | Kilim-Age\",\"isPartOf\":{\"@id\":\"https:\/\/kilim-age.com\/en\/#website\"},\"primaryImageOfPage\":{\"@id\":\"https:\/\/www.kilim-age.com\/es\/producto\/zapatos-kilim-talla-38-4\/#primaryimage\"},\"image\":{\"@id\":\"https:\/\/www.kilim-age.com\/es\/producto\/zapatos-kilim-talla-38-4\/#primaryimage\"},\"thumbnailUrl\":\"https:\/\/www.kilim-age.com\/wp-content\/uploads\/2017\/05\/IMG_9282.jpg\",\"datePublished\":\"2017-05-06T18:39:56+00:00\",\"dateModified\":\"2019-07-01T10:47:08+00:00\",\"breadcrumb\":{\"@id\":\"https:\/\/www.kilim-age.com\/es\/producto\/zapatos-kilim-talla-38-4\/#breadcrumb\"},\"inLanguage\":\"es\",\"potentialAction\":[{\"@type\":\"ReadAction\",\"target\":[\"https:\/\/www.kilim-age.com\/es\/producto\/zapatos-kilim-talla-38-4\/\"]}]},{\"@type\":\"ImageObject\",\"inLanguage\":\"es\",\"@id\":\"https:\/\/www.kilim-age.com\/es\/producto\/zapatos-kilim-talla-38-4\/#primaryimage\",\"url\":\"https:\/\/www.kilim-age.com\/wp-content\/uploads\/2017\/05\/IMG_9282.jpg\",\"contentUrl\":\"https:\/\/www.kilim-age.com\/wp-content\/uploads\/2017\/05\/IMG_9282.jpg\",\"width\":925,\"height\":900},{\"@type\":\"BreadcrumbList\",\"@id\":\"https:\/\/www.kilim-age.com\/es\/producto\/zapatos-kilim-talla-38-4\/#breadcrumb\",\"itemListElement\":[{\"@type\":\"ListItem\",\"position\":1,\"name\":\"Home\",\"item\":\"https:\/\/kilim-age.com\/en\/\"},{\"@type\":\"ListItem\",\"position\":2,\"name\":\"Shop\",\"item\":\"https:\/\/kilim-age.com\/es\/shop\/\"},{\"@type\":\"ListItem\",\"position\":3,\"name\":\"ZAPATOS KILIM TALLA 38\"}]},{\"@type\":\"WebSite\",\"@id\":\"https:\/\/kilim-age.com\/en\/#website\",\"url\":\"https:\/\/kilim-age.com\/en\/\",\"name\":\"Kilim-Age\",\"description\":\"Somos especialistas en productos artesanales de Turqu\u00eda como Alfombras, y Kilims\",\"potentialAction\":[{\"@type\":\"SearchAction\",\"target\":{\"@type\":\"EntryPoint\",\"urlTemplate\":\"https:\/\/kilim-age.com\/en\/?s={search_term_string}\"},\"query-input\":{\"@type\":\"PropertyValueSpecification\",\"valueRequired\":true,\"valueName\":\"search_term_string\"}}],\"inLanguage\":\"es\"}]}<\/script>\n<!-- \/ Yoast SEO plugin. -->","yoast_head_json":{"title":"ZAPATOS KILIM TALLA 38 | Kilim-Age","robots":{"index":"index","follow":"follow","max-snippet":"max-snippet:-1","max-image-preview":"max-image-preview:large","max-video-preview":"max-video-preview:-1"},"canonical":"https:\/\/www.kilim-age.com\/es\/producto\/zapatos-kilim-talla-38-4\/","og_locale":"es_ES","og_type":"article","og_title":"ZAPATOS KILIM TALLA 38 | Kilim-Age","og_description":"Calza: 38 Material: Kilim Interior: Cuero Suela: Cuero","og_url":"https:\/\/www.kilim-age.com\/es\/producto\/zapatos-kilim-talla-38-4\/","og_site_name":"Kilim-Age","article_modified_time":"2019-07-01T10:47:08+00:00","og_image":[{"width":925,"height":900,"url":"https:\/\/www.kilim-age.com\/wp-content\/uploads\/2017\/05\/IMG_9282.jpg","type":"image\/jpeg"}],"twitter_card":"summary_large_image","twitter_misc":{"Tiempo de lectura":"1 minuto"},"schema":{"@context":"https:\/\/schema.org","@graph":[{"@type":"WebPage","@id":"https:\/\/www.kilim-age.com\/es\/producto\/zapatos-kilim-talla-38-4\/","url":"https:\/\/www.kilim-age.com\/es\/producto\/zapatos-kilim-talla-38-4\/","name":"ZAPATOS KILIM TALLA 38 | Kilim-Age","isPartOf":{"@id":"https:\/\/kilim-age.com\/en\/#website"},"primaryImageOfPage":{"@id":"https:\/\/www.kilim-age.com\/es\/producto\/zapatos-kilim-talla-38-4\/#primaryimage"},"image":{"@id":"https:\/\/www.kilim-age.com\/es\/producto\/zapatos-kilim-talla-38-4\/#primaryimage"},"thumbnailUrl":"https:\/\/www.kilim-age.com\/wp-content\/uploads\/2017\/05\/IMG_9282.jpg","datePublished":"2017-05-06T18:39:56+00:00","dateModified":"2019-07-01T10:47:08+00:00","breadcrumb":{"@id":"https:\/\/www.kilim-age.com\/es\/producto\/zapatos-kilim-talla-38-4\/#breadcrumb"},"inLanguage":"es","potentialAction":[{"@type":"ReadAction","target":["https:\/\/www.kilim-age.com\/es\/producto\/zapatos-kilim-talla-38-4\/"]}]},{"@type":"ImageObject","inLanguage":"es","@id":"https:\/\/www.kilim-age.com\/es\/producto\/zapatos-kilim-talla-38-4\/#primaryimage","url":"https:\/\/www.kilim-age.com\/wp-content\/uploads\/2017\/05\/IMG_9282.jpg","contentUrl":"https:\/\/www.kilim-age.com\/wp-content\/uploads\/2017\/05\/IMG_9282.jpg","width":925,"height":900},{"@type":"BreadcrumbList","@id":"https:\/\/www.kilim-age.com\/es\/producto\/zapatos-kilim-talla-38-4\/#breadcrumb","itemListElement":[{"@type":"ListItem","position":1,"name":"Home","item":"https:\/\/kilim-age.com\/en\/"},{"@type":"ListItem","position":2,"name":"Shop","item":"https:\/\/kilim-age.com\/es\/shop\/"},{"@type":"ListItem","position":3,"name":"ZAPATOS KILIM TALLA 38"}]},{"@type":"WebSite","@id":"https:\/\/kilim-age.com\/en\/#website","url":"https:\/\/kilim-age.com\/en\/","name":"Kilim-Age","description":"Somos especialistas en productos artesanales de Turqu\u00eda como Alfombras, y Kilims","potentialAction":[{"@type":"SearchAction","target":{"@type":"EntryPoint","urlTemplate":"https:\/\/kilim-age.com\/en\/?s={search_term_string}"},"query-input":{"@type":"PropertyValueSpecification","valueRequired":true,"valueName":"search_term_string"}}],"inLanguage":"es"}]}},"_links":{"self":[{"href":"https:\/\/www.kilim-age.com\/es\/wp-json\/wp\/v2\/product\/1724","targetHints":{"allow":["GET"]}}],"collection":[{"href":"https:\/\/www.kilim-age.com\/es\/wp-json\/wp\/v2\/product"}],"about":[{"href":"https:\/\/www.kilim-age.com\/es\/wp-json\/wp\/v2\/types\/product"}],"replies":[{"embeddable":true,"href":"https:\/\/www.kilim-age.com\/es\/wp-json\/wp\/v2\/comments?post=1724"}],"wp:featuredmedia":[{"embeddable":true,"href":"https:\/\/www.kilim-age.com\/es\/wp-json\/wp\/v2\/media\/7355"}],"wp:attachment":[{"href":"https:\/\/www.kilim-age.com\/es\/wp-json\/wp\/v2\/media?parent=1724"}],"wp:term":[{"taxonomy":"product_brand","embeddable":true,"href":"https:\/\/www.kilim-age.com\/es\/wp-json\/wp\/v2\/product_brand?post=1724"},{"taxonomy":"product_cat","embeddable":true,"href":"https:\/\/www.kilim-age.com\/es\/wp-json\/wp\/v2\/product_cat?post=1724"},{"taxonomy":"product_tag","embeddable":true,"href":"https:\/\/www.kilim-age.com\/es\/wp-json\/wp\/v2\/product_tag?post=1724"}],"curies":[{"name":"wp","href":"https:\/\/api.w.org\/{rel}","templated":true}]}}