{"id":18918,"date":"2021-05-26T17:26:39","date_gmt":"2021-05-26T15:26:39","guid":{"rendered":"http:\/\/www.kilim-age.com\/?post_type=product&#038;p=18918"},"modified":"2025-06-27T12:47:09","modified_gmt":"2025-06-27T10:47:09","slug":"suzani-amarillo-210-x-144-cm","status":"publish","type":"product","link":"https:\/\/www.kilim-age.com\/es\/producto\/suzani-amarillo-210-x-144-cm\/","title":{"rendered":"Suzani 144&#215;210 cm"},"content":{"rendered":"<h3><strong>COMPRAR SUZANI ONLINE<\/strong><\/h3>\n<p>Los Suzanis son telas bordadas con seda en Asia central que tienen or\u00edgenes tan legendarios como los motivos que cubren su hermosa superficie. Son fascinantes por su simbolismo tanto en el uso del color (en este caso el rojo que significa fuego y sol, los azules encarnan el cielo y los verdes representan la primavera y la juventud) as\u00ed como, por sus dise\u00f1os como flores y otros elementos naturales.<\/p>\n<p>Los Suzanis de Nurata, Samarkand, Bukhara, Shahrisyabz, Tashkent y Fergana son m\u00e1s conocidos con respecto a sus colores, material, patr\u00f3n y el tipo de puntadas utilizadas. Los bordados var\u00edan seg\u00fan la regi\u00f3n, tribu, familia y artesanos que los realizan.<\/p>\n<p>En cuanto a los colores, todos sus colores imparten un significado profundo: los amarillos y las naranjas representan el conocimiento. Las telas Suzani son utilizadas tambi\u00e9n en <a href=\"http:\/\/www.kilim-age.com\/es\/categoria-producto\/suzani\/bolsos-suzani\/\">bolsos<\/a> y <a href=\"http:\/\/www.kilim-age.com\/es\/categoria-producto\/suzani\/suzani-cojines\/\">cojines<\/a>. \u00a1Prueba a combinarlos!","protected":false},"excerpt":{"rendered":"<p>Precioso Suzani bordado con seda de colores planos amarillos, marrones, rojos y azules con acabados brillantes sobre una base de tela de algod\u00f3n lisa color blanca. Una pieza \u00fanica llena de simbolismo con motivos florales como tulipanes, hojas y claveles para decorar paredes, sof\u00e1s o incluso las camas del dormitorio.<\/p>\n<p>Con esta maravillosa pieza dar\u00e1s un toque \u00e9tnico y colorido a ese espacio favorito.<\/p>\n<p>Fabricaci\u00f3n: Hecho a mano<br \/>\nTama\u00f1o: 210 X 144 cm<br \/>\nEstado: Nuevo<br \/>\nOrigen: Uzbekist\u00e1n \/ Tela Suzani<br \/>\nMaterial: Seda<br \/>\nGrosor aprox: 1-2 mm<br \/>\nPlazo de entrega: 2-5 d\u00edas h\u00e1biles en Espa\u00f1a peninsular.<br \/>\nEuropa: 5-7 d\u00edas h\u00e1biles, resto de continentes 7-10 d\u00edas.<\/p>\n","protected":false},"featured_media":29310,"comment_status":"open","ping_status":"closed","template":"","meta":[],"product_brand":[],"product_cat":[84,828],"product_tag":[868,867,281,282,866],"class_list":{"0":"post-18918","1":"product","2":"type-product","3":"status-publish","4":"has-post-thumbnail","6":"product_cat-suzani","7":"product_cat-telas-suzani","8":"product_tag-comprar-suzani-online","9":"product_tag-decoracion-etnica","10":"product_tag-suzani-cloth","11":"product_tag-tela-suzani","12":"product_tag-telas-etnicas","13":"product_shipping_class-suzanni","15":"first","16":"outofstock","17":"sale","18":"sold-individually","19":"taxable","20":"shipping-taxable","21":"purchasable","22":"product-type-simple"},"yoast_head":"<!-- This site is optimized with the Yoast SEO plugin v24.8.1 - https:\/\/yoast.com\/wordpress\/plugins\/seo\/ -->\n<title>Suzani bordado con seda rojo y amarillo de 210 x 144 cms<\/title>\n<meta name=\"description\" content=\"Suzani \u00e9tnico bordado con seda de colores amarillos, marrones, rojos y azules con acabados brillantes sobre una base de tela de algod\u00f3n lisa\" \/>\n<meta name=\"robots\" content=\"index, follow, max-snippet:-1, max-image-preview:large, max-video-preview:-1\" \/>\n<link rel=\"canonical\" href=\"https:\/\/kilim-age.com\/es\/producto\/suzani-amarillo-210-x-144-cm\/\" \/>\n<meta property=\"og:locale\" content=\"es_ES\" \/>\n<meta property=\"og:type\" content=\"article\" \/>\n<meta property=\"og:title\" content=\"Suzani bordado con seda rojo y amarillo de 210 x 144 cms\" \/>\n<meta property=\"og:description\" content=\"Suzani \u00e9tnico bordado con seda de colores amarillos, marrones, rojos y azules con acabados brillantes sobre una base de tela de algod\u00f3n lisa\" \/>\n<meta property=\"og:url\" content=\"https:\/\/kilim-age.com\/es\/producto\/suzani-amarillo-210-x-144-cm\/\" \/>\n<meta property=\"og:site_name\" content=\"Kilim-Age\" \/>\n<meta property=\"article:modified_time\" content=\"2025-06-27T10:47:09+00:00\" \/>\n<meta property=\"og:image\" content=\"https:\/\/kilim-age.com\/wp-content\/uploads\/2021\/05\/Suzani-1452.jpg\" \/>\n\t<meta property=\"og:image:width\" content=\"480\" \/>\n\t<meta property=\"og:image:height\" content=\"600\" \/>\n\t<meta property=\"og:image:type\" content=\"image\/jpeg\" \/>\n<meta name=\"twitter:card\" content=\"summary_large_image\" \/>\n<meta name=\"twitter:label1\" content=\"Tiempo de lectura\" \/>\n\t<meta name=\"twitter:data1\" content=\"1 minuto\" \/>\n<script type=\"application\/ld+json\" class=\"yoast-schema-graph\">{\"@context\":\"https:\/\/schema.org\",\"@graph\":[{\"@type\":\"WebPage\",\"@id\":\"https:\/\/kilim-age.com\/es\/producto\/suzani-amarillo-210-x-144-cm\/\",\"url\":\"https:\/\/kilim-age.com\/es\/producto\/suzani-amarillo-210-x-144-cm\/\",\"name\":\"Suzani bordado con seda rojo y amarillo de 210 x 144 cms\",\"isPartOf\":{\"@id\":\"https:\/\/kilim-age.com\/en\/#website\"},\"primaryImageOfPage\":{\"@id\":\"https:\/\/kilim-age.com\/es\/producto\/suzani-amarillo-210-x-144-cm\/#primaryimage\"},\"image\":{\"@id\":\"https:\/\/kilim-age.com\/es\/producto\/suzani-amarillo-210-x-144-cm\/#primaryimage\"},\"thumbnailUrl\":\"https:\/\/www.kilim-age.com\/wp-content\/uploads\/2021\/05\/Suzani-1452.jpg\",\"datePublished\":\"2021-05-26T15:26:39+00:00\",\"dateModified\":\"2025-06-27T10:47:09+00:00\",\"description\":\"Suzani \u00e9tnico bordado con seda de colores amarillos, marrones, rojos y azules con acabados brillantes sobre una base de tela de algod\u00f3n lisa\",\"breadcrumb\":{\"@id\":\"https:\/\/kilim-age.com\/es\/producto\/suzani-amarillo-210-x-144-cm\/#breadcrumb\"},\"inLanguage\":\"es\",\"potentialAction\":[{\"@type\":\"ReadAction\",\"target\":[\"https:\/\/kilim-age.com\/es\/producto\/suzani-amarillo-210-x-144-cm\/\"]}]},{\"@type\":\"ImageObject\",\"inLanguage\":\"es\",\"@id\":\"https:\/\/kilim-age.com\/es\/producto\/suzani-amarillo-210-x-144-cm\/#primaryimage\",\"url\":\"https:\/\/www.kilim-age.com\/wp-content\/uploads\/2021\/05\/Suzani-1452.jpg\",\"contentUrl\":\"https:\/\/www.kilim-age.com\/wp-content\/uploads\/2021\/05\/Suzani-1452.jpg\",\"width\":480,\"height\":600},{\"@type\":\"BreadcrumbList\",\"@id\":\"https:\/\/kilim-age.com\/es\/producto\/suzani-amarillo-210-x-144-cm\/#breadcrumb\",\"itemListElement\":[{\"@type\":\"ListItem\",\"position\":1,\"name\":\"Home\",\"item\":\"https:\/\/kilim-age.com\/en\/\"},{\"@type\":\"ListItem\",\"position\":2,\"name\":\"Shop\",\"item\":\"https:\/\/kilim-age.com\/es\/shop\/\"},{\"@type\":\"ListItem\",\"position\":3,\"name\":\"Suzani 144&#215;210 cm\"}]},{\"@type\":\"WebSite\",\"@id\":\"https:\/\/kilim-age.com\/en\/#website\",\"url\":\"https:\/\/kilim-age.com\/en\/\",\"name\":\"Kilim-Age\",\"description\":\"Somos especialistas en productos artesanales de Turqu\u00eda como Alfombras, y Kilims\",\"potentialAction\":[{\"@type\":\"SearchAction\",\"target\":{\"@type\":\"EntryPoint\",\"urlTemplate\":\"https:\/\/kilim-age.com\/en\/?s={search_term_string}\"},\"query-input\":{\"@type\":\"PropertyValueSpecification\",\"valueRequired\":true,\"valueName\":\"search_term_string\"}}],\"inLanguage\":\"es\"}]}<\/script>\n<!-- \/ Yoast SEO plugin. -->","yoast_head_json":{"title":"Suzani bordado con seda rojo y amarillo de 210 x 144 cms","description":"Suzani \u00e9tnico bordado con seda de colores amarillos, marrones, rojos y azules con acabados brillantes sobre una base de tela de algod\u00f3n lisa","robots":{"index":"index","follow":"follow","max-snippet":"max-snippet:-1","max-image-preview":"max-image-preview:large","max-video-preview":"max-video-preview:-1"},"canonical":"https:\/\/kilim-age.com\/es\/producto\/suzani-amarillo-210-x-144-cm\/","og_locale":"es_ES","og_type":"article","og_title":"Suzani bordado con seda rojo y amarillo de 210 x 144 cms","og_description":"Suzani \u00e9tnico bordado con seda de colores amarillos, marrones, rojos y azules con acabados brillantes sobre una base de tela de algod\u00f3n lisa","og_url":"https:\/\/kilim-age.com\/es\/producto\/suzani-amarillo-210-x-144-cm\/","og_site_name":"Kilim-Age","article_modified_time":"2025-06-27T10:47:09+00:00","og_image":[{"width":480,"height":600,"url":"https:\/\/kilim-age.com\/wp-content\/uploads\/2021\/05\/Suzani-1452.jpg","type":"image\/jpeg"}],"twitter_card":"summary_large_image","twitter_misc":{"Tiempo de lectura":"1 minuto"},"schema":{"@context":"https:\/\/schema.org","@graph":[{"@type":"WebPage","@id":"https:\/\/kilim-age.com\/es\/producto\/suzani-amarillo-210-x-144-cm\/","url":"https:\/\/kilim-age.com\/es\/producto\/suzani-amarillo-210-x-144-cm\/","name":"Suzani bordado con seda rojo y amarillo de 210 x 144 cms","isPartOf":{"@id":"https:\/\/kilim-age.com\/en\/#website"},"primaryImageOfPage":{"@id":"https:\/\/kilim-age.com\/es\/producto\/suzani-amarillo-210-x-144-cm\/#primaryimage"},"image":{"@id":"https:\/\/kilim-age.com\/es\/producto\/suzani-amarillo-210-x-144-cm\/#primaryimage"},"thumbnailUrl":"https:\/\/www.kilim-age.com\/wp-content\/uploads\/2021\/05\/Suzani-1452.jpg","datePublished":"2021-05-26T15:26:39+00:00","dateModified":"2025-06-27T10:47:09+00:00","description":"Suzani \u00e9tnico bordado con seda de colores amarillos, marrones, rojos y azules con acabados brillantes sobre una base de tela de algod\u00f3n lisa","breadcrumb":{"@id":"https:\/\/kilim-age.com\/es\/producto\/suzani-amarillo-210-x-144-cm\/#breadcrumb"},"inLanguage":"es","potentialAction":[{"@type":"ReadAction","target":["https:\/\/kilim-age.com\/es\/producto\/suzani-amarillo-210-x-144-cm\/"]}]},{"@type":"ImageObject","inLanguage":"es","@id":"https:\/\/kilim-age.com\/es\/producto\/suzani-amarillo-210-x-144-cm\/#primaryimage","url":"https:\/\/www.kilim-age.com\/wp-content\/uploads\/2021\/05\/Suzani-1452.jpg","contentUrl":"https:\/\/www.kilim-age.com\/wp-content\/uploads\/2021\/05\/Suzani-1452.jpg","width":480,"height":600},{"@type":"BreadcrumbList","@id":"https:\/\/kilim-age.com\/es\/producto\/suzani-amarillo-210-x-144-cm\/#breadcrumb","itemListElement":[{"@type":"ListItem","position":1,"name":"Home","item":"https:\/\/kilim-age.com\/en\/"},{"@type":"ListItem","position":2,"name":"Shop","item":"https:\/\/kilim-age.com\/es\/shop\/"},{"@type":"ListItem","position":3,"name":"Suzani 144&#215;210 cm"}]},{"@type":"WebSite","@id":"https:\/\/kilim-age.com\/en\/#website","url":"https:\/\/kilim-age.com\/en\/","name":"Kilim-Age","description":"Somos especialistas en productos artesanales de Turqu\u00eda como Alfombras, y Kilims","potentialAction":[{"@type":"SearchAction","target":{"@type":"EntryPoint","urlTemplate":"https:\/\/kilim-age.com\/en\/?s={search_term_string}"},"query-input":{"@type":"PropertyValueSpecification","valueRequired":true,"valueName":"search_term_string"}}],"inLanguage":"es"}]}},"_links":{"self":[{"href":"https:\/\/www.kilim-age.com\/es\/wp-json\/wp\/v2\/product\/18918","targetHints":{"allow":["GET"]}}],"collection":[{"href":"https:\/\/www.kilim-age.com\/es\/wp-json\/wp\/v2\/product"}],"about":[{"href":"https:\/\/www.kilim-age.com\/es\/wp-json\/wp\/v2\/types\/product"}],"replies":[{"embeddable":true,"href":"https:\/\/www.kilim-age.com\/es\/wp-json\/wp\/v2\/comments?post=18918"}],"wp:featuredmedia":[{"embeddable":true,"href":"https:\/\/www.kilim-age.com\/es\/wp-json\/wp\/v2\/media\/29310"}],"wp:attachment":[{"href":"https:\/\/www.kilim-age.com\/es\/wp-json\/wp\/v2\/media?parent=18918"}],"wp:term":[{"taxonomy":"product_brand","embeddable":true,"href":"https:\/\/www.kilim-age.com\/es\/wp-json\/wp\/v2\/product_brand?post=18918"},{"taxonomy":"product_cat","embeddable":true,"href":"https:\/\/www.kilim-age.com\/es\/wp-json\/wp\/v2\/product_cat?post=18918"},{"taxonomy":"product_tag","embeddable":true,"href":"https:\/\/www.kilim-age.com\/es\/wp-json\/wp\/v2\/product_tag?post=18918"}],"curies":[{"name":"wp","href":"https:\/\/api.w.org\/{rel}","templated":true}]}}