{"id":19046,"date":"2021-06-07T13:43:31","date_gmt":"2021-06-07T11:43:31","guid":{"rendered":"http:\/\/www.kilim-age.com\/?post_type=product&#038;p=19046"},"modified":"2022-11-19T18:47:08","modified_gmt":"2022-11-19T17:47:08","slug":"alfombra-vintage-gris-204-x-113-cm","status":"publish","type":"product","link":"https:\/\/www.kilim-age.com\/es\/producto\/alfombra-vintage-gris-204-x-113-cm\/","title":{"rendered":"ALFOMBRA VINTAGE GRIS 204 X 113 cm"},"content":{"rendered":"<h3><strong>ALFOMBRA VINTAGE COLOR GRIS<\/strong><\/h3>\n<p>Alfombra Vintage de color gris hecha a mano en Turqu\u00eda.<\/p>\n<p>Nuestras alfombras vintage econ\u00f3micas son alfombras cl\u00e1sicas turcas a las que se les da una segunda vida. Estas alfombras aproximadamente tienen una antig\u00fcedad entre 20 o 30 a\u00f1os. Cada alfombra esta seleccionada cuidadosamente y sometida un excepcional proceso de naturalizaci\u00f3n crom\u00e1tica antes de ser te\u00f1ida con el fin de revalorizarlas. Se les rapa el pelo y se arreglan las partes deterioradas. Esto crea el efecto desgastado, ya que el algod\u00f3n que respalda la lana queda expuesto. Por \u00faltimo, se ti\u00f1en en procesos de coloraci\u00f3n natural, con materiales naturales. Las alfombras vintage ofrecen tambi\u00e9n una seguridad de calidad y resistencia, ya que solamente pueden ser restauradas las alfombras artesanales m\u00e1s resistentes.<\/p>\n<p>En cuanto a la decoraci\u00f3n, las alfombras vintage han sido toda una revelaci\u00f3n. Han supuesto un art\u00edculo que viste a cualquier tipo de ambiente. El desgaste del dibujo, el cual pr\u00e1cticamente en muchas de estas alfombras es imperceptible ya, ayuda a poder encajar con estabilidad esta pieza clave de la decoraci\u00f3n. El efecto desgastado ofrece una perspectiva nueva, actualizada y contempor\u00e1nea. Por otro lado, ha supuesto la integraci\u00f3n de nuevos tonos y colores. Con proceso de naturalizaci\u00f3n crom\u00e1tica se han conseguido ampliar la gama de tonalidades. Las alfombras cl\u00e1sicas estaban limitadas a los colores y formas de la anudaci\u00f3n artesanal y de las lanas te\u00f1idas. Esto suaviza los contrastes y ayuda a los menos atrevidos a seleccionar con decisi\u00f3n la alfombra ideal para su ambiente.<\/p>\n<p>&nbsp;","protected":false},"excerpt":{"rendered":"<p>Fabricaci\u00f3n: Hecho a mano<br \/>\nTama\u00f1o: 204 X 113 cm<br \/>\nN\u00famero de nudos: aprox 300000 por m\u00b2<br \/>\nOrigen: Turqu\u00eda<br \/>\nPelo: Lana<br \/>\nUrdimbre: algod\u00f3n<br \/>\nGrosor aprox: 4-5 mm<br \/>\nTe\u00f1ido natural, la lana hilada a mano<br \/>\nLos colores de la alfombra se percibir\u00e1n de formas diferentes dependiendo del \u00e1ngulo de visi\u00f3n<br \/>\nPlazo de entrega: 2-5 d\u00edas h\u00e1biles en Espa\u00f1a.<br \/>\nEuropa: 5-7 d\u00edas h\u00e1biles, resto de continentes 7-10 d\u00edas.<\/p>\n","protected":false},"featured_media":24852,"comment_status":"open","ping_status":"closed","template":"","meta":[],"product_brand":[],"product_cat":[1054,62,183],"product_tag":[812,826,871,123,145],"class_list":{"0":"post-19046","1":"product","2":"type-product","3":"status-publish","4":"has-post-thumbnail","6":"product_cat-ofertas","7":"product_cat-alfombras-turcas","8":"product_cat-alfombras-vintage","9":"product_tag-alfombra","10":"product_tag-alfombra-abstracta","11":"product_tag-alfombra-vintage-gris","12":"product_tag-alfombras-vintage","13":"product_tag-vintage-carpets","14":"product_shipping_class-alfombra-mediana","15":"pa_ancho-cm-962","16":"pa_color-gris","17":"pa_largo-cm-1017","18":"pa_medida-grandes","20":"first","21":"outofstock","22":"sale","23":"sold-individually","24":"taxable","25":"shipping-taxable","26":"purchasable","27":"product-type-simple"},"yoast_head":"<!-- This site is optimized with the Yoast SEO plugin v24.8.1 - https:\/\/yoast.com\/wordpress\/plugins\/seo\/ -->\n<title>Green Carpets | Kilim-Age | Descuentos -30% -40%Green Carpets<\/title>\n<meta name=\"description\" content=\"Alfombra Vintage Color Verde! Disponemos una amplia gama de alfombras Vintage, importadas directamente desde Turqu\u00eda!\" \/>\n<meta name=\"robots\" content=\"index, follow, max-snippet:-1, max-image-preview:large, max-video-preview:-1\" \/>\n<link rel=\"canonical\" href=\"https:\/\/www.kilim-age.com\/es\/producto\/alfombra-vintage-gris-204-x-113-cm\/\" \/>\n<meta property=\"og:locale\" content=\"es_ES\" \/>\n<meta property=\"og:type\" content=\"article\" \/>\n<meta property=\"og:title\" content=\"Green Carpets | Kilim-Age | Descuentos -30% -40%Green Carpets\" \/>\n<meta property=\"og:description\" content=\"Alfombra Vintage Color Verde! Disponemos una amplia gama de alfombras Vintage, importadas directamente desde Turqu\u00eda!\" \/>\n<meta property=\"og:url\" content=\"https:\/\/www.kilim-age.com\/en\/producto\/alfombra-vintage-gris-204-x-113-cm\/\" \/>\n<meta property=\"og:site_name\" content=\"Kilim-Age\" \/>\n<meta property=\"article:modified_time\" content=\"2022-11-19T17:47:08+00:00\" \/>\n<meta property=\"og:image\" content=\"https:\/\/www.kilim-age.com\/wp-content\/uploads\/2021\/06\/20210421_122358.jpg\" \/>\n\t<meta property=\"og:image:width\" content=\"1000\" \/>\n\t<meta property=\"og:image:height\" content=\"1300\" \/>\n\t<meta property=\"og:image:type\" content=\"image\/jpeg\" \/>\n<meta name=\"twitter:card\" content=\"summary_large_image\" \/>\n<meta name=\"twitter:label1\" content=\"Tiempo de lectura\" \/>\n\t<meta name=\"twitter:data1\" content=\"2 minutos\" \/>\n<script type=\"application\/ld+json\" class=\"yoast-schema-graph\">{\"@context\":\"https:\/\/schema.org\",\"@graph\":[{\"@type\":\"WebPage\",\"@id\":\"https:\/\/www.kilim-age.com\/en\/producto\/alfombra-vintage-gris-204-x-113-cm\/\",\"url\":\"https:\/\/www.kilim-age.com\/en\/producto\/alfombra-vintage-gris-204-x-113-cm\/\",\"name\":\"Green Carpets | Kilim-Age | Descuentos -30% -40%Green Carpets\",\"isPartOf\":{\"@id\":\"https:\/\/www.kilim-age.com\/es\/#website\"},\"primaryImageOfPage\":{\"@id\":\"https:\/\/www.kilim-age.com\/en\/producto\/alfombra-vintage-gris-204-x-113-cm\/#primaryimage\"},\"image\":{\"@id\":\"https:\/\/www.kilim-age.com\/en\/producto\/alfombra-vintage-gris-204-x-113-cm\/#primaryimage\"},\"thumbnailUrl\":\"https:\/\/www.kilim-age.com\/wp-content\/uploads\/2021\/06\/20210421_122358.jpg\",\"datePublished\":\"2021-06-07T11:43:31+00:00\",\"dateModified\":\"2022-11-19T17:47:08+00:00\",\"description\":\"Alfombra Vintage Color Verde! Disponemos una amplia gama de alfombras Vintage, importadas directamente desde Turqu\u00eda!\",\"breadcrumb\":{\"@id\":\"https:\/\/www.kilim-age.com\/en\/producto\/alfombra-vintage-gris-204-x-113-cm\/#breadcrumb\"},\"inLanguage\":\"es\",\"potentialAction\":[{\"@type\":\"ReadAction\",\"target\":[\"https:\/\/www.kilim-age.com\/en\/producto\/alfombra-vintage-gris-204-x-113-cm\/\"]}]},{\"@type\":\"ImageObject\",\"inLanguage\":\"es\",\"@id\":\"https:\/\/www.kilim-age.com\/en\/producto\/alfombra-vintage-gris-204-x-113-cm\/#primaryimage\",\"url\":\"https:\/\/www.kilim-age.com\/wp-content\/uploads\/2021\/06\/20210421_122358.jpg\",\"contentUrl\":\"https:\/\/www.kilim-age.com\/wp-content\/uploads\/2021\/06\/20210421_122358.jpg\",\"width\":1000,\"height\":1300},{\"@type\":\"BreadcrumbList\",\"@id\":\"https:\/\/www.kilim-age.com\/en\/producto\/alfombra-vintage-gris-204-x-113-cm\/#breadcrumb\",\"itemListElement\":[{\"@type\":\"ListItem\",\"position\":1,\"name\":\"Home\",\"item\":\"https:\/\/www.kilim-age.com\/es\/\"},{\"@type\":\"ListItem\",\"position\":2,\"name\":\"Shop\",\"item\":\"https:\/\/www.kilim-age.com\/es\/shop\/\"},{\"@type\":\"ListItem\",\"position\":3,\"name\":\"VINTAGE CARPET 242 X 157 cm (copia)\"}]},{\"@type\":\"WebSite\",\"@id\":\"https:\/\/www.kilim-age.com\/es\/#website\",\"url\":\"https:\/\/www.kilim-age.com\/es\/\",\"name\":\"Kilim-Age\",\"description\":\"Somos especialistas en productos artesanales de Turqu\u00eda como Alfombras, y Kilims\",\"potentialAction\":[{\"@type\":\"SearchAction\",\"target\":{\"@type\":\"EntryPoint\",\"urlTemplate\":\"https:\/\/www.kilim-age.com\/es\/?s={search_term_string}\"},\"query-input\":{\"@type\":\"PropertyValueSpecification\",\"valueRequired\":true,\"valueName\":\"search_term_string\"}}],\"inLanguage\":\"es\"}]}<\/script>\n<!-- \/ Yoast SEO plugin. -->","yoast_head_json":{"title":"Green Carpets | Kilim-Age | Descuentos -30% -40%Green Carpets","description":"Alfombra Vintage Color Verde! Disponemos una amplia gama de alfombras Vintage, importadas directamente desde Turqu\u00eda!","robots":{"index":"index","follow":"follow","max-snippet":"max-snippet:-1","max-image-preview":"max-image-preview:large","max-video-preview":"max-video-preview:-1"},"canonical":"https:\/\/www.kilim-age.com\/es\/producto\/alfombra-vintage-gris-204-x-113-cm\/","og_locale":"es_ES","og_type":"article","og_title":"Green Carpets | Kilim-Age | Descuentos -30% -40%Green Carpets","og_description":"Alfombra Vintage Color Verde! Disponemos una amplia gama de alfombras Vintage, importadas directamente desde Turqu\u00eda!","og_url":"https:\/\/www.kilim-age.com\/en\/producto\/alfombra-vintage-gris-204-x-113-cm\/","og_site_name":"Kilim-Age","article_modified_time":"2022-11-19T17:47:08+00:00","og_image":[{"width":1000,"height":1300,"url":"https:\/\/www.kilim-age.com\/wp-content\/uploads\/2021\/06\/20210421_122358.jpg","type":"image\/jpeg"}],"twitter_card":"summary_large_image","twitter_misc":{"Tiempo de lectura":"2 minutos"},"schema":{"@context":"https:\/\/schema.org","@graph":[{"@type":"WebPage","@id":"https:\/\/www.kilim-age.com\/en\/producto\/alfombra-vintage-gris-204-x-113-cm\/","url":"https:\/\/www.kilim-age.com\/en\/producto\/alfombra-vintage-gris-204-x-113-cm\/","name":"Green Carpets | Kilim-Age | Descuentos -30% -40%Green Carpets","isPartOf":{"@id":"https:\/\/www.kilim-age.com\/es\/#website"},"primaryImageOfPage":{"@id":"https:\/\/www.kilim-age.com\/en\/producto\/alfombra-vintage-gris-204-x-113-cm\/#primaryimage"},"image":{"@id":"https:\/\/www.kilim-age.com\/en\/producto\/alfombra-vintage-gris-204-x-113-cm\/#primaryimage"},"thumbnailUrl":"https:\/\/www.kilim-age.com\/wp-content\/uploads\/2021\/06\/20210421_122358.jpg","datePublished":"2021-06-07T11:43:31+00:00","dateModified":"2022-11-19T17:47:08+00:00","description":"Alfombra Vintage Color Verde! Disponemos una amplia gama de alfombras Vintage, importadas directamente desde Turqu\u00eda!","breadcrumb":{"@id":"https:\/\/www.kilim-age.com\/en\/producto\/alfombra-vintage-gris-204-x-113-cm\/#breadcrumb"},"inLanguage":"es","potentialAction":[{"@type":"ReadAction","target":["https:\/\/www.kilim-age.com\/en\/producto\/alfombra-vintage-gris-204-x-113-cm\/"]}]},{"@type":"ImageObject","inLanguage":"es","@id":"https:\/\/www.kilim-age.com\/en\/producto\/alfombra-vintage-gris-204-x-113-cm\/#primaryimage","url":"https:\/\/www.kilim-age.com\/wp-content\/uploads\/2021\/06\/20210421_122358.jpg","contentUrl":"https:\/\/www.kilim-age.com\/wp-content\/uploads\/2021\/06\/20210421_122358.jpg","width":1000,"height":1300},{"@type":"BreadcrumbList","@id":"https:\/\/www.kilim-age.com\/en\/producto\/alfombra-vintage-gris-204-x-113-cm\/#breadcrumb","itemListElement":[{"@type":"ListItem","position":1,"name":"Home","item":"https:\/\/www.kilim-age.com\/es\/"},{"@type":"ListItem","position":2,"name":"Shop","item":"https:\/\/www.kilim-age.com\/es\/shop\/"},{"@type":"ListItem","position":3,"name":"VINTAGE CARPET 242 X 157 cm (copia)"}]},{"@type":"WebSite","@id":"https:\/\/www.kilim-age.com\/es\/#website","url":"https:\/\/www.kilim-age.com\/es\/","name":"Kilim-Age","description":"Somos especialistas en productos artesanales de Turqu\u00eda como Alfombras, y Kilims","potentialAction":[{"@type":"SearchAction","target":{"@type":"EntryPoint","urlTemplate":"https:\/\/www.kilim-age.com\/es\/?s={search_term_string}"},"query-input":{"@type":"PropertyValueSpecification","valueRequired":true,"valueName":"search_term_string"}}],"inLanguage":"es"}]}},"_links":{"self":[{"href":"https:\/\/www.kilim-age.com\/es\/wp-json\/wp\/v2\/product\/19046","targetHints":{"allow":["GET"]}}],"collection":[{"href":"https:\/\/www.kilim-age.com\/es\/wp-json\/wp\/v2\/product"}],"about":[{"href":"https:\/\/www.kilim-age.com\/es\/wp-json\/wp\/v2\/types\/product"}],"replies":[{"embeddable":true,"href":"https:\/\/www.kilim-age.com\/es\/wp-json\/wp\/v2\/comments?post=19046"}],"wp:featuredmedia":[{"embeddable":true,"href":"https:\/\/www.kilim-age.com\/es\/wp-json\/wp\/v2\/media\/24852"}],"wp:attachment":[{"href":"https:\/\/www.kilim-age.com\/es\/wp-json\/wp\/v2\/media?parent=19046"}],"wp:term":[{"taxonomy":"product_brand","embeddable":true,"href":"https:\/\/www.kilim-age.com\/es\/wp-json\/wp\/v2\/product_brand?post=19046"},{"taxonomy":"product_cat","embeddable":true,"href":"https:\/\/www.kilim-age.com\/es\/wp-json\/wp\/v2\/product_cat?post=19046"},{"taxonomy":"product_tag","embeddable":true,"href":"https:\/\/www.kilim-age.com\/es\/wp-json\/wp\/v2\/product_tag?post=19046"}],"curies":[{"name":"wp","href":"https:\/\/api.w.org\/{rel}","templated":true}]}}