{"id":19058,"date":"2021-06-07T14:05:30","date_gmt":"2021-06-07T12:05:30","guid":{"rendered":"http:\/\/www.kilim-age.com\/?post_type=product&#038;p=19058"},"modified":"2025-06-14T17:29:24","modified_gmt":"2025-06-14T15:29:24","slug":"alfombra-vintage-turquesa-280-x-167-cm","status":"publish","type":"product","link":"https:\/\/www.kilim-age.com\/es\/producto\/alfombra-vintage-turquesa-280-x-167-cm\/","title":{"rendered":"ALFOMBRA VINTAGE TURQUESA 280 X 167 cm"},"content":{"rendered":"<h1>ALFOMBRAS VINTAGE COLOR TURQUESA<\/h1>\n<p>Alfombra turca artesanal y de estilo vintage cl\u00e1sico en color turquesa con motivos florales en color negro. Es una alfombra de pelo corto, muy agradable al tacto y su dise\u00f1o de flores embellece el efecto desgastado y la convierten en una pieza nueva, contempor\u00e1nea y muy elegante. Combina con muchos ambientes y es perfectamente compatible con suelos de tarima y suelos radiantes. Tiene peque\u00f1as irregularidades intencionales y propias de las alfombras tejidas a mano.<\/p>\n<h2>Las alfombras vintage estilo cl\u00e1sico de Turqu\u00eda.<\/h2>\n<p>Nuestras alfombras vintage son alfombras cl\u00e1sicas turcas a las que se les da una segunda vida. Estas alfombras aproximadamente tienen una antig\u00fcedad entre 20 o 30 a\u00f1os. Cada alfombra esta seleccionada cuidadosamente y sometida un excepcional proceso de naturalizaci\u00f3n crom\u00e1tica antes de ser te\u00f1ida con el fin de revalorizarlas. Se les rapa el pelo y se arreglan las partes deterioradas. Esto crea el efecto desgastado, ya que el algod\u00f3n que respalda la lana queda expuesto. Por \u00faltimo, se ti\u00f1en en procesos de coloraci\u00f3n natural, con materiales naturales. Las alfombras vintage ofrecen tambi\u00e9n una seguridad de calidad y resistencia, ya que solamente pueden ser restauradas las alfombras artesanales m\u00e1s resistentes.","protected":false},"excerpt":{"rendered":"<p>Fabricaci\u00f3n: Hecho a mano<br \/>\nTama\u00f1o: 280 X 167 cm.<br \/>\nN\u00famero de nudos: aprox 150000-300000 por m\u00b2<br \/>\nEstado: 20-30 a\u00f1os<br \/>\nOrigen: Turqu\u00eda<br \/>\nPelo: Lana<br \/>\nUrdimbre: Algod\u00f3n<br \/>\nGrosor aprox: 4-5 mm.<br \/>\nTe\u00f1ido natural.<br \/>\nLos colores de la alfombra se percibir\u00e1n de formas diferentes dependiendo del \u00e1ngulo de visi\u00f3n.<br \/>\nPlazo de entrega: 2-5 d\u00edas h\u00e1biles en Espa\u00f1a.<br \/>\nEuropa: 5-7 d\u00edas h\u00e1biles, resto de continentes 7-10 d\u00edas.<\/p>\n","protected":false},"featured_media":24835,"comment_status":"open","ping_status":"closed","template":"","meta":[],"product_brand":[],"product_cat":[1054,62,183],"product_tag":[67,112,113],"class_list":{"0":"post-19058","1":"product","2":"type-product","3":"status-publish","4":"has-post-thumbnail","6":"product_cat-ofertas","7":"product_cat-alfombras-turcas","8":"product_cat-alfombras-vintage","9":"product_tag-alfombra-patchwork","10":"product_tag-alfombra-vintage","11":"product_tag-vintage-carpet","12":"product_shipping_class-alfombra-grande","13":"pa_ancho-cm-932","14":"pa_color-turquesa","15":"pa_largo-cm-1011","16":"pa_medida-grandes","18":"first","19":"instock","20":"sale","21":"sold-individually","22":"taxable","23":"shipping-taxable","24":"purchasable","25":"product-type-simple"},"yoast_head":"<!-- This site is optimized with the Yoast SEO plugin v24.8.1 - https:\/\/yoast.com\/wordpress\/plugins\/seo\/ -->\n<title>Alfombra Vintage Turquesa | Kilim-Age | Alfombras Vintage Online<\/title>\n<meta name=\"description\" content=\"Alfombra turca artesanal vintage turquesa con motivos florales en negro. Es una alfombra de pelo corto que combina con muchos ambientes.\" \/>\n<meta name=\"robots\" content=\"index, follow, max-snippet:-1, max-image-preview:large, max-video-preview:-1\" \/>\n<link rel=\"canonical\" href=\"https:\/\/www.kilim-age.com\/es\/producto\/alfombra-vintage-turquesa-280-x-167-cm\/\" \/>\n<meta property=\"og:locale\" content=\"es_ES\" \/>\n<meta property=\"og:type\" content=\"article\" \/>\n<meta property=\"og:title\" content=\"Alfombra Vintage Turquesa | Kilim-Age | Alfombras Vintage Online\" \/>\n<meta property=\"og:description\" content=\"Alfombra turca artesanal vintage turquesa con motivos florales en negro. Es una alfombra de pelo corto que combina con muchos ambientes.\" \/>\n<meta property=\"og:url\" content=\"https:\/\/www.kilim-age.com\/es\/producto\/alfombra-vintage-turquesa-280-x-167-cm\/\" \/>\n<meta property=\"og:site_name\" content=\"Kilim-Age\" \/>\n<meta property=\"article:modified_time\" content=\"2025-06-14T15:29:24+00:00\" \/>\n<meta property=\"og:image\" content=\"https:\/\/www.kilim-age.com\/wp-content\/uploads\/2021\/06\/IMG_0199.jpeg\" \/>\n\t<meta property=\"og:image:width\" content=\"1000\" \/>\n\t<meta property=\"og:image:height\" content=\"1300\" \/>\n\t<meta property=\"og:image:type\" content=\"image\/jpeg\" \/>\n<meta name=\"twitter:card\" content=\"summary_large_image\" \/>\n<meta name=\"twitter:label1\" content=\"Tiempo de lectura\" \/>\n\t<meta name=\"twitter:data1\" content=\"1 minuto\" \/>\n<script type=\"application\/ld+json\" class=\"yoast-schema-graph\">{\"@context\":\"https:\/\/schema.org\",\"@graph\":[{\"@type\":\"WebPage\",\"@id\":\"https:\/\/www.kilim-age.com\/es\/producto\/alfombra-vintage-turquesa-280-x-167-cm\/\",\"url\":\"https:\/\/www.kilim-age.com\/es\/producto\/alfombra-vintage-turquesa-280-x-167-cm\/\",\"name\":\"Alfombra Vintage Turquesa | Kilim-Age | Alfombras Vintage Online\",\"isPartOf\":{\"@id\":\"https:\/\/www.kilim-age.com\/es\/#website\"},\"primaryImageOfPage\":{\"@id\":\"https:\/\/www.kilim-age.com\/es\/producto\/alfombra-vintage-turquesa-280-x-167-cm\/#primaryimage\"},\"image\":{\"@id\":\"https:\/\/www.kilim-age.com\/es\/producto\/alfombra-vintage-turquesa-280-x-167-cm\/#primaryimage\"},\"thumbnailUrl\":\"https:\/\/www.kilim-age.com\/wp-content\/uploads\/2021\/06\/IMG_0199.jpeg\",\"datePublished\":\"2021-06-07T12:05:30+00:00\",\"dateModified\":\"2025-06-14T15:29:24+00:00\",\"description\":\"Alfombra turca artesanal vintage turquesa con motivos florales en negro. Es una alfombra de pelo corto que combina con muchos ambientes.\",\"breadcrumb\":{\"@id\":\"https:\/\/www.kilim-age.com\/es\/producto\/alfombra-vintage-turquesa-280-x-167-cm\/#breadcrumb\"},\"inLanguage\":\"es\",\"potentialAction\":[{\"@type\":\"ReadAction\",\"target\":[\"https:\/\/www.kilim-age.com\/es\/producto\/alfombra-vintage-turquesa-280-x-167-cm\/\"]}]},{\"@type\":\"ImageObject\",\"inLanguage\":\"es\",\"@id\":\"https:\/\/www.kilim-age.com\/es\/producto\/alfombra-vintage-turquesa-280-x-167-cm\/#primaryimage\",\"url\":\"https:\/\/www.kilim-age.com\/wp-content\/uploads\/2021\/06\/IMG_0199.jpeg\",\"contentUrl\":\"https:\/\/www.kilim-age.com\/wp-content\/uploads\/2021\/06\/IMG_0199.jpeg\",\"width\":1000,\"height\":1300},{\"@type\":\"BreadcrumbList\",\"@id\":\"https:\/\/www.kilim-age.com\/es\/producto\/alfombra-vintage-turquesa-280-x-167-cm\/#breadcrumb\",\"itemListElement\":[{\"@type\":\"ListItem\",\"position\":1,\"name\":\"Home\",\"item\":\"https:\/\/www.kilim-age.com\/es\/\"},{\"@type\":\"ListItem\",\"position\":2,\"name\":\"Shop\",\"item\":\"https:\/\/www.kilim-age.com\/es\/shop\/\"},{\"@type\":\"ListItem\",\"position\":3,\"name\":\"ALFOMBRA VINTAGE TURQUESA 280 X 167 cm\"}]},{\"@type\":\"WebSite\",\"@id\":\"https:\/\/www.kilim-age.com\/es\/#website\",\"url\":\"https:\/\/www.kilim-age.com\/es\/\",\"name\":\"Kilim-Age\",\"description\":\"Somos especialistas en productos artesanales de Turqu\u00eda como Alfombras, y Kilims\",\"potentialAction\":[{\"@type\":\"SearchAction\",\"target\":{\"@type\":\"EntryPoint\",\"urlTemplate\":\"https:\/\/www.kilim-age.com\/es\/?s={search_term_string}\"},\"query-input\":{\"@type\":\"PropertyValueSpecification\",\"valueRequired\":true,\"valueName\":\"search_term_string\"}}],\"inLanguage\":\"es\"}]}<\/script>\n<!-- \/ Yoast SEO plugin. -->","yoast_head_json":{"title":"Alfombra Vintage Turquesa | Kilim-Age | Alfombras Vintage Online","description":"Alfombra turca artesanal vintage turquesa con motivos florales en negro. Es una alfombra de pelo corto que combina con muchos ambientes.","robots":{"index":"index","follow":"follow","max-snippet":"max-snippet:-1","max-image-preview":"max-image-preview:large","max-video-preview":"max-video-preview:-1"},"canonical":"https:\/\/www.kilim-age.com\/es\/producto\/alfombra-vintage-turquesa-280-x-167-cm\/","og_locale":"es_ES","og_type":"article","og_title":"Alfombra Vintage Turquesa | Kilim-Age | Alfombras Vintage Online","og_description":"Alfombra turca artesanal vintage turquesa con motivos florales en negro. Es una alfombra de pelo corto que combina con muchos ambientes.","og_url":"https:\/\/www.kilim-age.com\/es\/producto\/alfombra-vintage-turquesa-280-x-167-cm\/","og_site_name":"Kilim-Age","article_modified_time":"2025-06-14T15:29:24+00:00","og_image":[{"width":1000,"height":1300,"url":"https:\/\/www.kilim-age.com\/wp-content\/uploads\/2021\/06\/IMG_0199.jpeg","type":"image\/jpeg"}],"twitter_card":"summary_large_image","twitter_misc":{"Tiempo de lectura":"1 minuto"},"schema":{"@context":"https:\/\/schema.org","@graph":[{"@type":"WebPage","@id":"https:\/\/www.kilim-age.com\/es\/producto\/alfombra-vintage-turquesa-280-x-167-cm\/","url":"https:\/\/www.kilim-age.com\/es\/producto\/alfombra-vintage-turquesa-280-x-167-cm\/","name":"Alfombra Vintage Turquesa | Kilim-Age | Alfombras Vintage Online","isPartOf":{"@id":"https:\/\/www.kilim-age.com\/es\/#website"},"primaryImageOfPage":{"@id":"https:\/\/www.kilim-age.com\/es\/producto\/alfombra-vintage-turquesa-280-x-167-cm\/#primaryimage"},"image":{"@id":"https:\/\/www.kilim-age.com\/es\/producto\/alfombra-vintage-turquesa-280-x-167-cm\/#primaryimage"},"thumbnailUrl":"https:\/\/www.kilim-age.com\/wp-content\/uploads\/2021\/06\/IMG_0199.jpeg","datePublished":"2021-06-07T12:05:30+00:00","dateModified":"2025-06-14T15:29:24+00:00","description":"Alfombra turca artesanal vintage turquesa con motivos florales en negro. Es una alfombra de pelo corto que combina con muchos ambientes.","breadcrumb":{"@id":"https:\/\/www.kilim-age.com\/es\/producto\/alfombra-vintage-turquesa-280-x-167-cm\/#breadcrumb"},"inLanguage":"es","potentialAction":[{"@type":"ReadAction","target":["https:\/\/www.kilim-age.com\/es\/producto\/alfombra-vintage-turquesa-280-x-167-cm\/"]}]},{"@type":"ImageObject","inLanguage":"es","@id":"https:\/\/www.kilim-age.com\/es\/producto\/alfombra-vintage-turquesa-280-x-167-cm\/#primaryimage","url":"https:\/\/www.kilim-age.com\/wp-content\/uploads\/2021\/06\/IMG_0199.jpeg","contentUrl":"https:\/\/www.kilim-age.com\/wp-content\/uploads\/2021\/06\/IMG_0199.jpeg","width":1000,"height":1300},{"@type":"BreadcrumbList","@id":"https:\/\/www.kilim-age.com\/es\/producto\/alfombra-vintage-turquesa-280-x-167-cm\/#breadcrumb","itemListElement":[{"@type":"ListItem","position":1,"name":"Home","item":"https:\/\/www.kilim-age.com\/es\/"},{"@type":"ListItem","position":2,"name":"Shop","item":"https:\/\/www.kilim-age.com\/es\/shop\/"},{"@type":"ListItem","position":3,"name":"ALFOMBRA VINTAGE TURQUESA 280 X 167 cm"}]},{"@type":"WebSite","@id":"https:\/\/www.kilim-age.com\/es\/#website","url":"https:\/\/www.kilim-age.com\/es\/","name":"Kilim-Age","description":"Somos especialistas en productos artesanales de Turqu\u00eda como Alfombras, y Kilims","potentialAction":[{"@type":"SearchAction","target":{"@type":"EntryPoint","urlTemplate":"https:\/\/www.kilim-age.com\/es\/?s={search_term_string}"},"query-input":{"@type":"PropertyValueSpecification","valueRequired":true,"valueName":"search_term_string"}}],"inLanguage":"es"}]}},"_links":{"self":[{"href":"https:\/\/www.kilim-age.com\/es\/wp-json\/wp\/v2\/product\/19058","targetHints":{"allow":["GET"]}}],"collection":[{"href":"https:\/\/www.kilim-age.com\/es\/wp-json\/wp\/v2\/product"}],"about":[{"href":"https:\/\/www.kilim-age.com\/es\/wp-json\/wp\/v2\/types\/product"}],"replies":[{"embeddable":true,"href":"https:\/\/www.kilim-age.com\/es\/wp-json\/wp\/v2\/comments?post=19058"}],"wp:featuredmedia":[{"embeddable":true,"href":"https:\/\/www.kilim-age.com\/es\/wp-json\/wp\/v2\/media\/24835"}],"wp:attachment":[{"href":"https:\/\/www.kilim-age.com\/es\/wp-json\/wp\/v2\/media?parent=19058"}],"wp:term":[{"taxonomy":"product_brand","embeddable":true,"href":"https:\/\/www.kilim-age.com\/es\/wp-json\/wp\/v2\/product_brand?post=19058"},{"taxonomy":"product_cat","embeddable":true,"href":"https:\/\/www.kilim-age.com\/es\/wp-json\/wp\/v2\/product_cat?post=19058"},{"taxonomy":"product_tag","embeddable":true,"href":"https:\/\/www.kilim-age.com\/es\/wp-json\/wp\/v2\/product_tag?post=19058"}],"curies":[{"name":"wp","href":"https:\/\/api.w.org\/{rel}","templated":true}]}}