{"id":19099,"date":"2021-06-07T18:06:16","date_gmt":"2021-06-07T16:06:16","guid":{"rendered":"http:\/\/www.kilim-age.com\/?post_type=product&#038;p=19099"},"modified":"2025-06-14T17:28:41","modified_gmt":"2025-06-14T15:28:41","slug":"kilim-235-x-145-cm","status":"publish","type":"product","link":"https:\/\/www.kilim-age.com\/es\/producto\/kilim-235-x-145-cm\/","title":{"rendered":"KILIM 235 X 145 cm"},"content":{"rendered":"Alfombra tipo Kilim multicolor con predominio de tonos azules y verdes 100% lana, ideal para interiores. Una pieza \u00fanico por sus colores y dibujos que se distinguen de cualquier otro. No existen dos piezas iguales. Es una alfombra artesanal totalmente hecha a mano y sus medidas son 233 x 145 cms.<\/p>\n<h1>Kilims y su historia.<\/h1>\n<p>El kilim es un tejido simple con un urdimbre y tramo. B\u00e1sicamente se distingue por no tener \u201cpelos\u201d como la alfombra.<br \/>\nNacieron hace unos 3.500 a\u00f1os en Asia Central, desde donde se fueron extendiendo hacia Europa Oriental, \u00c1frica del Norte y m\u00e1s tarde Europa Occidental. Son consideradas, por tanto, las alfombras m\u00e1s antiguas del mundo. El origen n\u00f3mada de quienes lo usaban en la antig\u00fcedad, hicieron que tuviesen una caracter\u00edstica especial en la trama de urdimbre, plana y sin nudos, para evitar el paso de la arena del desierto, ya que acompa\u00f1aban a sus due\u00f1os como maletas o como divisorios en las tiendas que armaban en los viajes. Los dise\u00f1os estaban llenos de simbolismo, de deseos, de mensajes o de pedidos por ejemplo los motivos con forma de S anunciaban un feliz acontecimiento. En general se confeccionaban sin un patr\u00f3n previo que los daba espontaneidad y exclusividad a cada pieza, los actuales no respetan a estos tradiciones pero mantienen el esp\u00edritu \u00e1gil del tejido original.<br \/>\nUna de las principales ventajas del kilim es pesa muy poco, es liviana y nos transmite una imagen fresca y ligera.","protected":false},"excerpt":{"rendered":"<p>Fabricaci\u00f3n: Hecho a mano<br \/>\nTama\u00f1o: 233 X 145 cm<br \/>\nEstado: Nuevo<br \/>\nOrigen: Kilim turca, centro de Anatolia\/Kayseri<br \/>\nMaterial: Lana<br \/>\nGrosor aprox: 1-2 mm<br \/>\nTe\u00f1ido colores naturales.<br \/>\nLos colores de la alfombra se percibir\u00e1n de formas diferentes dependiendo del \u00e1ngulo de visi\u00f3n<br \/>\nPlazo de entrega: 2-5 d\u00edas h\u00e1biles en Espa\u00f1a.<br \/>\nEuropa: 5-7 d\u00edas h\u00e1biles, resto de continentes 7-10 d\u00edas.<\/p>\n","protected":false},"featured_media":30155,"comment_status":"open","ping_status":"closed","template":"","meta":[],"product_brand":[],"product_cat":[61,829],"product_tag":[72,74,253],"class_list":{"0":"post-19099","1":"product","2":"type-product","3":"status-publish","4":"has-post-thumbnail","6":"product_cat-kilims","7":"product_cat-toda-la-coleccion-kilim","8":"product_tag-kilim","9":"product_tag-kilim-turca","10":"product_tag-turkish-kilim","11":"product_shipping_class-kilim-mediano","12":"pa_ancho-cm-903","13":"pa_color-azul","14":"pa_color-azul-marino","15":"pa_color-verde","16":"pa_largo-cm-904","17":"pa_medida-medianos","19":"first","20":"instock","21":"sale","22":"sold-individually","23":"taxable","24":"shipping-taxable","25":"purchasable","26":"product-type-simple"},"yoast_head":"<!-- This site is optimized with the Yoast SEO plugin v24.8.1 - https:\/\/yoast.com\/wordpress\/plugins\/seo\/ -->\n<title>KILIM 235 X 145 cm  | Kilim-Age<\/title>\n<meta name=\"description\" content=\"Kilim multicolor con predominio de tonos azules y verdes 100% lana, ideal para interiores hecho a mano. Env\u00edo gratis. Compra 100% segura.\" \/>\n<meta name=\"robots\" content=\"index, follow, max-snippet:-1, max-image-preview:large, max-video-preview:-1\" \/>\n<link rel=\"canonical\" href=\"https:\/\/www.kilim-age.com\/es\/producto\/kilim-235-x-145-cm\/\" \/>\n<meta property=\"og:locale\" content=\"es_ES\" \/>\n<meta property=\"og:type\" content=\"article\" \/>\n<meta property=\"og:title\" content=\"KILIM 235 X 145 cm  | Kilim-Age\" \/>\n<meta property=\"og:description\" content=\"Kilim multicolor con predominio de tonos azules y verdes 100% lana, ideal para interiores hecho a mano. Env\u00edo gratis. Compra 100% segura.\" \/>\n<meta property=\"og:url\" content=\"https:\/\/www.kilim-age.com\/es\/producto\/kilim-235-x-145-cm\/\" \/>\n<meta property=\"og:site_name\" content=\"Kilim-Age\" \/>\n<meta property=\"article:modified_time\" content=\"2025-06-14T15:28:41+00:00\" \/>\n<meta property=\"og:image\" content=\"https:\/\/www.kilim-age.com\/wp-content\/uploads\/2021\/06\/d924ec5a-2a01-44f9-899b-d9c03059cb69.jpg\" \/>\n\t<meta property=\"og:image:width\" content=\"1000\" \/>\n\t<meta property=\"og:image:height\" content=\"1300\" \/>\n\t<meta property=\"og:image:type\" content=\"image\/jpeg\" \/>\n<meta name=\"twitter:card\" content=\"summary_large_image\" \/>\n<meta name=\"twitter:label1\" content=\"Tiempo de lectura\" \/>\n\t<meta name=\"twitter:data1\" content=\"1 minuto\" \/>\n<script type=\"application\/ld+json\" class=\"yoast-schema-graph\">{\"@context\":\"https:\/\/schema.org\",\"@graph\":[{\"@type\":\"WebPage\",\"@id\":\"https:\/\/www.kilim-age.com\/es\/producto\/kilim-235-x-145-cm\/\",\"url\":\"https:\/\/www.kilim-age.com\/es\/producto\/kilim-235-x-145-cm\/\",\"name\":\"KILIM 235 X 145 cm  | Kilim-Age\",\"isPartOf\":{\"@id\":\"https:\/\/www.kilim-age.com\/es\/#website\"},\"primaryImageOfPage\":{\"@id\":\"https:\/\/www.kilim-age.com\/es\/producto\/kilim-235-x-145-cm\/#primaryimage\"},\"image\":{\"@id\":\"https:\/\/www.kilim-age.com\/es\/producto\/kilim-235-x-145-cm\/#primaryimage\"},\"thumbnailUrl\":\"https:\/\/www.kilim-age.com\/wp-content\/uploads\/2021\/06\/d924ec5a-2a01-44f9-899b-d9c03059cb69.jpg\",\"datePublished\":\"2021-06-07T16:06:16+00:00\",\"dateModified\":\"2025-06-14T15:28:41+00:00\",\"description\":\"Kilim multicolor con predominio de tonos azules y verdes 100% lana, ideal para interiores hecho a mano. Env\u00edo gratis. Compra 100% segura.\",\"breadcrumb\":{\"@id\":\"https:\/\/www.kilim-age.com\/es\/producto\/kilim-235-x-145-cm\/#breadcrumb\"},\"inLanguage\":\"es\",\"potentialAction\":[{\"@type\":\"ReadAction\",\"target\":[\"https:\/\/www.kilim-age.com\/es\/producto\/kilim-235-x-145-cm\/\"]}]},{\"@type\":\"ImageObject\",\"inLanguage\":\"es\",\"@id\":\"https:\/\/www.kilim-age.com\/es\/producto\/kilim-235-x-145-cm\/#primaryimage\",\"url\":\"https:\/\/www.kilim-age.com\/wp-content\/uploads\/2021\/06\/d924ec5a-2a01-44f9-899b-d9c03059cb69.jpg\",\"contentUrl\":\"https:\/\/www.kilim-age.com\/wp-content\/uploads\/2021\/06\/d924ec5a-2a01-44f9-899b-d9c03059cb69.jpg\",\"width\":1000,\"height\":1300},{\"@type\":\"BreadcrumbList\",\"@id\":\"https:\/\/www.kilim-age.com\/es\/producto\/kilim-235-x-145-cm\/#breadcrumb\",\"itemListElement\":[{\"@type\":\"ListItem\",\"position\":1,\"name\":\"Home\",\"item\":\"https:\/\/www.kilim-age.com\/es\/\"},{\"@type\":\"ListItem\",\"position\":2,\"name\":\"Shop\",\"item\":\"https:\/\/www.kilim-age.com\/es\/shop\/\"},{\"@type\":\"ListItem\",\"position\":3,\"name\":\"KILIM 235 X 145 cm\"}]},{\"@type\":\"WebSite\",\"@id\":\"https:\/\/www.kilim-age.com\/es\/#website\",\"url\":\"https:\/\/www.kilim-age.com\/es\/\",\"name\":\"Kilim-Age\",\"description\":\"Somos especialistas en productos artesanales de Turqu\u00eda como Alfombras, y Kilims\",\"potentialAction\":[{\"@type\":\"SearchAction\",\"target\":{\"@type\":\"EntryPoint\",\"urlTemplate\":\"https:\/\/www.kilim-age.com\/es\/?s={search_term_string}\"},\"query-input\":{\"@type\":\"PropertyValueSpecification\",\"valueRequired\":true,\"valueName\":\"search_term_string\"}}],\"inLanguage\":\"es\"}]}<\/script>\n<!-- \/ Yoast SEO plugin. -->","yoast_head_json":{"title":"KILIM 235 X 145 cm  | Kilim-Age","description":"Kilim multicolor con predominio de tonos azules y verdes 100% lana, ideal para interiores hecho a mano. Env\u00edo gratis. Compra 100% segura.","robots":{"index":"index","follow":"follow","max-snippet":"max-snippet:-1","max-image-preview":"max-image-preview:large","max-video-preview":"max-video-preview:-1"},"canonical":"https:\/\/www.kilim-age.com\/es\/producto\/kilim-235-x-145-cm\/","og_locale":"es_ES","og_type":"article","og_title":"KILIM 235 X 145 cm  | Kilim-Age","og_description":"Kilim multicolor con predominio de tonos azules y verdes 100% lana, ideal para interiores hecho a mano. Env\u00edo gratis. Compra 100% segura.","og_url":"https:\/\/www.kilim-age.com\/es\/producto\/kilim-235-x-145-cm\/","og_site_name":"Kilim-Age","article_modified_time":"2025-06-14T15:28:41+00:00","og_image":[{"width":1000,"height":1300,"url":"https:\/\/www.kilim-age.com\/wp-content\/uploads\/2021\/06\/d924ec5a-2a01-44f9-899b-d9c03059cb69.jpg","type":"image\/jpeg"}],"twitter_card":"summary_large_image","twitter_misc":{"Tiempo de lectura":"1 minuto"},"schema":{"@context":"https:\/\/schema.org","@graph":[{"@type":"WebPage","@id":"https:\/\/www.kilim-age.com\/es\/producto\/kilim-235-x-145-cm\/","url":"https:\/\/www.kilim-age.com\/es\/producto\/kilim-235-x-145-cm\/","name":"KILIM 235 X 145 cm  | Kilim-Age","isPartOf":{"@id":"https:\/\/www.kilim-age.com\/es\/#website"},"primaryImageOfPage":{"@id":"https:\/\/www.kilim-age.com\/es\/producto\/kilim-235-x-145-cm\/#primaryimage"},"image":{"@id":"https:\/\/www.kilim-age.com\/es\/producto\/kilim-235-x-145-cm\/#primaryimage"},"thumbnailUrl":"https:\/\/www.kilim-age.com\/wp-content\/uploads\/2021\/06\/d924ec5a-2a01-44f9-899b-d9c03059cb69.jpg","datePublished":"2021-06-07T16:06:16+00:00","dateModified":"2025-06-14T15:28:41+00:00","description":"Kilim multicolor con predominio de tonos azules y verdes 100% lana, ideal para interiores hecho a mano. Env\u00edo gratis. Compra 100% segura.","breadcrumb":{"@id":"https:\/\/www.kilim-age.com\/es\/producto\/kilim-235-x-145-cm\/#breadcrumb"},"inLanguage":"es","potentialAction":[{"@type":"ReadAction","target":["https:\/\/www.kilim-age.com\/es\/producto\/kilim-235-x-145-cm\/"]}]},{"@type":"ImageObject","inLanguage":"es","@id":"https:\/\/www.kilim-age.com\/es\/producto\/kilim-235-x-145-cm\/#primaryimage","url":"https:\/\/www.kilim-age.com\/wp-content\/uploads\/2021\/06\/d924ec5a-2a01-44f9-899b-d9c03059cb69.jpg","contentUrl":"https:\/\/www.kilim-age.com\/wp-content\/uploads\/2021\/06\/d924ec5a-2a01-44f9-899b-d9c03059cb69.jpg","width":1000,"height":1300},{"@type":"BreadcrumbList","@id":"https:\/\/www.kilim-age.com\/es\/producto\/kilim-235-x-145-cm\/#breadcrumb","itemListElement":[{"@type":"ListItem","position":1,"name":"Home","item":"https:\/\/www.kilim-age.com\/es\/"},{"@type":"ListItem","position":2,"name":"Shop","item":"https:\/\/www.kilim-age.com\/es\/shop\/"},{"@type":"ListItem","position":3,"name":"KILIM 235 X 145 cm"}]},{"@type":"WebSite","@id":"https:\/\/www.kilim-age.com\/es\/#website","url":"https:\/\/www.kilim-age.com\/es\/","name":"Kilim-Age","description":"Somos especialistas en productos artesanales de Turqu\u00eda como Alfombras, y Kilims","potentialAction":[{"@type":"SearchAction","target":{"@type":"EntryPoint","urlTemplate":"https:\/\/www.kilim-age.com\/es\/?s={search_term_string}"},"query-input":{"@type":"PropertyValueSpecification","valueRequired":true,"valueName":"search_term_string"}}],"inLanguage":"es"}]}},"_links":{"self":[{"href":"https:\/\/www.kilim-age.com\/es\/wp-json\/wp\/v2\/product\/19099","targetHints":{"allow":["GET"]}}],"collection":[{"href":"https:\/\/www.kilim-age.com\/es\/wp-json\/wp\/v2\/product"}],"about":[{"href":"https:\/\/www.kilim-age.com\/es\/wp-json\/wp\/v2\/types\/product"}],"replies":[{"embeddable":true,"href":"https:\/\/www.kilim-age.com\/es\/wp-json\/wp\/v2\/comments?post=19099"}],"wp:featuredmedia":[{"embeddable":true,"href":"https:\/\/www.kilim-age.com\/es\/wp-json\/wp\/v2\/media\/30155"}],"wp:attachment":[{"href":"https:\/\/www.kilim-age.com\/es\/wp-json\/wp\/v2\/media?parent=19099"}],"wp:term":[{"taxonomy":"product_brand","embeddable":true,"href":"https:\/\/www.kilim-age.com\/es\/wp-json\/wp\/v2\/product_brand?post=19099"},{"taxonomy":"product_cat","embeddable":true,"href":"https:\/\/www.kilim-age.com\/es\/wp-json\/wp\/v2\/product_cat?post=19099"},{"taxonomy":"product_tag","embeddable":true,"href":"https:\/\/www.kilim-age.com\/es\/wp-json\/wp\/v2\/product_tag?post=19099"}],"curies":[{"name":"wp","href":"https:\/\/api.w.org\/{rel}","templated":true}]}}