{"id":19821,"date":"2021-07-29T00:36:54","date_gmt":"2021-07-28T22:36:54","guid":{"rendered":"http:\/\/www.kilim-age.com\/?post_type=product&#038;p=19821"},"modified":"2025-10-01T19:44:30","modified_gmt":"2025-10-01T17:44:30","slug":"alfombra-gabbeh","status":"publish","type":"product","link":"https:\/\/www.kilim-age.com\/es\/producto\/alfombra-gabbeh\/","title":{"rendered":"ALFOMBRA GABBEH 202&#215;267 cm"},"content":{"rendered":"<h1><span style=\"font-size: 75%;\">ALFOMBRA GABBEH\u00a0<\/span><\/h1>\n<p>Estas hermosas alfombras provienen de la regi\u00f3n de Ghashghai y Lori del suroeste de Ir\u00e1n. Generalmente los dise\u00f1os de estas alfombras suelen ser dise\u00f1os con poco motivos o muy lisos.\u00a0\u00a0Su lana, de gran calidad, se hila a mano y se ti\u00f1e con tintes naturales, lo que produce alfombras resistentes que duran muchos a\u00f1os.<\/p>\n<p>Es una alfombra muy exclusiva y bonita que constituye un elemento decorativo hermoso en el hogar.","protected":false},"excerpt":{"rendered":"<p>Fabricaci\u00f3n: Hecho a mano<br \/>\nTama\u00f1o: 202&#215;267 cm<br \/>\nN\u00famero de nudos: Doble nudo, aproximadamente 360000 por m\u00b2<br \/>\nEstado: Nuevo<br \/>\nOrigen: Turqu\u00eda<br \/>\nPelo: Lana<br \/>\nUrdimbre: algod\u00f3n<br \/>\nGrosor aprox: 4-5 mm.\u00a0 Colores naturales y la lana hilada a mano.<br \/>\nLos colores de la alfombra se percibir\u00e1n de formas diferentes dependiendo del \u00e1ngulo de visi\u00f3n<br \/>\nPlazo de entrega: 2-5 d\u00edas h\u00e1biles en Espa\u00f1a.<br \/>\nEuropa: 5-7 d\u00edas h\u00e1biles, resto de continentes 7-10 d\u00edas.<\/p>\n","protected":false},"featured_media":19822,"comment_status":"open","ping_status":"closed","template":"","meta":[],"product_brand":[],"product_cat":[62,230],"product_tag":[79,1068],"class_list":{"0":"post-19821","1":"product","2":"type-product","3":"status-publish","4":"has-post-thumbnail","6":"product_cat-alfombras-turcas","7":"product_cat-alfombras-clasicas","8":"product_tag-alfombras-clasicas","9":"product_tag-alfombras-gabbeh","10":"product_shipping_class-alfombra-grande","11":"pa_ancho-cm-995","12":"pa_color-caldero","13":"pa_largo-cm-964","15":"first","16":"instock","17":"sale","18":"sold-individually","19":"taxable","20":"shipping-taxable","21":"purchasable","22":"product-type-simple"},"yoast_head":"<!-- This site is optimized with the Yoast SEO plugin v24.8.1 - https:\/\/yoast.com\/wordpress\/plugins\/seo\/ -->\n<title>ALFOMBRA GABBEH | Kilim-Age | Las mejores alfombras de Iran<\/title>\n<meta name=\"description\" content=\"\u00a1Alfombras Gabbeh Econ\u00f3micos! Ofertas exclusivas. Alfombras turcas y persas, hasta 60% de descuentos. Env\u00edo y devoluciones gratis.\" \/>\n<meta name=\"robots\" content=\"index, follow, max-snippet:-1, max-image-preview:large, max-video-preview:-1\" \/>\n<link rel=\"canonical\" href=\"https:\/\/www.kilim-age.com\/es\/producto\/alfombra-gabbeh\/\" \/>\n<meta property=\"og:locale\" content=\"es_ES\" \/>\n<meta property=\"og:type\" content=\"article\" \/>\n<meta property=\"og:title\" content=\"ALFOMBRA GABBEH | Kilim-Age | Las mejores alfombras de Iran\" \/>\n<meta property=\"og:description\" content=\"\u00a1Alfombras Gabbeh Econ\u00f3micos! Ofertas exclusivas. Alfombras turcas y persas, hasta 60% de descuentos. Env\u00edo y devoluciones gratis.\" \/>\n<meta property=\"og:url\" content=\"https:\/\/www.kilim-age.com\/en\/producto\/alfombra-gabbeh\/\" \/>\n<meta property=\"og:site_name\" content=\"Kilim-Age\" \/>\n<meta property=\"article:modified_time\" content=\"2025-10-01T17:44:30+00:00\" \/>\n<meta property=\"og:image\" content=\"https:\/\/www.kilim-age.com\/wp-content\/uploads\/2021\/07\/IMG_9952.jpg\" \/>\n\t<meta property=\"og:image:width\" content=\"769\" \/>\n\t<meta property=\"og:image:height\" content=\"1000\" \/>\n\t<meta property=\"og:image:type\" content=\"image\/jpeg\" \/>\n<meta name=\"twitter:card\" content=\"summary_large_image\" \/>\n<meta name=\"twitter:label1\" content=\"Tiempo de lectura\" \/>\n\t<meta name=\"twitter:data1\" content=\"1 minuto\" \/>\n<script type=\"application\/ld+json\" class=\"yoast-schema-graph\">{\"@context\":\"https:\/\/schema.org\",\"@graph\":[{\"@type\":\"WebPage\",\"@id\":\"https:\/\/www.kilim-age.com\/en\/producto\/alfombra-gabbeh\/\",\"url\":\"https:\/\/www.kilim-age.com\/en\/producto\/alfombra-gabbeh\/\",\"name\":\"ALFOMBRA GABBEH | Kilim-Age | Las mejores alfombras de Iran\",\"isPartOf\":{\"@id\":\"https:\/\/kilim-age.com\/en\/#website\"},\"primaryImageOfPage\":{\"@id\":\"https:\/\/www.kilim-age.com\/en\/producto\/alfombra-gabbeh\/#primaryimage\"},\"image\":{\"@id\":\"https:\/\/www.kilim-age.com\/en\/producto\/alfombra-gabbeh\/#primaryimage\"},\"thumbnailUrl\":\"https:\/\/www.kilim-age.com\/wp-content\/uploads\/2021\/07\/IMG_9952.jpg\",\"datePublished\":\"2021-07-28T22:36:54+00:00\",\"dateModified\":\"2025-10-01T17:44:30+00:00\",\"description\":\"\u00a1Alfombras Gabbeh Econ\u00f3micos! Ofertas exclusivas. Alfombras turcas y persas, hasta 60% de descuentos. Env\u00edo y devoluciones gratis.\",\"breadcrumb\":{\"@id\":\"https:\/\/www.kilim-age.com\/en\/producto\/alfombra-gabbeh\/#breadcrumb\"},\"inLanguage\":\"es\",\"potentialAction\":[{\"@type\":\"ReadAction\",\"target\":[\"https:\/\/www.kilim-age.com\/en\/producto\/alfombra-gabbeh\/\"]}]},{\"@type\":\"ImageObject\",\"inLanguage\":\"es\",\"@id\":\"https:\/\/www.kilim-age.com\/en\/producto\/alfombra-gabbeh\/#primaryimage\",\"url\":\"https:\/\/www.kilim-age.com\/wp-content\/uploads\/2021\/07\/IMG_9952.jpg\",\"contentUrl\":\"https:\/\/www.kilim-age.com\/wp-content\/uploads\/2021\/07\/IMG_9952.jpg\",\"width\":769,\"height\":1000,\"caption\":\"Alfombra Gebbe\"},{\"@type\":\"BreadcrumbList\",\"@id\":\"https:\/\/www.kilim-age.com\/en\/producto\/alfombra-gabbeh\/#breadcrumb\",\"itemListElement\":[{\"@type\":\"ListItem\",\"position\":1,\"name\":\"Home\",\"item\":\"https:\/\/kilim-age.com\/en\/\"},{\"@type\":\"ListItem\",\"position\":2,\"name\":\"Shop\",\"item\":\"https:\/\/kilim-age.com\/es\/shop\/\"},{\"@type\":\"ListItem\",\"position\":3,\"name\":\"GABBEH CARPET 202&#215;267 cm\"}]},{\"@type\":\"WebSite\",\"@id\":\"https:\/\/kilim-age.com\/en\/#website\",\"url\":\"https:\/\/kilim-age.com\/en\/\",\"name\":\"Kilim-Age\",\"description\":\"Somos especialistas en productos artesanales de Turqu\u00eda como Alfombras, y Kilims\",\"potentialAction\":[{\"@type\":\"SearchAction\",\"target\":{\"@type\":\"EntryPoint\",\"urlTemplate\":\"https:\/\/kilim-age.com\/en\/?s={search_term_string}\"},\"query-input\":{\"@type\":\"PropertyValueSpecification\",\"valueRequired\":true,\"valueName\":\"search_term_string\"}}],\"inLanguage\":\"es\"}]}<\/script>\n<!-- \/ Yoast SEO plugin. -->","yoast_head_json":{"title":"ALFOMBRA GABBEH | Kilim-Age | Las mejores alfombras de Iran","description":"\u00a1Alfombras Gabbeh Econ\u00f3micos! Ofertas exclusivas. Alfombras turcas y persas, hasta 60% de descuentos. Env\u00edo y devoluciones gratis.","robots":{"index":"index","follow":"follow","max-snippet":"max-snippet:-1","max-image-preview":"max-image-preview:large","max-video-preview":"max-video-preview:-1"},"canonical":"https:\/\/www.kilim-age.com\/es\/producto\/alfombra-gabbeh\/","og_locale":"es_ES","og_type":"article","og_title":"ALFOMBRA GABBEH | Kilim-Age | Las mejores alfombras de Iran","og_description":"\u00a1Alfombras Gabbeh Econ\u00f3micos! Ofertas exclusivas. Alfombras turcas y persas, hasta 60% de descuentos. Env\u00edo y devoluciones gratis.","og_url":"https:\/\/www.kilim-age.com\/en\/producto\/alfombra-gabbeh\/","og_site_name":"Kilim-Age","article_modified_time":"2025-10-01T17:44:30+00:00","og_image":[{"width":769,"height":1000,"url":"https:\/\/www.kilim-age.com\/wp-content\/uploads\/2021\/07\/IMG_9952.jpg","type":"image\/jpeg"}],"twitter_card":"summary_large_image","twitter_misc":{"Tiempo de lectura":"1 minuto"},"schema":{"@context":"https:\/\/schema.org","@graph":[{"@type":"WebPage","@id":"https:\/\/www.kilim-age.com\/en\/producto\/alfombra-gabbeh\/","url":"https:\/\/www.kilim-age.com\/en\/producto\/alfombra-gabbeh\/","name":"ALFOMBRA GABBEH | Kilim-Age | Las mejores alfombras de Iran","isPartOf":{"@id":"https:\/\/kilim-age.com\/en\/#website"},"primaryImageOfPage":{"@id":"https:\/\/www.kilim-age.com\/en\/producto\/alfombra-gabbeh\/#primaryimage"},"image":{"@id":"https:\/\/www.kilim-age.com\/en\/producto\/alfombra-gabbeh\/#primaryimage"},"thumbnailUrl":"https:\/\/www.kilim-age.com\/wp-content\/uploads\/2021\/07\/IMG_9952.jpg","datePublished":"2021-07-28T22:36:54+00:00","dateModified":"2025-10-01T17:44:30+00:00","description":"\u00a1Alfombras Gabbeh Econ\u00f3micos! Ofertas exclusivas. Alfombras turcas y persas, hasta 60% de descuentos. Env\u00edo y devoluciones gratis.","breadcrumb":{"@id":"https:\/\/www.kilim-age.com\/en\/producto\/alfombra-gabbeh\/#breadcrumb"},"inLanguage":"es","potentialAction":[{"@type":"ReadAction","target":["https:\/\/www.kilim-age.com\/en\/producto\/alfombra-gabbeh\/"]}]},{"@type":"ImageObject","inLanguage":"es","@id":"https:\/\/www.kilim-age.com\/en\/producto\/alfombra-gabbeh\/#primaryimage","url":"https:\/\/www.kilim-age.com\/wp-content\/uploads\/2021\/07\/IMG_9952.jpg","contentUrl":"https:\/\/www.kilim-age.com\/wp-content\/uploads\/2021\/07\/IMG_9952.jpg","width":769,"height":1000,"caption":"Alfombra Gebbe"},{"@type":"BreadcrumbList","@id":"https:\/\/www.kilim-age.com\/en\/producto\/alfombra-gabbeh\/#breadcrumb","itemListElement":[{"@type":"ListItem","position":1,"name":"Home","item":"https:\/\/kilim-age.com\/en\/"},{"@type":"ListItem","position":2,"name":"Shop","item":"https:\/\/kilim-age.com\/es\/shop\/"},{"@type":"ListItem","position":3,"name":"GABBEH CARPET 202&#215;267 cm"}]},{"@type":"WebSite","@id":"https:\/\/kilim-age.com\/en\/#website","url":"https:\/\/kilim-age.com\/en\/","name":"Kilim-Age","description":"Somos especialistas en productos artesanales de Turqu\u00eda como Alfombras, y Kilims","potentialAction":[{"@type":"SearchAction","target":{"@type":"EntryPoint","urlTemplate":"https:\/\/kilim-age.com\/en\/?s={search_term_string}"},"query-input":{"@type":"PropertyValueSpecification","valueRequired":true,"valueName":"search_term_string"}}],"inLanguage":"es"}]}},"_links":{"self":[{"href":"https:\/\/www.kilim-age.com\/es\/wp-json\/wp\/v2\/product\/19821","targetHints":{"allow":["GET"]}}],"collection":[{"href":"https:\/\/www.kilim-age.com\/es\/wp-json\/wp\/v2\/product"}],"about":[{"href":"https:\/\/www.kilim-age.com\/es\/wp-json\/wp\/v2\/types\/product"}],"replies":[{"embeddable":true,"href":"https:\/\/www.kilim-age.com\/es\/wp-json\/wp\/v2\/comments?post=19821"}],"wp:featuredmedia":[{"embeddable":true,"href":"https:\/\/www.kilim-age.com\/es\/wp-json\/wp\/v2\/media\/19822"}],"wp:attachment":[{"href":"https:\/\/www.kilim-age.com\/es\/wp-json\/wp\/v2\/media?parent=19821"}],"wp:term":[{"taxonomy":"product_brand","embeddable":true,"href":"https:\/\/www.kilim-age.com\/es\/wp-json\/wp\/v2\/product_brand?post=19821"},{"taxonomy":"product_cat","embeddable":true,"href":"https:\/\/www.kilim-age.com\/es\/wp-json\/wp\/v2\/product_cat?post=19821"},{"taxonomy":"product_tag","embeddable":true,"href":"https:\/\/www.kilim-age.com\/es\/wp-json\/wp\/v2\/product_tag?post=19821"}],"curies":[{"name":"wp","href":"https:\/\/api.w.org\/{rel}","templated":true}]}}