{"id":2236,"date":"2017-05-16T17:51:13","date_gmt":"2017-05-16T17:51:13","guid":{"rendered":"http:\/\/www.kilim-age.com\/?post_type=product&#038;p=2236"},"modified":"2018-10-23T09:31:15","modified_gmt":"2018-10-23T09:31:15","slug":"silver-pendant-lamp","status":"publish","type":"product","link":"https:\/\/www.kilim-age.com\/es\/producto\/silver-pendant-lamp\/","title":{"rendered":"L\u00e1mpara de colgar"},"content":{"rendered":"L\u00e1mpara artesanal de Turqu\u00eda, ideal para crear una luz de ambiente \u00fanica para tu hogar.","protected":false},"excerpt":{"rendered":"<p>Producto: L\u00e1mpara de colgar<br \/>\nC\u00f3digo XMHEO 50<br \/>\nMaterial: Esta\u00f1o niquelado<br \/>\nColor plata<br \/>\nDimensiones 40 \u00d8 x 50 cm<\/p>\n","protected":false},"featured_media":4561,"comment_status":"open","ping_status":"closed","template":"","meta":[],"product_brand":[],"product_cat":[63],"product_tag":[136,137],"class_list":{"0":"post-2236","1":"product","2":"type-product","3":"status-publish","4":"has-post-thumbnail","6":"product_cat-lightings","7":"product_tag-lampras-de-colgar","8":"product_tag-pendant-lamp","9":"product_shipping_class-lampara-pequna","11":"first","12":"outofstock","13":"sold-individually","14":"taxable","15":"shipping-taxable","16":"purchasable","17":"product-type-simple"},"yoast_head":"<!-- This site is optimized with the Yoast SEO plugin v24.8.1 - https:\/\/yoast.com\/wordpress\/plugins\/seo\/ -->\n<title>L\u00e1mpara de colgar | Kilim-Age<\/title>\n<meta name=\"robots\" content=\"index, follow, max-snippet:-1, max-image-preview:large, max-video-preview:-1\" \/>\n<link rel=\"canonical\" href=\"https:\/\/kilim-age.com\/es\/producto\/silver-pendant-lamp\/\" \/>\n<meta property=\"og:locale\" content=\"es_ES\" \/>\n<meta property=\"og:type\" content=\"article\" \/>\n<meta property=\"og:title\" content=\"L\u00e1mpara de colgar | Kilim-Age\" \/>\n<meta property=\"og:description\" content=\"Producto: L\u00e1mpara de colgar C\u00f3digo XMHEO 50 Material: Esta\u00f1o niquelado Color plata Dimensiones 40 \u00d8 x 50 cm\" \/>\n<meta property=\"og:url\" content=\"https:\/\/kilim-age.com\/es\/producto\/silver-pendant-lamp\/\" \/>\n<meta property=\"og:site_name\" content=\"Kilim-Age\" \/>\n<meta property=\"article:modified_time\" content=\"2018-10-23T09:31:15+00:00\" \/>\n<meta property=\"og:image\" content=\"https:\/\/kilim-age.com\/wp-content\/uploads\/2017\/05\/IMG_9773-e1547837491464.jpg\" \/>\n\t<meta property=\"og:image:width\" content=\"800\" \/>\n\t<meta property=\"og:image:height\" content=\"800\" \/>\n\t<meta property=\"og:image:type\" content=\"image\/jpeg\" \/>\n<meta name=\"twitter:card\" content=\"summary_large_image\" \/>\n<script type=\"application\/ld+json\" class=\"yoast-schema-graph\">{\"@context\":\"https:\/\/schema.org\",\"@graph\":[{\"@type\":\"WebPage\",\"@id\":\"https:\/\/kilim-age.com\/es\/producto\/silver-pendant-lamp\/\",\"url\":\"https:\/\/kilim-age.com\/es\/producto\/silver-pendant-lamp\/\",\"name\":\"L\u00e1mpara de colgar | Kilim-Age\",\"isPartOf\":{\"@id\":\"https:\/\/kilim-age.com\/en\/#website\"},\"primaryImageOfPage\":{\"@id\":\"https:\/\/kilim-age.com\/es\/producto\/silver-pendant-lamp\/#primaryimage\"},\"image\":{\"@id\":\"https:\/\/kilim-age.com\/es\/producto\/silver-pendant-lamp\/#primaryimage\"},\"thumbnailUrl\":\"https:\/\/www.kilim-age.com\/wp-content\/uploads\/2017\/05\/IMG_9773-e1547837491464.jpg\",\"datePublished\":\"2017-05-16T17:51:13+00:00\",\"dateModified\":\"2018-10-23T09:31:15+00:00\",\"breadcrumb\":{\"@id\":\"https:\/\/kilim-age.com\/es\/producto\/silver-pendant-lamp\/#breadcrumb\"},\"inLanguage\":\"es\",\"potentialAction\":[{\"@type\":\"ReadAction\",\"target\":[\"https:\/\/kilim-age.com\/es\/producto\/silver-pendant-lamp\/\"]}]},{\"@type\":\"ImageObject\",\"inLanguage\":\"es\",\"@id\":\"https:\/\/kilim-age.com\/es\/producto\/silver-pendant-lamp\/#primaryimage\",\"url\":\"https:\/\/www.kilim-age.com\/wp-content\/uploads\/2017\/05\/IMG_9773-e1547837491464.jpg\",\"contentUrl\":\"https:\/\/www.kilim-age.com\/wp-content\/uploads\/2017\/05\/IMG_9773-e1547837491464.jpg\",\"width\":800,\"height\":800},{\"@type\":\"BreadcrumbList\",\"@id\":\"https:\/\/kilim-age.com\/es\/producto\/silver-pendant-lamp\/#breadcrumb\",\"itemListElement\":[{\"@type\":\"ListItem\",\"position\":1,\"name\":\"Home\",\"item\":\"https:\/\/kilim-age.com\/en\/\"},{\"@type\":\"ListItem\",\"position\":2,\"name\":\"Shop\",\"item\":\"https:\/\/kilim-age.com\/es\/shop\/\"},{\"@type\":\"ListItem\",\"position\":3,\"name\":\"L\u00e1mpara de colgar\"}]},{\"@type\":\"WebSite\",\"@id\":\"https:\/\/kilim-age.com\/en\/#website\",\"url\":\"https:\/\/kilim-age.com\/en\/\",\"name\":\"Kilim-Age\",\"description\":\"Somos especialistas en productos artesanales de Turqu\u00eda como Alfombras, y Kilims\",\"potentialAction\":[{\"@type\":\"SearchAction\",\"target\":{\"@type\":\"EntryPoint\",\"urlTemplate\":\"https:\/\/kilim-age.com\/en\/?s={search_term_string}\"},\"query-input\":{\"@type\":\"PropertyValueSpecification\",\"valueRequired\":true,\"valueName\":\"search_term_string\"}}],\"inLanguage\":\"es\"}]}<\/script>\n<!-- \/ Yoast SEO plugin. -->","yoast_head_json":{"title":"L\u00e1mpara de colgar | Kilim-Age","robots":{"index":"index","follow":"follow","max-snippet":"max-snippet:-1","max-image-preview":"max-image-preview:large","max-video-preview":"max-video-preview:-1"},"canonical":"https:\/\/kilim-age.com\/es\/producto\/silver-pendant-lamp\/","og_locale":"es_ES","og_type":"article","og_title":"L\u00e1mpara de colgar | Kilim-Age","og_description":"Producto: L\u00e1mpara de colgar C\u00f3digo XMHEO 50 Material: Esta\u00f1o niquelado Color plata Dimensiones 40 \u00d8 x 50 cm","og_url":"https:\/\/kilim-age.com\/es\/producto\/silver-pendant-lamp\/","og_site_name":"Kilim-Age","article_modified_time":"2018-10-23T09:31:15+00:00","og_image":[{"width":800,"height":800,"url":"https:\/\/kilim-age.com\/wp-content\/uploads\/2017\/05\/IMG_9773-e1547837491464.jpg","type":"image\/jpeg"}],"twitter_card":"summary_large_image","schema":{"@context":"https:\/\/schema.org","@graph":[{"@type":"WebPage","@id":"https:\/\/kilim-age.com\/es\/producto\/silver-pendant-lamp\/","url":"https:\/\/kilim-age.com\/es\/producto\/silver-pendant-lamp\/","name":"L\u00e1mpara de colgar | Kilim-Age","isPartOf":{"@id":"https:\/\/kilim-age.com\/en\/#website"},"primaryImageOfPage":{"@id":"https:\/\/kilim-age.com\/es\/producto\/silver-pendant-lamp\/#primaryimage"},"image":{"@id":"https:\/\/kilim-age.com\/es\/producto\/silver-pendant-lamp\/#primaryimage"},"thumbnailUrl":"https:\/\/www.kilim-age.com\/wp-content\/uploads\/2017\/05\/IMG_9773-e1547837491464.jpg","datePublished":"2017-05-16T17:51:13+00:00","dateModified":"2018-10-23T09:31:15+00:00","breadcrumb":{"@id":"https:\/\/kilim-age.com\/es\/producto\/silver-pendant-lamp\/#breadcrumb"},"inLanguage":"es","potentialAction":[{"@type":"ReadAction","target":["https:\/\/kilim-age.com\/es\/producto\/silver-pendant-lamp\/"]}]},{"@type":"ImageObject","inLanguage":"es","@id":"https:\/\/kilim-age.com\/es\/producto\/silver-pendant-lamp\/#primaryimage","url":"https:\/\/www.kilim-age.com\/wp-content\/uploads\/2017\/05\/IMG_9773-e1547837491464.jpg","contentUrl":"https:\/\/www.kilim-age.com\/wp-content\/uploads\/2017\/05\/IMG_9773-e1547837491464.jpg","width":800,"height":800},{"@type":"BreadcrumbList","@id":"https:\/\/kilim-age.com\/es\/producto\/silver-pendant-lamp\/#breadcrumb","itemListElement":[{"@type":"ListItem","position":1,"name":"Home","item":"https:\/\/kilim-age.com\/en\/"},{"@type":"ListItem","position":2,"name":"Shop","item":"https:\/\/kilim-age.com\/es\/shop\/"},{"@type":"ListItem","position":3,"name":"L\u00e1mpara de colgar"}]},{"@type":"WebSite","@id":"https:\/\/kilim-age.com\/en\/#website","url":"https:\/\/kilim-age.com\/en\/","name":"Kilim-Age","description":"Somos especialistas en productos artesanales de Turqu\u00eda como Alfombras, y Kilims","potentialAction":[{"@type":"SearchAction","target":{"@type":"EntryPoint","urlTemplate":"https:\/\/kilim-age.com\/en\/?s={search_term_string}"},"query-input":{"@type":"PropertyValueSpecification","valueRequired":true,"valueName":"search_term_string"}}],"inLanguage":"es"}]}},"_links":{"self":[{"href":"https:\/\/www.kilim-age.com\/es\/wp-json\/wp\/v2\/product\/2236","targetHints":{"allow":["GET"]}}],"collection":[{"href":"https:\/\/www.kilim-age.com\/es\/wp-json\/wp\/v2\/product"}],"about":[{"href":"https:\/\/www.kilim-age.com\/es\/wp-json\/wp\/v2\/types\/product"}],"replies":[{"embeddable":true,"href":"https:\/\/www.kilim-age.com\/es\/wp-json\/wp\/v2\/comments?post=2236"}],"wp:featuredmedia":[{"embeddable":true,"href":"https:\/\/www.kilim-age.com\/es\/wp-json\/wp\/v2\/media\/4561"}],"wp:attachment":[{"href":"https:\/\/www.kilim-age.com\/es\/wp-json\/wp\/v2\/media?parent=2236"}],"wp:term":[{"taxonomy":"product_brand","embeddable":true,"href":"https:\/\/www.kilim-age.com\/es\/wp-json\/wp\/v2\/product_brand?post=2236"},{"taxonomy":"product_cat","embeddable":true,"href":"https:\/\/www.kilim-age.com\/es\/wp-json\/wp\/v2\/product_cat?post=2236"},{"taxonomy":"product_tag","embeddable":true,"href":"https:\/\/www.kilim-age.com\/es\/wp-json\/wp\/v2\/product_tag?post=2236"}],"curies":[{"name":"wp","href":"https:\/\/api.w.org\/{rel}","templated":true}]}}