{"id":2330,"date":"2017-05-23T11:27:00","date_gmt":"2017-05-23T11:27:00","guid":{"rendered":"http:\/\/www.kilim-age.com\/?post_type=product&#038;p=2330"},"modified":"2018-06-22T09:55:45","modified_gmt":"2018-06-22T09:55:45","slug":"butaca-kilim-age","status":"publish","type":"product","link":"https:\/\/www.kilim-age.com\/es\/producto\/butaca-kilim-age\/","title":{"rendered":"BUTACA KILIM-AGE"},"content":{"rendered":"Producto exclusivo de KILIM-AGE, tapizado con la tela IKAT totalmente tejido natural. Gracias a su ligereza visual, robustez estructural y polivalencia, siendo apto su uso cualquier rinc\u00f3n de su hogar. Crea un ambiente especial, \u00fanico y \u00e9tnico.<br \/>","protected":false},"excerpt":{"rendered":"<p>Anchura: 0,75 cm<br \/>\nAlto: 0,80 cm<br \/>\nProfundidad: 0,70 cm<br \/>\nAltura de las patas: 30 cm<\/p>\n","protected":false},"featured_media":2326,"comment_status":"open","ping_status":"closed","template":"","meta":[],"product_brand":[],"product_cat":[284,65],"product_tag":[141,142],"class_list":{"0":"post-2330","1":"product","2":"type-product","3":"status-publish","4":"has-post-thumbnail","6":"product_cat-ikat-sillas-ikat-butacas","7":"product_cat-our-special-products","8":"product_tag-butaca-ikat","9":"product_tag-ikat-armchair","10":"product_shipping_class-kilim-age-sillon","12":"first","13":"outofstock","14":"taxable","15":"shipping-taxable","16":"purchasable","17":"product-type-simple"},"yoast_head":"<!-- This site is optimized with the Yoast SEO plugin v24.8.1 - https:\/\/yoast.com\/wordpress\/plugins\/seo\/ -->\n<title>BUTACA KILIM-AGE | Kilim-Age<\/title>\n<meta name=\"robots\" content=\"index, follow, max-snippet:-1, max-image-preview:large, max-video-preview:-1\" \/>\n<link rel=\"canonical\" href=\"https:\/\/kilim-age.com\/es\/producto\/butaca-kilim-age\/\" \/>\n<meta property=\"og:locale\" content=\"es_ES\" \/>\n<meta property=\"og:type\" content=\"article\" \/>\n<meta property=\"og:title\" content=\"BUTACA KILIM-AGE | Kilim-Age\" \/>\n<meta property=\"og:description\" content=\"Anchura: 0,75 cm Alto: 0,80 cm Profundidad: 0,70 cm Altura de las patas: 30 cm\" \/>\n<meta property=\"og:url\" content=\"https:\/\/kilim-age.com\/es\/producto\/butaca-kilim-age\/\" \/>\n<meta property=\"og:site_name\" content=\"Kilim-Age\" \/>\n<meta property=\"article:modified_time\" content=\"2018-06-22T09:55:45+00:00\" \/>\n<meta property=\"og:image\" content=\"https:\/\/kilim-age.com\/wp-content\/uploads\/2017\/05\/WEB7592.jpg\" \/>\n\t<meta property=\"og:image:width\" content=\"638\" \/>\n\t<meta property=\"og:image:height\" content=\"600\" \/>\n\t<meta property=\"og:image:type\" content=\"image\/jpeg\" \/>\n<meta name=\"twitter:card\" content=\"summary_large_image\" \/>\n<script type=\"application\/ld+json\" class=\"yoast-schema-graph\">{\"@context\":\"https:\/\/schema.org\",\"@graph\":[{\"@type\":\"WebPage\",\"@id\":\"https:\/\/kilim-age.com\/es\/producto\/butaca-kilim-age\/\",\"url\":\"https:\/\/kilim-age.com\/es\/producto\/butaca-kilim-age\/\",\"name\":\"BUTACA KILIM-AGE | Kilim-Age\",\"isPartOf\":{\"@id\":\"https:\/\/kilim-age.com\/en\/#website\"},\"primaryImageOfPage\":{\"@id\":\"https:\/\/kilim-age.com\/es\/producto\/butaca-kilim-age\/#primaryimage\"},\"image\":{\"@id\":\"https:\/\/kilim-age.com\/es\/producto\/butaca-kilim-age\/#primaryimage\"},\"thumbnailUrl\":\"https:\/\/www.kilim-age.com\/wp-content\/uploads\/2017\/05\/WEB7592.jpg\",\"datePublished\":\"2017-05-23T11:27:00+00:00\",\"dateModified\":\"2018-06-22T09:55:45+00:00\",\"breadcrumb\":{\"@id\":\"https:\/\/kilim-age.com\/es\/producto\/butaca-kilim-age\/#breadcrumb\"},\"inLanguage\":\"es\",\"potentialAction\":[{\"@type\":\"ReadAction\",\"target\":[\"https:\/\/kilim-age.com\/es\/producto\/butaca-kilim-age\/\"]}]},{\"@type\":\"ImageObject\",\"inLanguage\":\"es\",\"@id\":\"https:\/\/kilim-age.com\/es\/producto\/butaca-kilim-age\/#primaryimage\",\"url\":\"https:\/\/www.kilim-age.com\/wp-content\/uploads\/2017\/05\/WEB7592.jpg\",\"contentUrl\":\"https:\/\/www.kilim-age.com\/wp-content\/uploads\/2017\/05\/WEB7592.jpg\",\"width\":638,\"height\":600},{\"@type\":\"BreadcrumbList\",\"@id\":\"https:\/\/kilim-age.com\/es\/producto\/butaca-kilim-age\/#breadcrumb\",\"itemListElement\":[{\"@type\":\"ListItem\",\"position\":1,\"name\":\"Home\",\"item\":\"https:\/\/kilim-age.com\/en\/\"},{\"@type\":\"ListItem\",\"position\":2,\"name\":\"Shop\",\"item\":\"https:\/\/kilim-age.com\/es\/shop\/\"},{\"@type\":\"ListItem\",\"position\":3,\"name\":\"BUTACA KILIM-AGE\"}]},{\"@type\":\"WebSite\",\"@id\":\"https:\/\/kilim-age.com\/en\/#website\",\"url\":\"https:\/\/kilim-age.com\/en\/\",\"name\":\"Kilim-Age\",\"description\":\"Somos especialistas en productos artesanales de Turqu\u00eda como Alfombras, y Kilims\",\"potentialAction\":[{\"@type\":\"SearchAction\",\"target\":{\"@type\":\"EntryPoint\",\"urlTemplate\":\"https:\/\/kilim-age.com\/en\/?s={search_term_string}\"},\"query-input\":{\"@type\":\"PropertyValueSpecification\",\"valueRequired\":true,\"valueName\":\"search_term_string\"}}],\"inLanguage\":\"es\"}]}<\/script>\n<!-- \/ Yoast SEO plugin. -->","yoast_head_json":{"title":"BUTACA KILIM-AGE | Kilim-Age","robots":{"index":"index","follow":"follow","max-snippet":"max-snippet:-1","max-image-preview":"max-image-preview:large","max-video-preview":"max-video-preview:-1"},"canonical":"https:\/\/kilim-age.com\/es\/producto\/butaca-kilim-age\/","og_locale":"es_ES","og_type":"article","og_title":"BUTACA KILIM-AGE | Kilim-Age","og_description":"Anchura: 0,75 cm Alto: 0,80 cm Profundidad: 0,70 cm Altura de las patas: 30 cm","og_url":"https:\/\/kilim-age.com\/es\/producto\/butaca-kilim-age\/","og_site_name":"Kilim-Age","article_modified_time":"2018-06-22T09:55:45+00:00","og_image":[{"width":638,"height":600,"url":"https:\/\/kilim-age.com\/wp-content\/uploads\/2017\/05\/WEB7592.jpg","type":"image\/jpeg"}],"twitter_card":"summary_large_image","schema":{"@context":"https:\/\/schema.org","@graph":[{"@type":"WebPage","@id":"https:\/\/kilim-age.com\/es\/producto\/butaca-kilim-age\/","url":"https:\/\/kilim-age.com\/es\/producto\/butaca-kilim-age\/","name":"BUTACA KILIM-AGE | Kilim-Age","isPartOf":{"@id":"https:\/\/kilim-age.com\/en\/#website"},"primaryImageOfPage":{"@id":"https:\/\/kilim-age.com\/es\/producto\/butaca-kilim-age\/#primaryimage"},"image":{"@id":"https:\/\/kilim-age.com\/es\/producto\/butaca-kilim-age\/#primaryimage"},"thumbnailUrl":"https:\/\/www.kilim-age.com\/wp-content\/uploads\/2017\/05\/WEB7592.jpg","datePublished":"2017-05-23T11:27:00+00:00","dateModified":"2018-06-22T09:55:45+00:00","breadcrumb":{"@id":"https:\/\/kilim-age.com\/es\/producto\/butaca-kilim-age\/#breadcrumb"},"inLanguage":"es","potentialAction":[{"@type":"ReadAction","target":["https:\/\/kilim-age.com\/es\/producto\/butaca-kilim-age\/"]}]},{"@type":"ImageObject","inLanguage":"es","@id":"https:\/\/kilim-age.com\/es\/producto\/butaca-kilim-age\/#primaryimage","url":"https:\/\/www.kilim-age.com\/wp-content\/uploads\/2017\/05\/WEB7592.jpg","contentUrl":"https:\/\/www.kilim-age.com\/wp-content\/uploads\/2017\/05\/WEB7592.jpg","width":638,"height":600},{"@type":"BreadcrumbList","@id":"https:\/\/kilim-age.com\/es\/producto\/butaca-kilim-age\/#breadcrumb","itemListElement":[{"@type":"ListItem","position":1,"name":"Home","item":"https:\/\/kilim-age.com\/en\/"},{"@type":"ListItem","position":2,"name":"Shop","item":"https:\/\/kilim-age.com\/es\/shop\/"},{"@type":"ListItem","position":3,"name":"BUTACA KILIM-AGE"}]},{"@type":"WebSite","@id":"https:\/\/kilim-age.com\/en\/#website","url":"https:\/\/kilim-age.com\/en\/","name":"Kilim-Age","description":"Somos especialistas en productos artesanales de Turqu\u00eda como Alfombras, y Kilims","potentialAction":[{"@type":"SearchAction","target":{"@type":"EntryPoint","urlTemplate":"https:\/\/kilim-age.com\/en\/?s={search_term_string}"},"query-input":{"@type":"PropertyValueSpecification","valueRequired":true,"valueName":"search_term_string"}}],"inLanguage":"es"}]}},"_links":{"self":[{"href":"https:\/\/www.kilim-age.com\/es\/wp-json\/wp\/v2\/product\/2330","targetHints":{"allow":["GET"]}}],"collection":[{"href":"https:\/\/www.kilim-age.com\/es\/wp-json\/wp\/v2\/product"}],"about":[{"href":"https:\/\/www.kilim-age.com\/es\/wp-json\/wp\/v2\/types\/product"}],"replies":[{"embeddable":true,"href":"https:\/\/www.kilim-age.com\/es\/wp-json\/wp\/v2\/comments?post=2330"}],"wp:featuredmedia":[{"embeddable":true,"href":"https:\/\/www.kilim-age.com\/es\/wp-json\/wp\/v2\/media\/2326"}],"wp:attachment":[{"href":"https:\/\/www.kilim-age.com\/es\/wp-json\/wp\/v2\/media?parent=2330"}],"wp:term":[{"taxonomy":"product_brand","embeddable":true,"href":"https:\/\/www.kilim-age.com\/es\/wp-json\/wp\/v2\/product_brand?post=2330"},{"taxonomy":"product_cat","embeddable":true,"href":"https:\/\/www.kilim-age.com\/es\/wp-json\/wp\/v2\/product_cat?post=2330"},{"taxonomy":"product_tag","embeddable":true,"href":"https:\/\/www.kilim-age.com\/es\/wp-json\/wp\/v2\/product_tag?post=2330"}],"curies":[{"name":"wp","href":"https:\/\/api.w.org\/{rel}","templated":true}]}}