{"id":2944,"date":"2017-06-06T11:45:46","date_gmt":"2017-06-06T11:45:46","guid":{"rendered":"http:\/\/www.kilim-age.com\/?post_type=product&#038;p=2944"},"modified":"2024-12-16T17:55:56","modified_gmt":"2024-12-16T16:55:56","slug":"alfombra-usak-197-x-74-cm","status":"publish","type":"product","link":"https:\/\/www.kilim-age.com\/es\/producto\/alfombra-usak-197-x-74-cm\/","title":{"rendered":"ALFOMBRA USAK 197 X 74 cm"},"content":{"rendered":"Alfombra U\u015fak, muy resistente de pelo corto y r\u00edgido.<br \/>\nU\u015fak es una ciudad situada en el centro de Turqu\u00eda (Anatolia). Durante la \u00e9poca preindustrial, U\u015fak ya era un centro importante de producci\u00f3n y exportaci\u00f3n, especialmente de alfombras. Las alfombras de U\u015fak tambi\u00e9n se llamaba alfombras de Holbein en referencia al pintor del siglo XVI Hans Holbein el Joven, quien las plasm\u00f3 de forma detallada en sus cuadros, reflejando su popularidad en el mercado europeo. Aunque los dise\u00f1os de las alfombras han cambiado desde entonces, sigue siendo una industria importante que hace que el nombre de la ciudad tenga relevancia en el mercado de las alfombras artesanales.","protected":false},"excerpt":{"rendered":"<p>Fabricaci\u00f3n: Hecho a mano<br \/>\nTama\u00f1o:197 X 74 cm.<br \/>\nN\u00famero de nudos: aprox 160000 o 200000 por m\u00b2<br \/>\nEstado: Nuevo<br \/>\nOrigen: Turqu\u00eda<br \/>\nPelo: Lana<br \/>\nUrdimbre: Algod\u00f3n<br \/>\nGrosor aprox: 4-5 mm<br \/>\nTe\u00f1ido natural.<br \/>\nLos colores de la alfombra se percibir\u00e1n de formas diferentes dependiendo del \u00e1ngulo de visi\u00f3n<br \/>\nPlazo de entrega: 2-5 d\u00edas h\u00e1biles en Espa\u00f1a.<br \/>\nEuropa: 5-7 d\u00edas h\u00e1biles, resto de continentes 7-10 d\u00edas.<\/p>\n","protected":false},"featured_media":2946,"comment_status":"open","ping_status":"closed","template":"","meta":[],"product_brand":[],"product_cat":[62,230,231],"product_tag":[79,80],"class_list":{"0":"post-2944","1":"product","2":"type-product","3":"status-publish","4":"has-post-thumbnail","6":"product_cat-alfombras-turcas","7":"product_cat-alfombras-clasicas","8":"product_cat-pasilleros","9":"product_tag-alfombras-clasicas","10":"product_tag-classic-carpets","11":"product_shipping_class-alfombra-pequena","12":"pa_ancho-cm-1015","13":"pa_color-beige","14":"pa_color-verde-agua","15":"pa_color-verde-claro","16":"pa_largo-cm-1016","17":"pa_medida-pasilleros","18":"pa_medida-pequenos","20":"first","21":"outofstock","22":"sale","23":"sold-individually","24":"taxable","25":"shipping-taxable","26":"purchasable","27":"product-type-simple"},"yoast_head":"<!-- This site is optimized with the Yoast SEO plugin v24.8.1 - https:\/\/yoast.com\/wordpress\/plugins\/seo\/ -->\n<title>ALFOMBRA USAK 197 X 74 cm | Kilim-Age<\/title>\n<meta name=\"robots\" content=\"index, follow, max-snippet:-1, max-image-preview:large, max-video-preview:-1\" \/>\n<link rel=\"canonical\" href=\"https:\/\/kilim-age.com\/es\/producto\/alfombra-usak-197-x-74-cm\/\" \/>\n<meta property=\"og:locale\" content=\"es_ES\" \/>\n<meta property=\"og:type\" content=\"article\" \/>\n<meta property=\"og:title\" content=\"ALFOMBRA USAK 197 X 74 cm | Kilim-Age\" \/>\n<meta property=\"og:description\" content=\"Fabricaci\u00f3n: Hecho a mano Tama\u00f1o:197 X 74 cm. N\u00famero de nudos: aprox 160000 o 200000 por m\u00b2 Estado: Nuevo Origen: Turqu\u00eda Pelo: Lana Urdimbre: Algod\u00f3n Grosor aprox: 4-5 mm Te\u00f1ido natural. Los colores de la alfombra se percibir\u00e1n de formas diferentes dependiendo del \u00e1ngulo de visi\u00f3n Plazo de entrega: 2-5 d\u00edas h\u00e1biles en Espa\u00f1a. Europa: 5-7 d\u00edas h\u00e1biles, resto de continentes 7-10 d\u00edas.\" \/>\n<meta property=\"og:url\" content=\"https:\/\/kilim-age.com\/es\/producto\/alfombra-usak-197-x-74-cm\/\" \/>\n<meta property=\"og:site_name\" content=\"Kilim-Age\" \/>\n<meta property=\"article:modified_time\" content=\"2024-12-16T16:55:56+00:00\" \/>\n<meta property=\"og:image\" content=\"https:\/\/kilim-age.com\/wp-content\/uploads\/2017\/06\/WEB-KA_5746.jpg\" \/>\n\t<meta property=\"og:image:width\" content=\"1000\" \/>\n\t<meta property=\"og:image:height\" content=\"1300\" \/>\n\t<meta property=\"og:image:type\" content=\"image\/jpeg\" \/>\n<meta name=\"twitter:card\" content=\"summary_large_image\" \/>\n<meta name=\"twitter:label1\" content=\"Tiempo de lectura\" \/>\n\t<meta name=\"twitter:data1\" content=\"1 minuto\" \/>\n<script type=\"application\/ld+json\" class=\"yoast-schema-graph\">{\"@context\":\"https:\/\/schema.org\",\"@graph\":[{\"@type\":\"WebPage\",\"@id\":\"https:\/\/kilim-age.com\/es\/producto\/alfombra-usak-197-x-74-cm\/\",\"url\":\"https:\/\/kilim-age.com\/es\/producto\/alfombra-usak-197-x-74-cm\/\",\"name\":\"ALFOMBRA USAK 197 X 74 cm | Kilim-Age\",\"isPartOf\":{\"@id\":\"https:\/\/kilim-age.com\/en\/#website\"},\"primaryImageOfPage\":{\"@id\":\"https:\/\/kilim-age.com\/es\/producto\/alfombra-usak-197-x-74-cm\/#primaryimage\"},\"image\":{\"@id\":\"https:\/\/kilim-age.com\/es\/producto\/alfombra-usak-197-x-74-cm\/#primaryimage\"},\"thumbnailUrl\":\"https:\/\/www.kilim-age.com\/wp-content\/uploads\/2017\/06\/WEB-KA_5746.jpg\",\"datePublished\":\"2017-06-06T11:45:46+00:00\",\"dateModified\":\"2024-12-16T16:55:56+00:00\",\"breadcrumb\":{\"@id\":\"https:\/\/kilim-age.com\/es\/producto\/alfombra-usak-197-x-74-cm\/#breadcrumb\"},\"inLanguage\":\"es\",\"potentialAction\":[{\"@type\":\"ReadAction\",\"target\":[\"https:\/\/kilim-age.com\/es\/producto\/alfombra-usak-197-x-74-cm\/\"]}]},{\"@type\":\"ImageObject\",\"inLanguage\":\"es\",\"@id\":\"https:\/\/kilim-age.com\/es\/producto\/alfombra-usak-197-x-74-cm\/#primaryimage\",\"url\":\"https:\/\/www.kilim-age.com\/wp-content\/uploads\/2017\/06\/WEB-KA_5746.jpg\",\"contentUrl\":\"https:\/\/www.kilim-age.com\/wp-content\/uploads\/2017\/06\/WEB-KA_5746.jpg\",\"width\":1000,\"height\":1300,\"caption\":\"Alfombra Para Pasillo\"},{\"@type\":\"BreadcrumbList\",\"@id\":\"https:\/\/kilim-age.com\/es\/producto\/alfombra-usak-197-x-74-cm\/#breadcrumb\",\"itemListElement\":[{\"@type\":\"ListItem\",\"position\":1,\"name\":\"Home\",\"item\":\"https:\/\/kilim-age.com\/en\/\"},{\"@type\":\"ListItem\",\"position\":2,\"name\":\"Shop\",\"item\":\"https:\/\/kilim-age.com\/es\/shop\/\"},{\"@type\":\"ListItem\",\"position\":3,\"name\":\"ALFOMBRA USAK 197 X 74 cm\"}]},{\"@type\":\"WebSite\",\"@id\":\"https:\/\/kilim-age.com\/en\/#website\",\"url\":\"https:\/\/kilim-age.com\/en\/\",\"name\":\"Kilim-Age\",\"description\":\"Somos especialistas en productos artesanales de Turqu\u00eda como Alfombras, y Kilims\",\"potentialAction\":[{\"@type\":\"SearchAction\",\"target\":{\"@type\":\"EntryPoint\",\"urlTemplate\":\"https:\/\/kilim-age.com\/en\/?s={search_term_string}\"},\"query-input\":{\"@type\":\"PropertyValueSpecification\",\"valueRequired\":true,\"valueName\":\"search_term_string\"}}],\"inLanguage\":\"es\"}]}<\/script>\n<!-- \/ Yoast SEO plugin. -->","yoast_head_json":{"title":"ALFOMBRA USAK 197 X 74 cm | Kilim-Age","robots":{"index":"index","follow":"follow","max-snippet":"max-snippet:-1","max-image-preview":"max-image-preview:large","max-video-preview":"max-video-preview:-1"},"canonical":"https:\/\/kilim-age.com\/es\/producto\/alfombra-usak-197-x-74-cm\/","og_locale":"es_ES","og_type":"article","og_title":"ALFOMBRA USAK 197 X 74 cm | Kilim-Age","og_description":"Fabricaci\u00f3n: Hecho a mano Tama\u00f1o:197 X 74 cm. N\u00famero de nudos: aprox 160000 o 200000 por m\u00b2 Estado: Nuevo Origen: Turqu\u00eda Pelo: Lana Urdimbre: Algod\u00f3n Grosor aprox: 4-5 mm Te\u00f1ido natural. Los colores de la alfombra se percibir\u00e1n de formas diferentes dependiendo del \u00e1ngulo de visi\u00f3n Plazo de entrega: 2-5 d\u00edas h\u00e1biles en Espa\u00f1a. Europa: 5-7 d\u00edas h\u00e1biles, resto de continentes 7-10 d\u00edas.","og_url":"https:\/\/kilim-age.com\/es\/producto\/alfombra-usak-197-x-74-cm\/","og_site_name":"Kilim-Age","article_modified_time":"2024-12-16T16:55:56+00:00","og_image":[{"width":1000,"height":1300,"url":"https:\/\/kilim-age.com\/wp-content\/uploads\/2017\/06\/WEB-KA_5746.jpg","type":"image\/jpeg"}],"twitter_card":"summary_large_image","twitter_misc":{"Tiempo de lectura":"1 minuto"},"schema":{"@context":"https:\/\/schema.org","@graph":[{"@type":"WebPage","@id":"https:\/\/kilim-age.com\/es\/producto\/alfombra-usak-197-x-74-cm\/","url":"https:\/\/kilim-age.com\/es\/producto\/alfombra-usak-197-x-74-cm\/","name":"ALFOMBRA USAK 197 X 74 cm | Kilim-Age","isPartOf":{"@id":"https:\/\/kilim-age.com\/en\/#website"},"primaryImageOfPage":{"@id":"https:\/\/kilim-age.com\/es\/producto\/alfombra-usak-197-x-74-cm\/#primaryimage"},"image":{"@id":"https:\/\/kilim-age.com\/es\/producto\/alfombra-usak-197-x-74-cm\/#primaryimage"},"thumbnailUrl":"https:\/\/www.kilim-age.com\/wp-content\/uploads\/2017\/06\/WEB-KA_5746.jpg","datePublished":"2017-06-06T11:45:46+00:00","dateModified":"2024-12-16T16:55:56+00:00","breadcrumb":{"@id":"https:\/\/kilim-age.com\/es\/producto\/alfombra-usak-197-x-74-cm\/#breadcrumb"},"inLanguage":"es","potentialAction":[{"@type":"ReadAction","target":["https:\/\/kilim-age.com\/es\/producto\/alfombra-usak-197-x-74-cm\/"]}]},{"@type":"ImageObject","inLanguage":"es","@id":"https:\/\/kilim-age.com\/es\/producto\/alfombra-usak-197-x-74-cm\/#primaryimage","url":"https:\/\/www.kilim-age.com\/wp-content\/uploads\/2017\/06\/WEB-KA_5746.jpg","contentUrl":"https:\/\/www.kilim-age.com\/wp-content\/uploads\/2017\/06\/WEB-KA_5746.jpg","width":1000,"height":1300,"caption":"Alfombra Para Pasillo"},{"@type":"BreadcrumbList","@id":"https:\/\/kilim-age.com\/es\/producto\/alfombra-usak-197-x-74-cm\/#breadcrumb","itemListElement":[{"@type":"ListItem","position":1,"name":"Home","item":"https:\/\/kilim-age.com\/en\/"},{"@type":"ListItem","position":2,"name":"Shop","item":"https:\/\/kilim-age.com\/es\/shop\/"},{"@type":"ListItem","position":3,"name":"ALFOMBRA USAK 197 X 74 cm"}]},{"@type":"WebSite","@id":"https:\/\/kilim-age.com\/en\/#website","url":"https:\/\/kilim-age.com\/en\/","name":"Kilim-Age","description":"Somos especialistas en productos artesanales de Turqu\u00eda como Alfombras, y Kilims","potentialAction":[{"@type":"SearchAction","target":{"@type":"EntryPoint","urlTemplate":"https:\/\/kilim-age.com\/en\/?s={search_term_string}"},"query-input":{"@type":"PropertyValueSpecification","valueRequired":true,"valueName":"search_term_string"}}],"inLanguage":"es"}]}},"_links":{"self":[{"href":"https:\/\/www.kilim-age.com\/es\/wp-json\/wp\/v2\/product\/2944","targetHints":{"allow":["GET"]}}],"collection":[{"href":"https:\/\/www.kilim-age.com\/es\/wp-json\/wp\/v2\/product"}],"about":[{"href":"https:\/\/www.kilim-age.com\/es\/wp-json\/wp\/v2\/types\/product"}],"replies":[{"embeddable":true,"href":"https:\/\/www.kilim-age.com\/es\/wp-json\/wp\/v2\/comments?post=2944"}],"wp:featuredmedia":[{"embeddable":true,"href":"https:\/\/www.kilim-age.com\/es\/wp-json\/wp\/v2\/media\/2946"}],"wp:attachment":[{"href":"https:\/\/www.kilim-age.com\/es\/wp-json\/wp\/v2\/media?parent=2944"}],"wp:term":[{"taxonomy":"product_brand","embeddable":true,"href":"https:\/\/www.kilim-age.com\/es\/wp-json\/wp\/v2\/product_brand?post=2944"},{"taxonomy":"product_cat","embeddable":true,"href":"https:\/\/www.kilim-age.com\/es\/wp-json\/wp\/v2\/product_cat?post=2944"},{"taxonomy":"product_tag","embeddable":true,"href":"https:\/\/www.kilim-age.com\/es\/wp-json\/wp\/v2\/product_tag?post=2944"}],"curies":[{"name":"wp","href":"https:\/\/api.w.org\/{rel}","templated":true}]}}